{"id":9970,"date":"2025-01-27T10:17:41","date_gmt":"2025-01-27T09:17:41","guid":{"rendered":"https:\/\/toelthester.dk\/?post_type=product&#038;p=9970"},"modified":"2025-09-15T11:03:21","modified_gmt":"2025-09-15T09:03:21","slug":"schroeven-voor-het-verwisselen-van-het-cupijzer-in-het-zadel","status":"publish","type":"product","link":"https:\/\/toelthester.dk\/nl\/butik\/skruer-til-skift-af-kophjern-i-sadel\/","title":{"rendered":"Schroeven voor zadel"},"content":{"rendered":"<p>Zeker bij het werken met zadels en cupijzers is het verstandig om extra schroeven op voorraad te hebben.<\/p>\n<p>Zorg ervoor dat u de juiste maat en het juiste type schroeven aanschaft, zodat ze precies op het zadel passen.<\/p>","protected":false},"excerpt":{"rendered":"<p>Schroeven voor zadel<\/p>\n<p>4 stuks in een verpakking<\/p>\n<p>&nbsp;<\/p>","protected":false},"featured_media":9971,"template":"","meta":{"inline_featured_image":false},"product_brand":[],"product_cat":[13],"product_tag":[],"class_list":{"0":"post-9970","1":"product","2":"type-product","3":"status-publish","4":"has-post-thumbnail","6":"product_cat-tilbehoer-sadler","8":"first","9":"instock","10":"taxable","11":"shipping-taxable","12":"purchasable","13":"product-type-simple"},"yoast_head":"<!-- This site is optimized with the Yoast SEO plugin v27.4 - https:\/\/yoast.com\/product\/yoast-seo-wordpress\/ -->\n<title>Skruer til sadel - Toelthester<\/title>\n<meta name=\"description\" content=\"Skruer til skift af kophjern i sadel, hvis man er s\u00e5 uheldig at k\u00e6rven \u00f8del\u00e6gges i skruen.\" \/>\n<meta name=\"robots\" content=\"index, follow, max-snippet:-1, max-image-preview:large, max-video-preview:-1\" \/>\n<link rel=\"canonical\" href=\"https:\/\/toelthester.dk\/nl\/winkel\/schroeven-voor-het-verwisselen-van-het-cupijzer-in-het-zadel\/\" \/>\n<meta property=\"og:locale\" content=\"nl_NL\" \/>\n<meta property=\"og:type\" content=\"article\" \/>\n<meta property=\"og:title\" content=\"Skruer til sadel - Toelthester\" \/>\n<meta property=\"og:description\" content=\"Skruer til skift af kophjern i sadel, hvis man er s\u00e5 uheldig at k\u00e6rven \u00f8del\u00e6gges i skruen.\" \/>\n<meta property=\"og:url\" content=\"https:\/\/toelthester.dk\/nl\/winkel\/schroeven-voor-het-verwisselen-van-het-cupijzer-in-het-zadel\/\" \/>\n<meta property=\"og:site_name\" content=\"Toelthester\" \/>\n<meta property=\"article:modified_time\" content=\"2025-09-15T09:03:21+00:00\" \/>\n<meta property=\"og:image\" content=\"https:\/\/toelthester.dk\/wp-content\/uploads\/2025\/01\/Toelthester-23.jpg\" \/>\n\t<meta property=\"og:image:width\" content=\"1274\" \/>\n\t<meta property=\"og:image:height\" content=\"850\" \/>\n\t<meta property=\"og:image:type\" content=\"image\/jpeg\" \/>\n<meta name=\"twitter:card\" content=\"summary_large_image\" \/>\n<meta name=\"twitter:label1\" content=\"Geschatte leestijd\" \/>\n\t<meta name=\"twitter:data1\" content=\"1 minuut\" \/>\n<script type=\"application\/ld+json\" class=\"yoast-schema-graph\">{\"@context\":\"https:\\\/\\\/schema.org\",\"@graph\":[{\"@type\":\"WebPage\",\"@id\":\"https:\\\/\\\/toelthester.dk\\\/butik\\\/skruer-til-skift-af-kophjern-i-sadel\\\/\",\"url\":\"https:\\\/\\\/toelthester.dk\\\/butik\\\/skruer-til-skift-af-kophjern-i-sadel\\\/\",\"name\":\"Skruer til sadel - Toelthester\",\"isPartOf\":{\"@id\":\"https:\\\/\\\/toelthester.dk\\\/#website\"},\"primaryImageOfPage\":{\"@id\":\"https:\\\/\\\/toelthester.dk\\\/butik\\\/skruer-til-skift-af-kophjern-i-sadel\\\/#primaryimage\"},\"image\":{\"@id\":\"https:\\\/\\\/toelthester.dk\\\/butik\\\/skruer-til-skift-af-kophjern-i-sadel\\\/#primaryimage\"},\"thumbnailUrl\":\"https:\\\/\\\/toelthester.dk\\\/wp-content\\\/uploads\\\/2025\\\/01\\\/Toelthester-23.jpg\",\"datePublished\":\"2025-01-27T09:17:41+00:00\",\"dateModified\":\"2025-09-15T09:03:21+00:00\",\"description\":\"Skruer til skift af kophjern i sadel, hvis man er s\u00e5 uheldig at k\u00e6rven \u00f8del\u00e6gges i skruen.\",\"breadcrumb\":{\"@id\":\"https:\\\/\\\/toelthester.dk\\\/butik\\\/skruer-til-skift-af-kophjern-i-sadel\\\/#breadcrumb\"},\"inLanguage\":\"nl-NL\",\"potentialAction\":[{\"@type\":\"ReadAction\",\"target\":[\"https:\\\/\\\/toelthester.dk\\\/butik\\\/skruer-til-skift-af-kophjern-i-sadel\\\/\"]}]},{\"@type\":\"ImageObject\",\"inLanguage\":\"nl-NL\",\"@id\":\"https:\\\/\\\/toelthester.dk\\\/butik\\\/skruer-til-skift-af-kophjern-i-sadel\\\/#primaryimage\",\"url\":\"https:\\\/\\\/toelthester.dk\\\/wp-content\\\/uploads\\\/2025\\\/01\\\/Toelthester-23.jpg\",\"contentUrl\":\"https:\\\/\\\/toelthester.dk\\\/wp-content\\\/uploads\\\/2025\\\/01\\\/Toelthester-23.jpg\",\"width\":1274,\"height\":850},{\"@type\":\"BreadcrumbList\",\"@id\":\"https:\\\/\\\/toelthester.dk\\\/butik\\\/skruer-til-skift-af-kophjern-i-sadel\\\/#breadcrumb\",\"itemListElement\":[{\"@type\":\"ListItem\",\"position\":1,\"name\":\"Hjem\",\"item\":\"https:\\\/\\\/toelthester.dk\\\/\"},{\"@type\":\"ListItem\",\"position\":2,\"name\":\"Shop\",\"item\":\"https:\\\/\\\/toelthester.dk\\\/shop\\\/\"},{\"@type\":\"ListItem\",\"position\":3,\"name\":\"Skruer til sadel\"}]},{\"@type\":\"WebSite\",\"@id\":\"https:\\\/\\\/toelthester.dk\\\/#website\",\"url\":\"https:\\\/\\\/toelthester.dk\\\/\",\"name\":\"Toelthester\",\"description\":\"\",\"potentialAction\":[{\"@type\":\"SearchAction\",\"target\":{\"@type\":\"EntryPoint\",\"urlTemplate\":\"https:\\\/\\\/toelthester.dk\\\/?s={search_term_string}\"},\"query-input\":{\"@type\":\"PropertyValueSpecification\",\"valueRequired\":true,\"valueName\":\"search_term_string\"}}],\"inLanguage\":\"nl-NL\"}]}<\/script>\n<!-- \/ Yoast SEO plugin. -->","yoast_head_json":{"title":"Schroeven voor zadel - Toelhester","description":"Schroeven voor het verwisselen van het cupijzer in het zadel, mocht je de pech hebben de inkeping in de schroef kapot te maken.","robots":{"index":"index","follow":"follow","max-snippet":"max-snippet:-1","max-image-preview":"max-image-preview:large","max-video-preview":"max-video-preview:-1"},"canonical":"https:\/\/toelthester.dk\/nl\/winkel\/schroeven-voor-het-verwisselen-van-het-cupijzer-in-het-zadel\/","og_locale":"nl_NL","og_type":"article","og_title":"Skruer til sadel - Toelthester","og_description":"Skruer til skift af kophjern i sadel, hvis man er s\u00e5 uheldig at k\u00e6rven \u00f8del\u00e6gges i skruen.","og_url":"https:\/\/toelthester.dk\/nl\/winkel\/schroeven-voor-het-verwisselen-van-het-cupijzer-in-het-zadel\/","og_site_name":"Toelthester","article_modified_time":"2025-09-15T09:03:21+00:00","og_image":[{"width":1274,"height":850,"url":"https:\/\/toelthester.dk\/wp-content\/uploads\/2025\/01\/Toelthester-23.jpg","type":"image\/jpeg"}],"twitter_card":"summary_large_image","twitter_misc":{"Geschatte leestijd":"1 minuut"},"schema":{"@context":"https:\/\/schema.org","@graph":[{"@type":"WebPage","@id":"https:\/\/toelthester.dk\/butik\/skruer-til-skift-af-kophjern-i-sadel\/","url":"https:\/\/toelthester.dk\/butik\/skruer-til-skift-af-kophjern-i-sadel\/","name":"Schroeven voor zadel - Toelhester","isPartOf":{"@id":"https:\/\/toelthester.dk\/#website"},"primaryImageOfPage":{"@id":"https:\/\/toelthester.dk\/butik\/skruer-til-skift-af-kophjern-i-sadel\/#primaryimage"},"image":{"@id":"https:\/\/toelthester.dk\/butik\/skruer-til-skift-af-kophjern-i-sadel\/#primaryimage"},"thumbnailUrl":"https:\/\/toelthester.dk\/wp-content\/uploads\/2025\/01\/Toelthester-23.jpg","datePublished":"2025-01-27T09:17:41+00:00","dateModified":"2025-09-15T09:03:21+00:00","description":"Schroeven voor het verwisselen van het cupijzer in het zadel, mocht je de pech hebben de inkeping in de schroef kapot te maken.","breadcrumb":{"@id":"https:\/\/toelthester.dk\/butik\/skruer-til-skift-af-kophjern-i-sadel\/#breadcrumb"},"inLanguage":"nl-NL","potentialAction":[{"@type":"ReadAction","target":["https:\/\/toelthester.dk\/butik\/skruer-til-skift-af-kophjern-i-sadel\/"]}]},{"@type":"ImageObject","inLanguage":"nl-NL","@id":"https:\/\/toelthester.dk\/butik\/skruer-til-skift-af-kophjern-i-sadel\/#primaryimage","url":"https:\/\/toelthester.dk\/wp-content\/uploads\/2025\/01\/Toelthester-23.jpg","contentUrl":"https:\/\/toelthester.dk\/wp-content\/uploads\/2025\/01\/Toelthester-23.jpg","width":1274,"height":850},{"@type":"BreadcrumbList","@id":"https:\/\/toelthester.dk\/butik\/skruer-til-skift-af-kophjern-i-sadel\/#breadcrumb","itemListElement":[{"@type":"ListItem","position":1,"name":"Hjem","item":"https:\/\/toelthester.dk\/"},{"@type":"ListItem","position":2,"name":"Shop","item":"https:\/\/toelthester.dk\/shop\/"},{"@type":"ListItem","position":3,"name":"Skruer til sadel"}]},{"@type":"WebSite","@id":"https:\/\/toelthester.dk\/#website","url":"https:\/\/toelthester.dk\/","name":"Toilet paarden","description":"","potentialAction":[{"@type":"SearchAction","target":{"@type":"EntryPoint","urlTemplate":"https:\/\/toelthester.dk\/?s={search_term_string}"},"query-input":{"@type":"PropertyValueSpecification","valueRequired":true,"valueName":"search_term_string"}}],"inLanguage":"nl-NL"}]}},"_links":{"self":[{"href":"https:\/\/toelthester.dk\/nl\/wp-json\/wp\/v2\/product\/9970","targetHints":{"allow":["GET"]}}],"collection":[{"href":"https:\/\/toelthester.dk\/nl\/wp-json\/wp\/v2\/product"}],"about":[{"href":"https:\/\/toelthester.dk\/nl\/wp-json\/wp\/v2\/types\/product"}],"wp:featuredmedia":[{"embeddable":true,"href":"https:\/\/toelthester.dk\/nl\/wp-json\/wp\/v2\/media\/9971"}],"wp:attachment":[{"href":"https:\/\/toelthester.dk\/nl\/wp-json\/wp\/v2\/media?parent=9970"}],"wp:term":[{"taxonomy":"product_brand","embeddable":true,"href":"https:\/\/toelthester.dk\/nl\/wp-json\/wp\/v2\/product_brand?post=9970"},{"taxonomy":"product_cat","embeddable":true,"href":"https:\/\/toelthester.dk\/nl\/wp-json\/wp\/v2\/product_cat?post=9970"},{"taxonomy":"product_tag","embeddable":true,"href":"https:\/\/toelthester.dk\/nl\/wp-json\/wp\/v2\/product_tag?post=9970"}],"curies":[{"name":"wp","href":"https:\/\/api.w.org\/{rel}","templated":true}]}}