{"id":993,"date":"2017-02-20T16:58:06","date_gmt":"2017-02-20T15:58:06","guid":{"rendered":"http:\/\/toelthester.dk\/butik\/luksus-sadelcover\/"},"modified":"2026-03-14T19:52:46","modified_gmt":"2026-03-14T18:52:46","slug":"luxe-zadeldek","status":"publish","type":"product","link":"https:\/\/toelthester.dk\/nl\/butik\/luksus-sadelcover\/","title":{"rendered":"Luxe zadeldek"},"content":{"rendered":"<p>Luxe zadeldekje voor op je zadel, gemaakt van hele fijne kwaliteit. Aan de buitenkant is er een sterk oppervlak dat is gevormd om op je zadel te passen. De binnenkant is gemaakt van badstof, dus je zadel is in goede handen.<\/p>\n<p>&nbsp;<\/p>","protected":false},"excerpt":{"rendered":"<p>Luxe zadeldekje voor op je zadel, gemaakt van hele fijne kwaliteit. Aan de buitenkant is er een sterk oppervlak dat is gevormd om op je zadel te passen. De binnenkant is gemaakt van badstof, dus je zadel is in goede handen.<\/p>\n<p>Tegenwoordig heeft het zadeldek alleen borduring op de achterkant, niet op de zijkanten.<\/p>\n<p>&nbsp;<\/p>","protected":false},"featured_media":8200,"template":"","meta":{"inline_featured_image":false},"product_brand":[],"product_cat":[13],"product_tag":[],"class_list":{"0":"post-993","1":"product","2":"type-product","3":"status-publish","4":"has-post-thumbnail","6":"product_cat-tilbehoer-sadler","8":"first","9":"instock","10":"featured","11":"taxable","12":"shipping-taxable","13":"purchasable","14":"product-type-simple"},"yoast_head":"<!-- This site is optimized with the Yoast SEO plugin v27.4 - https:\/\/yoast.com\/product\/yoast-seo-wordpress\/ -->\n<title>Sadel overtr\u00e6k til din sadel. Meget robust faconsyet, s\u00e5 det passer.<\/title>\n<meta name=\"description\" content=\"Sadel overtr\u00e6k til din sadel, dette er fremstillet i en rigtig fin kvalitet, s\u00e5 det beskytter din sadel optimalt. Med frote\u00e9 indeni.\" \/>\n<meta name=\"robots\" content=\"index, follow, max-snippet:-1, max-image-preview:large, max-video-preview:-1\" \/>\n<link rel=\"canonical\" href=\"https:\/\/toelthester.dk\/nl\/winkel\/luxe-zadeldek\/\" \/>\n<meta property=\"og:locale\" content=\"nl_NL\" \/>\n<meta property=\"og:type\" content=\"article\" \/>\n<meta property=\"og:title\" content=\"Sadel overtr\u00e6k til din sadel. Meget robust faconsyet, s\u00e5 det passer.\" \/>\n<meta property=\"og:description\" content=\"Sadel overtr\u00e6k til din sadel, dette er fremstillet i en rigtig fin kvalitet, s\u00e5 det beskytter din sadel optimalt. Med frote\u00e9 indeni.\" \/>\n<meta property=\"og:url\" content=\"https:\/\/toelthester.dk\/nl\/winkel\/luxe-zadeldek\/\" \/>\n<meta property=\"og:site_name\" content=\"Toelthester\" \/>\n<meta property=\"article:modified_time\" content=\"2026-03-14T18:52:46+00:00\" \/>\n<meta property=\"og:image\" content=\"https:\/\/toelthester.dk\/wp-content\/uploads\/2017\/02\/T\u00f8lthester-133-72-dpi.jpg\" \/>\n\t<meta property=\"og:image:width\" content=\"1440\" \/>\n\t<meta property=\"og:image:height\" content=\"960\" \/>\n\t<meta property=\"og:image:type\" content=\"image\/jpeg\" \/>\n<meta name=\"twitter:card\" content=\"summary_large_image\" \/>\n<meta name=\"twitter:label1\" content=\"Geschatte leestijd\" \/>\n\t<meta name=\"twitter:data1\" content=\"1 minuut\" \/>\n<script type=\"application\/ld+json\" class=\"yoast-schema-graph\">{\"@context\":\"https:\\\/\\\/schema.org\",\"@graph\":[{\"@type\":\"WebPage\",\"@id\":\"https:\\\/\\\/toelthester.dk\\\/en\\\/store\\\/luxury-saddle-cover\\\/\",\"url\":\"https:\\\/\\\/toelthester.dk\\\/en\\\/store\\\/luxury-saddle-cover\\\/\",\"name\":\"Sadel overtr\u00e6k til din sadel. Meget robust faconsyet, s\u00e5 det passer.\",\"isPartOf\":{\"@id\":\"https:\\\/\\\/toelthester.dk\\\/#website\"},\"primaryImageOfPage\":{\"@id\":\"https:\\\/\\\/toelthester.dk\\\/en\\\/store\\\/luxury-saddle-cover\\\/#primaryimage\"},\"image\":{\"@id\":\"https:\\\/\\\/toelthester.dk\\\/en\\\/store\\\/luxury-saddle-cover\\\/#primaryimage\"},\"thumbnailUrl\":\"https:\\\/\\\/toelthester.dk\\\/wp-content\\\/uploads\\\/2017\\\/02\\\/T\u00f8lthester-133-72-dpi.jpg\",\"datePublished\":\"2017-02-20T15:58:06+00:00\",\"dateModified\":\"2026-03-14T18:52:46+00:00\",\"description\":\"Sadel overtr\u00e6k til din sadel, dette er fremstillet i en rigtig fin kvalitet, s\u00e5 det beskytter din sadel optimalt. Med frote\u00e9 indeni.\",\"breadcrumb\":{\"@id\":\"https:\\\/\\\/toelthester.dk\\\/en\\\/store\\\/luxury-saddle-cover\\\/#breadcrumb\"},\"inLanguage\":\"nl-NL\",\"potentialAction\":[{\"@type\":\"ReadAction\",\"target\":[\"https:\\\/\\\/toelthester.dk\\\/en\\\/store\\\/luxury-saddle-cover\\\/\"]}]},{\"@type\":\"ImageObject\",\"inLanguage\":\"nl-NL\",\"@id\":\"https:\\\/\\\/toelthester.dk\\\/en\\\/store\\\/luxury-saddle-cover\\\/#primaryimage\",\"url\":\"https:\\\/\\\/toelthester.dk\\\/wp-content\\\/uploads\\\/2017\\\/02\\\/T\u00f8lthester-133-72-dpi.jpg\",\"contentUrl\":\"https:\\\/\\\/toelthester.dk\\\/wp-content\\\/uploads\\\/2017\\\/02\\\/T\u00f8lthester-133-72-dpi.jpg\",\"width\":1440,\"height\":960},{\"@type\":\"BreadcrumbList\",\"@id\":\"https:\\\/\\\/toelthester.dk\\\/en\\\/store\\\/luxury-saddle-cover\\\/#breadcrumb\",\"itemListElement\":[{\"@type\":\"ListItem\",\"position\":1,\"name\":\"Hjem\",\"item\":\"https:\\\/\\\/toelthester.dk\\\/\"},{\"@type\":\"ListItem\",\"position\":2,\"name\":\"Shop\",\"item\":\"https:\\\/\\\/toelthester.dk\\\/shop\\\/\"},{\"@type\":\"ListItem\",\"position\":3,\"name\":\"Luksus sadelovertr\u00e6k\"}]},{\"@type\":\"WebSite\",\"@id\":\"https:\\\/\\\/toelthester.dk\\\/#website\",\"url\":\"https:\\\/\\\/toelthester.dk\\\/\",\"name\":\"Toelthester\",\"description\":\"\",\"potentialAction\":[{\"@type\":\"SearchAction\",\"target\":{\"@type\":\"EntryPoint\",\"urlTemplate\":\"https:\\\/\\\/toelthester.dk\\\/?s={search_term_string}\"},\"query-input\":{\"@type\":\"PropertyValueSpecification\",\"valueRequired\":true,\"valueName\":\"search_term_string\"}}],\"inLanguage\":\"nl-NL\"}]}<\/script>\n<!-- \/ Yoast SEO plugin. -->","yoast_head_json":{"title":"Zadelhoes voor je zadel. Zeer stevig gevormd om te passen.","description":"Zadelhoes voor uw zadel, deze is van een hele fijne kwaliteit gemaakt, hierdoor wordt uw zadel optimaal beschermd. Met badstof binnenkant.","robots":{"index":"index","follow":"follow","max-snippet":"max-snippet:-1","max-image-preview":"max-image-preview:large","max-video-preview":"max-video-preview:-1"},"canonical":"https:\/\/toelthester.dk\/nl\/winkel\/luxe-zadeldek\/","og_locale":"nl_NL","og_type":"article","og_title":"Sadel overtr\u00e6k til din sadel. Meget robust faconsyet, s\u00e5 det passer.","og_description":"Sadel overtr\u00e6k til din sadel, dette er fremstillet i en rigtig fin kvalitet, s\u00e5 det beskytter din sadel optimalt. Med frote\u00e9 indeni.","og_url":"https:\/\/toelthester.dk\/nl\/winkel\/luxe-zadeldek\/","og_site_name":"Toelthester","article_modified_time":"2026-03-14T18:52:46+00:00","og_image":[{"width":1440,"height":960,"url":"https:\/\/toelthester.dk\/wp-content\/uploads\/2017\/02\/T\u00f8lthester-133-72-dpi.jpg","type":"image\/jpeg"}],"twitter_card":"summary_large_image","twitter_misc":{"Geschatte leestijd":"1 minuut"},"schema":{"@context":"https:\/\/schema.org","@graph":[{"@type":"WebPage","@id":"https:\/\/toelthester.dk\/en\/store\/luxury-saddle-cover\/","url":"https:\/\/toelthester.dk\/en\/store\/luxury-saddle-cover\/","name":"Zadelhoes voor je zadel. Zeer stevig gevormd om te passen.","isPartOf":{"@id":"https:\/\/toelthester.dk\/#website"},"primaryImageOfPage":{"@id":"https:\/\/toelthester.dk\/en\/store\/luxury-saddle-cover\/#primaryimage"},"image":{"@id":"https:\/\/toelthester.dk\/en\/store\/luxury-saddle-cover\/#primaryimage"},"thumbnailUrl":"https:\/\/toelthester.dk\/wp-content\/uploads\/2017\/02\/T\u00f8lthester-133-72-dpi.jpg","datePublished":"2017-02-20T15:58:06+00:00","dateModified":"2026-03-14T18:52:46+00:00","description":"Zadelhoes voor uw zadel, deze is van een hele fijne kwaliteit gemaakt, hierdoor wordt uw zadel optimaal beschermd. Met badstof binnenkant.","breadcrumb":{"@id":"https:\/\/toelthester.dk\/en\/store\/luxury-saddle-cover\/#breadcrumb"},"inLanguage":"nl-NL","potentialAction":[{"@type":"ReadAction","target":["https:\/\/toelthester.dk\/en\/store\/luxury-saddle-cover\/"]}]},{"@type":"ImageObject","inLanguage":"nl-NL","@id":"https:\/\/toelthester.dk\/en\/store\/luxury-saddle-cover\/#primaryimage","url":"https:\/\/toelthester.dk\/wp-content\/uploads\/2017\/02\/T\u00f8lthester-133-72-dpi.jpg","contentUrl":"https:\/\/toelthester.dk\/wp-content\/uploads\/2017\/02\/T\u00f8lthester-133-72-dpi.jpg","width":1440,"height":960},{"@type":"BreadcrumbList","@id":"https:\/\/toelthester.dk\/en\/store\/luxury-saddle-cover\/#breadcrumb","itemListElement":[{"@type":"ListItem","position":1,"name":"Hjem","item":"https:\/\/toelthester.dk\/"},{"@type":"ListItem","position":2,"name":"Shop","item":"https:\/\/toelthester.dk\/shop\/"},{"@type":"ListItem","position":3,"name":"Luksus sadelovertr\u00e6k"}]},{"@type":"WebSite","@id":"https:\/\/toelthester.dk\/#website","url":"https:\/\/toelthester.dk\/","name":"Toilet paarden","description":"","potentialAction":[{"@type":"SearchAction","target":{"@type":"EntryPoint","urlTemplate":"https:\/\/toelthester.dk\/?s={search_term_string}"},"query-input":{"@type":"PropertyValueSpecification","valueRequired":true,"valueName":"search_term_string"}}],"inLanguage":"nl-NL"}]}},"_links":{"self":[{"href":"https:\/\/toelthester.dk\/nl\/wp-json\/wp\/v2\/product\/993","targetHints":{"allow":["GET"]}}],"collection":[{"href":"https:\/\/toelthester.dk\/nl\/wp-json\/wp\/v2\/product"}],"about":[{"href":"https:\/\/toelthester.dk\/nl\/wp-json\/wp\/v2\/types\/product"}],"wp:featuredmedia":[{"embeddable":true,"href":"https:\/\/toelthester.dk\/nl\/wp-json\/wp\/v2\/media\/8200"}],"wp:attachment":[{"href":"https:\/\/toelthester.dk\/nl\/wp-json\/wp\/v2\/media?parent=993"}],"wp:term":[{"taxonomy":"product_brand","embeddable":true,"href":"https:\/\/toelthester.dk\/nl\/wp-json\/wp\/v2\/product_brand?post=993"},{"taxonomy":"product_cat","embeddable":true,"href":"https:\/\/toelthester.dk\/nl\/wp-json\/wp\/v2\/product_cat?post=993"},{"taxonomy":"product_tag","embeddable":true,"href":"https:\/\/toelthester.dk\/nl\/wp-json\/wp\/v2\/product_tag?post=993"}],"curies":[{"name":"wp","href":"https:\/\/api.w.org\/{rel}","templated":true}]}}