{"id":9717,"date":"2023-07-12T14:28:09","date_gmt":"2023-07-12T12:28:09","guid":{"rendered":"https:\/\/toelthester.dk\/?post_type=product&#038;p=9717"},"modified":"2026-04-13T13:09:53","modified_gmt":"2026-04-13T11:09:53","slug":"trainingshalster","status":"publish","type":"product","link":"https:\/\/toelthester.dk\/nl\/butik\/traeningsgrime\/","title":{"rendered":"Trainings halster"},"content":{"rendered":"<p>Trainingshalster in mooie leerkwaliteit, met veel details.<\/p>","protected":false},"excerpt":{"rendered":"<p>Trainingshalster in mooie leerkwaliteit, met veel details.<br \/>\nVoor het trainen van jonge paarden.<\/p>\n<p>&nbsp;<\/p>","protected":false},"featured_media":9718,"template":"","meta":{"inline_featured_image":false},"product_brand":[],"product_cat":[12],"product_tag":[],"class_list":{"0":"post-9717","1":"product","2":"type-product","3":"status-publish","4":"has-post-thumbnail","6":"product_cat-trenser","8":"first","9":"instock","10":"featured","11":"taxable","12":"shipping-taxable","13":"purchasable","14":"product-type-simple"},"yoast_head":"<!-- This site is optimized with the Yoast SEO plugin v27.4 - https:\/\/yoast.com\/product\/yoast-seo-wordpress\/ -->\n<title>Tr\u00e6ningsgrime med mange detaljer.<\/title>\n<meta name=\"description\" content=\"Tr\u00e6ningsgrime i flot l\u00e6der kvalitet, med mange detaljer. Rigtig fin til dig der vil tr\u00e6ne fra jorden eller ungheste.\" \/>\n<meta name=\"robots\" content=\"index, follow, max-snippet:-1, max-image-preview:large, max-video-preview:-1\" \/>\n<link rel=\"canonical\" href=\"https:\/\/toelthester.dk\/nl\/winkel\/trainingshalster\/\" \/>\n<meta property=\"og:locale\" content=\"nl_NL\" \/>\n<meta property=\"og:type\" content=\"article\" \/>\n<meta property=\"og:title\" content=\"Tr\u00e6ningsgrime med mange detaljer.\" \/>\n<meta property=\"og:description\" content=\"Tr\u00e6ningsgrime i flot l\u00e6der kvalitet, med mange detaljer. Rigtig fin til dig der vil tr\u00e6ne fra jorden eller ungheste.\" \/>\n<meta property=\"og:url\" content=\"https:\/\/toelthester.dk\/nl\/winkel\/trainingshalster\/\" \/>\n<meta property=\"og:site_name\" content=\"Toelthester\" \/>\n<meta property=\"article:modified_time\" content=\"2026-04-13T11:09:53+00:00\" \/>\n<meta property=\"og:image\" content=\"https:\/\/toelthester.dk\/wp-content\/uploads\/2023\/07\/Toelthester-23-juli-19.jpg\" \/>\n\t<meta property=\"og:image:width\" content=\"1121\" \/>\n\t<meta property=\"og:image:height\" content=\"1682\" \/>\n\t<meta property=\"og:image:type\" content=\"image\/jpeg\" \/>\n<meta name=\"twitter:card\" content=\"summary_large_image\" \/>\n<meta name=\"twitter:label1\" content=\"Geschatte leestijd\" \/>\n\t<meta name=\"twitter:data1\" content=\"1 minuut\" \/>\n<script type=\"application\/ld+json\" class=\"yoast-schema-graph\">{\"@context\":\"https:\\\/\\\/schema.org\",\"@graph\":[{\"@type\":\"WebPage\",\"@id\":\"https:\\\/\\\/toelthester.dk\\\/butik\\\/traeningsgrime\\\/\",\"url\":\"https:\\\/\\\/toelthester.dk\\\/butik\\\/traeningsgrime\\\/\",\"name\":\"Tr\u00e6ningsgrime med mange detaljer.\",\"isPartOf\":{\"@id\":\"https:\\\/\\\/toelthester.dk\\\/#website\"},\"primaryImageOfPage\":{\"@id\":\"https:\\\/\\\/toelthester.dk\\\/butik\\\/traeningsgrime\\\/#primaryimage\"},\"image\":{\"@id\":\"https:\\\/\\\/toelthester.dk\\\/butik\\\/traeningsgrime\\\/#primaryimage\"},\"thumbnailUrl\":\"https:\\\/\\\/toelthester.dk\\\/wp-content\\\/uploads\\\/2023\\\/07\\\/Toelthester-23-juli-19.jpg\",\"datePublished\":\"2023-07-12T12:28:09+00:00\",\"dateModified\":\"2026-04-13T11:09:53+00:00\",\"description\":\"Tr\u00e6ningsgrime i flot l\u00e6der kvalitet, med mange detaljer. Rigtig fin til dig der vil tr\u00e6ne fra jorden eller ungheste.\",\"breadcrumb\":{\"@id\":\"https:\\\/\\\/toelthester.dk\\\/butik\\\/traeningsgrime\\\/#breadcrumb\"},\"inLanguage\":\"nl-NL\",\"potentialAction\":[{\"@type\":\"ReadAction\",\"target\":[\"https:\\\/\\\/toelthester.dk\\\/butik\\\/traeningsgrime\\\/\"]}]},{\"@type\":\"ImageObject\",\"inLanguage\":\"nl-NL\",\"@id\":\"https:\\\/\\\/toelthester.dk\\\/butik\\\/traeningsgrime\\\/#primaryimage\",\"url\":\"https:\\\/\\\/toelthester.dk\\\/wp-content\\\/uploads\\\/2023\\\/07\\\/Toelthester-23-juli-19.jpg\",\"contentUrl\":\"https:\\\/\\\/toelthester.dk\\\/wp-content\\\/uploads\\\/2023\\\/07\\\/Toelthester-23-juli-19.jpg\",\"width\":1121,\"height\":1682},{\"@type\":\"BreadcrumbList\",\"@id\":\"https:\\\/\\\/toelthester.dk\\\/butik\\\/traeningsgrime\\\/#breadcrumb\",\"itemListElement\":[{\"@type\":\"ListItem\",\"position\":1,\"name\":\"Hjem\",\"item\":\"https:\\\/\\\/toelthester.dk\\\/\"},{\"@type\":\"ListItem\",\"position\":2,\"name\":\"Shop\",\"item\":\"https:\\\/\\\/toelthester.dk\\\/shop\\\/\"},{\"@type\":\"ListItem\",\"position\":3,\"name\":\"Tr\u00e6nings grime\"}]},{\"@type\":\"WebSite\",\"@id\":\"https:\\\/\\\/toelthester.dk\\\/#website\",\"url\":\"https:\\\/\\\/toelthester.dk\\\/\",\"name\":\"Toelthester\",\"description\":\"\",\"potentialAction\":[{\"@type\":\"SearchAction\",\"target\":{\"@type\":\"EntryPoint\",\"urlTemplate\":\"https:\\\/\\\/toelthester.dk\\\/?s={search_term_string}\"},\"query-input\":{\"@type\":\"PropertyValueSpecification\",\"valueRequired\":true,\"valueName\":\"search_term_string\"}}],\"inLanguage\":\"nl-NL\"}]}<\/script>\n<!-- \/ Yoast SEO plugin. -->","yoast_head_json":{"title":"Trainingshalster met veel details.","description":"Trainingshalster in mooie leerkwaliteit, met veel details. Echt leuk voor jou die vanaf de grond of jonge paarden wil trainen.","robots":{"index":"index","follow":"follow","max-snippet":"max-snippet:-1","max-image-preview":"max-image-preview:large","max-video-preview":"max-video-preview:-1"},"canonical":"https:\/\/toelthester.dk\/nl\/winkel\/trainingshalster\/","og_locale":"nl_NL","og_type":"article","og_title":"Tr\u00e6ningsgrime med mange detaljer.","og_description":"Tr\u00e6ningsgrime i flot l\u00e6der kvalitet, med mange detaljer. Rigtig fin til dig der vil tr\u00e6ne fra jorden eller ungheste.","og_url":"https:\/\/toelthester.dk\/nl\/winkel\/trainingshalster\/","og_site_name":"Toelthester","article_modified_time":"2026-04-13T11:09:53+00:00","og_image":[{"width":1121,"height":1682,"url":"https:\/\/toelthester.dk\/wp-content\/uploads\/2023\/07\/Toelthester-23-juli-19.jpg","type":"image\/jpeg"}],"twitter_card":"summary_large_image","twitter_misc":{"Geschatte leestijd":"1 minuut"},"schema":{"@context":"https:\/\/schema.org","@graph":[{"@type":"WebPage","@id":"https:\/\/toelthester.dk\/butik\/traeningsgrime\/","url":"https:\/\/toelthester.dk\/butik\/traeningsgrime\/","name":"Trainingshalster met veel details.","isPartOf":{"@id":"https:\/\/toelthester.dk\/#website"},"primaryImageOfPage":{"@id":"https:\/\/toelthester.dk\/butik\/traeningsgrime\/#primaryimage"},"image":{"@id":"https:\/\/toelthester.dk\/butik\/traeningsgrime\/#primaryimage"},"thumbnailUrl":"https:\/\/toelthester.dk\/wp-content\/uploads\/2023\/07\/Toelthester-23-juli-19.jpg","datePublished":"2023-07-12T12:28:09+00:00","dateModified":"2026-04-13T11:09:53+00:00","description":"Trainingshalster in mooie leerkwaliteit, met veel details. Echt leuk voor jou die vanaf de grond of jonge paarden wil trainen.","breadcrumb":{"@id":"https:\/\/toelthester.dk\/butik\/traeningsgrime\/#breadcrumb"},"inLanguage":"nl-NL","potentialAction":[{"@type":"ReadAction","target":["https:\/\/toelthester.dk\/butik\/traeningsgrime\/"]}]},{"@type":"ImageObject","inLanguage":"nl-NL","@id":"https:\/\/toelthester.dk\/butik\/traeningsgrime\/#primaryimage","url":"https:\/\/toelthester.dk\/wp-content\/uploads\/2023\/07\/Toelthester-23-juli-19.jpg","contentUrl":"https:\/\/toelthester.dk\/wp-content\/uploads\/2023\/07\/Toelthester-23-juli-19.jpg","width":1121,"height":1682},{"@type":"BreadcrumbList","@id":"https:\/\/toelthester.dk\/butik\/traeningsgrime\/#breadcrumb","itemListElement":[{"@type":"ListItem","position":1,"name":"Hjem","item":"https:\/\/toelthester.dk\/"},{"@type":"ListItem","position":2,"name":"Shop","item":"https:\/\/toelthester.dk\/shop\/"},{"@type":"ListItem","position":3,"name":"Tr\u00e6nings grime"}]},{"@type":"WebSite","@id":"https:\/\/toelthester.dk\/#website","url":"https:\/\/toelthester.dk\/","name":"Toilet paarden","description":"","potentialAction":[{"@type":"SearchAction","target":{"@type":"EntryPoint","urlTemplate":"https:\/\/toelthester.dk\/?s={search_term_string}"},"query-input":{"@type":"PropertyValueSpecification","valueRequired":true,"valueName":"search_term_string"}}],"inLanguage":"nl-NL"}]}},"_links":{"self":[{"href":"https:\/\/toelthester.dk\/nl\/wp-json\/wp\/v2\/product\/9717","targetHints":{"allow":["GET"]}}],"collection":[{"href":"https:\/\/toelthester.dk\/nl\/wp-json\/wp\/v2\/product"}],"about":[{"href":"https:\/\/toelthester.dk\/nl\/wp-json\/wp\/v2\/types\/product"}],"wp:featuredmedia":[{"embeddable":true,"href":"https:\/\/toelthester.dk\/nl\/wp-json\/wp\/v2\/media\/9718"}],"wp:attachment":[{"href":"https:\/\/toelthester.dk\/nl\/wp-json\/wp\/v2\/media?parent=9717"}],"wp:term":[{"taxonomy":"product_brand","embeddable":true,"href":"https:\/\/toelthester.dk\/nl\/wp-json\/wp\/v2\/product_brand?post=9717"},{"taxonomy":"product_cat","embeddable":true,"href":"https:\/\/toelthester.dk\/nl\/wp-json\/wp\/v2\/product_cat?post=9717"},{"taxonomy":"product_tag","embeddable":true,"href":"https:\/\/toelthester.dk\/nl\/wp-json\/wp\/v2\/product_tag?post=9717"}],"curies":[{"name":"wp","href":"https:\/\/api.w.org\/{rel}","templated":true}]}}