{"id":9006,"date":"2020-11-25T14:57:03","date_gmt":"2020-11-25T13:57:03","guid":{"rendered":"https:\/\/toelthester.dk\/?post_type=product&#038;p=9006"},"modified":"2026-04-14T14:38:35","modified_gmt":"2026-04-14T12:38:35","slug":"middelste-riem","status":"publish","type":"product","link":"https:\/\/toelthester.dk\/nl\/butik\/mellem-gjord\/","title":{"rendered":"Tussen Klaar"},"content":{"rendered":"<p>Leer tussen singel van 45cm, 50cm of 55cm, optimale kwaliteit<\/p>\n<p>&nbsp;<\/p>","protected":false},"excerpt":{"rendered":"<p>Medium singel waar we veel aandacht aan hebben besteed om de optimale singel te krijgen hebben we o.a. verhoogd leer op het middenstuk tegen het paard zodat er een optimale trekkracht is.<\/p>\n<p>Daarnaast hebben we de elastieken in de gordel iets schuin gezet zodat de belasting optimaal wordt ontlast.<\/p>\n<p>&nbsp;<\/p>","protected":false},"featured_media":8242,"template":"","meta":{"inline_featured_image":false},"product_brand":[],"product_cat":[13],"product_tag":[],"class_list":{"0":"post-9006","1":"product","2":"type-product","3":"status-publish","4":"has-post-thumbnail","6":"product_cat-tilbehoer-sadler","8":"first","9":"instock","10":"featured","11":"taxable","12":"shipping-taxable","13":"purchasable","14":"product-type-variable"},"yoast_head":"<!-- This site is optimized with the Yoast SEO plugin v27.4 - https:\/\/yoast.com\/product\/yoast-seo-wordpress\/ -->\n<title>Mellem gjord i st\u00f8rrelsen 45, 50 og 55cm i kvalitetsl\u00e6der<\/title>\n<meta name=\"description\" content=\"Mellem gjord hvor vi har gjordt mange tanker for at f\u00e5 den optimale gjord, vi har bla. h\u00e6vet l\u00e6dret p\u00e5 midterstykket.\" \/>\n<meta name=\"robots\" content=\"index, follow, max-snippet:-1, max-image-preview:large, max-video-preview:-1\" \/>\n<link rel=\"canonical\" href=\"https:\/\/toelthester.dk\/nl\/winkel\/middelste-riem\/\" \/>\n<meta property=\"og:locale\" content=\"nl_NL\" \/>\n<meta property=\"og:type\" content=\"article\" \/>\n<meta property=\"og:title\" content=\"Mellem gjord i st\u00f8rrelsen 45, 50 og 55cm i kvalitetsl\u00e6der\" \/>\n<meta property=\"og:description\" content=\"Mellem gjord hvor vi har gjordt mange tanker for at f\u00e5 den optimale gjord, vi har bla. h\u00e6vet l\u00e6dret p\u00e5 midterstykket.\" \/>\n<meta property=\"og:url\" content=\"https:\/\/toelthester.dk\/nl\/winkel\/middelste-riem\/\" \/>\n<meta property=\"og:site_name\" content=\"Toelthester\" \/>\n<meta property=\"article:modified_time\" content=\"2026-04-14T12:38:35+00:00\" \/>\n<meta property=\"og:image\" content=\"https:\/\/toelthester.dk\/wp-content\/uploads\/2018\/07\/T\u00f8lthester-332-72-dpi.jpg\" \/>\n\t<meta property=\"og:image:width\" content=\"1440\" \/>\n\t<meta property=\"og:image:height\" content=\"960\" \/>\n\t<meta property=\"og:image:type\" content=\"image\/jpeg\" \/>\n<meta name=\"twitter:card\" content=\"summary_large_image\" \/>\n<meta name=\"twitter:label1\" content=\"Geschatte leestijd\" \/>\n\t<meta name=\"twitter:data1\" content=\"1 minuut\" \/>\n<script type=\"application\/ld+json\" class=\"yoast-schema-graph\">{\"@context\":\"https:\\\/\\\/schema.org\",\"@graph\":[{\"@type\":\"WebPage\",\"@id\":\"https:\\\/\\\/toelthester.dk\\\/en\\\/store\\\/middle-belt\\\/\",\"url\":\"https:\\\/\\\/toelthester.dk\\\/en\\\/store\\\/middle-belt\\\/\",\"name\":\"Mellem gjord i st\u00f8rrelsen 45, 50 og 55cm i kvalitetsl\u00e6der\",\"isPartOf\":{\"@id\":\"https:\\\/\\\/toelthester.dk\\\/#website\"},\"primaryImageOfPage\":{\"@id\":\"https:\\\/\\\/toelthester.dk\\\/en\\\/store\\\/middle-belt\\\/#primaryimage\"},\"image\":{\"@id\":\"https:\\\/\\\/toelthester.dk\\\/en\\\/store\\\/middle-belt\\\/#primaryimage\"},\"thumbnailUrl\":\"https:\\\/\\\/toelthester.dk\\\/wp-content\\\/uploads\\\/2018\\\/07\\\/T\u00f8lthester-332-72-dpi.jpg\",\"datePublished\":\"2020-11-25T13:57:03+00:00\",\"dateModified\":\"2026-04-14T12:38:35+00:00\",\"description\":\"Mellem gjord hvor vi har gjordt mange tanker for at f\u00e5 den optimale gjord, vi har bla. h\u00e6vet l\u00e6dret p\u00e5 midterstykket.\",\"breadcrumb\":{\"@id\":\"https:\\\/\\\/toelthester.dk\\\/en\\\/store\\\/middle-belt\\\/#breadcrumb\"},\"inLanguage\":\"nl-NL\",\"potentialAction\":[{\"@type\":\"ReadAction\",\"target\":[\"https:\\\/\\\/toelthester.dk\\\/en\\\/store\\\/middle-belt\\\/\"]}]},{\"@type\":\"ImageObject\",\"inLanguage\":\"nl-NL\",\"@id\":\"https:\\\/\\\/toelthester.dk\\\/en\\\/store\\\/middle-belt\\\/#primaryimage\",\"url\":\"https:\\\/\\\/toelthester.dk\\\/wp-content\\\/uploads\\\/2018\\\/07\\\/T\u00f8lthester-332-72-dpi.jpg\",\"contentUrl\":\"https:\\\/\\\/toelthester.dk\\\/wp-content\\\/uploads\\\/2018\\\/07\\\/T\u00f8lthester-332-72-dpi.jpg\",\"width\":1440,\"height\":960},{\"@type\":\"BreadcrumbList\",\"@id\":\"https:\\\/\\\/toelthester.dk\\\/en\\\/store\\\/middle-belt\\\/#breadcrumb\",\"itemListElement\":[{\"@type\":\"ListItem\",\"position\":1,\"name\":\"Hjem\",\"item\":\"https:\\\/\\\/toelthester.dk\\\/\"},{\"@type\":\"ListItem\",\"position\":2,\"name\":\"Shop\",\"item\":\"https:\\\/\\\/toelthester.dk\\\/shop\\\/\"},{\"@type\":\"ListItem\",\"position\":3,\"name\":\"Mellem Gjord\"}]},{\"@type\":\"WebSite\",\"@id\":\"https:\\\/\\\/toelthester.dk\\\/#website\",\"url\":\"https:\\\/\\\/toelthester.dk\\\/\",\"name\":\"Toelthester\",\"description\":\"\",\"potentialAction\":[{\"@type\":\"SearchAction\",\"target\":{\"@type\":\"EntryPoint\",\"urlTemplate\":\"https:\\\/\\\/toelthester.dk\\\/?s={search_term_string}\"},\"query-input\":{\"@type\":\"PropertyValueSpecification\",\"valueRequired\":true,\"valueName\":\"search_term_string\"}}],\"inLanguage\":\"nl-NL\"}]}<\/script>\n<!-- \/ Yoast SEO plugin. -->","yoast_head_json":{"title":"Medium riem in de maten 45, 50 en 55cm in kwaliteitsleer","description":"Medium singel waar we veel aandacht aan hebben besteed om de optimale singel te krijgen hebben we o.a. verhoogd leer op het middenstuk.","robots":{"index":"index","follow":"follow","max-snippet":"max-snippet:-1","max-image-preview":"max-image-preview:large","max-video-preview":"max-video-preview:-1"},"canonical":"https:\/\/toelthester.dk\/nl\/winkel\/middelste-riem\/","og_locale":"nl_NL","og_type":"article","og_title":"Mellem gjord i st\u00f8rrelsen 45, 50 og 55cm i kvalitetsl\u00e6der","og_description":"Mellem gjord hvor vi har gjordt mange tanker for at f\u00e5 den optimale gjord, vi har bla. h\u00e6vet l\u00e6dret p\u00e5 midterstykket.","og_url":"https:\/\/toelthester.dk\/nl\/winkel\/middelste-riem\/","og_site_name":"Toelthester","article_modified_time":"2026-04-14T12:38:35+00:00","og_image":[{"width":1440,"height":960,"url":"https:\/\/toelthester.dk\/wp-content\/uploads\/2018\/07\/T\u00f8lthester-332-72-dpi.jpg","type":"image\/jpeg"}],"twitter_card":"summary_large_image","twitter_misc":{"Geschatte leestijd":"1 minuut"},"schema":{"@context":"https:\/\/schema.org","@graph":[{"@type":"WebPage","@id":"https:\/\/toelthester.dk\/en\/store\/middle-belt\/","url":"https:\/\/toelthester.dk\/en\/store\/middle-belt\/","name":"Medium riem in de maten 45, 50 en 55cm in kwaliteitsleer","isPartOf":{"@id":"https:\/\/toelthester.dk\/#website"},"primaryImageOfPage":{"@id":"https:\/\/toelthester.dk\/en\/store\/middle-belt\/#primaryimage"},"image":{"@id":"https:\/\/toelthester.dk\/en\/store\/middle-belt\/#primaryimage"},"thumbnailUrl":"https:\/\/toelthester.dk\/wp-content\/uploads\/2018\/07\/T\u00f8lthester-332-72-dpi.jpg","datePublished":"2020-11-25T13:57:03+00:00","dateModified":"2026-04-14T12:38:35+00:00","description":"Medium singel waar we veel aandacht aan hebben besteed om de optimale singel te krijgen hebben we o.a. verhoogd leer op het middenstuk.","breadcrumb":{"@id":"https:\/\/toelthester.dk\/en\/store\/middle-belt\/#breadcrumb"},"inLanguage":"nl-NL","potentialAction":[{"@type":"ReadAction","target":["https:\/\/toelthester.dk\/en\/store\/middle-belt\/"]}]},{"@type":"ImageObject","inLanguage":"nl-NL","@id":"https:\/\/toelthester.dk\/en\/store\/middle-belt\/#primaryimage","url":"https:\/\/toelthester.dk\/wp-content\/uploads\/2018\/07\/T\u00f8lthester-332-72-dpi.jpg","contentUrl":"https:\/\/toelthester.dk\/wp-content\/uploads\/2018\/07\/T\u00f8lthester-332-72-dpi.jpg","width":1440,"height":960},{"@type":"BreadcrumbList","@id":"https:\/\/toelthester.dk\/en\/store\/middle-belt\/#breadcrumb","itemListElement":[{"@type":"ListItem","position":1,"name":"Hjem","item":"https:\/\/toelthester.dk\/"},{"@type":"ListItem","position":2,"name":"Shop","item":"https:\/\/toelthester.dk\/shop\/"},{"@type":"ListItem","position":3,"name":"Mellem Gjord"}]},{"@type":"WebSite","@id":"https:\/\/toelthester.dk\/#website","url":"https:\/\/toelthester.dk\/","name":"Toilet paarden","description":"","potentialAction":[{"@type":"SearchAction","target":{"@type":"EntryPoint","urlTemplate":"https:\/\/toelthester.dk\/?s={search_term_string}"},"query-input":{"@type":"PropertyValueSpecification","valueRequired":true,"valueName":"search_term_string"}}],"inLanguage":"nl-NL"}]}},"_links":{"self":[{"href":"https:\/\/toelthester.dk\/nl\/wp-json\/wp\/v2\/product\/9006","targetHints":{"allow":["GET"]}}],"collection":[{"href":"https:\/\/toelthester.dk\/nl\/wp-json\/wp\/v2\/product"}],"about":[{"href":"https:\/\/toelthester.dk\/nl\/wp-json\/wp\/v2\/types\/product"}],"wp:featuredmedia":[{"embeddable":true,"href":"https:\/\/toelthester.dk\/nl\/wp-json\/wp\/v2\/media\/8242"}],"wp:attachment":[{"href":"https:\/\/toelthester.dk\/nl\/wp-json\/wp\/v2\/media?parent=9006"}],"wp:term":[{"taxonomy":"product_brand","embeddable":true,"href":"https:\/\/toelthester.dk\/nl\/wp-json\/wp\/v2\/product_brand?post=9006"},{"taxonomy":"product_cat","embeddable":true,"href":"https:\/\/toelthester.dk\/nl\/wp-json\/wp\/v2\/product_cat?post=9006"},{"taxonomy":"product_tag","embeddable":true,"href":"https:\/\/toelthester.dk\/nl\/wp-json\/wp\/v2\/product_tag?post=9006"}],"curies":[{"name":"wp","href":"https:\/\/api.w.org\/{rel}","templated":true}]}}