{"id":822,"date":"2016-11-16T11:06:41","date_gmt":"2016-11-16T10:06:41","guid":{"rendered":"http:\/\/toelthester.dk\/butik\/stigremme\/"},"modified":"2026-04-21T12:31:18","modified_gmt":"2026-04-21T10:31:18","slug":"stap-riem","status":"publish","type":"product","link":"https:\/\/toelthester.dk\/nl\/butik\/stigremme\/","title":{"rendered":"Stap riem"},"content":{"rendered":"<p>Stijgbeugelriem gemaakt van fijn leer, met een systeem dat het gemakkelijk maakt om de lengte van de stijgbeugelriem aan te passen aan de ruiter.<\/p>\n<p>&nbsp;<\/p>","protected":false},"excerpt":{"rendered":"<p>Stijgbeugelriem gemaakt van fijn leer, met een systeem dat het gemakkelijk maakt om de lengte van de stijgbeugelriem aan te passen aan de ruiter.<\/p>\n<p>&nbsp;<\/p>","protected":false},"featured_media":9871,"template":"","meta":{"inline_featured_image":false},"product_brand":[],"product_cat":[13],"product_tag":[],"class_list":{"0":"post-822","1":"product","2":"type-product","3":"status-publish","4":"has-post-thumbnail","6":"product_cat-tilbehoer-sadler","8":"first","9":"instock","10":"featured","11":"taxable","12":"shipping-taxable","13":"purchasable","14":"product-type-variable"},"yoast_head":"<!-- This site is optimized with the Yoast SEO plugin v27.4 - https:\/\/yoast.com\/product\/yoast-seo-wordpress\/ -->\n<title>T\u00f8lthester stigremme med unikt system til justeringer i l\u00e6ngden<\/title>\n<meta name=\"description\" content=\"Stigremme produceret i fint l\u00e6der, med et system der g\u00f8r det let at regulere l\u00e6ngden af stigremmen, s\u00e5 de passer rytteren.\" \/>\n<meta name=\"robots\" content=\"index, follow, max-snippet:-1, max-image-preview:large, max-video-preview:-1\" \/>\n<link rel=\"canonical\" href=\"https:\/\/toelthester.dk\/nl\/winkel\/stap-riem\/\" \/>\n<meta property=\"og:locale\" content=\"nl_NL\" \/>\n<meta property=\"og:type\" content=\"article\" \/>\n<meta property=\"og:title\" content=\"T\u00f8lthester stigremme med unikt system til justeringer i l\u00e6ngden\" \/>\n<meta property=\"og:description\" content=\"Stigremme produceret i fint l\u00e6der, med et system der g\u00f8r det let at regulere l\u00e6ngden af stigremmen, s\u00e5 de passer rytteren.\" \/>\n<meta property=\"og:url\" content=\"https:\/\/toelthester.dk\/nl\/winkel\/stap-riem\/\" \/>\n<meta property=\"og:site_name\" content=\"Toelthester\" \/>\n<meta property=\"article:modified_time\" content=\"2026-04-21T10:31:18+00:00\" \/>\n<meta property=\"og:image\" content=\"https:\/\/toelthester.dk\/wp-content\/uploads\/2016\/11\/Toelthester-marts-2024-72-dpi-93.jpg\" \/>\n\t<meta property=\"og:image:width\" content=\"1094\" \/>\n\t<meta property=\"og:image:height\" content=\"1641\" \/>\n\t<meta property=\"og:image:type\" content=\"image\/jpeg\" \/>\n<meta name=\"twitter:card\" content=\"summary_large_image\" \/>\n<meta name=\"twitter:label1\" content=\"Geschatte leestijd\" \/>\n\t<meta name=\"twitter:data1\" content=\"1 minuut\" \/>\n<script type=\"application\/ld+json\" class=\"yoast-schema-graph\">{\"@context\":\"https:\\\/\\\/schema.org\",\"@graph\":[{\"@type\":\"WebPage\",\"@id\":\"https:\\\/\\\/toelthester.dk\\\/nl\\\/winkel\\\/stap-riem\\\/\",\"url\":\"https:\\\/\\\/toelthester.dk\\\/nl\\\/winkel\\\/stap-riem\\\/\",\"name\":\"T\u00f8lthester stigremme med unikt system til justeringer i l\u00e6ngden\",\"isPartOf\":{\"@id\":\"https:\\\/\\\/toelthester.dk\\\/#website\"},\"primaryImageOfPage\":{\"@id\":\"https:\\\/\\\/toelthester.dk\\\/nl\\\/winkel\\\/stap-riem\\\/#primaryimage\"},\"image\":{\"@id\":\"https:\\\/\\\/toelthester.dk\\\/nl\\\/winkel\\\/stap-riem\\\/#primaryimage\"},\"thumbnailUrl\":\"https:\\\/\\\/toelthester.dk\\\/wp-content\\\/uploads\\\/2016\\\/11\\\/Toelthester-marts-2024-72-dpi-93.jpg\",\"datePublished\":\"2016-11-16T10:06:41+00:00\",\"dateModified\":\"2026-04-21T10:31:18+00:00\",\"description\":\"Stigremme produceret i fint l\u00e6der, med et system der g\u00f8r det let at regulere l\u00e6ngden af stigremmen, s\u00e5 de passer rytteren.\",\"breadcrumb\":{\"@id\":\"https:\\\/\\\/toelthester.dk\\\/nl\\\/winkel\\\/stap-riem\\\/#breadcrumb\"},\"inLanguage\":\"nl-NL\",\"potentialAction\":[{\"@type\":\"ReadAction\",\"target\":[\"https:\\\/\\\/toelthester.dk\\\/nl\\\/winkel\\\/stap-riem\\\/\"]}]},{\"@type\":\"ImageObject\",\"inLanguage\":\"nl-NL\",\"@id\":\"https:\\\/\\\/toelthester.dk\\\/nl\\\/winkel\\\/stap-riem\\\/#primaryimage\",\"url\":\"https:\\\/\\\/toelthester.dk\\\/wp-content\\\/uploads\\\/2016\\\/11\\\/Toelthester-marts-2024-72-dpi-93.jpg\",\"contentUrl\":\"https:\\\/\\\/toelthester.dk\\\/wp-content\\\/uploads\\\/2016\\\/11\\\/Toelthester-marts-2024-72-dpi-93.jpg\",\"width\":1094,\"height\":1641},{\"@type\":\"BreadcrumbList\",\"@id\":\"https:\\\/\\\/toelthester.dk\\\/nl\\\/winkel\\\/stap-riem\\\/#breadcrumb\",\"itemListElement\":[{\"@type\":\"ListItem\",\"position\":1,\"name\":\"Hjem\",\"item\":\"https:\\\/\\\/toelthester.dk\\\/\"},{\"@type\":\"ListItem\",\"position\":2,\"name\":\"Shop\",\"item\":\"https:\\\/\\\/toelthester.dk\\\/shop\\\/\"},{\"@type\":\"ListItem\",\"position\":3,\"name\":\"Stigremme\"}]},{\"@type\":\"WebSite\",\"@id\":\"https:\\\/\\\/toelthester.dk\\\/#website\",\"url\":\"https:\\\/\\\/toelthester.dk\\\/\",\"name\":\"Toelthester\",\"description\":\"\",\"potentialAction\":[{\"@type\":\"SearchAction\",\"target\":{\"@type\":\"EntryPoint\",\"urlTemplate\":\"https:\\\/\\\/toelthester.dk\\\/?s={search_term_string}\"},\"query-input\":{\"@type\":\"PropertyValueSpecification\",\"valueRequired\":true,\"valueName\":\"search_term_string\"}}],\"inLanguage\":\"nl-NL\"}]}<\/script>\n<!-- \/ Yoast SEO plugin. -->","yoast_head_json":{"title":"T\u00f8lthester stijgbeugels met uniek systeem voor aanpassingen in lengte","description":"Stijgbeugelriem gemaakt van fijn leer, met een systeem dat het gemakkelijk maakt om de lengte van de stijgbeugelriem aan te passen aan de ruiter.","robots":{"index":"index","follow":"follow","max-snippet":"max-snippet:-1","max-image-preview":"max-image-preview:large","max-video-preview":"max-video-preview:-1"},"canonical":"https:\/\/toelthester.dk\/nl\/winkel\/stap-riem\/","og_locale":"nl_NL","og_type":"article","og_title":"T\u00f8lthester stigremme med unikt system til justeringer i l\u00e6ngden","og_description":"Stigremme produceret i fint l\u00e6der, med et system der g\u00f8r det let at regulere l\u00e6ngden af stigremmen, s\u00e5 de passer rytteren.","og_url":"https:\/\/toelthester.dk\/nl\/winkel\/stap-riem\/","og_site_name":"Toelthester","article_modified_time":"2026-04-21T10:31:18+00:00","og_image":[{"width":1094,"height":1641,"url":"https:\/\/toelthester.dk\/wp-content\/uploads\/2016\/11\/Toelthester-marts-2024-72-dpi-93.jpg","type":"image\/jpeg"}],"twitter_card":"summary_large_image","twitter_misc":{"Geschatte leestijd":"1 minuut"},"schema":{"@context":"https:\/\/schema.org","@graph":[{"@type":"WebPage","@id":"https:\/\/toelthester.dk\/nl\/winkel\/stap-riem\/","url":"https:\/\/toelthester.dk\/nl\/winkel\/stap-riem\/","name":"T\u00f8lthester stijgbeugels met uniek systeem voor aanpassingen in lengte","isPartOf":{"@id":"https:\/\/toelthester.dk\/#website"},"primaryImageOfPage":{"@id":"https:\/\/toelthester.dk\/nl\/winkel\/stap-riem\/#primaryimage"},"image":{"@id":"https:\/\/toelthester.dk\/nl\/winkel\/stap-riem\/#primaryimage"},"thumbnailUrl":"https:\/\/toelthester.dk\/wp-content\/uploads\/2016\/11\/Toelthester-marts-2024-72-dpi-93.jpg","datePublished":"2016-11-16T10:06:41+00:00","dateModified":"2026-04-21T10:31:18+00:00","description":"Stijgbeugelriem gemaakt van fijn leer, met een systeem dat het gemakkelijk maakt om de lengte van de stijgbeugelriem aan te passen aan de ruiter.","breadcrumb":{"@id":"https:\/\/toelthester.dk\/nl\/winkel\/stap-riem\/#breadcrumb"},"inLanguage":"nl-NL","potentialAction":[{"@type":"ReadAction","target":["https:\/\/toelthester.dk\/nl\/winkel\/stap-riem\/"]}]},{"@type":"ImageObject","inLanguage":"nl-NL","@id":"https:\/\/toelthester.dk\/nl\/winkel\/stap-riem\/#primaryimage","url":"https:\/\/toelthester.dk\/wp-content\/uploads\/2016\/11\/Toelthester-marts-2024-72-dpi-93.jpg","contentUrl":"https:\/\/toelthester.dk\/wp-content\/uploads\/2016\/11\/Toelthester-marts-2024-72-dpi-93.jpg","width":1094,"height":1641},{"@type":"BreadcrumbList","@id":"https:\/\/toelthester.dk\/nl\/winkel\/stap-riem\/#breadcrumb","itemListElement":[{"@type":"ListItem","position":1,"name":"Hjem","item":"https:\/\/toelthester.dk\/"},{"@type":"ListItem","position":2,"name":"Shop","item":"https:\/\/toelthester.dk\/shop\/"},{"@type":"ListItem","position":3,"name":"Stigremme"}]},{"@type":"WebSite","@id":"https:\/\/toelthester.dk\/#website","url":"https:\/\/toelthester.dk\/","name":"Toilet paarden","description":"","potentialAction":[{"@type":"SearchAction","target":{"@type":"EntryPoint","urlTemplate":"https:\/\/toelthester.dk\/?s={search_term_string}"},"query-input":{"@type":"PropertyValueSpecification","valueRequired":true,"valueName":"search_term_string"}}],"inLanguage":"nl-NL"}]}},"_links":{"self":[{"href":"https:\/\/toelthester.dk\/nl\/wp-json\/wp\/v2\/product\/822","targetHints":{"allow":["GET"]}}],"collection":[{"href":"https:\/\/toelthester.dk\/nl\/wp-json\/wp\/v2\/product"}],"about":[{"href":"https:\/\/toelthester.dk\/nl\/wp-json\/wp\/v2\/types\/product"}],"wp:featuredmedia":[{"embeddable":true,"href":"https:\/\/toelthester.dk\/nl\/wp-json\/wp\/v2\/media\/9871"}],"wp:attachment":[{"href":"https:\/\/toelthester.dk\/nl\/wp-json\/wp\/v2\/media?parent=822"}],"wp:term":[{"taxonomy":"product_brand","embeddable":true,"href":"https:\/\/toelthester.dk\/nl\/wp-json\/wp\/v2\/product_brand?post=822"},{"taxonomy":"product_cat","embeddable":true,"href":"https:\/\/toelthester.dk\/nl\/wp-json\/wp\/v2\/product_cat?post=822"},{"taxonomy":"product_tag","embeddable":true,"href":"https:\/\/toelthester.dk\/nl\/wp-json\/wp\/v2\/product_tag?post=822"}],"curies":[{"name":"wp","href":"https:\/\/api.w.org\/{rel}","templated":true}]}}