{"id":771,"date":"2016-10-27T10:15:53","date_gmt":"2016-10-27T08:15:53","guid":{"rendered":"http:\/\/toelthester.dk\/butik\/gelpad-lk\/"},"modified":"2025-11-20T15:07:10","modified_gmt":"2025-11-20T14:07:10","slug":"gelpad-lk","status":"publish","type":"product","link":"https:\/\/toelthester.dk\/nl\/butik\/gelpad-lk\/","title":{"rendered":"Boomloze T\u00f3nn lange kniebeschermers"},"content":{"rendered":"<p><strong>Technische data:<\/strong><br \/>\n<strong>Boomless Gel Pad T\u00f3nn<br \/>\n<\/strong><strong>Stoppen:<\/strong> Latex<br \/>\n<strong>Boom:<\/strong> Boomloos<br \/>\n<strong>Zitting maten:<\/strong> 16.0\u2033 \u2013 16.5\u2033 \u2013 17.0\u2033 \u2013 17.5\u2033 \u2013 18.0\u2033<br \/>\n<strong>Gewicht:<\/strong>\u00a04,8 kg<\/p>\n<p>&nbsp;<\/p>","protected":false},"excerpt":{"rendered":"<p><strong>T\u00f3nn boomless lange kniebeschermers van T\u00f8lthester<\/strong><\/p>\n<p style=\"background: white;\"><span style=\"font-size: 11.5pt; font-family: 'Arial',sans-serif; color: black;\">De ontwikkeling van ons boomless latexzadel laat zien hoe innovatief het mogelijk is om te zijn, ondanks jarenlange zadelontwikkeling.<br \/>\nT\u00f3nn is bij de schoft extra breed uitgesneden om het paard niet te drukken. Bovendien heeft het extra vulling om de rug van het paard niet te drukken. Daarnaast heeft het een fijne ondersteuning aan de achterkant, wat de berijder helpt om de juiste zit en positie te behouden. Goede solide kniebeschermers maken dit zadeldek de eerste keuze voor steeds meer ruiters.<\/span><\/p>\n<p style=\"background: white;\"><span style=\"font-size: 11.5pt; font-family: 'Arial',sans-serif; color: black;\">T\u00f3nn wordt geleverd met een komijzer aan de voorkant van de schoft, dit voorkomt dat het zadel op de schoft van het paard valt.<\/span><\/p>\n<p style=\"background: white;\"><span style=\"font-size: 11.5pt; font-family: 'Arial',sans-serif; color: black;\">Het T\u00f3nn-zadel is verkrijgbaar in twee varianten, een met korte en een met lange kniebeschermers.<\/span><\/p>","protected":false},"featured_media":7706,"template":"","meta":{"inline_featured_image":false},"product_brand":[],"product_cat":[10],"product_tag":[],"class_list":{"0":"post-771","1":"product","2":"type-product","3":"status-publish","4":"has-post-thumbnail","6":"product_cat-sadler","8":"first","9":"instock","10":"featured","11":"taxable","12":"shipping-taxable","13":"purchasable","14":"product-type-variable"},"yoast_head":"<!-- This site is optimized with the Yoast SEO plugin v27.5 - https:\/\/yoast.com\/product\/yoast-seo-wordpress\/ -->\n<title>T\u00f8lthester Boml\u00f8s med lange kn\u00e6puder, det giver dig optimal st\u00f8tte.<\/title>\n<meta name=\"description\" content=\"T\u00f8lthester boml\u00f8s sadel T\u00f3nn er monteret med et fast kophjern, det betyder at du kommer t\u00e6t p\u00e5 egenskaberne fra en normal sadel.\" \/>\n<meta name=\"robots\" content=\"index, follow, max-snippet:-1, max-image-preview:large, max-video-preview:-1\" \/>\n<link rel=\"canonical\" href=\"https:\/\/toelthester.dk\/nl\/winkel\/gelpad-lk\/\" \/>\n<meta property=\"og:locale\" content=\"nl_NL\" \/>\n<meta property=\"og:type\" content=\"article\" \/>\n<meta property=\"og:title\" content=\"T\u00f8lthester Boml\u00f8s med lange kn\u00e6puder, det giver dig optimal st\u00f8tte.\" \/>\n<meta property=\"og:description\" content=\"T\u00f8lthester boml\u00f8s sadel T\u00f3nn er monteret med et fast kophjern, det betyder at du kommer t\u00e6t p\u00e5 egenskaberne fra en normal sadel.\" \/>\n<meta property=\"og:url\" content=\"https:\/\/toelthester.dk\/nl\/winkel\/gelpad-lk\/\" \/>\n<meta property=\"og:site_name\" content=\"Toelthester\" \/>\n<meta property=\"article:modified_time\" content=\"2025-11-20T14:07:10+00:00\" \/>\n<meta property=\"og:image\" content=\"https:\/\/toelthester.dk\/wp-content\/uploads\/2016\/10\/T\u00f8lthester-107-72-dpi.jpg\" \/>\n\t<meta property=\"og:image:width\" content=\"1440\" \/>\n\t<meta property=\"og:image:height\" content=\"960\" \/>\n\t<meta property=\"og:image:type\" content=\"image\/jpeg\" \/>\n<meta name=\"twitter:card\" content=\"summary_large_image\" \/>\n<meta name=\"twitter:label1\" content=\"Geschatte leestijd\" \/>\n\t<meta name=\"twitter:data1\" content=\"1 minuut\" \/>\n<script type=\"application\/ld+json\" class=\"yoast-schema-graph\">{\"@context\":\"https:\\\/\\\/schema.org\",\"@graph\":[{\"@type\":\"WebPage\",\"@id\":\"https:\\\/\\\/toelthester.dk\\\/en\\\/store\\\/gelpad-lk-2\\\/\",\"url\":\"https:\\\/\\\/toelthester.dk\\\/en\\\/store\\\/gelpad-lk-2\\\/\",\"name\":\"T\u00f8lthester Boml\u00f8s med lange kn\u00e6puder, det giver dig optimal st\u00f8tte.\",\"isPartOf\":{\"@id\":\"https:\\\/\\\/toelthester.dk\\\/#website\"},\"primaryImageOfPage\":{\"@id\":\"https:\\\/\\\/toelthester.dk\\\/en\\\/store\\\/gelpad-lk-2\\\/#primaryimage\"},\"image\":{\"@id\":\"https:\\\/\\\/toelthester.dk\\\/en\\\/store\\\/gelpad-lk-2\\\/#primaryimage\"},\"thumbnailUrl\":\"https:\\\/\\\/toelthester.dk\\\/wp-content\\\/uploads\\\/2016\\\/10\\\/T\u00f8lthester-107-72-dpi.jpg\",\"datePublished\":\"2016-10-27T08:15:53+00:00\",\"dateModified\":\"2025-11-20T14:07:10+00:00\",\"description\":\"T\u00f8lthester boml\u00f8s sadel T\u00f3nn er monteret med et fast kophjern, det betyder at du kommer t\u00e6t p\u00e5 egenskaberne fra en normal sadel.\",\"breadcrumb\":{\"@id\":\"https:\\\/\\\/toelthester.dk\\\/en\\\/store\\\/gelpad-lk-2\\\/#breadcrumb\"},\"inLanguage\":\"nl-NL\",\"potentialAction\":[{\"@type\":\"ReadAction\",\"target\":[\"https:\\\/\\\/toelthester.dk\\\/en\\\/store\\\/gelpad-lk-2\\\/\"]}]},{\"@type\":\"ImageObject\",\"inLanguage\":\"nl-NL\",\"@id\":\"https:\\\/\\\/toelthester.dk\\\/en\\\/store\\\/gelpad-lk-2\\\/#primaryimage\",\"url\":\"https:\\\/\\\/toelthester.dk\\\/wp-content\\\/uploads\\\/2016\\\/10\\\/T\u00f8lthester-107-72-dpi.jpg\",\"contentUrl\":\"https:\\\/\\\/toelthester.dk\\\/wp-content\\\/uploads\\\/2016\\\/10\\\/T\u00f8lthester-107-72-dpi.jpg\",\"width\":1440,\"height\":960},{\"@type\":\"BreadcrumbList\",\"@id\":\"https:\\\/\\\/toelthester.dk\\\/en\\\/store\\\/gelpad-lk-2\\\/#breadcrumb\",\"itemListElement\":[{\"@type\":\"ListItem\",\"position\":1,\"name\":\"Hjem\",\"item\":\"https:\\\/\\\/toelthester.dk\\\/\"},{\"@type\":\"ListItem\",\"position\":2,\"name\":\"Shop\",\"item\":\"https:\\\/\\\/toelthester.dk\\\/shop\\\/\"},{\"@type\":\"ListItem\",\"position\":3,\"name\":\"Boml\u00f8s T\u00f3nn lange kn\u00e6puder\"}]},{\"@type\":\"WebSite\",\"@id\":\"https:\\\/\\\/toelthester.dk\\\/#website\",\"url\":\"https:\\\/\\\/toelthester.dk\\\/\",\"name\":\"Toelthester\",\"description\":\"\",\"potentialAction\":[{\"@type\":\"SearchAction\",\"target\":{\"@type\":\"EntryPoint\",\"urlTemplate\":\"https:\\\/\\\/toelthester.dk\\\/?s={search_term_string}\"},\"query-input\":{\"@type\":\"PropertyValueSpecification\",\"valueRequired\":true,\"valueName\":\"search_term_string\"}}],\"inLanguage\":\"nl-NL\"}]}<\/script>\n<!-- \/ Yoast SEO plugin. -->","yoast_head_json":{"title":"T\u00f8lthester Boomless met lange kniebeschermers, het geeft je optimale ondersteuning.","description":"T\u00f8lthester boomless zadel T\u00f3nn is voorzien van een vast komijzer, hierdoor benader je de eigenschappen van een normaal zadel.","robots":{"index":"index","follow":"follow","max-snippet":"max-snippet:-1","max-image-preview":"max-image-preview:large","max-video-preview":"max-video-preview:-1"},"canonical":"https:\/\/toelthester.dk\/nl\/winkel\/gelpad-lk\/","og_locale":"nl_NL","og_type":"article","og_title":"T\u00f8lthester Boml\u00f8s med lange kn\u00e6puder, det giver dig optimal st\u00f8tte.","og_description":"T\u00f8lthester boml\u00f8s sadel T\u00f3nn er monteret med et fast kophjern, det betyder at du kommer t\u00e6t p\u00e5 egenskaberne fra en normal sadel.","og_url":"https:\/\/toelthester.dk\/nl\/winkel\/gelpad-lk\/","og_site_name":"Toelthester","article_modified_time":"2025-11-20T14:07:10+00:00","og_image":[{"width":1440,"height":960,"url":"https:\/\/toelthester.dk\/wp-content\/uploads\/2016\/10\/T\u00f8lthester-107-72-dpi.jpg","type":"image\/jpeg"}],"twitter_card":"summary_large_image","twitter_misc":{"Geschatte leestijd":"1 minuut"},"schema":{"@context":"https:\/\/schema.org","@graph":[{"@type":"WebPage","@id":"https:\/\/toelthester.dk\/en\/store\/gelpad-lk-2\/","url":"https:\/\/toelthester.dk\/en\/store\/gelpad-lk-2\/","name":"T\u00f8lthester Boomless met lange kniebeschermers, het geeft je optimale ondersteuning.","isPartOf":{"@id":"https:\/\/toelthester.dk\/#website"},"primaryImageOfPage":{"@id":"https:\/\/toelthester.dk\/en\/store\/gelpad-lk-2\/#primaryimage"},"image":{"@id":"https:\/\/toelthester.dk\/en\/store\/gelpad-lk-2\/#primaryimage"},"thumbnailUrl":"https:\/\/toelthester.dk\/wp-content\/uploads\/2016\/10\/T\u00f8lthester-107-72-dpi.jpg","datePublished":"2016-10-27T08:15:53+00:00","dateModified":"2025-11-20T14:07:10+00:00","description":"T\u00f8lthester boomless zadel T\u00f3nn is voorzien van een vast komijzer, hierdoor benader je de eigenschappen van een normaal zadel.","breadcrumb":{"@id":"https:\/\/toelthester.dk\/en\/store\/gelpad-lk-2\/#breadcrumb"},"inLanguage":"nl-NL","potentialAction":[{"@type":"ReadAction","target":["https:\/\/toelthester.dk\/en\/store\/gelpad-lk-2\/"]}]},{"@type":"ImageObject","inLanguage":"nl-NL","@id":"https:\/\/toelthester.dk\/en\/store\/gelpad-lk-2\/#primaryimage","url":"https:\/\/toelthester.dk\/wp-content\/uploads\/2016\/10\/T\u00f8lthester-107-72-dpi.jpg","contentUrl":"https:\/\/toelthester.dk\/wp-content\/uploads\/2016\/10\/T\u00f8lthester-107-72-dpi.jpg","width":1440,"height":960},{"@type":"BreadcrumbList","@id":"https:\/\/toelthester.dk\/en\/store\/gelpad-lk-2\/#breadcrumb","itemListElement":[{"@type":"ListItem","position":1,"name":"Hjem","item":"https:\/\/toelthester.dk\/"},{"@type":"ListItem","position":2,"name":"Shop","item":"https:\/\/toelthester.dk\/shop\/"},{"@type":"ListItem","position":3,"name":"Boml\u00f8s T\u00f3nn lange kn\u00e6puder"}]},{"@type":"WebSite","@id":"https:\/\/toelthester.dk\/#website","url":"https:\/\/toelthester.dk\/","name":"Toilet paarden","description":"","potentialAction":[{"@type":"SearchAction","target":{"@type":"EntryPoint","urlTemplate":"https:\/\/toelthester.dk\/?s={search_term_string}"},"query-input":{"@type":"PropertyValueSpecification","valueRequired":true,"valueName":"search_term_string"}}],"inLanguage":"nl-NL"}]}},"_links":{"self":[{"href":"https:\/\/toelthester.dk\/nl\/wp-json\/wp\/v2\/product\/771","targetHints":{"allow":["GET"]}}],"collection":[{"href":"https:\/\/toelthester.dk\/nl\/wp-json\/wp\/v2\/product"}],"about":[{"href":"https:\/\/toelthester.dk\/nl\/wp-json\/wp\/v2\/types\/product"}],"wp:featuredmedia":[{"embeddable":true,"href":"https:\/\/toelthester.dk\/nl\/wp-json\/wp\/v2\/media\/7706"}],"wp:attachment":[{"href":"https:\/\/toelthester.dk\/nl\/wp-json\/wp\/v2\/media?parent=771"}],"wp:term":[{"taxonomy":"product_brand","embeddable":true,"href":"https:\/\/toelthester.dk\/nl\/wp-json\/wp\/v2\/product_brand?post=771"},{"taxonomy":"product_cat","embeddable":true,"href":"https:\/\/toelthester.dk\/nl\/wp-json\/wp\/v2\/product_cat?post=771"},{"taxonomy":"product_tag","embeddable":true,"href":"https:\/\/toelthester.dk\/nl\/wp-json\/wp\/v2\/product_tag?post=771"}],"curies":[{"name":"wp","href":"https:\/\/api.w.org\/{rel}","templated":true}]}}