{"id":738,"date":"2016-10-27T09:44:08","date_gmt":"2016-10-27T07:44:08","guid":{"rendered":"http:\/\/toelthester.dk\/butik\/hrafn\/"},"modified":"2025-04-07T08:44:09","modified_gmt":"2025-04-07T06:44:09","slug":"raaf","status":"publish","type":"product","link":"https:\/\/toelthester.dk\/nl\/butik\/hrafn\/","title":{"rendered":"Hrafn"},"content":{"rendered":"<p><strong>Technische data:<\/strong><br \/>\nVulling: latex of wol<br \/>\nGiek: A \u2013 Met vervangbare kopverwijderaar<br \/>\nBoommaat: Smal 24 \u2013 25 \u2013 Normaal 26 \u2013 27 \u2013 Breed 28 \u2013 29 en 30 Xbreed.<br \/>\nZadelmaten: 16.0\u2033 \u2013 16.5\u2033 \u2013 17.0\u2033 \u2013 17.5\u2033 \u2013 18.0\u2033<br \/>\nGewicht: 6,3 kg<\/p>\n<p>&nbsp;<\/p>","protected":false},"excerpt":{"rendered":"<p><strong>Hrafn uit T\u00f8lthester<br \/>\n<\/strong><\/p>\n<p>Hrafn is in de loop van de tijd het populaire zadel van T\u00f8lthester. Het zadel is zo ontworpen dat het zorgt voor een nauw contact tussen paard en ruiter. De korte kniebeschermers in superzachte latex zorgen voor een goede ondersteuning, terwijl de ruiter vanaf de knie volledige bewegingsvrijheid heeft. Dit betekent dat je met de benen signalen aan het paard kunt geven, zonder dat dit ten koste gaat van de afstelling. Het zadel heeft een brede zadelkamer die zorgt voor bewegingsvrijheid voor de paardenrug.<\/p>\n<p>Hrafn is gebouwd op een A-giek, een flexi-giek met een enkele klep. Met 1,5 zadelflap.<\/p>\n<p>Geleverd met 3 lagen latex of wollen vulling.<\/p>\n<p>&nbsp;<\/p>","protected":false},"featured_media":7763,"template":"","meta":{"inline_featured_image":false},"product_brand":[],"product_cat":[10],"product_tag":[],"class_list":{"0":"post-738","1":"product","2":"type-product","3":"status-publish","4":"has-post-thumbnail","6":"product_cat-sadler","8":"first","9":"instock","10":"featured","11":"taxable","12":"shipping-taxable","13":"purchasable","14":"product-type-variable"},"yoast_head":"<!-- This site is optimized with the Yoast SEO plugin v27.5 - https:\/\/yoast.com\/product\/yoast-seo-wordpress\/ -->\n<title>T\u00f8lthester Hrafn den mest popul\u00e6re sadel, unik kvalitet.<\/title>\n<meta name=\"description\" content=\"T\u00f8lthester Hrafn er den mest solgte sadel udenfor danmark, den giver rytteren et rigtigt godt s\u00e6de. Med udskifteligt kophjern.\" \/>\n<meta name=\"robots\" content=\"index, follow, max-snippet:-1, max-image-preview:large, max-video-preview:-1\" \/>\n<link rel=\"canonical\" href=\"https:\/\/toelthester.dk\/nl\/winkel\/raaf\/\" \/>\n<meta property=\"og:locale\" content=\"nl_NL\" \/>\n<meta property=\"og:type\" content=\"article\" \/>\n<meta property=\"og:title\" content=\"T\u00f8lthester Hrafn den mest popul\u00e6re sadel, unik kvalitet.\" \/>\n<meta property=\"og:description\" content=\"T\u00f8lthester Hrafn er den mest solgte sadel udenfor danmark, den giver rytteren et rigtigt godt s\u00e6de. Med udskifteligt kophjern.\" \/>\n<meta property=\"og:url\" content=\"https:\/\/toelthester.dk\/nl\/winkel\/raaf\/\" \/>\n<meta property=\"og:site_name\" content=\"Toelthester\" \/>\n<meta property=\"article:modified_time\" content=\"2025-04-07T06:44:09+00:00\" \/>\n<meta property=\"og:image\" content=\"https:\/\/toelthester.dk\/wp-content\/uploads\/2016\/10\/T\u00f8lthester-129-72-dpi.jpg\" \/>\n\t<meta property=\"og:image:width\" content=\"1440\" \/>\n\t<meta property=\"og:image:height\" content=\"960\" \/>\n\t<meta property=\"og:image:type\" content=\"image\/jpeg\" \/>\n<meta name=\"twitter:card\" content=\"summary_large_image\" \/>\n<meta name=\"twitter:label1\" content=\"Geschatte leestijd\" \/>\n\t<meta name=\"twitter:data1\" content=\"1 minuut\" \/>\n<script type=\"application\/ld+json\" class=\"yoast-schema-graph\">{\"@context\":\"https:\\\/\\\/schema.org\",\"@graph\":[{\"@type\":\"WebPage\",\"@id\":\"https:\\\/\\\/toelthester.dk\\\/de\\\/speichern\\\/rabe\\\/\",\"url\":\"https:\\\/\\\/toelthester.dk\\\/de\\\/speichern\\\/rabe\\\/\",\"name\":\"T\u00f8lthester Hrafn den mest popul\u00e6re sadel, unik kvalitet.\",\"isPartOf\":{\"@id\":\"https:\\\/\\\/toelthester.dk\\\/#website\"},\"primaryImageOfPage\":{\"@id\":\"https:\\\/\\\/toelthester.dk\\\/de\\\/speichern\\\/rabe\\\/#primaryimage\"},\"image\":{\"@id\":\"https:\\\/\\\/toelthester.dk\\\/de\\\/speichern\\\/rabe\\\/#primaryimage\"},\"thumbnailUrl\":\"https:\\\/\\\/toelthester.dk\\\/wp-content\\\/uploads\\\/2016\\\/10\\\/T\u00f8lthester-129-72-dpi.jpg\",\"datePublished\":\"2016-10-27T07:44:08+00:00\",\"dateModified\":\"2025-04-07T06:44:09+00:00\",\"description\":\"T\u00f8lthester Hrafn er den mest solgte sadel udenfor danmark, den giver rytteren et rigtigt godt s\u00e6de. Med udskifteligt kophjern.\",\"breadcrumb\":{\"@id\":\"https:\\\/\\\/toelthester.dk\\\/de\\\/speichern\\\/rabe\\\/#breadcrumb\"},\"inLanguage\":\"nl-NL\",\"potentialAction\":[{\"@type\":\"ReadAction\",\"target\":[\"https:\\\/\\\/toelthester.dk\\\/de\\\/speichern\\\/rabe\\\/\"]}]},{\"@type\":\"ImageObject\",\"inLanguage\":\"nl-NL\",\"@id\":\"https:\\\/\\\/toelthester.dk\\\/de\\\/speichern\\\/rabe\\\/#primaryimage\",\"url\":\"https:\\\/\\\/toelthester.dk\\\/wp-content\\\/uploads\\\/2016\\\/10\\\/T\u00f8lthester-129-72-dpi.jpg\",\"contentUrl\":\"https:\\\/\\\/toelthester.dk\\\/wp-content\\\/uploads\\\/2016\\\/10\\\/T\u00f8lthester-129-72-dpi.jpg\",\"width\":1440,\"height\":960},{\"@type\":\"BreadcrumbList\",\"@id\":\"https:\\\/\\\/toelthester.dk\\\/de\\\/speichern\\\/rabe\\\/#breadcrumb\",\"itemListElement\":[{\"@type\":\"ListItem\",\"position\":1,\"name\":\"Hjem\",\"item\":\"https:\\\/\\\/toelthester.dk\\\/\"},{\"@type\":\"ListItem\",\"position\":2,\"name\":\"Shop\",\"item\":\"https:\\\/\\\/toelthester.dk\\\/shop\\\/\"},{\"@type\":\"ListItem\",\"position\":3,\"name\":\"Hrafn\"}]},{\"@type\":\"WebSite\",\"@id\":\"https:\\\/\\\/toelthester.dk\\\/#website\",\"url\":\"https:\\\/\\\/toelthester.dk\\\/\",\"name\":\"Toelthester\",\"description\":\"\",\"potentialAction\":[{\"@type\":\"SearchAction\",\"target\":{\"@type\":\"EntryPoint\",\"urlTemplate\":\"https:\\\/\\\/toelthester.dk\\\/?s={search_term_string}\"},\"query-input\":{\"@type\":\"PropertyValueSpecification\",\"valueRequired\":true,\"valueName\":\"search_term_string\"}}],\"inLanguage\":\"nl-NL\"}]}<\/script>\n<!-- \/ Yoast SEO plugin. -->","yoast_head_json":{"title":"T\u00f8lthester Hrafn het populairste zadel, unieke kwaliteit.","description":"T\u00f8lhester Hrafn is het best verkochte zadel buiten Denemarken, het geeft de berijder een echt goede zit. Met verwisselbaar bekerijzer.","robots":{"index":"index","follow":"follow","max-snippet":"max-snippet:-1","max-image-preview":"max-image-preview:large","max-video-preview":"max-video-preview:-1"},"canonical":"https:\/\/toelthester.dk\/nl\/winkel\/raaf\/","og_locale":"nl_NL","og_type":"article","og_title":"T\u00f8lthester Hrafn den mest popul\u00e6re sadel, unik kvalitet.","og_description":"T\u00f8lthester Hrafn er den mest solgte sadel udenfor danmark, den giver rytteren et rigtigt godt s\u00e6de. Med udskifteligt kophjern.","og_url":"https:\/\/toelthester.dk\/nl\/winkel\/raaf\/","og_site_name":"Toelthester","article_modified_time":"2025-04-07T06:44:09+00:00","og_image":[{"width":1440,"height":960,"url":"https:\/\/toelthester.dk\/wp-content\/uploads\/2016\/10\/T\u00f8lthester-129-72-dpi.jpg","type":"image\/jpeg"}],"twitter_card":"summary_large_image","twitter_misc":{"Geschatte leestijd":"1 minuut"},"schema":{"@context":"https:\/\/schema.org","@graph":[{"@type":"WebPage","@id":"https:\/\/toelthester.dk\/de\/speichern\/rabe\/","url":"https:\/\/toelthester.dk\/de\/speichern\/rabe\/","name":"T\u00f8lthester Hrafn het populairste zadel, unieke kwaliteit.","isPartOf":{"@id":"https:\/\/toelthester.dk\/#website"},"primaryImageOfPage":{"@id":"https:\/\/toelthester.dk\/de\/speichern\/rabe\/#primaryimage"},"image":{"@id":"https:\/\/toelthester.dk\/de\/speichern\/rabe\/#primaryimage"},"thumbnailUrl":"https:\/\/toelthester.dk\/wp-content\/uploads\/2016\/10\/T\u00f8lthester-129-72-dpi.jpg","datePublished":"2016-10-27T07:44:08+00:00","dateModified":"2025-04-07T06:44:09+00:00","description":"T\u00f8lhester Hrafn is het best verkochte zadel buiten Denemarken, het geeft de berijder een echt goede zit. Met verwisselbaar bekerijzer.","breadcrumb":{"@id":"https:\/\/toelthester.dk\/de\/speichern\/rabe\/#breadcrumb"},"inLanguage":"nl-NL","potentialAction":[{"@type":"ReadAction","target":["https:\/\/toelthester.dk\/de\/speichern\/rabe\/"]}]},{"@type":"ImageObject","inLanguage":"nl-NL","@id":"https:\/\/toelthester.dk\/de\/speichern\/rabe\/#primaryimage","url":"https:\/\/toelthester.dk\/wp-content\/uploads\/2016\/10\/T\u00f8lthester-129-72-dpi.jpg","contentUrl":"https:\/\/toelthester.dk\/wp-content\/uploads\/2016\/10\/T\u00f8lthester-129-72-dpi.jpg","width":1440,"height":960},{"@type":"BreadcrumbList","@id":"https:\/\/toelthester.dk\/de\/speichern\/rabe\/#breadcrumb","itemListElement":[{"@type":"ListItem","position":1,"name":"Hjem","item":"https:\/\/toelthester.dk\/"},{"@type":"ListItem","position":2,"name":"Shop","item":"https:\/\/toelthester.dk\/shop\/"},{"@type":"ListItem","position":3,"name":"Hrafn"}]},{"@type":"WebSite","@id":"https:\/\/toelthester.dk\/#website","url":"https:\/\/toelthester.dk\/","name":"Toilet paarden","description":"","potentialAction":[{"@type":"SearchAction","target":{"@type":"EntryPoint","urlTemplate":"https:\/\/toelthester.dk\/?s={search_term_string}"},"query-input":{"@type":"PropertyValueSpecification","valueRequired":true,"valueName":"search_term_string"}}],"inLanguage":"nl-NL"}]}},"_links":{"self":[{"href":"https:\/\/toelthester.dk\/nl\/wp-json\/wp\/v2\/product\/738","targetHints":{"allow":["GET"]}}],"collection":[{"href":"https:\/\/toelthester.dk\/nl\/wp-json\/wp\/v2\/product"}],"about":[{"href":"https:\/\/toelthester.dk\/nl\/wp-json\/wp\/v2\/types\/product"}],"wp:featuredmedia":[{"embeddable":true,"href":"https:\/\/toelthester.dk\/nl\/wp-json\/wp\/v2\/media\/7763"}],"wp:attachment":[{"href":"https:\/\/toelthester.dk\/nl\/wp-json\/wp\/v2\/media?parent=738"}],"wp:term":[{"taxonomy":"product_brand","embeddable":true,"href":"https:\/\/toelthester.dk\/nl\/wp-json\/wp\/v2\/product_brand?post=738"},{"taxonomy":"product_cat","embeddable":true,"href":"https:\/\/toelthester.dk\/nl\/wp-json\/wp\/v2\/product_cat?post=738"},{"taxonomy":"product_tag","embeddable":true,"href":"https:\/\/toelthester.dk\/nl\/wp-json\/wp\/v2\/product_tag?post=738"}],"curies":[{"name":"wp","href":"https:\/\/api.w.org\/{rel}","templated":true}]}}