{"id":7367,"date":"2019-07-29T13:55:46","date_gmt":"2019-07-29T11:55:46","guid":{"rendered":"https:\/\/toelthester.dk\/?post_type=product&#038;p=7367"},"modified":"2025-12-29T21:24:23","modified_gmt":"2025-12-29T20:24:23","slug":"nu-2","status":"publish","type":"product","link":"https:\/\/toelthester.dk\/nl\/butik\/noi\/","title":{"rendered":"N\u00f3i Latex panelen"},"content":{"rendered":"<p><strong>Technische data:<\/strong><br \/>\nVulling: latex of wol<br \/>\nGiek: C \u2013 Met vervangbare kopverwijderaar<br \/>\nBoommaat: Smal 24 \u2013 25 \u2013 Normaal 26 \u2013 27 \u2013 Breed 28 \u2013 29 en 30 Xbreed.<br \/>\nZadelmaten: 16.0\u2033 \u2013 16.5\u2033 \u2013 17.0\u2033 \u2013 17.5\u2033 \u2013 18.0\u2033<br \/>\nGewicht: 6,3 kg<\/p>\n<p>&nbsp;<\/p>","protected":false},"excerpt":{"rendered":"<p><strong>Noi uit T\u00f8lhester<\/strong><\/p>\n<p>Het N\u00f3i-zadel wordt voor het eerst gepresenteerd op WM in Berlijn.<br \/>\nTijdens het ontwikkelingsproces hebben we veel geluisterd naar onze profielrijders en input gekregen van IJsland. Het zadel is gebaseerd op een doorontwikkeling van onze giek uit het Safir zadel. Het is eigenlijk een compleet nieuwe giek die gemaakt is. De vorm van de giek zorgt voor een diepe zit, wat voor de meeste ruiters wordt ervaren als meer om het paard heen gaan.<\/p>\n<p>N\u00f3i heeft een middeldiep zitvlak met optimale ondersteuning door de anatomisch gevormde kniebeschermers, zonder dat de berijder in zijn houding vast komt te zitten.<\/p>\n<p>We hebben gewerkt aan de ontwikkeling van de panelen zodat ze de functie van een wollen zadel benaderen, met drie lagen latex en iets bredere panelen aan de achterkant dan onze andere zadels.<\/p>\n<p>Het leer voor N\u00f3i is gekozen op basis van het feit dat we het beste willen om de optimale grip in de stoel en duurzaamheid te krijgen, die we hebben.<\/p>\n<p>N\u00f3i is gebouwd op C-boom, een flexi-boom. Met 1,5 zadelflap.<\/p>\n<p>Geleverd met 3 lagen latex of wollen vulling.<\/p>\n<p>&nbsp;<\/p>","protected":false},"featured_media":7889,"template":"","meta":{"inline_featured_image":false},"product_brand":[],"product_cat":[10],"product_tag":[],"class_list":{"0":"post-7367","1":"product","2":"type-product","3":"status-publish","4":"has-post-thumbnail","6":"product_cat-sadler","8":"first","9":"instock","10":"featured","11":"taxable","12":"shipping-taxable","13":"purchasable","14":"product-type-variable"},"yoast_head":"<!-- This site is optimized with the Yoast SEO plugin v27.5 - https:\/\/yoast.com\/product\/yoast-seo-wordpress\/ -->\n<title>T\u00f8lthester N\u00f3i, en helt ny sadel fra T\u00f8lthester med sp\u00e6ndende kn\u00e6puder.<\/title>\n<meta name=\"description\" content=\"Sadlen har nyudviklet paneller p\u00e5, der er opbygget af tre lags latex. Selve s\u00e6det i sadlen giver en naturlig opstilling, med halvlange kn\u00e6puder.\" \/>\n<meta name=\"robots\" content=\"index, follow, max-snippet:-1, max-image-preview:large, max-video-preview:-1\" \/>\n<link rel=\"canonical\" href=\"https:\/\/toelthester.dk\/nl\/winkel\/nu-2\/\" \/>\n<meta property=\"og:locale\" content=\"nl_NL\" \/>\n<meta property=\"og:type\" content=\"article\" \/>\n<meta property=\"og:title\" content=\"T\u00f8lthester N\u00f3i, en helt ny sadel fra T\u00f8lthester med sp\u00e6ndende kn\u00e6puder.\" \/>\n<meta property=\"og:description\" content=\"Sadlen har nyudviklet paneller p\u00e5, der er opbygget af tre lags latex. Selve s\u00e6det i sadlen giver en naturlig opstilling, med halvlange kn\u00e6puder.\" \/>\n<meta property=\"og:url\" content=\"https:\/\/toelthester.dk\/nl\/winkel\/nu-2\/\" \/>\n<meta property=\"og:site_name\" content=\"Toelthester\" \/>\n<meta property=\"article:modified_time\" content=\"2025-12-29T20:24:23+00:00\" \/>\n<meta property=\"og:image\" content=\"https:\/\/toelthester.dk\/wp-content\/uploads\/2019\/07\/T\u00f8lthester-177-72-dpi.jpg\" \/>\n\t<meta property=\"og:image:width\" content=\"1440\" \/>\n\t<meta property=\"og:image:height\" content=\"960\" \/>\n\t<meta property=\"og:image:type\" content=\"image\/jpeg\" \/>\n<meta name=\"twitter:card\" content=\"summary_large_image\" \/>\n<meta name=\"twitter:label1\" content=\"Geschatte leestijd\" \/>\n\t<meta name=\"twitter:data1\" content=\"1 minuut\" \/>\n<script type=\"application\/ld+json\" class=\"yoast-schema-graph\">{\"@context\":\"https:\\\/\\\/schema.org\",\"@graph\":[{\"@type\":\"WebPage\",\"@id\":\"https:\\\/\\\/toelthester.dk\\\/de\\\/speichern\\\/jetzt-2\\\/\",\"url\":\"https:\\\/\\\/toelthester.dk\\\/de\\\/speichern\\\/jetzt-2\\\/\",\"name\":\"T\u00f8lthester N\u00f3i, en helt ny sadel fra T\u00f8lthester med sp\u00e6ndende kn\u00e6puder.\",\"isPartOf\":{\"@id\":\"https:\\\/\\\/toelthester.dk\\\/#website\"},\"primaryImageOfPage\":{\"@id\":\"https:\\\/\\\/toelthester.dk\\\/de\\\/speichern\\\/jetzt-2\\\/#primaryimage\"},\"image\":{\"@id\":\"https:\\\/\\\/toelthester.dk\\\/de\\\/speichern\\\/jetzt-2\\\/#primaryimage\"},\"thumbnailUrl\":\"https:\\\/\\\/toelthester.dk\\\/wp-content\\\/uploads\\\/2019\\\/07\\\/T\u00f8lthester-177-72-dpi.jpg\",\"datePublished\":\"2019-07-29T11:55:46+00:00\",\"dateModified\":\"2025-12-29T20:24:23+00:00\",\"description\":\"Sadlen har nyudviklet paneller p\u00e5, der er opbygget af tre lags latex. Selve s\u00e6det i sadlen giver en naturlig opstilling, med halvlange kn\u00e6puder.\",\"breadcrumb\":{\"@id\":\"https:\\\/\\\/toelthester.dk\\\/de\\\/speichern\\\/jetzt-2\\\/#breadcrumb\"},\"inLanguage\":\"nl-NL\",\"potentialAction\":[{\"@type\":\"ReadAction\",\"target\":[\"https:\\\/\\\/toelthester.dk\\\/de\\\/speichern\\\/jetzt-2\\\/\"]}]},{\"@type\":\"ImageObject\",\"inLanguage\":\"nl-NL\",\"@id\":\"https:\\\/\\\/toelthester.dk\\\/de\\\/speichern\\\/jetzt-2\\\/#primaryimage\",\"url\":\"https:\\\/\\\/toelthester.dk\\\/wp-content\\\/uploads\\\/2019\\\/07\\\/T\u00f8lthester-177-72-dpi.jpg\",\"contentUrl\":\"https:\\\/\\\/toelthester.dk\\\/wp-content\\\/uploads\\\/2019\\\/07\\\/T\u00f8lthester-177-72-dpi.jpg\",\"width\":1440,\"height\":960},{\"@type\":\"BreadcrumbList\",\"@id\":\"https:\\\/\\\/toelthester.dk\\\/de\\\/speichern\\\/jetzt-2\\\/#breadcrumb\",\"itemListElement\":[{\"@type\":\"ListItem\",\"position\":1,\"name\":\"Hjem\",\"item\":\"https:\\\/\\\/toelthester.dk\\\/\"},{\"@type\":\"ListItem\",\"position\":2,\"name\":\"Shop\",\"item\":\"https:\\\/\\\/toelthester.dk\\\/shop\\\/\"},{\"@type\":\"ListItem\",\"position\":3,\"name\":\"N\u00f3i Latex paneller\"}]},{\"@type\":\"WebSite\",\"@id\":\"https:\\\/\\\/toelthester.dk\\\/#website\",\"url\":\"https:\\\/\\\/toelthester.dk\\\/\",\"name\":\"Toelthester\",\"description\":\"\",\"potentialAction\":[{\"@type\":\"SearchAction\",\"target\":{\"@type\":\"EntryPoint\",\"urlTemplate\":\"https:\\\/\\\/toelthester.dk\\\/?s={search_term_string}\"},\"query-input\":{\"@type\":\"PropertyValueSpecification\",\"valueRequired\":true,\"valueName\":\"search_term_string\"}}],\"inLanguage\":\"nl-NL\"}]}<\/script>\n<!-- \/ Yoast SEO plugin. -->","yoast_head_json":{"title":"T\u00f8lthester N\u00f3i, een gloednieuw zadel van T\u00f8lthester met spannende kniebeschermers.","description":"Het zadel heeft nieuw ontwikkelde panelen gemaakt van drie lagen latex. De zitting zelf in het zadel zorgt voor een natuurlijke houding, met halflange kniebeschermers.","robots":{"index":"index","follow":"follow","max-snippet":"max-snippet:-1","max-image-preview":"max-image-preview:large","max-video-preview":"max-video-preview:-1"},"canonical":"https:\/\/toelthester.dk\/nl\/winkel\/nu-2\/","og_locale":"nl_NL","og_type":"article","og_title":"T\u00f8lthester N\u00f3i, en helt ny sadel fra T\u00f8lthester med sp\u00e6ndende kn\u00e6puder.","og_description":"Sadlen har nyudviklet paneller p\u00e5, der er opbygget af tre lags latex. Selve s\u00e6det i sadlen giver en naturlig opstilling, med halvlange kn\u00e6puder.","og_url":"https:\/\/toelthester.dk\/nl\/winkel\/nu-2\/","og_site_name":"Toelthester","article_modified_time":"2025-12-29T20:24:23+00:00","og_image":[{"width":1440,"height":960,"url":"https:\/\/toelthester.dk\/wp-content\/uploads\/2019\/07\/T\u00f8lthester-177-72-dpi.jpg","type":"image\/jpeg"}],"twitter_card":"summary_large_image","twitter_misc":{"Geschatte leestijd":"1 minuut"},"schema":{"@context":"https:\/\/schema.org","@graph":[{"@type":"WebPage","@id":"https:\/\/toelthester.dk\/de\/speichern\/jetzt-2\/","url":"https:\/\/toelthester.dk\/de\/speichern\/jetzt-2\/","name":"T\u00f8lthester N\u00f3i, een gloednieuw zadel van T\u00f8lthester met spannende kniebeschermers.","isPartOf":{"@id":"https:\/\/toelthester.dk\/#website"},"primaryImageOfPage":{"@id":"https:\/\/toelthester.dk\/de\/speichern\/jetzt-2\/#primaryimage"},"image":{"@id":"https:\/\/toelthester.dk\/de\/speichern\/jetzt-2\/#primaryimage"},"thumbnailUrl":"https:\/\/toelthester.dk\/wp-content\/uploads\/2019\/07\/T\u00f8lthester-177-72-dpi.jpg","datePublished":"2019-07-29T11:55:46+00:00","dateModified":"2025-12-29T20:24:23+00:00","description":"Het zadel heeft nieuw ontwikkelde panelen gemaakt van drie lagen latex. De zitting zelf in het zadel zorgt voor een natuurlijke houding, met halflange kniebeschermers.","breadcrumb":{"@id":"https:\/\/toelthester.dk\/de\/speichern\/jetzt-2\/#breadcrumb"},"inLanguage":"nl-NL","potentialAction":[{"@type":"ReadAction","target":["https:\/\/toelthester.dk\/de\/speichern\/jetzt-2\/"]}]},{"@type":"ImageObject","inLanguage":"nl-NL","@id":"https:\/\/toelthester.dk\/de\/speichern\/jetzt-2\/#primaryimage","url":"https:\/\/toelthester.dk\/wp-content\/uploads\/2019\/07\/T\u00f8lthester-177-72-dpi.jpg","contentUrl":"https:\/\/toelthester.dk\/wp-content\/uploads\/2019\/07\/T\u00f8lthester-177-72-dpi.jpg","width":1440,"height":960},{"@type":"BreadcrumbList","@id":"https:\/\/toelthester.dk\/de\/speichern\/jetzt-2\/#breadcrumb","itemListElement":[{"@type":"ListItem","position":1,"name":"Hjem","item":"https:\/\/toelthester.dk\/"},{"@type":"ListItem","position":2,"name":"Shop","item":"https:\/\/toelthester.dk\/shop\/"},{"@type":"ListItem","position":3,"name":"N\u00f3i Latex paneller"}]},{"@type":"WebSite","@id":"https:\/\/toelthester.dk\/#website","url":"https:\/\/toelthester.dk\/","name":"Toilet paarden","description":"","potentialAction":[{"@type":"SearchAction","target":{"@type":"EntryPoint","urlTemplate":"https:\/\/toelthester.dk\/?s={search_term_string}"},"query-input":{"@type":"PropertyValueSpecification","valueRequired":true,"valueName":"search_term_string"}}],"inLanguage":"nl-NL"}]}},"_links":{"self":[{"href":"https:\/\/toelthester.dk\/nl\/wp-json\/wp\/v2\/product\/7367","targetHints":{"allow":["GET"]}}],"collection":[{"href":"https:\/\/toelthester.dk\/nl\/wp-json\/wp\/v2\/product"}],"about":[{"href":"https:\/\/toelthester.dk\/nl\/wp-json\/wp\/v2\/types\/product"}],"wp:featuredmedia":[{"embeddable":true,"href":"https:\/\/toelthester.dk\/nl\/wp-json\/wp\/v2\/media\/7889"}],"wp:attachment":[{"href":"https:\/\/toelthester.dk\/nl\/wp-json\/wp\/v2\/media?parent=7367"}],"wp:term":[{"taxonomy":"product_brand","embeddable":true,"href":"https:\/\/toelthester.dk\/nl\/wp-json\/wp\/v2\/product_brand?post=7367"},{"taxonomy":"product_cat","embeddable":true,"href":"https:\/\/toelthester.dk\/nl\/wp-json\/wp\/v2\/product_cat?post=7367"},{"taxonomy":"product_tag","embeddable":true,"href":"https:\/\/toelthester.dk\/nl\/wp-json\/wp\/v2\/product_tag?post=7367"}],"curies":[{"name":"wp","href":"https:\/\/api.w.org\/{rel}","templated":true}]}}