{"id":696,"date":"2016-10-26T14:31:45","date_gmt":"2016-10-26T12:31:45","guid":{"rendered":"http:\/\/toelthester.dk\/butik\/safir\/"},"modified":"2026-04-22T14:47:18","modified_gmt":"2026-04-22T12:47:18","slug":"saffier","status":"publish","type":"product","link":"https:\/\/toelthester.dk\/nl\/butik\/safir\/","title":{"rendered":"Safir"},"content":{"rendered":"<p><strong>Technische data:<\/strong><br \/>\nVulling: latex of wol<br \/>\nGiek: C \u2013 Met vervangbare kopverwijderaar<br \/>\nBoommaat: Smal 24 \u2013 25 \u2013 Normaal 26 \u2013 27 \u2013 Breed 28 \u2013 29 en 30 Xbreed.<br \/>\nZadelmaten: 16.0\u2033 \u2013 16.5\u2033\u2013 17.0\u2033 \u2013 17.5\u2033 \u2013 18.0\u2033<br \/>\nGewicht: 6,8 kg<\/p>\n<p>&nbsp;<\/p>","protected":false},"excerpt":{"rendered":"<p><strong>Saffier uit T\u00f8lthester<\/strong><\/p>\n<p>Diepe zit een beetje gebouwd als een normaal dressuurzadel met dubbele flap met interne kniebeschermers.<\/p>\n<p>Safir is gebouwd op een C-boom en een ontwerp dat het paard meer schoudervrijheid geeft en een betere ondersteuning voor de ruiter. Het zadel heeft een flex giek en verwisselbaar cupijzer.<br \/>\nOnze klanten die het zadel hebben gekocht en uitgeprobeerd zeggen dat het een diepe zit heeft met goed contact met het paard en niet in de laatste plaats steun in de rug.<br \/>\nHet zadel is kort en daardoor ook comfortabel voor het paard. Het Safir zadel heeft een brede uitsparing, waardoor het paard optimale rugvrijheid krijgt.<\/p>\n<p>Safir is gebouwd op C-boom, een flexi-boom. Met dubbele klep<\/p>\n<p>Geleverd met 3 lagen latex of wollen vulling.<\/p>","protected":false},"featured_media":7730,"template":"","meta":{"inline_featured_image":false},"product_brand":[],"product_cat":[10],"product_tag":[],"class_list":{"0":"post-696","1":"product","2":"type-product","3":"status-publish","4":"has-post-thumbnail","6":"product_cat-sadler","8":"first","9":"instock","10":"featured","11":"taxable","12":"shipping-taxable","13":"purchasable","14":"product-type-variable"},"yoast_head":"<!-- This site is optimized with the Yoast SEO plugin v27.5 - https:\/\/yoast.com\/product\/yoast-seo-wordpress\/ -->\n<title>T\u00f8lthester Safir med unikke rideegenskaber, du vil blive overrasket.<\/title>\n<meta name=\"description\" content=\"Safir er T\u00f8lthesters nyeste sadel og suver\u00e6ne flagskib. Sadlen er udformet, s\u00e5 den giver meget t\u00e6t kontakt mellem hest og rytter.\" \/>\n<meta name=\"robots\" content=\"index, follow, max-snippet:-1, max-image-preview:large, max-video-preview:-1\" \/>\n<link rel=\"canonical\" href=\"https:\/\/toelthester.dk\/nl\/winkel\/saffier\/\" \/>\n<meta property=\"og:locale\" content=\"nl_NL\" \/>\n<meta property=\"og:type\" content=\"article\" \/>\n<meta property=\"og:title\" content=\"T\u00f8lthester Safir med unikke rideegenskaber, du vil blive overrasket.\" \/>\n<meta property=\"og:description\" content=\"Safir er T\u00f8lthesters nyeste sadel og suver\u00e6ne flagskib. Sadlen er udformet, s\u00e5 den giver meget t\u00e6t kontakt mellem hest og rytter.\" \/>\n<meta property=\"og:url\" content=\"https:\/\/toelthester.dk\/nl\/winkel\/saffier\/\" \/>\n<meta property=\"og:site_name\" content=\"Toelthester\" \/>\n<meta property=\"article:modified_time\" content=\"2026-04-22T12:47:18+00:00\" \/>\n<meta property=\"og:image\" content=\"https:\/\/toelthester.dk\/wp-content\/uploads\/2016\/10\/T\u00f8lthester-121-72-dpi.jpg\" \/>\n\t<meta property=\"og:image:width\" content=\"1440\" \/>\n\t<meta property=\"og:image:height\" content=\"960\" \/>\n\t<meta property=\"og:image:type\" content=\"image\/jpeg\" \/>\n<meta name=\"twitter:card\" content=\"summary_large_image\" \/>\n<meta name=\"twitter:label1\" content=\"Geschatte leestijd\" \/>\n\t<meta name=\"twitter:data1\" content=\"1 minuut\" \/>\n<script type=\"application\/ld+json\" class=\"yoast-schema-graph\">{\"@context\":\"https:\\\/\\\/schema.org\",\"@graph\":[{\"@type\":\"WebPage\",\"@id\":\"https:\\\/\\\/toelthester.dk\\\/butik\\\/safir\\\/\",\"url\":\"https:\\\/\\\/toelthester.dk\\\/butik\\\/safir\\\/\",\"name\":\"T\u00f8lthester Safir med unikke rideegenskaber, du vil blive overrasket.\",\"isPartOf\":{\"@id\":\"https:\\\/\\\/toelthester.dk\\\/#website\"},\"primaryImageOfPage\":{\"@id\":\"https:\\\/\\\/toelthester.dk\\\/butik\\\/safir\\\/#primaryimage\"},\"image\":{\"@id\":\"https:\\\/\\\/toelthester.dk\\\/butik\\\/safir\\\/#primaryimage\"},\"thumbnailUrl\":\"https:\\\/\\\/toelthester.dk\\\/wp-content\\\/uploads\\\/2016\\\/10\\\/T\u00f8lthester-121-72-dpi.jpg\",\"datePublished\":\"2016-10-26T12:31:45+00:00\",\"dateModified\":\"2026-04-22T12:47:18+00:00\",\"description\":\"Safir er T\u00f8lthesters nyeste sadel og suver\u00e6ne flagskib. Sadlen er udformet, s\u00e5 den giver meget t\u00e6t kontakt mellem hest og rytter.\",\"breadcrumb\":{\"@id\":\"https:\\\/\\\/toelthester.dk\\\/butik\\\/safir\\\/#breadcrumb\"},\"inLanguage\":\"nl-NL\",\"potentialAction\":[{\"@type\":\"ReadAction\",\"target\":[\"https:\\\/\\\/toelthester.dk\\\/butik\\\/safir\\\/\"]}]},{\"@type\":\"ImageObject\",\"inLanguage\":\"nl-NL\",\"@id\":\"https:\\\/\\\/toelthester.dk\\\/butik\\\/safir\\\/#primaryimage\",\"url\":\"https:\\\/\\\/toelthester.dk\\\/wp-content\\\/uploads\\\/2016\\\/10\\\/T\u00f8lthester-121-72-dpi.jpg\",\"contentUrl\":\"https:\\\/\\\/toelthester.dk\\\/wp-content\\\/uploads\\\/2016\\\/10\\\/T\u00f8lthester-121-72-dpi.jpg\",\"width\":1440,\"height\":960},{\"@type\":\"BreadcrumbList\",\"@id\":\"https:\\\/\\\/toelthester.dk\\\/butik\\\/safir\\\/#breadcrumb\",\"itemListElement\":[{\"@type\":\"ListItem\",\"position\":1,\"name\":\"Hjem\",\"item\":\"https:\\\/\\\/toelthester.dk\\\/\"},{\"@type\":\"ListItem\",\"position\":2,\"name\":\"Shop\",\"item\":\"https:\\\/\\\/toelthester.dk\\\/shop\\\/\"},{\"@type\":\"ListItem\",\"position\":3,\"name\":\"Safir\"}]},{\"@type\":\"WebSite\",\"@id\":\"https:\\\/\\\/toelthester.dk\\\/#website\",\"url\":\"https:\\\/\\\/toelthester.dk\\\/\",\"name\":\"Toelthester\",\"description\":\"\",\"potentialAction\":[{\"@type\":\"SearchAction\",\"target\":{\"@type\":\"EntryPoint\",\"urlTemplate\":\"https:\\\/\\\/toelthester.dk\\\/?s={search_term_string}\"},\"query-input\":{\"@type\":\"PropertyValueSpecification\",\"valueRequired\":true,\"valueName\":\"search_term_string\"}}],\"inLanguage\":\"nl-NL\"}]}<\/script>\n<!-- \/ Yoast SEO plugin. -->","yoast_head_json":{"title":"T\u00f8lthester Safir met unieke rijeigenschappen, u zult verrast zijn.","description":"Safir is het nieuwste zadel en het vlaggenschip van T\u00f8lthester. Het zadel is zo ontworpen dat het een zeer nauw contact tussen paard en ruiter geeft.","robots":{"index":"index","follow":"follow","max-snippet":"max-snippet:-1","max-image-preview":"max-image-preview:large","max-video-preview":"max-video-preview:-1"},"canonical":"https:\/\/toelthester.dk\/nl\/winkel\/saffier\/","og_locale":"nl_NL","og_type":"article","og_title":"T\u00f8lthester Safir med unikke rideegenskaber, du vil blive overrasket.","og_description":"Safir er T\u00f8lthesters nyeste sadel og suver\u00e6ne flagskib. Sadlen er udformet, s\u00e5 den giver meget t\u00e6t kontakt mellem hest og rytter.","og_url":"https:\/\/toelthester.dk\/nl\/winkel\/saffier\/","og_site_name":"Toelthester","article_modified_time":"2026-04-22T12:47:18+00:00","og_image":[{"width":1440,"height":960,"url":"https:\/\/toelthester.dk\/wp-content\/uploads\/2016\/10\/T\u00f8lthester-121-72-dpi.jpg","type":"image\/jpeg"}],"twitter_card":"summary_large_image","twitter_misc":{"Geschatte leestijd":"1 minuut"},"schema":{"@context":"https:\/\/schema.org","@graph":[{"@type":"WebPage","@id":"https:\/\/toelthester.dk\/butik\/safir\/","url":"https:\/\/toelthester.dk\/butik\/safir\/","name":"T\u00f8lthester Safir met unieke rijeigenschappen, u zult verrast zijn.","isPartOf":{"@id":"https:\/\/toelthester.dk\/#website"},"primaryImageOfPage":{"@id":"https:\/\/toelthester.dk\/butik\/safir\/#primaryimage"},"image":{"@id":"https:\/\/toelthester.dk\/butik\/safir\/#primaryimage"},"thumbnailUrl":"https:\/\/toelthester.dk\/wp-content\/uploads\/2016\/10\/T\u00f8lthester-121-72-dpi.jpg","datePublished":"2016-10-26T12:31:45+00:00","dateModified":"2026-04-22T12:47:18+00:00","description":"Safir is het nieuwste zadel en het vlaggenschip van T\u00f8lthester. Het zadel is zo ontworpen dat het een zeer nauw contact tussen paard en ruiter geeft.","breadcrumb":{"@id":"https:\/\/toelthester.dk\/butik\/safir\/#breadcrumb"},"inLanguage":"nl-NL","potentialAction":[{"@type":"ReadAction","target":["https:\/\/toelthester.dk\/butik\/safir\/"]}]},{"@type":"ImageObject","inLanguage":"nl-NL","@id":"https:\/\/toelthester.dk\/butik\/safir\/#primaryimage","url":"https:\/\/toelthester.dk\/wp-content\/uploads\/2016\/10\/T\u00f8lthester-121-72-dpi.jpg","contentUrl":"https:\/\/toelthester.dk\/wp-content\/uploads\/2016\/10\/T\u00f8lthester-121-72-dpi.jpg","width":1440,"height":960},{"@type":"BreadcrumbList","@id":"https:\/\/toelthester.dk\/butik\/safir\/#breadcrumb","itemListElement":[{"@type":"ListItem","position":1,"name":"Hjem","item":"https:\/\/toelthester.dk\/"},{"@type":"ListItem","position":2,"name":"Shop","item":"https:\/\/toelthester.dk\/shop\/"},{"@type":"ListItem","position":3,"name":"Safir"}]},{"@type":"WebSite","@id":"https:\/\/toelthester.dk\/#website","url":"https:\/\/toelthester.dk\/","name":"Toilet paarden","description":"","potentialAction":[{"@type":"SearchAction","target":{"@type":"EntryPoint","urlTemplate":"https:\/\/toelthester.dk\/?s={search_term_string}"},"query-input":{"@type":"PropertyValueSpecification","valueRequired":true,"valueName":"search_term_string"}}],"inLanguage":"nl-NL"}]}},"_links":{"self":[{"href":"https:\/\/toelthester.dk\/nl\/wp-json\/wp\/v2\/product\/696","targetHints":{"allow":["GET"]}}],"collection":[{"href":"https:\/\/toelthester.dk\/nl\/wp-json\/wp\/v2\/product"}],"about":[{"href":"https:\/\/toelthester.dk\/nl\/wp-json\/wp\/v2\/types\/product"}],"wp:featuredmedia":[{"embeddable":true,"href":"https:\/\/toelthester.dk\/nl\/wp-json\/wp\/v2\/media\/7730"}],"wp:attachment":[{"href":"https:\/\/toelthester.dk\/nl\/wp-json\/wp\/v2\/media?parent=696"}],"wp:term":[{"taxonomy":"product_brand","embeddable":true,"href":"https:\/\/toelthester.dk\/nl\/wp-json\/wp\/v2\/product_brand?post=696"},{"taxonomy":"product_cat","embeddable":true,"href":"https:\/\/toelthester.dk\/nl\/wp-json\/wp\/v2\/product_cat?post=696"},{"taxonomy":"product_tag","embeddable":true,"href":"https:\/\/toelthester.dk\/nl\/wp-json\/wp\/v2\/product_tag?post=696"}],"curies":[{"name":"wp","href":"https:\/\/api.w.org\/{rel}","templated":true}]}}