{"id":6810,"date":"2018-07-26T11:26:39","date_gmt":"2018-07-26T09:26:39","guid":{"rendered":"https:\/\/toelthester.dk\/?post_type=product&#038;p=6810"},"modified":"2026-04-15T12:52:16","modified_gmt":"2026-04-15T10:52:16","slug":"vlokken","status":"publish","type":"product","link":"https:\/\/toelthester.dk\/nl\/butik\/flaki\/","title":{"rendered":"Flaki"},"content":{"rendered":"<p><strong>Technische data:<\/strong><br \/>\nVulling: latex of wol<br \/>\nGiek: A \u2013 Met vervangbare kopverwijderaar<br \/>\nBoommaat: Smal 24 \u2013 25 \u2013 Normaal 26 \u2013 27 \u2013 Breed 28 \u2013 29 en 30 Xbreed.<br \/>\nZadelmaten: 16.0\u2033 \u2013 16.5\u2033 \u2013 17.0\u2033 \u2013 17.5\u2033 \u2013 18.0\u2033<br \/>\nGewicht: 6,3 kg<\/p>\n<p>&nbsp;<\/p>","protected":false},"excerpt":{"rendered":"<p><strong>Fl\u00e1ki uit T\u00f8lthester<\/strong><\/p>\n<p>Het zadel heeft nieuw ontwikkelde panelen, die zijn opgebouwd uit drie lagen latex, waarvan de binnenste hard is en de buitenste zacht. Dit betekent dat we een zachte ondergrond tegen de rug van het paard krijgen, evenals een harde kern tegen het zadel. De harde kern voorkomt dat het zadel de rug van het paard raakt.<\/p>\n<p>Het kanaal tussen de twee panelen heeft de optimale breedte om de rug vrijheid te geven en voor de ruiter om zo dicht mogelijk bij het paard te komen als technisch mogelijk is.<\/p>\n<p>De zit in het zadel zorgt voor een natuurlijke houding van de ruiter. Fl\u00e1ki heeft een middeldiepe zit met korte kniebeschermers, dit zorgt voor een comfortabele zit.<\/p>\n<p>Het zadel heeft bruine stiksels en is gemaakt van het fijnste kalfsleer, wat zorgt voor een goede grip tijdens het rijden.<\/p>\n<p>Fl\u00e1ki is gebouwd op een A-giek, op een flexi-giek. Met 1,5 zadelflap.<\/p>\n<p>Geleverd met 3 lagen latex of wollen vulling. Fl\u00e1ki is ook verkrijgbaar in volledig zwart leer.<\/p>\n<p>&nbsp;<\/p>","protected":false},"featured_media":7796,"template":"","meta":{"inline_featured_image":false},"product_brand":[],"product_cat":[10],"product_tag":[],"class_list":{"0":"post-6810","1":"product","2":"type-product","3":"status-publish","4":"has-post-thumbnail","6":"product_cat-sadler","8":"first","9":"instock","10":"featured","11":"taxable","12":"shipping-taxable","13":"purchasable","14":"product-type-variable"},"yoast_head":"<!-- This site is optimized with the Yoast SEO plugin v27.5 - https:\/\/yoast.com\/product\/yoast-seo-wordpress\/ -->\n<title>T\u00f8lthester Fl\u00e1ki, en sadel fra T\u00f8lthester med sp\u00e6ndende design<\/title>\n<meta name=\"description\" content=\"Sadlen har nyudviklet paneller p\u00e5, der er opbygget af tre lags latex. Selve s\u00e6det i sadlen giver en naturlig opstilling til rytteren, med korte kn\u00e6puder.\" \/>\n<meta name=\"robots\" content=\"index, follow, max-snippet:-1, max-image-preview:large, max-video-preview:-1\" \/>\n<link rel=\"canonical\" href=\"https:\/\/toelthester.dk\/nl\/winkel\/vlokken\/\" \/>\n<meta property=\"og:locale\" content=\"nl_NL\" \/>\n<meta property=\"og:type\" content=\"article\" \/>\n<meta property=\"og:title\" content=\"T\u00f8lthester Fl\u00e1ki, en sadel fra T\u00f8lthester med sp\u00e6ndende design\" \/>\n<meta property=\"og:description\" content=\"Sadlen har nyudviklet paneller p\u00e5, der er opbygget af tre lags latex. Selve s\u00e6det i sadlen giver en naturlig opstilling til rytteren, med korte kn\u00e6puder.\" \/>\n<meta property=\"og:url\" content=\"https:\/\/toelthester.dk\/nl\/winkel\/vlokken\/\" \/>\n<meta property=\"og:site_name\" content=\"Toelthester\" \/>\n<meta property=\"article:modified_time\" content=\"2026-04-15T10:52:16+00:00\" \/>\n<meta property=\"og:image\" content=\"https:\/\/toelthester.dk\/wp-content\/uploads\/2018\/07\/T\u00f8lthester-153-72-dpi.jpg\" \/>\n\t<meta property=\"og:image:width\" content=\"1440\" \/>\n\t<meta property=\"og:image:height\" content=\"960\" \/>\n\t<meta property=\"og:image:type\" content=\"image\/jpeg\" \/>\n<meta name=\"twitter:card\" content=\"summary_large_image\" \/>\n<meta name=\"twitter:label1\" content=\"Geschatte leestijd\" \/>\n\t<meta name=\"twitter:data1\" content=\"1 minuut\" \/>\n<script type=\"application\/ld+json\" class=\"yoast-schema-graph\">{\"@context\":\"https:\\\/\\\/schema.org\",\"@graph\":[{\"@type\":\"WebPage\",\"@id\":\"https:\\\/\\\/toelthester.dk\\\/en\\\/store\\\/flakes\\\/\",\"url\":\"https:\\\/\\\/toelthester.dk\\\/en\\\/store\\\/flakes\\\/\",\"name\":\"T\u00f8lthester Fl\u00e1ki, en sadel fra T\u00f8lthester med sp\u00e6ndende design\",\"isPartOf\":{\"@id\":\"https:\\\/\\\/toelthester.dk\\\/#website\"},\"primaryImageOfPage\":{\"@id\":\"https:\\\/\\\/toelthester.dk\\\/en\\\/store\\\/flakes\\\/#primaryimage\"},\"image\":{\"@id\":\"https:\\\/\\\/toelthester.dk\\\/en\\\/store\\\/flakes\\\/#primaryimage\"},\"thumbnailUrl\":\"https:\\\/\\\/toelthester.dk\\\/wp-content\\\/uploads\\\/2018\\\/07\\\/T\u00f8lthester-153-72-dpi.jpg\",\"datePublished\":\"2018-07-26T09:26:39+00:00\",\"dateModified\":\"2026-04-15T10:52:16+00:00\",\"description\":\"Sadlen har nyudviklet paneller p\u00e5, der er opbygget af tre lags latex. Selve s\u00e6det i sadlen giver en naturlig opstilling til rytteren, med korte kn\u00e6puder.\",\"breadcrumb\":{\"@id\":\"https:\\\/\\\/toelthester.dk\\\/en\\\/store\\\/flakes\\\/#breadcrumb\"},\"inLanguage\":\"nl-NL\",\"potentialAction\":[{\"@type\":\"ReadAction\",\"target\":[\"https:\\\/\\\/toelthester.dk\\\/en\\\/store\\\/flakes\\\/\"]}]},{\"@type\":\"ImageObject\",\"inLanguage\":\"nl-NL\",\"@id\":\"https:\\\/\\\/toelthester.dk\\\/en\\\/store\\\/flakes\\\/#primaryimage\",\"url\":\"https:\\\/\\\/toelthester.dk\\\/wp-content\\\/uploads\\\/2018\\\/07\\\/T\u00f8lthester-153-72-dpi.jpg\",\"contentUrl\":\"https:\\\/\\\/toelthester.dk\\\/wp-content\\\/uploads\\\/2018\\\/07\\\/T\u00f8lthester-153-72-dpi.jpg\",\"width\":1440,\"height\":960},{\"@type\":\"BreadcrumbList\",\"@id\":\"https:\\\/\\\/toelthester.dk\\\/en\\\/store\\\/flakes\\\/#breadcrumb\",\"itemListElement\":[{\"@type\":\"ListItem\",\"position\":1,\"name\":\"Hjem\",\"item\":\"https:\\\/\\\/toelthester.dk\\\/\"},{\"@type\":\"ListItem\",\"position\":2,\"name\":\"Shop\",\"item\":\"https:\\\/\\\/toelthester.dk\\\/shop\\\/\"},{\"@type\":\"ListItem\",\"position\":3,\"name\":\"Fl\u00e1ki\"}]},{\"@type\":\"WebSite\",\"@id\":\"https:\\\/\\\/toelthester.dk\\\/#website\",\"url\":\"https:\\\/\\\/toelthester.dk\\\/\",\"name\":\"Toelthester\",\"description\":\"\",\"potentialAction\":[{\"@type\":\"SearchAction\",\"target\":{\"@type\":\"EntryPoint\",\"urlTemplate\":\"https:\\\/\\\/toelthester.dk\\\/?s={search_term_string}\"},\"query-input\":{\"@type\":\"PropertyValueSpecification\",\"valueRequired\":true,\"valueName\":\"search_term_string\"}}],\"inLanguage\":\"nl-NL\"}]}<\/script>\n<!-- \/ Yoast SEO plugin. -->","yoast_head_json":{"title":"T\u00f8lthester Fl\u00e1ki, een zadel van T\u00f8lthester met een spannend design","description":"Het zadel heeft nieuw ontwikkelde panelen gemaakt van drie lagen latex. Het zitje zelf in het zadel zorgt voor een natuurlijke houding van de berijder, met korte kniebeschermers.","robots":{"index":"index","follow":"follow","max-snippet":"max-snippet:-1","max-image-preview":"max-image-preview:large","max-video-preview":"max-video-preview:-1"},"canonical":"https:\/\/toelthester.dk\/nl\/winkel\/vlokken\/","og_locale":"nl_NL","og_type":"article","og_title":"T\u00f8lthester Fl\u00e1ki, en sadel fra T\u00f8lthester med sp\u00e6ndende design","og_description":"Sadlen har nyudviklet paneller p\u00e5, der er opbygget af tre lags latex. Selve s\u00e6det i sadlen giver en naturlig opstilling til rytteren, med korte kn\u00e6puder.","og_url":"https:\/\/toelthester.dk\/nl\/winkel\/vlokken\/","og_site_name":"Toelthester","article_modified_time":"2026-04-15T10:52:16+00:00","og_image":[{"width":1440,"height":960,"url":"https:\/\/toelthester.dk\/wp-content\/uploads\/2018\/07\/T\u00f8lthester-153-72-dpi.jpg","type":"image\/jpeg"}],"twitter_card":"summary_large_image","twitter_misc":{"Geschatte leestijd":"1 minuut"},"schema":{"@context":"https:\/\/schema.org","@graph":[{"@type":"WebPage","@id":"https:\/\/toelthester.dk\/en\/store\/flakes\/","url":"https:\/\/toelthester.dk\/en\/store\/flakes\/","name":"T\u00f8lthester Fl\u00e1ki, een zadel van T\u00f8lthester met een spannend design","isPartOf":{"@id":"https:\/\/toelthester.dk\/#website"},"primaryImageOfPage":{"@id":"https:\/\/toelthester.dk\/en\/store\/flakes\/#primaryimage"},"image":{"@id":"https:\/\/toelthester.dk\/en\/store\/flakes\/#primaryimage"},"thumbnailUrl":"https:\/\/toelthester.dk\/wp-content\/uploads\/2018\/07\/T\u00f8lthester-153-72-dpi.jpg","datePublished":"2018-07-26T09:26:39+00:00","dateModified":"2026-04-15T10:52:16+00:00","description":"Het zadel heeft nieuw ontwikkelde panelen gemaakt van drie lagen latex. Het zitje zelf in het zadel zorgt voor een natuurlijke houding van de berijder, met korte kniebeschermers.","breadcrumb":{"@id":"https:\/\/toelthester.dk\/en\/store\/flakes\/#breadcrumb"},"inLanguage":"nl-NL","potentialAction":[{"@type":"ReadAction","target":["https:\/\/toelthester.dk\/en\/store\/flakes\/"]}]},{"@type":"ImageObject","inLanguage":"nl-NL","@id":"https:\/\/toelthester.dk\/en\/store\/flakes\/#primaryimage","url":"https:\/\/toelthester.dk\/wp-content\/uploads\/2018\/07\/T\u00f8lthester-153-72-dpi.jpg","contentUrl":"https:\/\/toelthester.dk\/wp-content\/uploads\/2018\/07\/T\u00f8lthester-153-72-dpi.jpg","width":1440,"height":960},{"@type":"BreadcrumbList","@id":"https:\/\/toelthester.dk\/en\/store\/flakes\/#breadcrumb","itemListElement":[{"@type":"ListItem","position":1,"name":"Hjem","item":"https:\/\/toelthester.dk\/"},{"@type":"ListItem","position":2,"name":"Shop","item":"https:\/\/toelthester.dk\/shop\/"},{"@type":"ListItem","position":3,"name":"Fl\u00e1ki"}]},{"@type":"WebSite","@id":"https:\/\/toelthester.dk\/#website","url":"https:\/\/toelthester.dk\/","name":"Toilet paarden","description":"","potentialAction":[{"@type":"SearchAction","target":{"@type":"EntryPoint","urlTemplate":"https:\/\/toelthester.dk\/?s={search_term_string}"},"query-input":{"@type":"PropertyValueSpecification","valueRequired":true,"valueName":"search_term_string"}}],"inLanguage":"nl-NL"}]}},"_links":{"self":[{"href":"https:\/\/toelthester.dk\/nl\/wp-json\/wp\/v2\/product\/6810","targetHints":{"allow":["GET"]}}],"collection":[{"href":"https:\/\/toelthester.dk\/nl\/wp-json\/wp\/v2\/product"}],"about":[{"href":"https:\/\/toelthester.dk\/nl\/wp-json\/wp\/v2\/types\/product"}],"wp:featuredmedia":[{"embeddable":true,"href":"https:\/\/toelthester.dk\/nl\/wp-json\/wp\/v2\/media\/7796"}],"wp:attachment":[{"href":"https:\/\/toelthester.dk\/nl\/wp-json\/wp\/v2\/media?parent=6810"}],"wp:term":[{"taxonomy":"product_brand","embeddable":true,"href":"https:\/\/toelthester.dk\/nl\/wp-json\/wp\/v2\/product_brand?post=6810"},{"taxonomy":"product_cat","embeddable":true,"href":"https:\/\/toelthester.dk\/nl\/wp-json\/wp\/v2\/product_cat?post=6810"},{"taxonomy":"product_tag","embeddable":true,"href":"https:\/\/toelthester.dk\/nl\/wp-json\/wp\/v2\/product_tag?post=6810"}],"curies":[{"name":"wp","href":"https:\/\/api.w.org\/{rel}","templated":true}]}}