{"id":10059,"date":"2025-05-12T17:36:25","date_gmt":"2025-05-12T15:36:25","guid":{"rendered":"https:\/\/toelthester.dk\/?post_type=product&#038;p=10059"},"modified":"2025-11-20T15:11:03","modified_gmt":"2025-11-20T14:11:03","slug":"waterval-met-latex","status":"publish","type":"product","link":"https:\/\/toelthester.dk\/nl\/butik\/foss-med-latex\/","title":{"rendered":"Foss met latex"},"content":{"rendered":"<p><strong>Technische data:<\/strong><br \/>\nVulling: latex<br \/>\nBoem: B boem<br \/>\nKopijzer: Er wordt gebruik gemaakt van een kopijzer<br \/>\nBoomgrootte: 25 \u2013 26 Normaal 27 \u2013 Breed 28 \u2013 29 en 30 X-Breed.<br \/>\nZadelmaten: 16.0\u2033 \u2013 16.5\u2033 \u2013 17.0\u2033 \u2013 17.5\u2033 \u2013 18.0\u2033<br \/>\nGewicht: 5,2 kg<\/p>\n<p>&nbsp;<\/p>","protected":false},"excerpt":{"rendered":"<p><strong>Foss Saddle \u2013 Kwaliteit en comfort in een bijzondere klasse<\/strong><\/p>\n<p>Het Foss zadel van T\u00f8lthester is ontwikkeld voor de ruiter die geen concessies wil doen aan comfort, functionaliteit en kwaliteit. Dankzij de stevige constructie op een B-stang en een vervangbaar A-kopijzer biedt het Foss-zadel een optimale pasvorm en ondersteuning, ongeacht het type paard.<\/p>\n<p>De diepe en uitgebalanceerde zit zorgt voor nauw contact tussen ruiter en paard. Dit cre\u00ebert ideale omstandigheden voor nauwkeurige communicatie en maximaal rijcomfort. Het zadel is gemaakt van exclusief, hoogwaardig kalfsleer en voorzien van een ergonomische kniebeschermer die de dij ondersteunt zonder de knie te belasten.<\/p>\n<p>Het Foss zadel combineert klassiek vakmanschap met modern design en functionaliteit. Elk detail is doordacht en de meegeleverde hoes maakt de exclusieve beleving compleet.<\/p>\n<p>&nbsp;<\/p>\n<p><strong>Kortom:<\/strong><\/p>\n<ul>\n<li>B-bar voor optimale pasvorm<\/li>\n<li>Vervangbaar kopijzer (standaard 27A)<\/li>\n<li>Diepe en evenwichtige zitting<\/li>\n<li>Ergonomische kniebeschermer met goede ondersteuning<\/li>\n<li>Gemaakt van hoogwaardig kalfsleer<\/li>\n<li>Inclusief hoes<\/li>\n<li>De getoonde foto&#039;s zijn van een zadel met wol<\/li>\n<\/ul>\n<p>Met het Foss zadel krijgt u niet zomaar een zadel - u krijgt een compleet kwaliteitsproduct, ontworpen om uw rijervaring naar een hoger niveau te tillen.<\/p>","protected":false},"featured_media":10065,"template":"","meta":{"inline_featured_image":false},"product_brand":[],"product_cat":[10],"product_tag":[],"class_list":{"0":"post-10059","1":"product","2":"type-product","3":"status-publish","4":"has-post-thumbnail","6":"product_cat-sadler","8":"first","9":"instock","10":"featured","11":"taxable","12":"shipping-taxable","13":"purchasable","14":"product-type-variable"},"yoast_head":"<!-- This site is optimized with the Yoast SEO plugin v27.5 - https:\/\/yoast.com\/product\/yoast-seo-wordpress\/ -->\n<title>Foss ny sadel fra T\u00f8lthester<\/title>\n<meta name=\"description\" content=\"Foss sadlen fra T\u00f8lthester er udviklet til rytteren, der ikke vil g\u00e5 p\u00e5 kompromis med hverken komfort, funktionalitet eller kvalitet.\" \/>\n<meta name=\"robots\" content=\"index, follow, max-snippet:-1, max-image-preview:large, max-video-preview:-1\" \/>\n<link rel=\"canonical\" href=\"https:\/\/toelthester.dk\/nl\/winkel\/waterval-met-latex\/\" \/>\n<meta property=\"og:locale\" content=\"nl_NL\" \/>\n<meta property=\"og:type\" content=\"article\" \/>\n<meta property=\"og:title\" content=\"Foss ny sadel fra T\u00f8lthester\" \/>\n<meta property=\"og:description\" content=\"Foss sadlen fra T\u00f8lthester er udviklet til rytteren, der ikke vil g\u00e5 p\u00e5 kompromis med hverken komfort, funktionalitet eller kvalitet.\" \/>\n<meta property=\"og:url\" content=\"https:\/\/toelthester.dk\/nl\/winkel\/waterval-met-latex\/\" \/>\n<meta property=\"og:site_name\" content=\"Toelthester\" \/>\n<meta property=\"article:modified_time\" content=\"2025-11-20T14:11:03+00:00\" \/>\n<meta property=\"og:image\" content=\"https:\/\/toelthester.dk\/wp-content\/uploads\/2025\/05\/Toelthester-maj-2025-72-dpi-01.jpg\" \/>\n\t<meta property=\"og:image:width\" content=\"1577\" \/>\n\t<meta property=\"og:image:height\" content=\"1051\" \/>\n\t<meta property=\"og:image:type\" content=\"image\/jpeg\" \/>\n<meta name=\"twitter:card\" content=\"summary_large_image\" \/>\n<meta name=\"twitter:label1\" content=\"Geschatte leestijd\" \/>\n\t<meta name=\"twitter:data1\" content=\"1 minuut\" \/>\n<script type=\"application\/ld+json\" class=\"yoast-schema-graph\">{\"@context\":\"https:\\\/\\\/schema.org\",\"@graph\":[{\"@type\":\"WebPage\",\"@id\":\"https:\\\/\\\/toelthester.dk\\\/butik\\\/foss-med-latex\\\/\",\"url\":\"https:\\\/\\\/toelthester.dk\\\/butik\\\/foss-med-latex\\\/\",\"name\":\"Foss ny sadel fra T\u00f8lthester\",\"isPartOf\":{\"@id\":\"https:\\\/\\\/toelthester.dk\\\/#website\"},\"primaryImageOfPage\":{\"@id\":\"https:\\\/\\\/toelthester.dk\\\/butik\\\/foss-med-latex\\\/#primaryimage\"},\"image\":{\"@id\":\"https:\\\/\\\/toelthester.dk\\\/butik\\\/foss-med-latex\\\/#primaryimage\"},\"thumbnailUrl\":\"https:\\\/\\\/toelthester.dk\\\/wp-content\\\/uploads\\\/2025\\\/05\\\/Toelthester-maj-2025-72-dpi-01.jpg\",\"datePublished\":\"2025-05-12T15:36:25+00:00\",\"dateModified\":\"2025-11-20T14:11:03+00:00\",\"description\":\"Foss sadlen fra T\u00f8lthester er udviklet til rytteren, der ikke vil g\u00e5 p\u00e5 kompromis med hverken komfort, funktionalitet eller kvalitet.\",\"breadcrumb\":{\"@id\":\"https:\\\/\\\/toelthester.dk\\\/butik\\\/foss-med-latex\\\/#breadcrumb\"},\"inLanguage\":\"nl-NL\",\"potentialAction\":[{\"@type\":\"ReadAction\",\"target\":[\"https:\\\/\\\/toelthester.dk\\\/butik\\\/foss-med-latex\\\/\"]}]},{\"@type\":\"ImageObject\",\"inLanguage\":\"nl-NL\",\"@id\":\"https:\\\/\\\/toelthester.dk\\\/butik\\\/foss-med-latex\\\/#primaryimage\",\"url\":\"https:\\\/\\\/toelthester.dk\\\/wp-content\\\/uploads\\\/2025\\\/05\\\/Toelthester-maj-2025-72-dpi-01.jpg\",\"contentUrl\":\"https:\\\/\\\/toelthester.dk\\\/wp-content\\\/uploads\\\/2025\\\/05\\\/Toelthester-maj-2025-72-dpi-01.jpg\",\"width\":1577,\"height\":1051},{\"@type\":\"BreadcrumbList\",\"@id\":\"https:\\\/\\\/toelthester.dk\\\/butik\\\/foss-med-latex\\\/#breadcrumb\",\"itemListElement\":[{\"@type\":\"ListItem\",\"position\":1,\"name\":\"Hjem\",\"item\":\"https:\\\/\\\/toelthester.dk\\\/\"},{\"@type\":\"ListItem\",\"position\":2,\"name\":\"Shop\",\"item\":\"https:\\\/\\\/toelthester.dk\\\/shop\\\/\"},{\"@type\":\"ListItem\",\"position\":3,\"name\":\"Foss med Latex\"}]},{\"@type\":\"WebSite\",\"@id\":\"https:\\\/\\\/toelthester.dk\\\/#website\",\"url\":\"https:\\\/\\\/toelthester.dk\\\/\",\"name\":\"Toelthester\",\"description\":\"\",\"potentialAction\":[{\"@type\":\"SearchAction\",\"target\":{\"@type\":\"EntryPoint\",\"urlTemplate\":\"https:\\\/\\\/toelthester.dk\\\/?s={search_term_string}\"},\"query-input\":{\"@type\":\"PropertyValueSpecification\",\"valueRequired\":true,\"valueName\":\"search_term_string\"}}],\"inLanguage\":\"nl-NL\"}]}<\/script>\n<!-- \/ Yoast SEO plugin. -->","yoast_head_json":{"title":"Foss nieuw zadel van T\u00f8lthester","description":"Het Foss zadel van T\u00f8lthester is ontwikkeld voor de ruiter die geen concessies wil doen aan comfort, functionaliteit en kwaliteit.","robots":{"index":"index","follow":"follow","max-snippet":"max-snippet:-1","max-image-preview":"max-image-preview:large","max-video-preview":"max-video-preview:-1"},"canonical":"https:\/\/toelthester.dk\/nl\/winkel\/waterval-met-latex\/","og_locale":"nl_NL","og_type":"article","og_title":"Foss ny sadel fra T\u00f8lthester","og_description":"Foss sadlen fra T\u00f8lthester er udviklet til rytteren, der ikke vil g\u00e5 p\u00e5 kompromis med hverken komfort, funktionalitet eller kvalitet.","og_url":"https:\/\/toelthester.dk\/nl\/winkel\/waterval-met-latex\/","og_site_name":"Toelthester","article_modified_time":"2025-11-20T14:11:03+00:00","og_image":[{"width":1577,"height":1051,"url":"https:\/\/toelthester.dk\/wp-content\/uploads\/2025\/05\/Toelthester-maj-2025-72-dpi-01.jpg","type":"image\/jpeg"}],"twitter_card":"summary_large_image","twitter_misc":{"Geschatte leestijd":"1 minuut"},"schema":{"@context":"https:\/\/schema.org","@graph":[{"@type":"WebPage","@id":"https:\/\/toelthester.dk\/butik\/foss-med-latex\/","url":"https:\/\/toelthester.dk\/butik\/foss-med-latex\/","name":"Foss nieuw zadel van T\u00f8lthester","isPartOf":{"@id":"https:\/\/toelthester.dk\/#website"},"primaryImageOfPage":{"@id":"https:\/\/toelthester.dk\/butik\/foss-med-latex\/#primaryimage"},"image":{"@id":"https:\/\/toelthester.dk\/butik\/foss-med-latex\/#primaryimage"},"thumbnailUrl":"https:\/\/toelthester.dk\/wp-content\/uploads\/2025\/05\/Toelthester-maj-2025-72-dpi-01.jpg","datePublished":"2025-05-12T15:36:25+00:00","dateModified":"2025-11-20T14:11:03+00:00","description":"Het Foss zadel van T\u00f8lthester is ontwikkeld voor de ruiter die geen concessies wil doen aan comfort, functionaliteit en kwaliteit.","breadcrumb":{"@id":"https:\/\/toelthester.dk\/butik\/foss-med-latex\/#breadcrumb"},"inLanguage":"nl-NL","potentialAction":[{"@type":"ReadAction","target":["https:\/\/toelthester.dk\/butik\/foss-med-latex\/"]}]},{"@type":"ImageObject","inLanguage":"nl-NL","@id":"https:\/\/toelthester.dk\/butik\/foss-med-latex\/#primaryimage","url":"https:\/\/toelthester.dk\/wp-content\/uploads\/2025\/05\/Toelthester-maj-2025-72-dpi-01.jpg","contentUrl":"https:\/\/toelthester.dk\/wp-content\/uploads\/2025\/05\/Toelthester-maj-2025-72-dpi-01.jpg","width":1577,"height":1051},{"@type":"BreadcrumbList","@id":"https:\/\/toelthester.dk\/butik\/foss-med-latex\/#breadcrumb","itemListElement":[{"@type":"ListItem","position":1,"name":"Hjem","item":"https:\/\/toelthester.dk\/"},{"@type":"ListItem","position":2,"name":"Shop","item":"https:\/\/toelthester.dk\/shop\/"},{"@type":"ListItem","position":3,"name":"Foss med Latex"}]},{"@type":"WebSite","@id":"https:\/\/toelthester.dk\/#website","url":"https:\/\/toelthester.dk\/","name":"Toilet paarden","description":"","potentialAction":[{"@type":"SearchAction","target":{"@type":"EntryPoint","urlTemplate":"https:\/\/toelthester.dk\/?s={search_term_string}"},"query-input":{"@type":"PropertyValueSpecification","valueRequired":true,"valueName":"search_term_string"}}],"inLanguage":"nl-NL"}]}},"_links":{"self":[{"href":"https:\/\/toelthester.dk\/nl\/wp-json\/wp\/v2\/product\/10059","targetHints":{"allow":["GET"]}}],"collection":[{"href":"https:\/\/toelthester.dk\/nl\/wp-json\/wp\/v2\/product"}],"about":[{"href":"https:\/\/toelthester.dk\/nl\/wp-json\/wp\/v2\/types\/product"}],"wp:featuredmedia":[{"embeddable":true,"href":"https:\/\/toelthester.dk\/nl\/wp-json\/wp\/v2\/media\/10065"}],"wp:attachment":[{"href":"https:\/\/toelthester.dk\/nl\/wp-json\/wp\/v2\/media?parent=10059"}],"wp:term":[{"taxonomy":"product_brand","embeddable":true,"href":"https:\/\/toelthester.dk\/nl\/wp-json\/wp\/v2\/product_brand?post=10059"},{"taxonomy":"product_cat","embeddable":true,"href":"https:\/\/toelthester.dk\/nl\/wp-json\/wp\/v2\/product_cat?post=10059"},{"taxonomy":"product_tag","embeddable":true,"href":"https:\/\/toelthester.dk\/nl\/wp-json\/wp\/v2\/product_tag?post=10059"}],"curies":[{"name":"wp","href":"https:\/\/api.w.org\/{rel}","templated":true}]}}