{"id":6629,"date":"2018-05-07T10:24:26","date_gmt":"2018-05-07T08:24:26","guid":{"rendered":"https:\/\/toelthester.dk\/?page_id=6629"},"modified":"2025-02-10T20:58:15","modified_gmt":"2025-02-10T19:58:15","slug":"handelsvoorwaarden","status":"publish","type":"page","link":"https:\/\/toelthester.dk\/nl\/handelbetingelser\/","title":{"rendered":"Handelsvoorwaarden"},"content":{"rendered":"<div class=\"wpb-content-wrapper\"><div class=\"vc_row wpb_row vc_row-fluid\"><div class=\"wpb_column vc_column_container vc_col-sm-12\"><div class=\"vc_column-inner\"><div class=\"wpb_wrapper\">\n\t<div class=\"wpb_text_column wpb_content_element\" >\n\t\t<div class=\"wpb_wrapper\">\n\t\t\t<p><strong>Algemene voorwaarden voor T\u00f8lthester ApS<\/strong><\/p>\n<p><strong>www.t\u00f8lthester.dk is eigendom van<\/strong><\/p>\n<p><strong>T\u00f8lthester ApS<\/strong><br \/>\nRodelundvej 44<br \/>\n8680 Rep<\/p>\n<p>Mobiel nummer: +45-22214454<br \/>\njesper@vengedalen.dk<br \/>\nCVR: 23948516<br \/>\nJaar van oprichting: 2014<\/p>\n<p>Bankaansluiting:<br \/>\nNykredit Aarhus<br \/>\nReg 8117- Rekening 03122381<\/p>\n<p><strong>Betaling<\/strong><br \/>\nDe mogelijke betaalmethoden via Epay zijn Visa, Visa electron, Maestro, American Express, JCB en Mastercard.<\/p>\n<p><strong><img loading=\"lazy\" decoding=\"async\" class=\"alignnone wp-image-6623\" src=\"https:\/\/toelthester.dk\/wp-content\/uploads\/2018\/05\/Epay-alle-betal-logoer1.jpg\" alt=\"\" width=\"189\" height=\"24\" srcset=\"https:\/\/toelthester.dk\/wp-content\/uploads\/2018\/05\/Epay-alle-betal-logoer1.jpg 197w, https:\/\/toelthester.dk\/wp-content\/uploads\/2018\/05\/Epay-alle-betal-logoer1-64x8.jpg 64w\" sizes=\"auto, (max-width: 189px) 100vw, 189px\" \/><\/strong><\/p>\n<p><strong>Prijzen en contracten<\/strong><br \/>\nAlle prijzen zijn in Deense kronen (DKK) en incl. 25 % BTW, waar verder niets over vermeld staat.<\/p>\n<p><strong>Verkoop in het algemeen<\/strong><br \/>\nDe vermelde prijs op het moment van bestellen is de geldende bestelprijs. Afhaalgoederen worden gefactureerd tegen de huidige prijs op het moment van bestelling en de prijs verandert NIET in geval van een prijsdaling of -verhoging.<\/p>\n<p><strong>Reserveringen<br \/>\n<\/strong>Onder voorbehoud van druk- en typefouten, alsmede van niet meer leverbare artikelen en afwijkingen van de geschreven of getoonde afbeelding.<\/p>\n<p><strong>Levertijd<br \/>\n<\/strong>Uw goederen worden binnen 1-3 werkdagen verzonden nadat uw bestelling door T\u00f8lthester ApS is ontvangen. Voor speciale promotieaanbiedingen zoals De levertijd voor aanbiedingen op de lentemarkt en Black Friday bedraagt maximaal 14 dagen. Als het artikel niet op voorraad is, kan er een wachttijd zijn. Onze excuses daarvoor. Indien dit het geval is, nemen wij contact met u op. Zodra het artikel verzonden is, sturen wij u een e-mail. Zodra het artikel is verzonden, schrijven wij het bedrag van uw rekening af.<\/p>\n<p><strong>Verzendingen<\/strong><br \/>\nWanneer u goederen bestelt bij T\u00f8lthester ApS, kunt u uw pakket laten bezorgen bij het dichtstbijzijnde PostNord-pakketpunt of met PostNord-priv\u00e9bezorging op uw adres.<br \/>\nU kiest zelf de verzendmethode bij het afrekenen.<\/p>\n<p><strong>Verzendkosten<br \/>\n<\/strong>In Denemarken: voor aankopen boven DKK. 499, verzending is gratis \u2013 alle andere verzendingen kosten:<br \/>\n40 kr naar PostNord pakketshop<br \/>\nDKK 70,00 met PostNord-bezorging aan particulieren<\/p>\n<p>Verzending naar EU-landen kost \u20ac 9,45, ongeacht de hoogte van de bestelling.<br \/>\nVoor verzending buiten de EU kunt u T\u00f8lthester ApS bellen of schrijven voor een prijsopgave.<\/p>\n<p><strong>Als je spijt hebt van je aankoop (herroepingsrecht)<\/strong><br \/>\nJe hebt 14 dagen herroepingsrecht als je bij ons winkelt.<br \/>\nDe herroepingstermijn verstrijkt 14 dagen na de dag dat je je artikel hebt ontvangen.<br \/>\nJe moet ons binnen 14 dagen na ontvangst laten weten dat je van je aankoop af wilt. De melding moet worden gedaan door een e-mail te sturen naar\u00a0<a href=\"mailto:jesper@vengedalen.dk\">jesper@vengedalen.dk<\/a> In uw bericht dient u ons duidelijk kenbaar te maken dat u gebruik wilt maken van uw herroepingsrecht.<br \/>\nJe kunt het niet ongedaan maken door simpelweg te weigeren het artikel in ontvangst te nemen zonder dit tegelijkertijd duidelijk aan ons door te geven.<\/p>\n<p><strong>Opbrengst<\/strong><br \/>\nJe moet je bestelling zonder onnodige vertraging en niet later dan 14 dagen nadat je ons hebt laten weten dat je van je aankoop af wilt zien, naar ons terugsturen. De directe kosten in verband met het retourneren van het artikel zijn voor uw eigen rekening. Bij het retourneren bent u er verantwoordelijk voor dat het artikel deugdelijk is verpakt. U draagt het risico voor het artikel vanaf het moment van bezorging van het artikel.<br \/>\nAls u het product wilt ruilen voor een andere maat, kleur of een ander product, stuurt T\u00f8lthester ApS u graag een nieuw product. De vrachtkosten voor overige zendingen zijn voor rekening van de klant.<\/p>\n<p><strong>Geretourneerde goederen die geen fouten bevatten<\/strong><br \/>\nWanneer de klant defecte of onjuiste goederen retourneert aan T\u00f8lthester ApS, waarbij geen door de klant aangegeven fout of defect wordt gevonden, worden de goederen geretourneerd.<\/p>\n<p><strong>Goederen uitgesloten van het herroepingsrecht<\/strong><br \/>\nDe volgende soorten goederen zijn vrijgesteld van het herroepingsrecht: Levering van goederen die volgens specificaties van de consument tot stand zijn gekomen of een uitgesproken persoonlijk tintje hebben gekregen, waaronder zadels die volgens uw instructies als klant bij u thuis zijn besteld .<\/p>\n<p><strong>De staat van het artikel wanneer u het terugstuurt<\/strong><\/p>\n<ul>\n<li>U bent alleen aansprakelijk voor waardevermindering van de goederen die te wijten is aan een andere behandeling dan nodig is om de aard, de kenmerken en de werking van de goederen vast te stellen. Met andere woorden: u kunt het product op dezelfde manier uitproberen als in een fysieke winkel. Als het artikel is gepast naast wat hierboven is beschreven, beschouwen we het als gebruikt, wat betekent dat als u de aankoop annuleert, u slechts een deel of niets van het aankoopbedrag terugkrijgt, afhankelijk van de handelswaarde van het artikel . Om het volledige aankoopbedrag terug te krijgen, moet je dus hetzelfde doen als in een fysieke winkel. U mag het product testen, maar niet daadwerkelijk gebruiken.<\/li>\n<li>Als u de zaak in gebruik heeft genomen, moet u van ons verwachten dat wij de geschatte waardevermindering met de restitutie verrekenen, de waardevermindering wordt van tijd tot tijd beoordeeld. Producten zoals zadels en dekens worden in gebruik genomen als ze op het paard worden geplaatst.<\/li>\n<\/ul>\n<p><strong>Terugbetaling van het aankoopbedrag<\/strong><\/p>\n<ul>\n<li>Mocht je spijt hebben van je aankoop, dan krijg je natuurlijk het bedrag dat je aan ons hebt betaald terug. Bij waardevermindering waarvoor u aansprakelijk bent, wordt dit in mindering gebracht op het aankoopbedrag. Als u uw herroepingsrecht uitoefent, zullen wij alle van u ontvangen betalingen, inclusief leveringskosten (maar geen extra kosten als gevolg van uw eigen keuze voor een andere leveringsmethode dan de goedkoopste vorm van standaardlevering die wij aanbieden), zonder onnodige vertraging terugbetalen en in ieder geval niet later dan 14 dagen vanaf de datum waarop we de kennisgeving hebben ontvangen van uw beslissing om deze overeenkomst te herroepen.<\/li>\n<li>We zullen een dergelijke terugbetaling uitvoeren met hetzelfde betaalmiddel dat u voor de oorspronkelijke transactie hebt gebruikt, tenzij u uitdrukkelijk anders bent overeengekomen.<\/li>\n<\/ul>\n<p>We kunnen de terugbetaling inhouden totdat we het artikel hebben teruggekregen, tenzij je hebt aangetoond dat je het voor die tijd hebt geretourneerd.<br \/>\nAls je spijt hebt van de aankoop, moet het artikel worden verzonden naar:<\/p>\n<p>T\u00f8lthester ApS<br \/>\nRodelundvej 44<br \/>\n8680 Rep<br \/>\nU kunt de aankoop ook ongedaan maken door een duidelijke boodschap te geven en deze persoonlijk af te geven op bovenstaand adres.<\/p>\n<p><strong>Wat moet ik terugsturen?<\/strong><br \/>\nU dient een kopie van de orderbevestiging bij te voegen.<br \/>\nOpmerking! Wij ontvangen geen pakketten die zijn verzonden contant bij aflevering.<\/p>\n<p><strong>Als er iets mis is met het product (reclamerecht)<\/strong><br \/>\nDe bepalingen van de Verkoopwet inzake gebreken kunnen worden toegepast op de aankoop van goederen.<br \/>\nWanneer u winkelt op www.t\u00f8lthester.dk heeft u natuurlijk <strong>24 maanden klachtrecht<\/strong>. Dit betekent dat u het artikel kunt laten repareren, omruilen, het geld terugkrijgt of de prijs kunt verlagen, afhankelijk van de specifieke situatie.<br \/>\nVoorwaarde is natuurlijk wel dat de klacht gegrond is en dat het defect niet is ontstaan als gevolg van verkeerd gebruik van het product of ander schadeveroorzakend gedrag.<\/p>\n<p><strong>Hoe laat moet ik adverteren?<\/strong><br \/>\nU moet adverteren binnen een &quot;redelijke tijd&quot; nadat u het ontbreken van het artikel heeft ontdekt. Indien u binnen twee maanden na ontdekking van het gebrek reclameert, is de klacht altijd tijdig.<\/p>\n<p><strong>Wij vergoeden redelijke verzendkosten<\/strong><br \/>\nAls de klacht gegrond is, betalen we uiteraard uw (redelijke = lijstprijzen van Post Danmark) verzendkosten terug.<\/p>\n<p><strong>Het artikel wordt verzonden naar:<\/strong><br \/>\nKoetspaarden<br \/>\nRodelundvej 44<br \/>\n8680 RY<\/p>\n<p><strong>We hebben de volgende informatie nodig wanneer u het artikel naar ons opstuurt<\/strong><br \/>\nGeef bij het retourneren van het artikel zo gedetailleerd mogelijk aan wat het probleem is:<br \/>\nOpmerking! Wij ontvangen geen pakketten die zijn verzonden onder rembours of iets dergelijks.<br \/>\nVergeet niet dat het artikel altijd in de juiste verpakking moet worden teruggestuurd en vergeet niet om een verzendbewijs te ontvangen, zodat we je verzendkosten kunnen terugbetalen.<\/p>\n<p><strong>Wat we doen met uw persoonsgegevens (beleid persoonsgegevens)<\/strong><br \/>\nOm een overeenkomst met ons aan te kunnen gaan, hebben wij de volgende gegevens van u nodig: Naam, Adres, Telefoonnummer en E-mailadres.<br \/>\nWij registreren uw persoonsgegevens met als doel de goederen bij u te kunnen afleveren.<br \/>\nDe persoonsgegevens worden geregistreerd bij T\u00f8lthester ApS en gedurende vijf jaar bewaard. Daarna worden de gegevens verwijderd.<br \/>\nWanneer via onze website persoonsgegevens worden verzameld, zorgen wij ervoor dat dit altijd gebeurt door uw uitdrukkelijke toestemming te geven, zodat u precies weet welke gegevens worden verzameld en waarom.<br \/>\nDe directeur van T\u00f8lthester ApS heeft toegang tot de over u geregistreerde informatie. Wij slaan klantgegevens niet versleuteld op.<br \/>\nDe aan T\u00f8lthester ApS verstrekte informatie wordt op geen enkele wijze aan derden bekendgemaakt of verkocht. Wij registreren ook geen gevoelige persoonlijke informatie.<br \/>\nAls geregistreerde gebruiker bij T\u00f8lthester ApS heeft u altijd het recht om bezwaar te maken tegen de registratie. U hebt ook recht op inzage in de informatie die over u is geregistreerd. U hebt deze rechten volgens de Wet Persoonsgegevens en vragen hieromtrent kunt u richten aan T\u00f8lthester ApS via e-mail op <a href=\"mailto:jesper@vengedalen.dk\">jesper@vengedalen.dk<\/a><\/p>\n<p>&nbsp;<\/p>\n<p><strong>Toegang tot klachten<\/strong><br \/>\nAls u een klacht wilt indienen over uw aankoop, moet u contact opnemen met Jesper Purup via e-mail jesper@vengedalen.dk. Als we er niet in slagen een oplossing te vinden, kunt u een klacht indienen bij relevante instanties in de omgeving, als aan de voorwaarden hiervoor is voldaan .<\/p>\n<p>&nbsp;<\/p>\n<p><strong>Twijfelt u?<\/strong><br \/>\nAls er vragen zijn, raadt T\u00f8lthester u aan contact op te nemen met <a href=\"mailto:jesper@vengedalen.dk\">jesper@vengedalen.dk<\/a><\/p>\n\n\t\t<\/div>\n\t<\/div>\n<\/div><\/div><\/div><\/div>\n<\/div>","protected":false},"excerpt":{"rendered":"Algemene voorwaarden voor T\u00f8lthester ApS www.t\u00f8lthester.dk is eigendom van T\u00f8lthester ApS Rodelundvej 44 8680 Ry Mobil...","protected":false},"author":1,"featured_media":0,"parent":0,"menu_order":0,"comment_status":"closed","ping_status":"closed","template":"","meta":{"inline_featured_image":false,"footnotes":""},"class_list":["post-6629","page","type-page","status-publish","hentry"],"yoast_head":"<!-- This site is optimized with the Yoast SEO plugin v27.4 - https:\/\/yoast.com\/product\/yoast-seo-wordpress\/ -->\n<title>Handelbetingelser - Toelthester<\/title>\n<meta name=\"robots\" content=\"index, follow, max-snippet:-1, max-image-preview:large, max-video-preview:-1\" \/>\n<link rel=\"canonical\" href=\"https:\/\/toelthester.dk\/nl\/handelsvoorwaarden\/\" \/>\n<meta property=\"og:locale\" content=\"nl_NL\" \/>\n<meta property=\"og:type\" content=\"article\" \/>\n<meta property=\"og:title\" content=\"Handelbetingelser - Toelthester\" \/>\n<meta property=\"og:url\" content=\"https:\/\/toelthester.dk\/nl\/handelsvoorwaarden\/\" \/>\n<meta property=\"og:site_name\" content=\"Toelthester\" \/>\n<meta property=\"article:modified_time\" content=\"2025-02-10T19:58:15+00:00\" \/>\n<meta property=\"og:image\" content=\"https:\/\/toelthester.dk\/wp-content\/uploads\/2018\/05\/Epay-alle-betal-logoer1.jpg\" \/>\n<meta name=\"twitter:card\" content=\"summary_large_image\" \/>\n<meta name=\"twitter:label1\" content=\"Geschatte leestijd\" \/>\n\t<meta name=\"twitter:data1\" content=\"8 minuten\" \/>\n<script type=\"application\/ld+json\" class=\"yoast-schema-graph\">{\"@context\":\"https:\\\/\\\/schema.org\",\"@graph\":[{\"@type\":\"WebPage\",\"@id\":\"https:\\\/\\\/toelthester.dk\\\/handelbetingelser\\\/\",\"url\":\"https:\\\/\\\/toelthester.dk\\\/handelbetingelser\\\/\",\"name\":\"Handelbetingelser - Toelthester\",\"isPartOf\":{\"@id\":\"https:\\\/\\\/toelthester.dk\\\/#website\"},\"primaryImageOfPage\":{\"@id\":\"https:\\\/\\\/toelthester.dk\\\/handelbetingelser\\\/#primaryimage\"},\"image\":{\"@id\":\"https:\\\/\\\/toelthester.dk\\\/handelbetingelser\\\/#primaryimage\"},\"thumbnailUrl\":\"https:\\\/\\\/toelthester.dk\\\/wp-content\\\/uploads\\\/2018\\\/05\\\/Epay-alle-betal-logoer1.jpg\",\"datePublished\":\"2018-05-07T08:24:26+00:00\",\"dateModified\":\"2025-02-10T19:58:15+00:00\",\"breadcrumb\":{\"@id\":\"https:\\\/\\\/toelthester.dk\\\/handelbetingelser\\\/#breadcrumb\"},\"inLanguage\":\"nl-NL\",\"potentialAction\":[{\"@type\":\"ReadAction\",\"target\":[\"https:\\\/\\\/toelthester.dk\\\/handelbetingelser\\\/\"]}]},{\"@type\":\"ImageObject\",\"inLanguage\":\"nl-NL\",\"@id\":\"https:\\\/\\\/toelthester.dk\\\/handelbetingelser\\\/#primaryimage\",\"url\":\"https:\\\/\\\/toelthester.dk\\\/wp-content\\\/uploads\\\/2018\\\/05\\\/Epay-alle-betal-logoer1.jpg\",\"contentUrl\":\"https:\\\/\\\/toelthester.dk\\\/wp-content\\\/uploads\\\/2018\\\/05\\\/Epay-alle-betal-logoer1.jpg\"},{\"@type\":\"BreadcrumbList\",\"@id\":\"https:\\\/\\\/toelthester.dk\\\/handelbetingelser\\\/#breadcrumb\",\"itemListElement\":[{\"@type\":\"ListItem\",\"position\":1,\"name\":\"Hjem\",\"item\":\"https:\\\/\\\/toelthester.dk\\\/\"},{\"@type\":\"ListItem\",\"position\":2,\"name\":\"Handelbetingelser\"}]},{\"@type\":\"WebSite\",\"@id\":\"https:\\\/\\\/toelthester.dk\\\/#website\",\"url\":\"https:\\\/\\\/toelthester.dk\\\/\",\"name\":\"Toelthester\",\"description\":\"\",\"potentialAction\":[{\"@type\":\"SearchAction\",\"target\":{\"@type\":\"EntryPoint\",\"urlTemplate\":\"https:\\\/\\\/toelthester.dk\\\/?s={search_term_string}\"},\"query-input\":{\"@type\":\"PropertyValueSpecification\",\"valueRequired\":true,\"valueName\":\"search_term_string\"}}],\"inLanguage\":\"nl-NL\"}]}<\/script>\n<!-- \/ Yoast SEO plugin. -->","yoast_head_json":{"title":"Handelsvoorwaarden - Toiletpaarden","robots":{"index":"index","follow":"follow","max-snippet":"max-snippet:-1","max-image-preview":"max-image-preview:large","max-video-preview":"max-video-preview:-1"},"canonical":"https:\/\/toelthester.dk\/nl\/handelsvoorwaarden\/","og_locale":"nl_NL","og_type":"article","og_title":"Handelbetingelser - Toelthester","og_url":"https:\/\/toelthester.dk\/nl\/handelsvoorwaarden\/","og_site_name":"Toelthester","article_modified_time":"2025-02-10T19:58:15+00:00","og_image":[{"url":"https:\/\/toelthester.dk\/wp-content\/uploads\/2018\/05\/Epay-alle-betal-logoer1.jpg","type":"","width":"","height":""}],"twitter_card":"summary_large_image","twitter_misc":{"Geschatte leestijd":"8 minuten"},"schema":{"@context":"https:\/\/schema.org","@graph":[{"@type":"WebPage","@id":"https:\/\/toelthester.dk\/handelbetingelser\/","url":"https:\/\/toelthester.dk\/handelbetingelser\/","name":"Handelsvoorwaarden - Toiletpaarden","isPartOf":{"@id":"https:\/\/toelthester.dk\/#website"},"primaryImageOfPage":{"@id":"https:\/\/toelthester.dk\/handelbetingelser\/#primaryimage"},"image":{"@id":"https:\/\/toelthester.dk\/handelbetingelser\/#primaryimage"},"thumbnailUrl":"https:\/\/toelthester.dk\/wp-content\/uploads\/2018\/05\/Epay-alle-betal-logoer1.jpg","datePublished":"2018-05-07T08:24:26+00:00","dateModified":"2025-02-10T19:58:15+00:00","breadcrumb":{"@id":"https:\/\/toelthester.dk\/handelbetingelser\/#breadcrumb"},"inLanguage":"nl-NL","potentialAction":[{"@type":"ReadAction","target":["https:\/\/toelthester.dk\/handelbetingelser\/"]}]},{"@type":"ImageObject","inLanguage":"nl-NL","@id":"https:\/\/toelthester.dk\/handelbetingelser\/#primaryimage","url":"https:\/\/toelthester.dk\/wp-content\/uploads\/2018\/05\/Epay-alle-betal-logoer1.jpg","contentUrl":"https:\/\/toelthester.dk\/wp-content\/uploads\/2018\/05\/Epay-alle-betal-logoer1.jpg"},{"@type":"BreadcrumbList","@id":"https:\/\/toelthester.dk\/handelbetingelser\/#breadcrumb","itemListElement":[{"@type":"ListItem","position":1,"name":"Hjem","item":"https:\/\/toelthester.dk\/"},{"@type":"ListItem","position":2,"name":"Handelbetingelser"}]},{"@type":"WebSite","@id":"https:\/\/toelthester.dk\/#website","url":"https:\/\/toelthester.dk\/","name":"Toilet paarden","description":"","potentialAction":[{"@type":"SearchAction","target":{"@type":"EntryPoint","urlTemplate":"https:\/\/toelthester.dk\/?s={search_term_string}"},"query-input":{"@type":"PropertyValueSpecification","valueRequired":true,"valueName":"search_term_string"}}],"inLanguage":"nl-NL"}]}},"_links":{"self":[{"href":"https:\/\/toelthester.dk\/nl\/wp-json\/wp\/v2\/pages\/6629","targetHints":{"allow":["GET"]}}],"collection":[{"href":"https:\/\/toelthester.dk\/nl\/wp-json\/wp\/v2\/pages"}],"about":[{"href":"https:\/\/toelthester.dk\/nl\/wp-json\/wp\/v2\/types\/page"}],"author":[{"embeddable":true,"href":"https:\/\/toelthester.dk\/nl\/wp-json\/wp\/v2\/users\/1"}],"replies":[{"embeddable":true,"href":"https:\/\/toelthester.dk\/nl\/wp-json\/wp\/v2\/comments?post=6629"}],"version-history":[{"count":9,"href":"https:\/\/toelthester.dk\/nl\/wp-json\/wp\/v2\/pages\/6629\/revisions"}],"predecessor-version":[{"id":10007,"href":"https:\/\/toelthester.dk\/nl\/wp-json\/wp\/v2\/pages\/6629\/revisions\/10007"}],"wp:attachment":[{"href":"https:\/\/toelthester.dk\/nl\/wp-json\/wp\/v2\/media?parent=6629"}],"curies":[{"name":"wp","href":"https:\/\/api.w.org\/{rel}","templated":true}]}}