{"id":5,"date":"2016-04-11T12:44:55","date_gmt":"2016-04-11T10:44:55","guid":{"rendered":"http:\/\/import.getbowtied.com\/merchandiser\/?page_id=5"},"modified":"2017-03-12T11:39:03","modified_gmt":"2017-03-12T10:39:03","slug":"winkel","status":"publish","type":"page","link":"https:\/\/toelthester.dk\/nl\/butik\/","title":{"rendered":"Alle producten"},"content":{"rendered":"","protected":false},"excerpt":{"rendered":"","protected":false},"author":1,"featured_media":0,"parent":0,"menu_order":0,"comment_status":"closed","ping_status":"closed","template":"","meta":{"inline_featured_image":false,"footnotes":""},"class_list":["post-5","page","type-page","status-publish","hentry"],"yoast_head":"<!-- This site is optimized with the Yoast SEO plugin v27.4 - https:\/\/yoast.com\/product\/yoast-seo-wordpress\/ -->\n<title>Sadler til den Islandske hest, i bedste l\u00e6der kvalitet.<\/title>\n<meta name=\"description\" content=\"Sadler til den Islandske hest, i st\u00f8rrelserne fra 16&quot; til 18&quot; med kort anl\u00e6gsflade, i kvalitetsl\u00e6der fra UK eller Tyskland.\" \/>\n<meta name=\"robots\" content=\"index, follow, max-snippet:-1, max-image-preview:large, max-video-preview:-1\" \/>\n<link rel=\"canonical\" href=\"https:\/\/toelthester.dk\/nl\/winkel\/\" \/>\n<meta property=\"og:locale\" content=\"nl_NL\" \/>\n<meta property=\"og:type\" content=\"article\" \/>\n<meta property=\"og:title\" content=\"Sadler til den Islandske hest, i bedste l\u00e6der kvalitet.\" \/>\n<meta property=\"og:description\" content=\"Sadler til den Islandske hest, i st\u00f8rrelserne fra 16&quot; til 18&quot; med kort anl\u00e6gsflade, i kvalitetsl\u00e6der fra UK eller Tyskland.\" \/>\n<meta property=\"og:url\" content=\"https:\/\/toelthester.dk\/nl\/winkel\/\" \/>\n<meta property=\"og:site_name\" content=\"Toelthester\" \/>\n<meta property=\"article:modified_time\" content=\"2017-03-12T10:39:03+00:00\" \/>\n<meta name=\"twitter:card\" content=\"summary_large_image\" \/>\n<script type=\"application\/ld+json\" class=\"yoast-schema-graph\">{\"@context\":\"https:\\\/\\\/schema.org\",\"@graph\":[{\"@type\":\"WebPage\",\"@id\":\"https:\\\/\\\/toelthester.dk\\\/nl\\\/winkel\\\/\",\"url\":\"https:\\\/\\\/toelthester.dk\\\/nl\\\/winkel\\\/\",\"name\":\"Sadler til den Islandske hest, i bedste l\u00e6der kvalitet.\",\"isPartOf\":{\"@id\":\"https:\\\/\\\/toelthester.dk\\\/#website\"},\"datePublished\":\"2016-04-11T10:44:55+00:00\",\"dateModified\":\"2017-03-12T10:39:03+00:00\",\"description\":\"Sadler til den Islandske hest, i st\u00f8rrelserne fra 16\\\" til 18\\\" med kort anl\u00e6gsflade, i kvalitetsl\u00e6der fra UK eller Tyskland.\",\"breadcrumb\":{\"@id\":\"https:\\\/\\\/toelthester.dk\\\/nl\\\/winkel\\\/#breadcrumb\"},\"inLanguage\":\"nl-NL\",\"potentialAction\":[{\"@type\":\"ReadAction\",\"target\":[\"https:\\\/\\\/toelthester.dk\\\/nl\\\/winkel\\\/\"]}]},{\"@type\":\"BreadcrumbList\",\"@id\":\"https:\\\/\\\/toelthester.dk\\\/nl\\\/winkel\\\/#breadcrumb\",\"itemListElement\":[{\"@type\":\"ListItem\",\"position\":1,\"name\":\"Hjem\",\"item\":\"https:\\\/\\\/toelthester.dk\\\/\"},{\"@type\":\"ListItem\",\"position\":2,\"name\":\"Alle produkter\"}]},{\"@type\":\"WebSite\",\"@id\":\"https:\\\/\\\/toelthester.dk\\\/#website\",\"url\":\"https:\\\/\\\/toelthester.dk\\\/\",\"name\":\"Toelthester\",\"description\":\"\",\"potentialAction\":[{\"@type\":\"SearchAction\",\"target\":{\"@type\":\"EntryPoint\",\"urlTemplate\":\"https:\\\/\\\/toelthester.dk\\\/?s={search_term_string}\"},\"query-input\":{\"@type\":\"PropertyValueSpecification\",\"valueRequired\":true,\"valueName\":\"search_term_string\"}}],\"inLanguage\":\"nl-NL\"}]}<\/script>\n<!-- \/ Yoast SEO plugin. -->","yoast_head_json":{"title":"Zadels voor het IJslandse paard, in de beste leerkwaliteit.","description":"Zadels voor het IJslandse paard, in de maten 16&quot; tot 18&quot; met een kort contactoppervlak, van kwaliteitsleer uit Groot-Brittanni\u00eb of Duitsland.","robots":{"index":"index","follow":"follow","max-snippet":"max-snippet:-1","max-image-preview":"max-image-preview:large","max-video-preview":"max-video-preview:-1"},"canonical":"https:\/\/toelthester.dk\/nl\/winkel\/","og_locale":"nl_NL","og_type":"article","og_title":"Sadler til den Islandske hest, i bedste l\u00e6der kvalitet.","og_description":"Sadler til den Islandske hest, i st\u00f8rrelserne fra 16\" til 18\" med kort anl\u00e6gsflade, i kvalitetsl\u00e6der fra UK eller Tyskland.","og_url":"https:\/\/toelthester.dk\/nl\/winkel\/","og_site_name":"Toelthester","article_modified_time":"2017-03-12T10:39:03+00:00","twitter_card":"summary_large_image","schema":{"@context":"https:\/\/schema.org","@graph":[{"@type":"WebPage","@id":"https:\/\/toelthester.dk\/nl\/winkel\/","url":"https:\/\/toelthester.dk\/nl\/winkel\/","name":"Zadels voor het IJslandse paard, in de beste leerkwaliteit.","isPartOf":{"@id":"https:\/\/toelthester.dk\/#website"},"datePublished":"2016-04-11T10:44:55+00:00","dateModified":"2017-03-12T10:39:03+00:00","description":"Zadels voor het IJslandse paard, in de maten 16&quot; tot 18&quot; met een kort contactoppervlak, van kwaliteitsleer uit Groot-Brittanni\u00eb of Duitsland.","breadcrumb":{"@id":"https:\/\/toelthester.dk\/nl\/winkel\/#breadcrumb"},"inLanguage":"nl-NL","potentialAction":[{"@type":"ReadAction","target":["https:\/\/toelthester.dk\/nl\/winkel\/"]}]},{"@type":"BreadcrumbList","@id":"https:\/\/toelthester.dk\/nl\/winkel\/#breadcrumb","itemListElement":[{"@type":"ListItem","position":1,"name":"Hjem","item":"https:\/\/toelthester.dk\/"},{"@type":"ListItem","position":2,"name":"Alle produkter"}]},{"@type":"WebSite","@id":"https:\/\/toelthester.dk\/#website","url":"https:\/\/toelthester.dk\/","name":"Toilet paarden","description":"","potentialAction":[{"@type":"SearchAction","target":{"@type":"EntryPoint","urlTemplate":"https:\/\/toelthester.dk\/?s={search_term_string}"},"query-input":{"@type":"PropertyValueSpecification","valueRequired":true,"valueName":"search_term_string"}}],"inLanguage":"nl-NL"}]}},"_links":{"self":[{"href":"https:\/\/toelthester.dk\/nl\/wp-json\/wp\/v2\/pages\/5","targetHints":{"allow":["GET"]}}],"collection":[{"href":"https:\/\/toelthester.dk\/nl\/wp-json\/wp\/v2\/pages"}],"about":[{"href":"https:\/\/toelthester.dk\/nl\/wp-json\/wp\/v2\/types\/page"}],"author":[{"embeddable":true,"href":"https:\/\/toelthester.dk\/nl\/wp-json\/wp\/v2\/users\/1"}],"replies":[{"embeddable":true,"href":"https:\/\/toelthester.dk\/nl\/wp-json\/wp\/v2\/comments?post=5"}],"version-history":[{"count":1,"href":"https:\/\/toelthester.dk\/nl\/wp-json\/wp\/v2\/pages\/5\/revisions"}],"predecessor-version":[{"id":300,"href":"https:\/\/toelthester.dk\/nl\/wp-json\/wp\/v2\/pages\/5\/revisions\/300"}],"wp:attachment":[{"href":"https:\/\/toelthester.dk\/nl\/wp-json\/wp\/v2\/media?parent=5"}],"curies":[{"name":"wp","href":"https:\/\/api.w.org\/{rel}","templated":true}]}}