{"id":9725,"date":"2023-07-12T16:59:13","date_gmt":"2023-07-12T14:59:13","guid":{"rendered":"https:\/\/toelthester.dk\/?post_type=product&#038;p=9725"},"modified":"2025-09-15T10:42:49","modified_gmt":"2025-09-15T08:42:49","slug":"connect","status":"publish","type":"product","link":"https:\/\/toelthester.dk\/en\/butik\/connecter\/","title":{"rendered":"Connect"},"content":{"rendered":"<p>With this little gadget you connect two horses in training.<\/p>","protected":false},"excerpt":{"rendered":"<p>Connect to two young horses<\/p>","protected":false},"featured_media":9726,"template":"","meta":{"inline_featured_image":false},"product_brand":[],"product_cat":[12,30],"product_tag":[],"class_list":{"0":"post-9725","1":"product","2":"type-product","3":"status-publish","4":"has-post-thumbnail","6":"product_cat-trenser","7":"product_cat-toejler","9":"first","10":"instock","11":"featured","12":"taxable","13":"shipping-taxable","14":"purchasable","15":"product-type-simple"},"yoast_head":"<!-- This site is optimized with the Yoast SEO plugin v27.4 - https:\/\/yoast.com\/product\/yoast-seo-wordpress\/ -->\n<title>Connecter til at koble to tr\u00e6ningsheste sammen<\/title>\n<meta name=\"description\" content=\"Vil du vil tage du heste med p\u00e5 tur, s\u00e5 skal du bruge denne til at koble de to ungheste sammen med en tr\u00e6ningsgjord.\" \/>\n<meta name=\"robots\" content=\"index, follow, max-snippet:-1, max-image-preview:large, max-video-preview:-1\" \/>\n<link rel=\"canonical\" href=\"https:\/\/toelthester.dk\/en\/store\/connect\/\" \/>\n<meta property=\"og:locale\" content=\"en_GB\" \/>\n<meta property=\"og:type\" content=\"article\" \/>\n<meta property=\"og:title\" content=\"Connecter til at koble to tr\u00e6ningsheste sammen\" \/>\n<meta property=\"og:description\" content=\"Vil du vil tage du heste med p\u00e5 tur, s\u00e5 skal du bruge denne til at koble de to ungheste sammen med en tr\u00e6ningsgjord.\" \/>\n<meta property=\"og:url\" content=\"https:\/\/toelthester.dk\/en\/store\/connect\/\" \/>\n<meta property=\"og:site_name\" content=\"Toelthester\" \/>\n<meta property=\"article:modified_time\" content=\"2025-09-15T08:42:49+00:00\" \/>\n<meta property=\"og:image\" content=\"https:\/\/toelthester.dk\/wp-content\/uploads\/2023\/07\/Toelthester-23-juli-44.jpg\" \/>\n\t<meta property=\"og:image:width\" content=\"1682\" \/>\n\t<meta property=\"og:image:height\" content=\"1121\" \/>\n\t<meta property=\"og:image:type\" content=\"image\/jpeg\" \/>\n<meta name=\"twitter:card\" content=\"summary_large_image\" \/>\n<meta name=\"twitter:label1\" content=\"Estimated reading time\" \/>\n\t<meta name=\"twitter:data1\" content=\"1 minute\" \/>\n<script type=\"application\/ld+json\" class=\"yoast-schema-graph\">{\"@context\":\"https:\\\/\\\/schema.org\",\"@graph\":[{\"@type\":\"WebPage\",\"@id\":\"https:\\\/\\\/toelthester.dk\\\/butik\\\/connecter\\\/\",\"url\":\"https:\\\/\\\/toelthester.dk\\\/butik\\\/connecter\\\/\",\"name\":\"Connecter til at koble to tr\u00e6ningsheste sammen\",\"isPartOf\":{\"@id\":\"https:\\\/\\\/toelthester.dk\\\/#website\"},\"primaryImageOfPage\":{\"@id\":\"https:\\\/\\\/toelthester.dk\\\/butik\\\/connecter\\\/#primaryimage\"},\"image\":{\"@id\":\"https:\\\/\\\/toelthester.dk\\\/butik\\\/connecter\\\/#primaryimage\"},\"thumbnailUrl\":\"https:\\\/\\\/toelthester.dk\\\/wp-content\\\/uploads\\\/2023\\\/07\\\/Toelthester-23-juli-44.jpg\",\"datePublished\":\"2023-07-12T14:59:13+00:00\",\"dateModified\":\"2025-09-15T08:42:49+00:00\",\"description\":\"Vil du vil tage du heste med p\u00e5 tur, s\u00e5 skal du bruge denne til at koble de to ungheste sammen med en tr\u00e6ningsgjord.\",\"breadcrumb\":{\"@id\":\"https:\\\/\\\/toelthester.dk\\\/butik\\\/connecter\\\/#breadcrumb\"},\"inLanguage\":\"en-GB\",\"potentialAction\":[{\"@type\":\"ReadAction\",\"target\":[\"https:\\\/\\\/toelthester.dk\\\/butik\\\/connecter\\\/\"]}]},{\"@type\":\"ImageObject\",\"inLanguage\":\"en-GB\",\"@id\":\"https:\\\/\\\/toelthester.dk\\\/butik\\\/connecter\\\/#primaryimage\",\"url\":\"https:\\\/\\\/toelthester.dk\\\/wp-content\\\/uploads\\\/2023\\\/07\\\/Toelthester-23-juli-44.jpg\",\"contentUrl\":\"https:\\\/\\\/toelthester.dk\\\/wp-content\\\/uploads\\\/2023\\\/07\\\/Toelthester-23-juli-44.jpg\",\"width\":1682,\"height\":1121},{\"@type\":\"BreadcrumbList\",\"@id\":\"https:\\\/\\\/toelthester.dk\\\/butik\\\/connecter\\\/#breadcrumb\",\"itemListElement\":[{\"@type\":\"ListItem\",\"position\":1,\"name\":\"Hjem\",\"item\":\"https:\\\/\\\/toelthester.dk\\\/\"},{\"@type\":\"ListItem\",\"position\":2,\"name\":\"Shop\",\"item\":\"https:\\\/\\\/toelthester.dk\\\/shop\\\/\"},{\"@type\":\"ListItem\",\"position\":3,\"name\":\"Connecter\"}]},{\"@type\":\"WebSite\",\"@id\":\"https:\\\/\\\/toelthester.dk\\\/#website\",\"url\":\"https:\\\/\\\/toelthester.dk\\\/\",\"name\":\"Toelthester\",\"description\":\"\",\"potentialAction\":[{\"@type\":\"SearchAction\",\"target\":{\"@type\":\"EntryPoint\",\"urlTemplate\":\"https:\\\/\\\/toelthester.dk\\\/?s={search_term_string}\"},\"query-input\":{\"@type\":\"PropertyValueSpecification\",\"valueRequired\":true,\"valueName\":\"search_term_string\"}}],\"inLanguage\":\"en-GB\"}]}<\/script>\n<!-- \/ Yoast SEO plugin. -->","yoast_head_json":{"title":"Connect to connect two training horses together","description":"If you want to take your horses on a trip, you must use this to connect the two young horses together with a training girth.","robots":{"index":"index","follow":"follow","max-snippet":"max-snippet:-1","max-image-preview":"max-image-preview:large","max-video-preview":"max-video-preview:-1"},"canonical":"https:\/\/toelthester.dk\/en\/store\/connect\/","og_locale":"en_GB","og_type":"article","og_title":"Connecter til at koble to tr\u00e6ningsheste sammen","og_description":"Vil du vil tage du heste med p\u00e5 tur, s\u00e5 skal du bruge denne til at koble de to ungheste sammen med en tr\u00e6ningsgjord.","og_url":"https:\/\/toelthester.dk\/en\/store\/connect\/","og_site_name":"Toelthester","article_modified_time":"2025-09-15T08:42:49+00:00","og_image":[{"width":1682,"height":1121,"url":"https:\/\/toelthester.dk\/wp-content\/uploads\/2023\/07\/Toelthester-23-juli-44.jpg","type":"image\/jpeg"}],"twitter_card":"summary_large_image","twitter_misc":{"Estimated reading time":"1 minute"},"schema":{"@context":"https:\/\/schema.org","@graph":[{"@type":"WebPage","@id":"https:\/\/toelthester.dk\/butik\/connecter\/","url":"https:\/\/toelthester.dk\/butik\/connecter\/","name":"Connect to connect two training horses together","isPartOf":{"@id":"https:\/\/toelthester.dk\/#website"},"primaryImageOfPage":{"@id":"https:\/\/toelthester.dk\/butik\/connecter\/#primaryimage"},"image":{"@id":"https:\/\/toelthester.dk\/butik\/connecter\/#primaryimage"},"thumbnailUrl":"https:\/\/toelthester.dk\/wp-content\/uploads\/2023\/07\/Toelthester-23-juli-44.jpg","datePublished":"2023-07-12T14:59:13+00:00","dateModified":"2025-09-15T08:42:49+00:00","description":"If you want to take your horses on a trip, you must use this to connect the two young horses together with a training girth.","breadcrumb":{"@id":"https:\/\/toelthester.dk\/butik\/connecter\/#breadcrumb"},"inLanguage":"en-GB","potentialAction":[{"@type":"ReadAction","target":["https:\/\/toelthester.dk\/butik\/connecter\/"]}]},{"@type":"ImageObject","inLanguage":"en-GB","@id":"https:\/\/toelthester.dk\/butik\/connecter\/#primaryimage","url":"https:\/\/toelthester.dk\/wp-content\/uploads\/2023\/07\/Toelthester-23-juli-44.jpg","contentUrl":"https:\/\/toelthester.dk\/wp-content\/uploads\/2023\/07\/Toelthester-23-juli-44.jpg","width":1682,"height":1121},{"@type":"BreadcrumbList","@id":"https:\/\/toelthester.dk\/butik\/connecter\/#breadcrumb","itemListElement":[{"@type":"ListItem","position":1,"name":"Hjem","item":"https:\/\/toelthester.dk\/"},{"@type":"ListItem","position":2,"name":"Shop","item":"https:\/\/toelthester.dk\/shop\/"},{"@type":"ListItem","position":3,"name":"Connecter"}]},{"@type":"WebSite","@id":"https:\/\/toelthester.dk\/#website","url":"https:\/\/toelthester.dk\/","name":"Toilet horses","description":"","potentialAction":[{"@type":"SearchAction","target":{"@type":"EntryPoint","urlTemplate":"https:\/\/toelthester.dk\/?s={search_term_string}"},"query-input":{"@type":"PropertyValueSpecification","valueRequired":true,"valueName":"search_term_string"}}],"inLanguage":"en-GB"}]}},"_links":{"self":[{"href":"https:\/\/toelthester.dk\/en\/wp-json\/wp\/v2\/product\/9725","targetHints":{"allow":["GET"]}}],"collection":[{"href":"https:\/\/toelthester.dk\/en\/wp-json\/wp\/v2\/product"}],"about":[{"href":"https:\/\/toelthester.dk\/en\/wp-json\/wp\/v2\/types\/product"}],"wp:featuredmedia":[{"embeddable":true,"href":"https:\/\/toelthester.dk\/en\/wp-json\/wp\/v2\/media\/9726"}],"wp:attachment":[{"href":"https:\/\/toelthester.dk\/en\/wp-json\/wp\/v2\/media?parent=9725"}],"wp:term":[{"taxonomy":"product_brand","embeddable":true,"href":"https:\/\/toelthester.dk\/en\/wp-json\/wp\/v2\/product_brand?post=9725"},{"taxonomy":"product_cat","embeddable":true,"href":"https:\/\/toelthester.dk\/en\/wp-json\/wp\/v2\/product_cat?post=9725"},{"taxonomy":"product_tag","embeddable":true,"href":"https:\/\/toelthester.dk\/en\/wp-json\/wp\/v2\/product_tag?post=9725"}],"curies":[{"name":"wp","href":"https:\/\/api.w.org\/{rel}","templated":true}]}}