{"id":9721,"date":"2023-07-12T14:45:04","date_gmt":"2023-07-12T12:45:04","guid":{"rendered":"https:\/\/toelthester.dk\/?post_type=product&#038;p=9721"},"modified":"2025-11-10T21:50:48","modified_gmt":"2025-11-10T20:50:48","slug":"composite-headgear","status":"publish","type":"product","link":"https:\/\/toelthester.dk\/en\/butik\/sammensat-hovedtoej\/","title":{"rendered":"Composite headgear"},"content":{"rendered":"<p>Composite headwear in nice leather quality, with many details.<\/p>","protected":false},"excerpt":{"rendered":"<p>Composite headwear in nice leather quality, with many details.<br \/>\n&nbsp;<\/p>","protected":false},"featured_media":9723,"template":"","meta":{"inline_featured_image":false},"product_brand":[],"product_cat":[12],"product_tag":[],"class_list":{"0":"post-9721","1":"product","2":"type-product","3":"status-publish","4":"has-post-thumbnail","6":"product_cat-trenser","8":"first","9":"outofstock","10":"featured","11":"taxable","12":"shipping-taxable","13":"purchasable","14":"product-type-simple"},"yoast_head":"<!-- This site is optimized with the Yoast SEO plugin v27.4 - https:\/\/yoast.com\/product\/yoast-seo-wordpress\/ -->\n<title>Sammensat hovedt\u00f8j med mange detaljer.<\/title>\n<meta name=\"description\" content=\"Sammensat hovedt\u00f8j i flot l\u00e6der kvalitet, med mange detaljer. Rigtig fin til dig der vil have et enkelt hovedt\u00f8j, der ikke kommer t\u00e6t p\u00e5 hestens \u00f8je.\" \/>\n<meta name=\"robots\" content=\"index, follow, max-snippet:-1, max-image-preview:large, max-video-preview:-1\" \/>\n<link rel=\"canonical\" href=\"https:\/\/toelthester.dk\/en\/store\/composite-headgear\/\" \/>\n<meta property=\"og:locale\" content=\"en_GB\" \/>\n<meta property=\"og:type\" content=\"article\" \/>\n<meta property=\"og:title\" content=\"Sammensat hovedt\u00f8j med mange detaljer.\" \/>\n<meta property=\"og:description\" content=\"Sammensat hovedt\u00f8j i flot l\u00e6der kvalitet, med mange detaljer. Rigtig fin til dig der vil have et enkelt hovedt\u00f8j, der ikke kommer t\u00e6t p\u00e5 hestens \u00f8je.\" \/>\n<meta property=\"og:url\" content=\"https:\/\/toelthester.dk\/en\/store\/composite-headgear\/\" \/>\n<meta property=\"og:site_name\" content=\"Toelthester\" \/>\n<meta property=\"article:modified_time\" content=\"2025-11-10T20:50:48+00:00\" \/>\n<meta property=\"og:image\" content=\"https:\/\/toelthester.dk\/wp-content\/uploads\/2023\/07\/Toelthester-23-juli-22.jpg\" \/>\n\t<meta property=\"og:image:width\" content=\"1121\" \/>\n\t<meta property=\"og:image:height\" content=\"1682\" \/>\n\t<meta property=\"og:image:type\" content=\"image\/jpeg\" \/>\n<meta name=\"twitter:card\" content=\"summary_large_image\" \/>\n<meta name=\"twitter:label1\" content=\"Estimated reading time\" \/>\n\t<meta name=\"twitter:data1\" content=\"1 minute\" \/>\n<script type=\"application\/ld+json\" class=\"yoast-schema-graph\">{\"@context\":\"https:\\\/\\\/schema.org\",\"@graph\":[{\"@type\":\"WebPage\",\"@id\":\"https:\\\/\\\/toelthester.dk\\\/butik\\\/sammensat-hovedtoej\\\/\",\"url\":\"https:\\\/\\\/toelthester.dk\\\/butik\\\/sammensat-hovedtoej\\\/\",\"name\":\"Sammensat hovedt\u00f8j med mange detaljer.\",\"isPartOf\":{\"@id\":\"https:\\\/\\\/toelthester.dk\\\/#website\"},\"primaryImageOfPage\":{\"@id\":\"https:\\\/\\\/toelthester.dk\\\/butik\\\/sammensat-hovedtoej\\\/#primaryimage\"},\"image\":{\"@id\":\"https:\\\/\\\/toelthester.dk\\\/butik\\\/sammensat-hovedtoej\\\/#primaryimage\"},\"thumbnailUrl\":\"https:\\\/\\\/toelthester.dk\\\/wp-content\\\/uploads\\\/2023\\\/07\\\/Toelthester-23-juli-22.jpg\",\"datePublished\":\"2023-07-12T12:45:04+00:00\",\"dateModified\":\"2025-11-10T20:50:48+00:00\",\"description\":\"Sammensat hovedt\u00f8j i flot l\u00e6der kvalitet, med mange detaljer. Rigtig fin til dig der vil have et enkelt hovedt\u00f8j, der ikke kommer t\u00e6t p\u00e5 hestens \u00f8je.\",\"breadcrumb\":{\"@id\":\"https:\\\/\\\/toelthester.dk\\\/butik\\\/sammensat-hovedtoej\\\/#breadcrumb\"},\"inLanguage\":\"en-GB\",\"potentialAction\":[{\"@type\":\"ReadAction\",\"target\":[\"https:\\\/\\\/toelthester.dk\\\/butik\\\/sammensat-hovedtoej\\\/\"]}]},{\"@type\":\"ImageObject\",\"inLanguage\":\"en-GB\",\"@id\":\"https:\\\/\\\/toelthester.dk\\\/butik\\\/sammensat-hovedtoej\\\/#primaryimage\",\"url\":\"https:\\\/\\\/toelthester.dk\\\/wp-content\\\/uploads\\\/2023\\\/07\\\/Toelthester-23-juli-22.jpg\",\"contentUrl\":\"https:\\\/\\\/toelthester.dk\\\/wp-content\\\/uploads\\\/2023\\\/07\\\/Toelthester-23-juli-22.jpg\",\"width\":1121,\"height\":1682},{\"@type\":\"BreadcrumbList\",\"@id\":\"https:\\\/\\\/toelthester.dk\\\/butik\\\/sammensat-hovedtoej\\\/#breadcrumb\",\"itemListElement\":[{\"@type\":\"ListItem\",\"position\":1,\"name\":\"Hjem\",\"item\":\"https:\\\/\\\/toelthester.dk\\\/\"},{\"@type\":\"ListItem\",\"position\":2,\"name\":\"Shop\",\"item\":\"https:\\\/\\\/toelthester.dk\\\/shop\\\/\"},{\"@type\":\"ListItem\",\"position\":3,\"name\":\"Sammensat hovedt\u00f8j\"}]},{\"@type\":\"WebSite\",\"@id\":\"https:\\\/\\\/toelthester.dk\\\/#website\",\"url\":\"https:\\\/\\\/toelthester.dk\\\/\",\"name\":\"Toelthester\",\"description\":\"\",\"potentialAction\":[{\"@type\":\"SearchAction\",\"target\":{\"@type\":\"EntryPoint\",\"urlTemplate\":\"https:\\\/\\\/toelthester.dk\\\/?s={search_term_string}\"},\"query-input\":{\"@type\":\"PropertyValueSpecification\",\"valueRequired\":true,\"valueName\":\"search_term_string\"}}],\"inLanguage\":\"en-GB\"}]}<\/script>\n<!-- \/ Yoast SEO plugin. -->","yoast_head_json":{"title":"Composite headgear with many details.","description":"Composite headwear in nice leather quality, with many details. Really nice for you who want a simple bridle that doesn&#039;t come close to the horse&#039;s eye.","robots":{"index":"index","follow":"follow","max-snippet":"max-snippet:-1","max-image-preview":"max-image-preview:large","max-video-preview":"max-video-preview:-1"},"canonical":"https:\/\/toelthester.dk\/en\/store\/composite-headgear\/","og_locale":"en_GB","og_type":"article","og_title":"Sammensat hovedt\u00f8j med mange detaljer.","og_description":"Sammensat hovedt\u00f8j i flot l\u00e6der kvalitet, med mange detaljer. Rigtig fin til dig der vil have et enkelt hovedt\u00f8j, der ikke kommer t\u00e6t p\u00e5 hestens \u00f8je.","og_url":"https:\/\/toelthester.dk\/en\/store\/composite-headgear\/","og_site_name":"Toelthester","article_modified_time":"2025-11-10T20:50:48+00:00","og_image":[{"width":1121,"height":1682,"url":"https:\/\/toelthester.dk\/wp-content\/uploads\/2023\/07\/Toelthester-23-juli-22.jpg","type":"image\/jpeg"}],"twitter_card":"summary_large_image","twitter_misc":{"Estimated reading time":"1 minute"},"schema":{"@context":"https:\/\/schema.org","@graph":[{"@type":"WebPage","@id":"https:\/\/toelthester.dk\/butik\/sammensat-hovedtoej\/","url":"https:\/\/toelthester.dk\/butik\/sammensat-hovedtoej\/","name":"Composite headgear with many details.","isPartOf":{"@id":"https:\/\/toelthester.dk\/#website"},"primaryImageOfPage":{"@id":"https:\/\/toelthester.dk\/butik\/sammensat-hovedtoej\/#primaryimage"},"image":{"@id":"https:\/\/toelthester.dk\/butik\/sammensat-hovedtoej\/#primaryimage"},"thumbnailUrl":"https:\/\/toelthester.dk\/wp-content\/uploads\/2023\/07\/Toelthester-23-juli-22.jpg","datePublished":"2023-07-12T12:45:04+00:00","dateModified":"2025-11-10T20:50:48+00:00","description":"Composite headwear in nice leather quality, with many details. Really nice for you who want a simple bridle that doesn&#039;t come close to the horse&#039;s eye.","breadcrumb":{"@id":"https:\/\/toelthester.dk\/butik\/sammensat-hovedtoej\/#breadcrumb"},"inLanguage":"en-GB","potentialAction":[{"@type":"ReadAction","target":["https:\/\/toelthester.dk\/butik\/sammensat-hovedtoej\/"]}]},{"@type":"ImageObject","inLanguage":"en-GB","@id":"https:\/\/toelthester.dk\/butik\/sammensat-hovedtoej\/#primaryimage","url":"https:\/\/toelthester.dk\/wp-content\/uploads\/2023\/07\/Toelthester-23-juli-22.jpg","contentUrl":"https:\/\/toelthester.dk\/wp-content\/uploads\/2023\/07\/Toelthester-23-juli-22.jpg","width":1121,"height":1682},{"@type":"BreadcrumbList","@id":"https:\/\/toelthester.dk\/butik\/sammensat-hovedtoej\/#breadcrumb","itemListElement":[{"@type":"ListItem","position":1,"name":"Hjem","item":"https:\/\/toelthester.dk\/"},{"@type":"ListItem","position":2,"name":"Shop","item":"https:\/\/toelthester.dk\/shop\/"},{"@type":"ListItem","position":3,"name":"Sammensat hovedt\u00f8j"}]},{"@type":"WebSite","@id":"https:\/\/toelthester.dk\/#website","url":"https:\/\/toelthester.dk\/","name":"Toilet horses","description":"","potentialAction":[{"@type":"SearchAction","target":{"@type":"EntryPoint","urlTemplate":"https:\/\/toelthester.dk\/?s={search_term_string}"},"query-input":{"@type":"PropertyValueSpecification","valueRequired":true,"valueName":"search_term_string"}}],"inLanguage":"en-GB"}]}},"_links":{"self":[{"href":"https:\/\/toelthester.dk\/en\/wp-json\/wp\/v2\/product\/9721","targetHints":{"allow":["GET"]}}],"collection":[{"href":"https:\/\/toelthester.dk\/en\/wp-json\/wp\/v2\/product"}],"about":[{"href":"https:\/\/toelthester.dk\/en\/wp-json\/wp\/v2\/types\/product"}],"wp:featuredmedia":[{"embeddable":true,"href":"https:\/\/toelthester.dk\/en\/wp-json\/wp\/v2\/media\/9723"}],"wp:attachment":[{"href":"https:\/\/toelthester.dk\/en\/wp-json\/wp\/v2\/media?parent=9721"}],"wp:term":[{"taxonomy":"product_brand","embeddable":true,"href":"https:\/\/toelthester.dk\/en\/wp-json\/wp\/v2\/product_brand?post=9721"},{"taxonomy":"product_cat","embeddable":true,"href":"https:\/\/toelthester.dk\/en\/wp-json\/wp\/v2\/product_cat?post=9721"},{"taxonomy":"product_tag","embeddable":true,"href":"https:\/\/toelthester.dk\/en\/wp-json\/wp\/v2\/product_tag?post=9721"}],"curies":[{"name":"wp","href":"https:\/\/api.w.org\/{rel}","templated":true}]}}