{"id":9628,"date":"2023-06-05T09:27:41","date_gmt":"2023-06-05T07:27:41","guid":{"rendered":"https:\/\/toelthester.dk\/?post_type=product&#038;p=9628"},"modified":"2025-07-03T20:17:36","modified_gmt":"2025-07-03T18:17:36","slug":"gaumur-2","status":"publish","type":"product","link":"https:\/\/toelthester.dk\/en\/butik\/gaumur-uld-paneller\/","title":{"rendered":"Gaumur wool panels"},"content":{"rendered":"<p><strong>Technical data:<\/strong><br \/>\nStuffing: Latex or wool<br \/>\nBoom: A \u2013 With replaceable head remover<br \/>\nBoom size: Narrow 24 \u2013 25 \u2013 Normal 26 \u2013 27 \u2013 Wide 28 \u2013 29 and 30 Xwide.<br \/>\nSeat sizes: 16.0\u2033 \u2013 16.5\u2033 \u2013 17.0\u2033 \u2013 17.5\u2033 \u2013 18.0\u2033<br \/>\nWeight: 6.2 kg<\/p>\n<p>&nbsp;<\/p>","protected":false},"excerpt":{"rendered":"<p><strong>Gaumur from T\u00f8lhester<\/strong><\/p>\n<p>The knee pads come from Noi, and the seat is very similar to the Otur seat.<\/p>\n<p>After the launch of Noi, we were told by Iceland that we needed a saddle with a more open seat than Noi.<\/p>\n<p>Our test riders have all highlighted the seat in combination with the knee pads as being something quite extraordinarily positive!<\/p>\n<p>Gaumur is built on an A boom, a flexi boom.<br \/>\nSupplied with either 3 layers of latex or wool padding.<\/p>","protected":false},"featured_media":8286,"template":"","meta":{"inline_featured_image":false},"product_brand":[],"product_cat":[10],"product_tag":[],"class_list":{"0":"post-9628","1":"product","2":"type-product","3":"status-publish","4":"has-post-thumbnail","6":"product_cat-sadler","8":"first","9":"instock","10":"featured","11":"taxable","12":"shipping-taxable","13":"purchasable","14":"product-type-variable"},"yoast_head":"<!-- This site is optimized with the Yoast SEO plugin v27.4 - https:\/\/yoast.com\/product\/yoast-seo-wordpress\/ -->\n<title>Gaumur, helt ny sadel fra T\u00f8lthester med sp\u00e6ndende kn\u00e6puder.<\/title>\n<meta name=\"description\" content=\"Gaumur har nyudviklet paneller p\u00e5, der er opbygget af tre lags latex. Selve s\u00e6det i sadlen giver en naturlig opstilling, med halvlange kn\u00e6puder.\" \/>\n<meta name=\"robots\" content=\"index, follow, max-snippet:-1, max-image-preview:large, max-video-preview:-1\" \/>\n<link rel=\"canonical\" href=\"https:\/\/toelthester.dk\/en\/store\/gaumur-2\/\" \/>\n<meta property=\"og:locale\" content=\"en_GB\" \/>\n<meta property=\"og:type\" content=\"article\" \/>\n<meta property=\"og:title\" content=\"Gaumur, helt ny sadel fra T\u00f8lthester med sp\u00e6ndende kn\u00e6puder.\" \/>\n<meta property=\"og:description\" content=\"Gaumur har nyudviklet paneller p\u00e5, der er opbygget af tre lags latex. Selve s\u00e6det i sadlen giver en naturlig opstilling, med halvlange kn\u00e6puder.\" \/>\n<meta property=\"og:url\" content=\"https:\/\/toelthester.dk\/en\/store\/gaumur-2\/\" \/>\n<meta property=\"og:site_name\" content=\"Toelthester\" \/>\n<meta property=\"article:modified_time\" content=\"2025-07-03T18:17:36+00:00\" \/>\n<meta property=\"og:image\" content=\"https:\/\/toelthester.dk\/wp-content\/uploads\/2020\/02\/T\u00f8lthester-169-72-dpi.jpg\" \/>\n\t<meta property=\"og:image:width\" content=\"1301\" \/>\n\t<meta property=\"og:image:height\" content=\"867\" \/>\n\t<meta property=\"og:image:type\" content=\"image\/jpeg\" \/>\n<meta name=\"twitter:card\" content=\"summary_large_image\" \/>\n<meta name=\"twitter:label1\" content=\"Estimated reading time\" \/>\n\t<meta name=\"twitter:data1\" content=\"1 minute\" \/>\n<script type=\"application\/ld+json\" class=\"yoast-schema-graph\">{\"@context\":\"https:\\\/\\\/schema.org\",\"@graph\":[{\"@type\":\"WebPage\",\"@id\":\"https:\\\/\\\/toelthester.dk\\\/de\\\/speichern\\\/gaumur-2\\\/\",\"url\":\"https:\\\/\\\/toelthester.dk\\\/de\\\/speichern\\\/gaumur-2\\\/\",\"name\":\"Gaumur, helt ny sadel fra T\u00f8lthester med sp\u00e6ndende kn\u00e6puder.\",\"isPartOf\":{\"@id\":\"https:\\\/\\\/toelthester.dk\\\/#website\"},\"primaryImageOfPage\":{\"@id\":\"https:\\\/\\\/toelthester.dk\\\/de\\\/speichern\\\/gaumur-2\\\/#primaryimage\"},\"image\":{\"@id\":\"https:\\\/\\\/toelthester.dk\\\/de\\\/speichern\\\/gaumur-2\\\/#primaryimage\"},\"thumbnailUrl\":\"https:\\\/\\\/toelthester.dk\\\/wp-content\\\/uploads\\\/2020\\\/02\\\/T\u00f8lthester-169-72-dpi.jpg\",\"datePublished\":\"2023-06-05T07:27:41+00:00\",\"dateModified\":\"2025-07-03T18:17:36+00:00\",\"description\":\"Gaumur har nyudviklet paneller p\u00e5, der er opbygget af tre lags latex. Selve s\u00e6det i sadlen giver en naturlig opstilling, med halvlange kn\u00e6puder.\",\"breadcrumb\":{\"@id\":\"https:\\\/\\\/toelthester.dk\\\/de\\\/speichern\\\/gaumur-2\\\/#breadcrumb\"},\"inLanguage\":\"en-GB\",\"potentialAction\":[{\"@type\":\"ReadAction\",\"target\":[\"https:\\\/\\\/toelthester.dk\\\/de\\\/speichern\\\/gaumur-2\\\/\"]}]},{\"@type\":\"ImageObject\",\"inLanguage\":\"en-GB\",\"@id\":\"https:\\\/\\\/toelthester.dk\\\/de\\\/speichern\\\/gaumur-2\\\/#primaryimage\",\"url\":\"https:\\\/\\\/toelthester.dk\\\/wp-content\\\/uploads\\\/2020\\\/02\\\/T\u00f8lthester-169-72-dpi.jpg\",\"contentUrl\":\"https:\\\/\\\/toelthester.dk\\\/wp-content\\\/uploads\\\/2020\\\/02\\\/T\u00f8lthester-169-72-dpi.jpg\",\"width\":1301,\"height\":867,\"caption\":\"Gaumur T\u00f8lthester\"},{\"@type\":\"BreadcrumbList\",\"@id\":\"https:\\\/\\\/toelthester.dk\\\/de\\\/speichern\\\/gaumur-2\\\/#breadcrumb\",\"itemListElement\":[{\"@type\":\"ListItem\",\"position\":1,\"name\":\"Hjem\",\"item\":\"https:\\\/\\\/toelthester.dk\\\/\"},{\"@type\":\"ListItem\",\"position\":2,\"name\":\"Shop\",\"item\":\"https:\\\/\\\/toelthester.dk\\\/shop\\\/\"},{\"@type\":\"ListItem\",\"position\":3,\"name\":\"Gaumur uld paneller\"}]},{\"@type\":\"WebSite\",\"@id\":\"https:\\\/\\\/toelthester.dk\\\/#website\",\"url\":\"https:\\\/\\\/toelthester.dk\\\/\",\"name\":\"Toelthester\",\"description\":\"\",\"potentialAction\":[{\"@type\":\"SearchAction\",\"target\":{\"@type\":\"EntryPoint\",\"urlTemplate\":\"https:\\\/\\\/toelthester.dk\\\/?s={search_term_string}\"},\"query-input\":{\"@type\":\"PropertyValueSpecification\",\"valueRequired\":true,\"valueName\":\"search_term_string\"}}],\"inLanguage\":\"en-GB\"}]}<\/script>\n<!-- \/ Yoast SEO plugin. -->","yoast_head_json":{"title":"Gaumur, brand new saddle from T\u00f8lhester with exciting knee pads.","description":"Gaumur has newly developed panels made of three layers of latex. The seat itself in the saddle provides a natural position, with half-length knee pads.","robots":{"index":"index","follow":"follow","max-snippet":"max-snippet:-1","max-image-preview":"max-image-preview:large","max-video-preview":"max-video-preview:-1"},"canonical":"https:\/\/toelthester.dk\/en\/store\/gaumur-2\/","og_locale":"en_GB","og_type":"article","og_title":"Gaumur, helt ny sadel fra T\u00f8lthester med sp\u00e6ndende kn\u00e6puder.","og_description":"Gaumur har nyudviklet paneller p\u00e5, der er opbygget af tre lags latex. Selve s\u00e6det i sadlen giver en naturlig opstilling, med halvlange kn\u00e6puder.","og_url":"https:\/\/toelthester.dk\/en\/store\/gaumur-2\/","og_site_name":"Toelthester","article_modified_time":"2025-07-03T18:17:36+00:00","og_image":[{"width":1301,"height":867,"url":"https:\/\/toelthester.dk\/wp-content\/uploads\/2020\/02\/T\u00f8lthester-169-72-dpi.jpg","type":"image\/jpeg"}],"twitter_card":"summary_large_image","twitter_misc":{"Estimated reading time":"1 minute"},"schema":{"@context":"https:\/\/schema.org","@graph":[{"@type":"WebPage","@id":"https:\/\/toelthester.dk\/de\/speichern\/gaumur-2\/","url":"https:\/\/toelthester.dk\/de\/speichern\/gaumur-2\/","name":"Gaumur, brand new saddle from T\u00f8lhester with exciting knee pads.","isPartOf":{"@id":"https:\/\/toelthester.dk\/#website"},"primaryImageOfPage":{"@id":"https:\/\/toelthester.dk\/de\/speichern\/gaumur-2\/#primaryimage"},"image":{"@id":"https:\/\/toelthester.dk\/de\/speichern\/gaumur-2\/#primaryimage"},"thumbnailUrl":"https:\/\/toelthester.dk\/wp-content\/uploads\/2020\/02\/T\u00f8lthester-169-72-dpi.jpg","datePublished":"2023-06-05T07:27:41+00:00","dateModified":"2025-07-03T18:17:36+00:00","description":"Gaumur has newly developed panels made of three layers of latex. The seat itself in the saddle provides a natural position, with half-length knee pads.","breadcrumb":{"@id":"https:\/\/toelthester.dk\/de\/speichern\/gaumur-2\/#breadcrumb"},"inLanguage":"en-GB","potentialAction":[{"@type":"ReadAction","target":["https:\/\/toelthester.dk\/de\/speichern\/gaumur-2\/"]}]},{"@type":"ImageObject","inLanguage":"en-GB","@id":"https:\/\/toelthester.dk\/de\/speichern\/gaumur-2\/#primaryimage","url":"https:\/\/toelthester.dk\/wp-content\/uploads\/2020\/02\/T\u00f8lthester-169-72-dpi.jpg","contentUrl":"https:\/\/toelthester.dk\/wp-content\/uploads\/2020\/02\/T\u00f8lthester-169-72-dpi.jpg","width":1301,"height":867,"caption":"Gaumur T\u00f8lthester"},{"@type":"BreadcrumbList","@id":"https:\/\/toelthester.dk\/de\/speichern\/gaumur-2\/#breadcrumb","itemListElement":[{"@type":"ListItem","position":1,"name":"Hjem","item":"https:\/\/toelthester.dk\/"},{"@type":"ListItem","position":2,"name":"Shop","item":"https:\/\/toelthester.dk\/shop\/"},{"@type":"ListItem","position":3,"name":"Gaumur uld paneller"}]},{"@type":"WebSite","@id":"https:\/\/toelthester.dk\/#website","url":"https:\/\/toelthester.dk\/","name":"Toilet horses","description":"","potentialAction":[{"@type":"SearchAction","target":{"@type":"EntryPoint","urlTemplate":"https:\/\/toelthester.dk\/?s={search_term_string}"},"query-input":{"@type":"PropertyValueSpecification","valueRequired":true,"valueName":"search_term_string"}}],"inLanguage":"en-GB"}]}},"_links":{"self":[{"href":"https:\/\/toelthester.dk\/en\/wp-json\/wp\/v2\/product\/9628","targetHints":{"allow":["GET"]}}],"collection":[{"href":"https:\/\/toelthester.dk\/en\/wp-json\/wp\/v2\/product"}],"about":[{"href":"https:\/\/toelthester.dk\/en\/wp-json\/wp\/v2\/types\/product"}],"wp:featuredmedia":[{"embeddable":true,"href":"https:\/\/toelthester.dk\/en\/wp-json\/wp\/v2\/media\/8286"}],"wp:attachment":[{"href":"https:\/\/toelthester.dk\/en\/wp-json\/wp\/v2\/media?parent=9628"}],"wp:term":[{"taxonomy":"product_brand","embeddable":true,"href":"https:\/\/toelthester.dk\/en\/wp-json\/wp\/v2\/product_brand?post=9628"},{"taxonomy":"product_cat","embeddable":true,"href":"https:\/\/toelthester.dk\/en\/wp-json\/wp\/v2\/product_cat?post=9628"},{"taxonomy":"product_tag","embeddable":true,"href":"https:\/\/toelthester.dk\/en\/wp-json\/wp\/v2\/product_tag?post=9628"}],"curies":[{"name":"wp","href":"https:\/\/api.w.org\/{rel}","templated":true}]}}