{"id":782,"date":"2016-10-27T10:21:40","date_gmt":"2016-10-27T08:21:40","guid":{"rendered":"http:\/\/toelthester.dk\/butik\/gelpad-kk\/"},"modified":"2026-04-22T11:07:04","modified_gmt":"2026-04-22T09:07:04","slug":"bomloes","status":"publish","type":"product","link":"https:\/\/toelthester.dk\/en\/butik\/bomloes\/","title":{"rendered":"Saddle Pad  T\u00f3nn short knee pads"},"content":{"rendered":"<p><strong>Technical data:<\/strong><br \/>\n<strong>Boomless Gel Pad T\u00f3nn<br \/>\n<\/strong><strong>Stopping:<\/strong> Latex<br \/>\n<strong>Boom:<\/strong> Boomless<br \/>\n<strong>Seat sizes:<\/strong> 16.0\u2033 \u2013 16.5\u2033 \u2013 17.0\u2033 \u2013 17.5\u2033 \u2013 18.0\u2033<br \/>\n<strong>Weight:<\/strong>\u00a04.8 kg<\/p>\n<p>&nbsp;<\/p>","protected":false},"excerpt":{"rendered":"<p><strong>T\u00f3nn boomless from T\u00f8lthester<\/strong><\/p>\n<p style=\"background: white;\"><span style=\"font-size: 11.5pt; font-family: 'Arial',sans-serif; color: black;\">The development of our boomless latex saddle shows how innovative it is possible to be despite many years of saddle development.<\/span><\/p>\n<p style=\"background: white;\"><span style=\"font-size: 11.5pt; font-family: 'Arial',sans-serif; color: black;\">T\u00f3nn is cut out extra wide at the withers, so as not to press the horse. In addition, it has extra padding so as not to press the horse&#039;s back. In addition, it has support at the back, which helps the rider to keep the correct seat and position. Good solid knee pads help make this saddle pad the first choice for more and more riders.<\/span><\/p>\n<p style=\"background: white;\"><span style=\"font-size: 11.5pt; font-family: 'Arial',sans-serif; color: black;\">The T\u00f3nn comes with a cup iron at the front of the withers, which prevents the saddle from falling onto the withers of the horse.<br \/>\nThe T\u00f3nn saddle is available in two variants, one with short and one with long knee pads.<\/span><\/p>","protected":false},"featured_media":7685,"template":"","meta":{"inline_featured_image":false},"product_brand":[],"product_cat":[10],"product_tag":[],"class_list":{"0":"post-782","1":"product","2":"type-product","3":"status-publish","4":"has-post-thumbnail","6":"product_cat-sadler","8":"first","9":"outofstock","10":"featured","11":"taxable","12":"shipping-taxable","13":"purchasable","14":"product-type-variable"},"yoast_head":"<!-- This site is optimized with the Yoast SEO plugin v27.4 - https:\/\/yoast.com\/product\/yoast-seo-wordpress\/ -->\n<title>T\u00f8lthester Boml\u00f8s T\u00f3nn med korte kn\u00e6puder super bl\u00f8dt s\u00e6de<\/title>\n<meta name=\"description\" content=\"Boml\u00f8s T\u00f3nn er udviklet med henblik p\u00e5 rytterens komfort, samtidig med at den har fin kontakt med hesten. Det g\u00f8res blandt andet med et indbygget kophjern.\" \/>\n<meta name=\"robots\" content=\"index, follow, max-snippet:-1, max-image-preview:large, max-video-preview:-1\" \/>\n<link rel=\"canonical\" href=\"https:\/\/toelthester.dk\/en\/store\/bomloes\/\" \/>\n<meta property=\"og:locale\" content=\"en_GB\" \/>\n<meta property=\"og:type\" content=\"article\" \/>\n<meta property=\"og:title\" content=\"T\u00f8lthester Boml\u00f8s T\u00f3nn med korte kn\u00e6puder super bl\u00f8dt s\u00e6de\" \/>\n<meta property=\"og:description\" content=\"Boml\u00f8s T\u00f3nn er udviklet med henblik p\u00e5 rytterens komfort, samtidig med at den har fin kontakt med hesten. Det g\u00f8res blandt andet med et indbygget kophjern.\" \/>\n<meta property=\"og:url\" content=\"https:\/\/toelthester.dk\/en\/store\/bomloes\/\" \/>\n<meta property=\"og:site_name\" content=\"Toelthester\" \/>\n<meta property=\"article:modified_time\" content=\"2026-04-22T09:07:04+00:00\" \/>\n<meta property=\"og:image\" content=\"https:\/\/toelthester.dk\/wp-content\/uploads\/2016\/10\/T\u00f8lthester-161-72-dpi.jpg\" \/>\n\t<meta property=\"og:image:width\" content=\"1440\" \/>\n\t<meta property=\"og:image:height\" content=\"960\" \/>\n\t<meta property=\"og:image:type\" content=\"image\/jpeg\" \/>\n<meta name=\"twitter:card\" content=\"summary_large_image\" \/>\n<meta name=\"twitter:label1\" content=\"Estimated reading time\" \/>\n\t<meta name=\"twitter:data1\" content=\"1 minute\" \/>\n<script type=\"application\/ld+json\" class=\"yoast-schema-graph\">{\"@context\":\"https:\\\/\\\/schema.org\",\"@graph\":[{\"@type\":\"WebPage\",\"@id\":\"https:\\\/\\\/toelthester.dk\\\/de\\\/speichern\\\/bomloes\\\/\",\"url\":\"https:\\\/\\\/toelthester.dk\\\/de\\\/speichern\\\/bomloes\\\/\",\"name\":\"T\u00f8lthester Boml\u00f8s T\u00f3nn med korte kn\u00e6puder super bl\u00f8dt s\u00e6de\",\"isPartOf\":{\"@id\":\"https:\\\/\\\/toelthester.dk\\\/#website\"},\"primaryImageOfPage\":{\"@id\":\"https:\\\/\\\/toelthester.dk\\\/de\\\/speichern\\\/bomloes\\\/#primaryimage\"},\"image\":{\"@id\":\"https:\\\/\\\/toelthester.dk\\\/de\\\/speichern\\\/bomloes\\\/#primaryimage\"},\"thumbnailUrl\":\"https:\\\/\\\/toelthester.dk\\\/wp-content\\\/uploads\\\/2016\\\/10\\\/T\u00f8lthester-161-72-dpi.jpg\",\"datePublished\":\"2016-10-27T08:21:40+00:00\",\"dateModified\":\"2026-04-22T09:07:04+00:00\",\"description\":\"Boml\u00f8s T\u00f3nn er udviklet med henblik p\u00e5 rytterens komfort, samtidig med at den har fin kontakt med hesten. Det g\u00f8res blandt andet med et indbygget kophjern.\",\"breadcrumb\":{\"@id\":\"https:\\\/\\\/toelthester.dk\\\/de\\\/speichern\\\/bomloes\\\/#breadcrumb\"},\"inLanguage\":\"en-GB\",\"potentialAction\":[{\"@type\":\"ReadAction\",\"target\":[\"https:\\\/\\\/toelthester.dk\\\/de\\\/speichern\\\/bomloes\\\/\"]}]},{\"@type\":\"ImageObject\",\"inLanguage\":\"en-GB\",\"@id\":\"https:\\\/\\\/toelthester.dk\\\/de\\\/speichern\\\/bomloes\\\/#primaryimage\",\"url\":\"https:\\\/\\\/toelthester.dk\\\/wp-content\\\/uploads\\\/2016\\\/10\\\/T\u00f8lthester-161-72-dpi.jpg\",\"contentUrl\":\"https:\\\/\\\/toelthester.dk\\\/wp-content\\\/uploads\\\/2016\\\/10\\\/T\u00f8lthester-161-72-dpi.jpg\",\"width\":1440,\"height\":960},{\"@type\":\"BreadcrumbList\",\"@id\":\"https:\\\/\\\/toelthester.dk\\\/de\\\/speichern\\\/bomloes\\\/#breadcrumb\",\"itemListElement\":[{\"@type\":\"ListItem\",\"position\":1,\"name\":\"Hjem\",\"item\":\"https:\\\/\\\/toelthester.dk\\\/\"},{\"@type\":\"ListItem\",\"position\":2,\"name\":\"Shop\",\"item\":\"https:\\\/\\\/toelthester.dk\\\/shop\\\/\"},{\"@type\":\"ListItem\",\"position\":3,\"name\":\"Boml\u00f8s T\u00f3nn korte kn\u00e6puder\"}]},{\"@type\":\"WebSite\",\"@id\":\"https:\\\/\\\/toelthester.dk\\\/#website\",\"url\":\"https:\\\/\\\/toelthester.dk\\\/\",\"name\":\"Toelthester\",\"description\":\"\",\"potentialAction\":[{\"@type\":\"SearchAction\",\"target\":{\"@type\":\"EntryPoint\",\"urlTemplate\":\"https:\\\/\\\/toelthester.dk\\\/?s={search_term_string}\"},\"query-input\":{\"@type\":\"PropertyValueSpecification\",\"valueRequired\":true,\"valueName\":\"search_term_string\"}}],\"inLanguage\":\"en-GB\"}]}<\/script>\n<!-- \/ Yoast SEO plugin. -->","yoast_head_json":{"title":"T\u00f8lthester Boml\u00f8s T\u00f3nn with short knee pads super soft seat","description":"Boml\u00f8s T\u00f3nn has been developed with a view to the comfort of the rider, at the same time as it has good contact with the horse. This is done, among other things, with a built-in cup iron.","robots":{"index":"index","follow":"follow","max-snippet":"max-snippet:-1","max-image-preview":"max-image-preview:large","max-video-preview":"max-video-preview:-1"},"canonical":"https:\/\/toelthester.dk\/en\/store\/bomloes\/","og_locale":"en_GB","og_type":"article","og_title":"T\u00f8lthester Boml\u00f8s T\u00f3nn med korte kn\u00e6puder super bl\u00f8dt s\u00e6de","og_description":"Boml\u00f8s T\u00f3nn er udviklet med henblik p\u00e5 rytterens komfort, samtidig med at den har fin kontakt med hesten. Det g\u00f8res blandt andet med et indbygget kophjern.","og_url":"https:\/\/toelthester.dk\/en\/store\/bomloes\/","og_site_name":"Toelthester","article_modified_time":"2026-04-22T09:07:04+00:00","og_image":[{"width":1440,"height":960,"url":"https:\/\/toelthester.dk\/wp-content\/uploads\/2016\/10\/T\u00f8lthester-161-72-dpi.jpg","type":"image\/jpeg"}],"twitter_card":"summary_large_image","twitter_misc":{"Estimated reading time":"1 minute"},"schema":{"@context":"https:\/\/schema.org","@graph":[{"@type":"WebPage","@id":"https:\/\/toelthester.dk\/de\/speichern\/bomloes\/","url":"https:\/\/toelthester.dk\/de\/speichern\/bomloes\/","name":"T\u00f8lthester Boml\u00f8s T\u00f3nn with short knee pads super soft seat","isPartOf":{"@id":"https:\/\/toelthester.dk\/#website"},"primaryImageOfPage":{"@id":"https:\/\/toelthester.dk\/de\/speichern\/bomloes\/#primaryimage"},"image":{"@id":"https:\/\/toelthester.dk\/de\/speichern\/bomloes\/#primaryimage"},"thumbnailUrl":"https:\/\/toelthester.dk\/wp-content\/uploads\/2016\/10\/T\u00f8lthester-161-72-dpi.jpg","datePublished":"2016-10-27T08:21:40+00:00","dateModified":"2026-04-22T09:07:04+00:00","description":"Boml\u00f8s T\u00f3nn has been developed with a view to the comfort of the rider, at the same time as it has good contact with the horse. This is done, among other things, with a built-in cup iron.","breadcrumb":{"@id":"https:\/\/toelthester.dk\/de\/speichern\/bomloes\/#breadcrumb"},"inLanguage":"en-GB","potentialAction":[{"@type":"ReadAction","target":["https:\/\/toelthester.dk\/de\/speichern\/bomloes\/"]}]},{"@type":"ImageObject","inLanguage":"en-GB","@id":"https:\/\/toelthester.dk\/de\/speichern\/bomloes\/#primaryimage","url":"https:\/\/toelthester.dk\/wp-content\/uploads\/2016\/10\/T\u00f8lthester-161-72-dpi.jpg","contentUrl":"https:\/\/toelthester.dk\/wp-content\/uploads\/2016\/10\/T\u00f8lthester-161-72-dpi.jpg","width":1440,"height":960},{"@type":"BreadcrumbList","@id":"https:\/\/toelthester.dk\/de\/speichern\/bomloes\/#breadcrumb","itemListElement":[{"@type":"ListItem","position":1,"name":"Hjem","item":"https:\/\/toelthester.dk\/"},{"@type":"ListItem","position":2,"name":"Shop","item":"https:\/\/toelthester.dk\/shop\/"},{"@type":"ListItem","position":3,"name":"Boml\u00f8s T\u00f3nn korte kn\u00e6puder"}]},{"@type":"WebSite","@id":"https:\/\/toelthester.dk\/#website","url":"https:\/\/toelthester.dk\/","name":"Toilet horses","description":"","potentialAction":[{"@type":"SearchAction","target":{"@type":"EntryPoint","urlTemplate":"https:\/\/toelthester.dk\/?s={search_term_string}"},"query-input":{"@type":"PropertyValueSpecification","valueRequired":true,"valueName":"search_term_string"}}],"inLanguage":"en-GB"}]}},"_links":{"self":[{"href":"https:\/\/toelthester.dk\/en\/wp-json\/wp\/v2\/product\/782","targetHints":{"allow":["GET"]}}],"collection":[{"href":"https:\/\/toelthester.dk\/en\/wp-json\/wp\/v2\/product"}],"about":[{"href":"https:\/\/toelthester.dk\/en\/wp-json\/wp\/v2\/types\/product"}],"wp:featuredmedia":[{"embeddable":true,"href":"https:\/\/toelthester.dk\/en\/wp-json\/wp\/v2\/media\/7685"}],"wp:attachment":[{"href":"https:\/\/toelthester.dk\/en\/wp-json\/wp\/v2\/media?parent=782"}],"wp:term":[{"taxonomy":"product_brand","embeddable":true,"href":"https:\/\/toelthester.dk\/en\/wp-json\/wp\/v2\/product_brand?post=782"},{"taxonomy":"product_cat","embeddable":true,"href":"https:\/\/toelthester.dk\/en\/wp-json\/wp\/v2\/product_cat?post=782"},{"taxonomy":"product_tag","embeddable":true,"href":"https:\/\/toelthester.dk\/en\/wp-json\/wp\/v2\/product_tag?post=782"}],"curies":[{"name":"wp","href":"https:\/\/api.w.org\/{rel}","templated":true}]}}