{"id":7631,"date":"2019-11-15T12:43:30","date_gmt":"2019-11-15T11:43:30","guid":{"rendered":"https:\/\/toelthester.dk\/?post_type=product&#038;p=7631"},"modified":"2026-04-12T18:48:25","modified_gmt":"2026-04-12T16:48:25","slug":"traektov-black","status":"publish","type":"product","link":"https:\/\/toelthester.dk\/en\/butik\/traektov-sort\/","title":{"rendered":"Black halter handle with carabiner"},"content":{"rendered":"<p>Fine pull rope in black, with normal carabiner<\/p>\n<p>&nbsp;<\/p>","protected":false},"excerpt":{"rendered":"<p>Fine pull rope in black, with carabiner.<\/p>\n<p>&nbsp;<\/p>","protected":false},"featured_media":7900,"template":"","meta":{"inline_featured_image":false},"product_brand":[],"product_cat":[12,30],"product_tag":[],"class_list":{"0":"post-7631","1":"product","2":"type-product","3":"status-publish","4":"has-post-thumbnail","6":"product_cat-trenser","7":"product_cat-toejler","9":"first","10":"instock","11":"featured","12":"taxable","13":"shipping-taxable","14":"purchasable","15":"product-type-simple"},"yoast_head":"<!-- This site is optimized with the Yoast SEO plugin v27.4 - https:\/\/yoast.com\/product\/yoast-seo-wordpress\/ -->\n<title>Tr\u00e6k tov i farven sort med bup i enden, med st\u00e5lpistolhage<\/title>\n<meta name=\"description\" content=\"Et fint tr\u00e6ktov der passer til vores grimer sort. Udstyret med st\u00e5lpistolhage hvis uheldet er der og hesten vil noget andet end dig.\" \/>\n<meta name=\"robots\" content=\"index, follow, max-snippet:-1, max-image-preview:large, max-video-preview:-1\" \/>\n<link rel=\"canonical\" href=\"https:\/\/toelthester.dk\/en\/store\/traektov-black\/\" \/>\n<meta property=\"og:locale\" content=\"en_GB\" \/>\n<meta property=\"og:type\" content=\"article\" \/>\n<meta property=\"og:title\" content=\"Tr\u00e6k tov i farven sort med bup i enden, med st\u00e5lpistolhage\" \/>\n<meta property=\"og:description\" content=\"Et fint tr\u00e6ktov der passer til vores grimer sort. Udstyret med st\u00e5lpistolhage hvis uheldet er der og hesten vil noget andet end dig.\" \/>\n<meta property=\"og:url\" content=\"https:\/\/toelthester.dk\/en\/store\/traektov-black\/\" \/>\n<meta property=\"og:site_name\" content=\"Toelthester\" \/>\n<meta property=\"article:modified_time\" content=\"2026-04-12T16:48:25+00:00\" \/>\n<meta property=\"og:image\" content=\"https:\/\/toelthester.dk\/wp-content\/uploads\/2019\/11\/T\u00f8lthester-363-72-dpi.jpg\" \/>\n\t<meta property=\"og:image:width\" content=\"1440\" \/>\n\t<meta property=\"og:image:height\" content=\"960\" \/>\n\t<meta property=\"og:image:type\" content=\"image\/jpeg\" \/>\n<meta name=\"twitter:card\" content=\"summary_large_image\" \/>\n<meta name=\"twitter:label1\" content=\"Estimated reading time\" \/>\n\t<meta name=\"twitter:data1\" content=\"1 minute\" \/>\n<script type=\"application\/ld+json\" class=\"yoast-schema-graph\">{\"@context\":\"https:\\\/\\\/schema.org\",\"@graph\":[{\"@type\":\"WebPage\",\"@id\":\"https:\\\/\\\/toelthester.dk\\\/nl\\\/winkel\\\/traektov-zwart\\\/\",\"url\":\"https:\\\/\\\/toelthester.dk\\\/nl\\\/winkel\\\/traektov-zwart\\\/\",\"name\":\"Tr\u00e6k tov i farven sort med bup i enden, med st\u00e5lpistolhage\",\"isPartOf\":{\"@id\":\"https:\\\/\\\/toelthester.dk\\\/#website\"},\"primaryImageOfPage\":{\"@id\":\"https:\\\/\\\/toelthester.dk\\\/nl\\\/winkel\\\/traektov-zwart\\\/#primaryimage\"},\"image\":{\"@id\":\"https:\\\/\\\/toelthester.dk\\\/nl\\\/winkel\\\/traektov-zwart\\\/#primaryimage\"},\"thumbnailUrl\":\"https:\\\/\\\/toelthester.dk\\\/wp-content\\\/uploads\\\/2019\\\/11\\\/T\u00f8lthester-363-72-dpi.jpg\",\"datePublished\":\"2019-11-15T11:43:30+00:00\",\"dateModified\":\"2026-04-12T16:48:25+00:00\",\"description\":\"Et fint tr\u00e6ktov der passer til vores grimer sort. Udstyret med st\u00e5lpistolhage hvis uheldet er der og hesten vil noget andet end dig.\",\"breadcrumb\":{\"@id\":\"https:\\\/\\\/toelthester.dk\\\/nl\\\/winkel\\\/traektov-zwart\\\/#breadcrumb\"},\"inLanguage\":\"en-GB\",\"potentialAction\":[{\"@type\":\"ReadAction\",\"target\":[\"https:\\\/\\\/toelthester.dk\\\/nl\\\/winkel\\\/traektov-zwart\\\/\"]}]},{\"@type\":\"ImageObject\",\"inLanguage\":\"en-GB\",\"@id\":\"https:\\\/\\\/toelthester.dk\\\/nl\\\/winkel\\\/traektov-zwart\\\/#primaryimage\",\"url\":\"https:\\\/\\\/toelthester.dk\\\/wp-content\\\/uploads\\\/2019\\\/11\\\/T\u00f8lthester-363-72-dpi.jpg\",\"contentUrl\":\"https:\\\/\\\/toelthester.dk\\\/wp-content\\\/uploads\\\/2019\\\/11\\\/T\u00f8lthester-363-72-dpi.jpg\",\"width\":1440,\"height\":960},{\"@type\":\"BreadcrumbList\",\"@id\":\"https:\\\/\\\/toelthester.dk\\\/nl\\\/winkel\\\/traektov-zwart\\\/#breadcrumb\",\"itemListElement\":[{\"@type\":\"ListItem\",\"position\":1,\"name\":\"Hjem\",\"item\":\"https:\\\/\\\/toelthester.dk\\\/\"},{\"@type\":\"ListItem\",\"position\":2,\"name\":\"Shop\",\"item\":\"https:\\\/\\\/toelthester.dk\\\/shop\\\/\"},{\"@type\":\"ListItem\",\"position\":3,\"name\":\"Grimeskaft sort med karabin\"}]},{\"@type\":\"WebSite\",\"@id\":\"https:\\\/\\\/toelthester.dk\\\/#website\",\"url\":\"https:\\\/\\\/toelthester.dk\\\/\",\"name\":\"Toelthester\",\"description\":\"\",\"potentialAction\":[{\"@type\":\"SearchAction\",\"target\":{\"@type\":\"EntryPoint\",\"urlTemplate\":\"https:\\\/\\\/toelthester.dk\\\/?s={search_term_string}\"},\"query-input\":{\"@type\":\"PropertyValueSpecification\",\"valueRequired\":true,\"valueName\":\"search_term_string\"}}],\"inLanguage\":\"en-GB\"}]}<\/script>\n<!-- \/ Yoast SEO plugin. -->","yoast_head_json":{"title":"Pull rope in the color black with bup at the end, with steel pistol hook","description":"A fine tow rope that fits our black halter. Equipped with a steel pistol hook if the accident happens and the horse wants something other than you.","robots":{"index":"index","follow":"follow","max-snippet":"max-snippet:-1","max-image-preview":"max-image-preview:large","max-video-preview":"max-video-preview:-1"},"canonical":"https:\/\/toelthester.dk\/en\/store\/traektov-black\/","og_locale":"en_GB","og_type":"article","og_title":"Tr\u00e6k tov i farven sort med bup i enden, med st\u00e5lpistolhage","og_description":"Et fint tr\u00e6ktov der passer til vores grimer sort. Udstyret med st\u00e5lpistolhage hvis uheldet er der og hesten vil noget andet end dig.","og_url":"https:\/\/toelthester.dk\/en\/store\/traektov-black\/","og_site_name":"Toelthester","article_modified_time":"2026-04-12T16:48:25+00:00","og_image":[{"width":1440,"height":960,"url":"https:\/\/toelthester.dk\/wp-content\/uploads\/2019\/11\/T\u00f8lthester-363-72-dpi.jpg","type":"image\/jpeg"}],"twitter_card":"summary_large_image","twitter_misc":{"Estimated reading time":"1 minute"},"schema":{"@context":"https:\/\/schema.org","@graph":[{"@type":"WebPage","@id":"https:\/\/toelthester.dk\/nl\/winkel\/traektov-zwart\/","url":"https:\/\/toelthester.dk\/nl\/winkel\/traektov-zwart\/","name":"Pull rope in the color black with bup at the end, with steel pistol hook","isPartOf":{"@id":"https:\/\/toelthester.dk\/#website"},"primaryImageOfPage":{"@id":"https:\/\/toelthester.dk\/nl\/winkel\/traektov-zwart\/#primaryimage"},"image":{"@id":"https:\/\/toelthester.dk\/nl\/winkel\/traektov-zwart\/#primaryimage"},"thumbnailUrl":"https:\/\/toelthester.dk\/wp-content\/uploads\/2019\/11\/T\u00f8lthester-363-72-dpi.jpg","datePublished":"2019-11-15T11:43:30+00:00","dateModified":"2026-04-12T16:48:25+00:00","description":"A fine tow rope that fits our black halter. Equipped with a steel pistol hook if the accident happens and the horse wants something other than you.","breadcrumb":{"@id":"https:\/\/toelthester.dk\/nl\/winkel\/traektov-zwart\/#breadcrumb"},"inLanguage":"en-GB","potentialAction":[{"@type":"ReadAction","target":["https:\/\/toelthester.dk\/nl\/winkel\/traektov-zwart\/"]}]},{"@type":"ImageObject","inLanguage":"en-GB","@id":"https:\/\/toelthester.dk\/nl\/winkel\/traektov-zwart\/#primaryimage","url":"https:\/\/toelthester.dk\/wp-content\/uploads\/2019\/11\/T\u00f8lthester-363-72-dpi.jpg","contentUrl":"https:\/\/toelthester.dk\/wp-content\/uploads\/2019\/11\/T\u00f8lthester-363-72-dpi.jpg","width":1440,"height":960},{"@type":"BreadcrumbList","@id":"https:\/\/toelthester.dk\/nl\/winkel\/traektov-zwart\/#breadcrumb","itemListElement":[{"@type":"ListItem","position":1,"name":"Hjem","item":"https:\/\/toelthester.dk\/"},{"@type":"ListItem","position":2,"name":"Shop","item":"https:\/\/toelthester.dk\/shop\/"},{"@type":"ListItem","position":3,"name":"Grimeskaft sort med karabin"}]},{"@type":"WebSite","@id":"https:\/\/toelthester.dk\/#website","url":"https:\/\/toelthester.dk\/","name":"Toilet horses","description":"","potentialAction":[{"@type":"SearchAction","target":{"@type":"EntryPoint","urlTemplate":"https:\/\/toelthester.dk\/?s={search_term_string}"},"query-input":{"@type":"PropertyValueSpecification","valueRequired":true,"valueName":"search_term_string"}}],"inLanguage":"en-GB"}]}},"_links":{"self":[{"href":"https:\/\/toelthester.dk\/en\/wp-json\/wp\/v2\/product\/7631","targetHints":{"allow":["GET"]}}],"collection":[{"href":"https:\/\/toelthester.dk\/en\/wp-json\/wp\/v2\/product"}],"about":[{"href":"https:\/\/toelthester.dk\/en\/wp-json\/wp\/v2\/types\/product"}],"wp:featuredmedia":[{"embeddable":true,"href":"https:\/\/toelthester.dk\/en\/wp-json\/wp\/v2\/media\/7900"}],"wp:attachment":[{"href":"https:\/\/toelthester.dk\/en\/wp-json\/wp\/v2\/media?parent=7631"}],"wp:term":[{"taxonomy":"product_brand","embeddable":true,"href":"https:\/\/toelthester.dk\/en\/wp-json\/wp\/v2\/product_brand?post=7631"},{"taxonomy":"product_cat","embeddable":true,"href":"https:\/\/toelthester.dk\/en\/wp-json\/wp\/v2\/product_cat?post=7631"},{"taxonomy":"product_tag","embeddable":true,"href":"https:\/\/toelthester.dk\/en\/wp-json\/wp\/v2\/product_tag?post=7631"}],"curies":[{"name":"wp","href":"https:\/\/api.w.org\/{rel}","templated":true}]}}