{"id":7025,"date":"2019-02-12T14:22:54","date_gmt":"2019-02-12T13:22:54","guid":{"rendered":"https:\/\/toelthester.dk\/?post_type=product&#038;p=7025"},"modified":"2026-04-08T13:07:23","modified_gmt":"2026-04-08T11:07:23","slug":"black-legged-eel","status":"publish","type":"product","link":"https:\/\/toelthester.dk\/en\/butik\/sort-stigboejle\/","title":{"rendered":"Black S stirrup"},"content":{"rendered":"<p>S-stirrup in stainless steel lacquered with matt black lacquer.<\/p>\n<p>Safety stirrups in stainless steel, the shape like an S increases safety, it is easier to get out of the stirrup.<\/p>\n<p>Width 11.5 cm or 12.5 cm<br \/>\nMeasured inside the stirrup.<\/p>\n<p>Weight: 380g<\/p>\n<p>&nbsp;<\/p>","protected":false},"excerpt":{"rendered":"<p>S stirrup in stainless steel powder coated with matt black lacquer.<\/p>\n<p>Safety stirrups in stainless steel, the shape like an S increases safety, it is easier to get out of the stirrup.<\/p>\n<p>Width 11.5 cm or 12.5 cm<br \/>\nMeasured inside the stirrup.<\/p>\n<p>Weight: 380g<\/p>\n<p>&nbsp;<\/p>\n<p>&nbsp;<\/p>","protected":false},"featured_media":8161,"template":"","meta":{"inline_featured_image":false},"product_brand":[],"product_cat":[13],"product_tag":[],"class_list":{"0":"post-7025","1":"product","2":"type-product","3":"status-publish","4":"has-post-thumbnail","6":"product_cat-tilbehoer-sadler","8":"first","9":"instock","10":"featured","11":"taxable","12":"shipping-taxable","13":"purchasable","14":"product-type-variable"},"yoast_head":"<!-- This site is optimized with the Yoast SEO plugin v27.4 - https:\/\/yoast.com\/product\/yoast-seo-wordpress\/ -->\n<title>Stigb\u00f8jle udf\u00f8rt i kvalitets st\u00e5l.<\/title>\n<meta name=\"description\" content=\"Stigb\u00f8jle udf\u00f8rt i kvalitets st\u00e5l.\" \/>\n<meta name=\"robots\" content=\"index, follow, max-snippet:-1, max-image-preview:large, max-video-preview:-1\" \/>\n<link rel=\"canonical\" href=\"https:\/\/toelthester.dk\/en\/store\/black-legged-eel\/\" \/>\n<meta property=\"og:locale\" content=\"en_GB\" \/>\n<meta property=\"og:type\" content=\"article\" \/>\n<meta property=\"og:title\" content=\"Stigb\u00f8jle udf\u00f8rt i kvalitets st\u00e5l.\" \/>\n<meta property=\"og:description\" content=\"Stigb\u00f8jle udf\u00f8rt i kvalitets st\u00e5l.\" \/>\n<meta property=\"og:url\" content=\"https:\/\/toelthester.dk\/en\/store\/black-legged-eel\/\" \/>\n<meta property=\"og:site_name\" content=\"Toelthester\" \/>\n<meta property=\"article:modified_time\" content=\"2026-04-08T11:07:23+00:00\" \/>\n<meta property=\"og:image\" content=\"https:\/\/toelthester.dk\/wp-content\/uploads\/2019\/02\/T\u00f8lthester-411-72-dpi.jpg\" \/>\n\t<meta property=\"og:image:width\" content=\"1440\" \/>\n\t<meta property=\"og:image:height\" content=\"960\" \/>\n\t<meta property=\"og:image:type\" content=\"image\/jpeg\" \/>\n<meta name=\"twitter:card\" content=\"summary_large_image\" \/>\n<meta name=\"twitter:label1\" content=\"Estimated reading time\" \/>\n\t<meta name=\"twitter:data1\" content=\"1 minute\" \/>\n<script type=\"application\/ld+json\" class=\"yoast-schema-graph\">{\"@context\":\"https:\\\/\\\/schema.org\",\"@graph\":[{\"@type\":\"WebPage\",\"@id\":\"https:\\\/\\\/toelthester.dk\\\/butik\\\/sort-stigboejle\\\/\",\"url\":\"https:\\\/\\\/toelthester.dk\\\/butik\\\/sort-stigboejle\\\/\",\"name\":\"Stigb\u00f8jle udf\u00f8rt i kvalitets st\u00e5l.\",\"isPartOf\":{\"@id\":\"https:\\\/\\\/toelthester.dk\\\/#website\"},\"primaryImageOfPage\":{\"@id\":\"https:\\\/\\\/toelthester.dk\\\/butik\\\/sort-stigboejle\\\/#primaryimage\"},\"image\":{\"@id\":\"https:\\\/\\\/toelthester.dk\\\/butik\\\/sort-stigboejle\\\/#primaryimage\"},\"thumbnailUrl\":\"https:\\\/\\\/toelthester.dk\\\/wp-content\\\/uploads\\\/2019\\\/02\\\/T\u00f8lthester-411-72-dpi.jpg\",\"datePublished\":\"2019-02-12T13:22:54+00:00\",\"dateModified\":\"2026-04-08T11:07:23+00:00\",\"description\":\"Stigb\u00f8jle udf\u00f8rt i kvalitets st\u00e5l.\",\"breadcrumb\":{\"@id\":\"https:\\\/\\\/toelthester.dk\\\/butik\\\/sort-stigboejle\\\/#breadcrumb\"},\"inLanguage\":\"en-GB\",\"potentialAction\":[{\"@type\":\"ReadAction\",\"target\":[\"https:\\\/\\\/toelthester.dk\\\/butik\\\/sort-stigboejle\\\/\"]}]},{\"@type\":\"ImageObject\",\"inLanguage\":\"en-GB\",\"@id\":\"https:\\\/\\\/toelthester.dk\\\/butik\\\/sort-stigboejle\\\/#primaryimage\",\"url\":\"https:\\\/\\\/toelthester.dk\\\/wp-content\\\/uploads\\\/2019\\\/02\\\/T\u00f8lthester-411-72-dpi.jpg\",\"contentUrl\":\"https:\\\/\\\/toelthester.dk\\\/wp-content\\\/uploads\\\/2019\\\/02\\\/T\u00f8lthester-411-72-dpi.jpg\",\"width\":1440,\"height\":960},{\"@type\":\"BreadcrumbList\",\"@id\":\"https:\\\/\\\/toelthester.dk\\\/butik\\\/sort-stigboejle\\\/#breadcrumb\",\"itemListElement\":[{\"@type\":\"ListItem\",\"position\":1,\"name\":\"Hjem\",\"item\":\"https:\\\/\\\/toelthester.dk\\\/\"},{\"@type\":\"ListItem\",\"position\":2,\"name\":\"Shop\",\"item\":\"https:\\\/\\\/toelthester.dk\\\/shop\\\/\"},{\"@type\":\"ListItem\",\"position\":3,\"name\":\"Sort S stigb\u00f8jle\"}]},{\"@type\":\"WebSite\",\"@id\":\"https:\\\/\\\/toelthester.dk\\\/#website\",\"url\":\"https:\\\/\\\/toelthester.dk\\\/\",\"name\":\"Toelthester\",\"description\":\"\",\"potentialAction\":[{\"@type\":\"SearchAction\",\"target\":{\"@type\":\"EntryPoint\",\"urlTemplate\":\"https:\\\/\\\/toelthester.dk\\\/?s={search_term_string}\"},\"query-input\":{\"@type\":\"PropertyValueSpecification\",\"valueRequired\":true,\"valueName\":\"search_term_string\"}}],\"inLanguage\":\"en-GB\"}]}<\/script>\n<!-- \/ Yoast SEO plugin. -->","yoast_head_json":{"title":"Stirrup made of quality steel.","description":"Stirrup made of quality steel.","robots":{"index":"index","follow":"follow","max-snippet":"max-snippet:-1","max-image-preview":"max-image-preview:large","max-video-preview":"max-video-preview:-1"},"canonical":"https:\/\/toelthester.dk\/en\/store\/black-legged-eel\/","og_locale":"en_GB","og_type":"article","og_title":"Stigb\u00f8jle udf\u00f8rt i kvalitets st\u00e5l.","og_description":"Stigb\u00f8jle udf\u00f8rt i kvalitets st\u00e5l.","og_url":"https:\/\/toelthester.dk\/en\/store\/black-legged-eel\/","og_site_name":"Toelthester","article_modified_time":"2026-04-08T11:07:23+00:00","og_image":[{"width":1440,"height":960,"url":"https:\/\/toelthester.dk\/wp-content\/uploads\/2019\/02\/T\u00f8lthester-411-72-dpi.jpg","type":"image\/jpeg"}],"twitter_card":"summary_large_image","twitter_misc":{"Estimated reading time":"1 minute"},"schema":{"@context":"https:\/\/schema.org","@graph":[{"@type":"WebPage","@id":"https:\/\/toelthester.dk\/butik\/sort-stigboejle\/","url":"https:\/\/toelthester.dk\/butik\/sort-stigboejle\/","name":"Stirrup made of quality steel.","isPartOf":{"@id":"https:\/\/toelthester.dk\/#website"},"primaryImageOfPage":{"@id":"https:\/\/toelthester.dk\/butik\/sort-stigboejle\/#primaryimage"},"image":{"@id":"https:\/\/toelthester.dk\/butik\/sort-stigboejle\/#primaryimage"},"thumbnailUrl":"https:\/\/toelthester.dk\/wp-content\/uploads\/2019\/02\/T\u00f8lthester-411-72-dpi.jpg","datePublished":"2019-02-12T13:22:54+00:00","dateModified":"2026-04-08T11:07:23+00:00","description":"Stirrup made of quality steel.","breadcrumb":{"@id":"https:\/\/toelthester.dk\/butik\/sort-stigboejle\/#breadcrumb"},"inLanguage":"en-GB","potentialAction":[{"@type":"ReadAction","target":["https:\/\/toelthester.dk\/butik\/sort-stigboejle\/"]}]},{"@type":"ImageObject","inLanguage":"en-GB","@id":"https:\/\/toelthester.dk\/butik\/sort-stigboejle\/#primaryimage","url":"https:\/\/toelthester.dk\/wp-content\/uploads\/2019\/02\/T\u00f8lthester-411-72-dpi.jpg","contentUrl":"https:\/\/toelthester.dk\/wp-content\/uploads\/2019\/02\/T\u00f8lthester-411-72-dpi.jpg","width":1440,"height":960},{"@type":"BreadcrumbList","@id":"https:\/\/toelthester.dk\/butik\/sort-stigboejle\/#breadcrumb","itemListElement":[{"@type":"ListItem","position":1,"name":"Hjem","item":"https:\/\/toelthester.dk\/"},{"@type":"ListItem","position":2,"name":"Shop","item":"https:\/\/toelthester.dk\/shop\/"},{"@type":"ListItem","position":3,"name":"Sort S stigb\u00f8jle"}]},{"@type":"WebSite","@id":"https:\/\/toelthester.dk\/#website","url":"https:\/\/toelthester.dk\/","name":"Toilet horses","description":"","potentialAction":[{"@type":"SearchAction","target":{"@type":"EntryPoint","urlTemplate":"https:\/\/toelthester.dk\/?s={search_term_string}"},"query-input":{"@type":"PropertyValueSpecification","valueRequired":true,"valueName":"search_term_string"}}],"inLanguage":"en-GB"}]}},"_links":{"self":[{"href":"https:\/\/toelthester.dk\/en\/wp-json\/wp\/v2\/product\/7025","targetHints":{"allow":["GET"]}}],"collection":[{"href":"https:\/\/toelthester.dk\/en\/wp-json\/wp\/v2\/product"}],"about":[{"href":"https:\/\/toelthester.dk\/en\/wp-json\/wp\/v2\/types\/product"}],"wp:featuredmedia":[{"embeddable":true,"href":"https:\/\/toelthester.dk\/en\/wp-json\/wp\/v2\/media\/8161"}],"wp:attachment":[{"href":"https:\/\/toelthester.dk\/en\/wp-json\/wp\/v2\/media?parent=7025"}],"wp:term":[{"taxonomy":"product_brand","embeddable":true,"href":"https:\/\/toelthester.dk\/en\/wp-json\/wp\/v2\/product_brand?post=7025"},{"taxonomy":"product_cat","embeddable":true,"href":"https:\/\/toelthester.dk\/en\/wp-json\/wp\/v2\/product_cat?post=7025"},{"taxonomy":"product_tag","embeddable":true,"href":"https:\/\/toelthester.dk\/en\/wp-json\/wp\/v2\/product_tag?post=7025"}],"curies":[{"name":"wp","href":"https:\/\/api.w.org\/{rel}","templated":true}]}}