{"id":6753,"date":"2018-07-21T13:55:30","date_gmt":"2018-07-21T11:55:30","guid":{"rendered":"https:\/\/toelthester.dk\/?post_type=product&#038;p=6753"},"modified":"2026-04-15T12:17:30","modified_gmt":"2026-04-15T10:17:30","slug":"island-deck","status":"publish","type":"product","link":"https:\/\/toelthester.dk\/en\/butik\/islaenderdaekken\/","title":{"rendered":"Iceland blanket"},"content":{"rendered":"<p>Luxury blanket in the Icelandic colors.<\/p>\n<p>&nbsp;<\/p>","protected":false},"excerpt":{"rendered":"<p>This fleece blanket in the Icelandic colors is made of the finest materials, both in terms of the fleece itself and the buckles.<\/p>\n<p>The fleece is strong and holds its shape, with many fine details.<\/p>\n<p>The fleece blanket is sweat-wicking and is therefore suitable for use after training or competition, where the horse has sweated and needs to cool down slowly.<\/p>\n<p>&nbsp;<\/p>","protected":false},"featured_media":8886,"template":"","meta":{"inline_featured_image":false},"product_brand":[],"product_cat":[139],"product_tag":[],"class_list":{"0":"post-6753","1":"product","2":"type-product","3":"status-publish","4":"has-post-thumbnail","6":"product_cat-daekken","8":"first","9":"instock","10":"sale","11":"featured","12":"taxable","13":"shipping-taxable","14":"purchasable","15":"product-type-simple"},"yoast_head":"<!-- This site is optimized with the Yoast SEO plugin v27.4 - https:\/\/yoast.com\/product\/yoast-seo-wordpress\/ -->\n<title>Isl\u00e6nder d\u00e6kken i de Islandske farver, i en flot kvalitet.<\/title>\n<meta name=\"description\" content=\"Isl\u00e6nder d\u00e6kken med en fin pasform og i materialer der er udover det normale, flot logo med velco lukning under halsen.\" \/>\n<meta name=\"robots\" content=\"index, follow, max-snippet:-1, max-image-preview:large, max-video-preview:-1\" \/>\n<link rel=\"canonical\" href=\"https:\/\/toelthester.dk\/en\/store\/island-deck\/\" \/>\n<meta property=\"og:locale\" content=\"en_GB\" \/>\n<meta property=\"og:type\" content=\"article\" \/>\n<meta property=\"og:title\" content=\"Isl\u00e6nder d\u00e6kken i de Islandske farver, i en flot kvalitet.\" \/>\n<meta property=\"og:description\" content=\"Isl\u00e6nder d\u00e6kken med en fin pasform og i materialer der er udover det normale, flot logo med velco lukning under halsen.\" \/>\n<meta property=\"og:url\" content=\"https:\/\/toelthester.dk\/en\/store\/island-deck\/\" \/>\n<meta property=\"og:site_name\" content=\"Toelthester\" \/>\n<meta property=\"article:modified_time\" content=\"2026-04-15T10:17:30+00:00\" \/>\n<meta property=\"og:image\" content=\"https:\/\/toelthester.dk\/wp-content\/uploads\/2020\/11\/72-dpi-Toelthester-nov-2020-48.jpg\" \/>\n\t<meta property=\"og:image:width\" content=\"1440\" \/>\n\t<meta property=\"og:image:height\" content=\"858\" \/>\n\t<meta property=\"og:image:type\" content=\"image\/jpeg\" \/>\n<meta name=\"twitter:card\" content=\"summary_large_image\" \/>\n<meta name=\"twitter:label1\" content=\"Estimated reading time\" \/>\n\t<meta name=\"twitter:data1\" content=\"1 minute\" \/>\n<script type=\"application\/ld+json\" class=\"yoast-schema-graph\">{\"@context\":\"https:\\\/\\\/schema.org\",\"@graph\":[{\"@type\":\"WebPage\",\"@id\":\"https:\\\/\\\/toelthester.dk\\\/butik\\\/islaenderdaekken\\\/\",\"url\":\"https:\\\/\\\/toelthester.dk\\\/butik\\\/islaenderdaekken\\\/\",\"name\":\"Isl\u00e6nder d\u00e6kken i de Islandske farver, i en flot kvalitet.\",\"isPartOf\":{\"@id\":\"https:\\\/\\\/toelthester.dk\\\/#website\"},\"primaryImageOfPage\":{\"@id\":\"https:\\\/\\\/toelthester.dk\\\/butik\\\/islaenderdaekken\\\/#primaryimage\"},\"image\":{\"@id\":\"https:\\\/\\\/toelthester.dk\\\/butik\\\/islaenderdaekken\\\/#primaryimage\"},\"thumbnailUrl\":\"https:\\\/\\\/toelthester.dk\\\/wp-content\\\/uploads\\\/2020\\\/11\\\/72-dpi-Toelthester-nov-2020-48.jpg\",\"datePublished\":\"2018-07-21T11:55:30+00:00\",\"dateModified\":\"2026-04-15T10:17:30+00:00\",\"description\":\"Isl\u00e6nder d\u00e6kken med en fin pasform og i materialer der er udover det normale, flot logo med velco lukning under halsen.\",\"breadcrumb\":{\"@id\":\"https:\\\/\\\/toelthester.dk\\\/butik\\\/islaenderdaekken\\\/#breadcrumb\"},\"inLanguage\":\"en-GB\",\"potentialAction\":[{\"@type\":\"ReadAction\",\"target\":[\"https:\\\/\\\/toelthester.dk\\\/butik\\\/islaenderdaekken\\\/\"]}]},{\"@type\":\"ImageObject\",\"inLanguage\":\"en-GB\",\"@id\":\"https:\\\/\\\/toelthester.dk\\\/butik\\\/islaenderdaekken\\\/#primaryimage\",\"url\":\"https:\\\/\\\/toelthester.dk\\\/wp-content\\\/uploads\\\/2020\\\/11\\\/72-dpi-Toelthester-nov-2020-48.jpg\",\"contentUrl\":\"https:\\\/\\\/toelthester.dk\\\/wp-content\\\/uploads\\\/2020\\\/11\\\/72-dpi-Toelthester-nov-2020-48.jpg\",\"width\":1440,\"height\":858},{\"@type\":\"BreadcrumbList\",\"@id\":\"https:\\\/\\\/toelthester.dk\\\/butik\\\/islaenderdaekken\\\/#breadcrumb\",\"itemListElement\":[{\"@type\":\"ListItem\",\"position\":1,\"name\":\"Hjem\",\"item\":\"https:\\\/\\\/toelthester.dk\\\/\"},{\"@type\":\"ListItem\",\"position\":2,\"name\":\"Shop\",\"item\":\"https:\\\/\\\/toelthester.dk\\\/shop\\\/\"},{\"@type\":\"ListItem\",\"position\":3,\"name\":\"Isl\u00e6nder d\u00e6kken\"}]},{\"@type\":\"WebSite\",\"@id\":\"https:\\\/\\\/toelthester.dk\\\/#website\",\"url\":\"https:\\\/\\\/toelthester.dk\\\/\",\"name\":\"Toelthester\",\"description\":\"\",\"potentialAction\":[{\"@type\":\"SearchAction\",\"target\":{\"@type\":\"EntryPoint\",\"urlTemplate\":\"https:\\\/\\\/toelthester.dk\\\/?s={search_term_string}\"},\"query-input\":{\"@type\":\"PropertyValueSpecification\",\"valueRequired\":true,\"valueName\":\"search_term_string\"}}],\"inLanguage\":\"en-GB\"}]}<\/script>\n<!-- \/ Yoast SEO plugin. -->","yoast_head_json":{"title":"Icelandic blanket in the Icelandic colours, in a nice quality.","description":"Iceland blanket with a nice fit and in materials that are beyond the normal, nice logo with velco closure under the neck.","robots":{"index":"index","follow":"follow","max-snippet":"max-snippet:-1","max-image-preview":"max-image-preview:large","max-video-preview":"max-video-preview:-1"},"canonical":"https:\/\/toelthester.dk\/en\/store\/island-deck\/","og_locale":"en_GB","og_type":"article","og_title":"Isl\u00e6nder d\u00e6kken i de Islandske farver, i en flot kvalitet.","og_description":"Isl\u00e6nder d\u00e6kken med en fin pasform og i materialer der er udover det normale, flot logo med velco lukning under halsen.","og_url":"https:\/\/toelthester.dk\/en\/store\/island-deck\/","og_site_name":"Toelthester","article_modified_time":"2026-04-15T10:17:30+00:00","og_image":[{"width":1440,"height":858,"url":"https:\/\/toelthester.dk\/wp-content\/uploads\/2020\/11\/72-dpi-Toelthester-nov-2020-48.jpg","type":"image\/jpeg"}],"twitter_card":"summary_large_image","twitter_misc":{"Estimated reading time":"1 minute"},"schema":{"@context":"https:\/\/schema.org","@graph":[{"@type":"WebPage","@id":"https:\/\/toelthester.dk\/butik\/islaenderdaekken\/","url":"https:\/\/toelthester.dk\/butik\/islaenderdaekken\/","name":"Icelandic blanket in the Icelandic colours, in a nice quality.","isPartOf":{"@id":"https:\/\/toelthester.dk\/#website"},"primaryImageOfPage":{"@id":"https:\/\/toelthester.dk\/butik\/islaenderdaekken\/#primaryimage"},"image":{"@id":"https:\/\/toelthester.dk\/butik\/islaenderdaekken\/#primaryimage"},"thumbnailUrl":"https:\/\/toelthester.dk\/wp-content\/uploads\/2020\/11\/72-dpi-Toelthester-nov-2020-48.jpg","datePublished":"2018-07-21T11:55:30+00:00","dateModified":"2026-04-15T10:17:30+00:00","description":"Iceland blanket with a nice fit and in materials that are beyond the normal, nice logo with velco closure under the neck.","breadcrumb":{"@id":"https:\/\/toelthester.dk\/butik\/islaenderdaekken\/#breadcrumb"},"inLanguage":"en-GB","potentialAction":[{"@type":"ReadAction","target":["https:\/\/toelthester.dk\/butik\/islaenderdaekken\/"]}]},{"@type":"ImageObject","inLanguage":"en-GB","@id":"https:\/\/toelthester.dk\/butik\/islaenderdaekken\/#primaryimage","url":"https:\/\/toelthester.dk\/wp-content\/uploads\/2020\/11\/72-dpi-Toelthester-nov-2020-48.jpg","contentUrl":"https:\/\/toelthester.dk\/wp-content\/uploads\/2020\/11\/72-dpi-Toelthester-nov-2020-48.jpg","width":1440,"height":858},{"@type":"BreadcrumbList","@id":"https:\/\/toelthester.dk\/butik\/islaenderdaekken\/#breadcrumb","itemListElement":[{"@type":"ListItem","position":1,"name":"Hjem","item":"https:\/\/toelthester.dk\/"},{"@type":"ListItem","position":2,"name":"Shop","item":"https:\/\/toelthester.dk\/shop\/"},{"@type":"ListItem","position":3,"name":"Isl\u00e6nder d\u00e6kken"}]},{"@type":"WebSite","@id":"https:\/\/toelthester.dk\/#website","url":"https:\/\/toelthester.dk\/","name":"Toilet horses","description":"","potentialAction":[{"@type":"SearchAction","target":{"@type":"EntryPoint","urlTemplate":"https:\/\/toelthester.dk\/?s={search_term_string}"},"query-input":{"@type":"PropertyValueSpecification","valueRequired":true,"valueName":"search_term_string"}}],"inLanguage":"en-GB"}]}},"_links":{"self":[{"href":"https:\/\/toelthester.dk\/en\/wp-json\/wp\/v2\/product\/6753","targetHints":{"allow":["GET"]}}],"collection":[{"href":"https:\/\/toelthester.dk\/en\/wp-json\/wp\/v2\/product"}],"about":[{"href":"https:\/\/toelthester.dk\/en\/wp-json\/wp\/v2\/types\/product"}],"wp:featuredmedia":[{"embeddable":true,"href":"https:\/\/toelthester.dk\/en\/wp-json\/wp\/v2\/media\/8886"}],"wp:attachment":[{"href":"https:\/\/toelthester.dk\/en\/wp-json\/wp\/v2\/media?parent=6753"}],"wp:term":[{"taxonomy":"product_brand","embeddable":true,"href":"https:\/\/toelthester.dk\/en\/wp-json\/wp\/v2\/product_brand?post=6753"},{"taxonomy":"product_cat","embeddable":true,"href":"https:\/\/toelthester.dk\/en\/wp-json\/wp\/v2\/product_cat?post=6753"},{"taxonomy":"product_tag","embeddable":true,"href":"https:\/\/toelthester.dk\/en\/wp-json\/wp\/v2\/product_tag?post=6753"}],"curies":[{"name":"wp","href":"https:\/\/api.w.org\/{rel}","templated":true}]}}