{"id":95,"date":"2016-04-12T09:00:58","date_gmt":"2016-04-12T09:00:58","guid":{"rendered":"http:\/\/import.getbowtied.com\/merchandiser\/?page_id=95"},"modified":"2026-04-10T18:03:42","modified_gmt":"2026-04-10T16:03:42","slug":"contact","status":"publish","type":"page","link":"https:\/\/toelthester.dk\/en\/kontakt\/","title":{"rendered":"Contact"},"content":{"rendered":"<div class=\"wpb-content-wrapper\"><div data-vc-full-width=\"true\" data-vc-full-width-temp=\"true\" data-vc-full-width-init=\"false\" data-vc-stretch-content=\"true\" class=\"vc_row wpb_row vc_row-fluid vc_custom_1476090513193\"><div class=\"wpb_column vc_column_container vc_col-sm-8\"><div class=\"vc_column-inner\"><div class=\"wpb_wrapper\">\n\t<div class=\"wpb_text_column wpb_content_element\" >\n\t\t<div class=\"wpb_wrapper\">\n\t\t\t<p><strong>If you have any questions for us, you are welcome to use this contact form.<\/strong><\/p>\n<p>You are also welcome to contact us if you want us to sponsor a convention or something else.<\/p>\n<p>Should you be interested in selling our saddles, you are also welcome to contact us. We only sell our saddles and equipment through our dealers.<\/p>\n<p>Regards<br \/>\nPia and Jesper<\/p>\n\n\t\t<\/div>\n\t<\/div>\n\n<div class=\"wpcf7 no-js\" id=\"wpcf7-f813-o1\" lang=\"da-DK\" dir=\"ltr\" data-wpcf7-id=\"813\">\n<div class=\"screen-reader-response\"><p role=\"status\" aria-live=\"polite\" aria-atomic=\"true\"><\/p> <ul><\/ul><\/div>\n<form action=\"\/en\/wp-json\/wp\/v2\/pages\/95#wpcf7-f813-o1\" method=\"post\" class=\"wpcf7-form init\" aria-label=\"Contact form\" novalidate=\"novalidate\" data-status=\"init\" data-trp-original-action=\"\/en\/wp-json\/wp\/v2\/pages\/95#wpcf7-f813-o1\">\n<fieldset class=\"hidden-fields-container\"><input type=\"hidden\" name=\"_wpcf7\" value=\"813\" \/><input type=\"hidden\" name=\"_wpcf7_version\" value=\"6.1.5\" \/><input type=\"hidden\" name=\"_wpcf7_locale\" value=\"da_DK\" \/><input type=\"hidden\" name=\"_wpcf7_unit_tag\" value=\"wpcf7-f813-o1\" \/><input type=\"hidden\" name=\"_wpcf7_container_post\" value=\"0\" \/><input type=\"hidden\" name=\"_wpcf7_posted_data_hash\" value=\"\" \/><input type=\"hidden\" name=\"_wpcf7_recaptcha_response\" value=\"\" \/>\n<\/fieldset>\n<p><label> Your name (Must be completed)<br \/>\n<span class=\"wpcf7-form-control-wrap\" data-name=\"your-name\"><input size=\"40\" maxlength=\"400\" class=\"wpcf7-form-control wpcf7-text wpcf7-validates-as-required\" aria-required=\"true\" aria-invalid=\"false\" value=\"\" type=\"text\" name=\"your-name\" \/><\/span> <\/label>\n<\/p>\n<p><label> Your e-mail (Must be completed)<br \/>\n<span class=\"wpcf7-form-control-wrap\" data-name=\"your-email\"><input size=\"40\" maxlength=\"400\" class=\"wpcf7-form-control wpcf7-email wpcf7-validates-as-required wpcf7-text wpcf7-validates-as-email\" aria-required=\"true\" aria-invalid=\"false\" value=\"\" type=\"email\" name=\"your-email\" \/><\/span> <\/label>\n<\/p>\n<p><label> About<br \/>\n<span class=\"wpcf7-form-control-wrap\" data-name=\"your-subject\"><input size=\"40\" maxlength=\"400\" class=\"wpcf7-form-control wpcf7-text\" aria-invalid=\"false\" value=\"\" type=\"text\" name=\"your-subject\" \/><\/span> <\/label>\n<\/p>\n<p><label> Your message<br \/>\n<span class=\"wpcf7-form-control-wrap\" data-name=\"your-message\"><textarea cols=\"40\" rows=\"10\" maxlength=\"2000\" class=\"wpcf7-form-control wpcf7-textarea\" aria-invalid=\"false\" name=\"your-message\"><\/textarea><\/span> <\/label>\n<\/p>\n<p><input class=\"wpcf7-form-control wpcf7-submit has-spinner\" type=\"submit\" value=\"Send\" \/>\n<\/p><p style=\"display: none !important;\" class=\"akismet-fields-container\" data-prefix=\"_wpcf7_ak_\"><label>\u0394<textarea name=\"_wpcf7_ak_hp_textarea\" cols=\"45\" rows=\"8\" maxlength=\"100\"><\/textarea><\/label><input type=\"hidden\" id=\"ak_js_1\" name=\"_wpcf7_ak_js\" value=\"115\"\/><script>document.getElementById( \"ak_js_1\" ).setAttribute( \"value\", ( new Date() ).getTime() );<\/script><\/p><div class=\"wpcf7-response-output\" aria-hidden=\"true\"><\/div>\n<input type=\"hidden\" name=\"trp-form-language\" value=\"en\"\/><\/form>\n<\/div>\n<\/div><\/div><\/div><div class=\"wpb_column vc_column_container vc_col-sm-4\"><div class=\"vc_column-inner\"><div class=\"wpb_wrapper\">\n\t<div class=\"wpb_text_column wpb_content_element\" >\n\t\t<div class=\"wpb_wrapper\">\n\t\t\t<div id=\"heading\" class=\"enhedsnavn\">\n<p class=\"enhedsnavn\"><strong>T\u00d8LTHESTER ApS\u00a0<\/strong><\/p>\n<p class=\"enhedsnavn\">Rodelundvej 44<br \/>\nDK-8680 Ry<br \/>\nDenmark<\/p>\n<p class=\"enhedsnavn\">jesper@vengedalen.dk<br \/>\n+45 2221 4454<\/p>\n<p>pia@vengedalen.dk<br \/>\n+45 3133 6435<\/p>\n<p class=\"enhedsnavn\">lillijan@vengedalen.dk<br \/>\n+45 6130 7385<\/p>\n<p>CVR: DK23948516<\/p>\n<\/div>\n\n\t\t<\/div>\n\t<\/div>\n<\/div><\/div><\/div><\/div><div class=\"vc_row-full-width vc_clearfix\"><\/div>\n<\/div>","protected":false},"excerpt":{"rendered":"If you have any questions for us, you are welcome to use this contact form. You...","protected":false},"author":1,"featured_media":0,"parent":0,"menu_order":0,"comment_status":"closed","ping_status":"closed","template":"","meta":{"inline_featured_image":false,"footnotes":""},"class_list":["post-95","page","type-page","status-publish","hentry"],"yoast_head":"<!-- This site is optimized with the Yoast SEO plugin v27.3 - https:\/\/yoast.com\/product\/yoast-seo-wordpress\/ -->\n<title>Kontakt T\u00f8lthester hvis du gerne vil v\u00e6re Profil rytter eller har et st\u00e6vne<\/title>\n<meta name=\"description\" content=\"T\u00f8lthester s\u00f8ger hele tiden efter kvalificeret Profil ryttere der gerne vil ride i vores sadel, vi s\u00f8ger specielt yngre ryttere, du tager bare kontakt.\" \/>\n<meta name=\"robots\" content=\"index, follow, max-snippet:-1, max-image-preview:large, max-video-preview:-1\" \/>\n<link rel=\"canonical\" href=\"https:\/\/toelthester.dk\/en\/contact\/\" \/>\n<meta property=\"og:locale\" content=\"en_GB\" \/>\n<meta property=\"og:type\" content=\"article\" \/>\n<meta property=\"og:title\" content=\"Kontakt T\u00f8lthester hvis du gerne vil v\u00e6re Profil rytter eller har et st\u00e6vne\" \/>\n<meta property=\"og:description\" content=\"T\u00f8lthester s\u00f8ger hele tiden efter kvalificeret Profil ryttere der gerne vil ride i vores sadel, vi s\u00f8ger specielt yngre ryttere, du tager bare kontakt.\" \/>\n<meta property=\"og:url\" content=\"https:\/\/toelthester.dk\/en\/contact\/\" \/>\n<meta property=\"og:site_name\" content=\"Toelthester\" \/>\n<meta property=\"article:modified_time\" content=\"2026-04-10T16:03:42+00:00\" \/>\n<meta name=\"twitter:card\" content=\"summary_large_image\" \/>\n<meta name=\"twitter:label1\" content=\"Estimated reading time\" \/>\n\t<meta name=\"twitter:data1\" content=\"1 minute\" \/>\n<script type=\"application\/ld+json\" class=\"yoast-schema-graph\">{\"@context\":\"https:\\\/\\\/schema.org\",\"@graph\":[{\"@type\":\"WebPage\",\"@id\":\"https:\\\/\\\/toelthester.dk\\\/kontakt\\\/\",\"url\":\"https:\\\/\\\/toelthester.dk\\\/kontakt\\\/\",\"name\":\"Kontakt T\u00f8lthester hvis du gerne vil v\u00e6re Profil rytter eller har et st\u00e6vne\",\"isPartOf\":{\"@id\":\"https:\\\/\\\/toelthester.dk\\\/#website\"},\"datePublished\":\"2016-04-12T09:00:58+00:00\",\"dateModified\":\"2026-04-10T16:03:42+00:00\",\"description\":\"T\u00f8lthester s\u00f8ger hele tiden efter kvalificeret Profil ryttere der gerne vil ride i vores sadel, vi s\u00f8ger specielt yngre ryttere, du tager bare kontakt.\",\"breadcrumb\":{\"@id\":\"https:\\\/\\\/toelthester.dk\\\/kontakt\\\/#breadcrumb\"},\"inLanguage\":\"en-GB\",\"potentialAction\":[{\"@type\":\"ReadAction\",\"target\":[\"https:\\\/\\\/toelthester.dk\\\/kontakt\\\/\"]}]},{\"@type\":\"BreadcrumbList\",\"@id\":\"https:\\\/\\\/toelthester.dk\\\/kontakt\\\/#breadcrumb\",\"itemListElement\":[{\"@type\":\"ListItem\",\"position\":1,\"name\":\"Hjem\",\"item\":\"https:\\\/\\\/toelthester.dk\\\/\"},{\"@type\":\"ListItem\",\"position\":2,\"name\":\"Kontakt\"}]},{\"@type\":\"WebSite\",\"@id\":\"https:\\\/\\\/toelthester.dk\\\/#website\",\"url\":\"https:\\\/\\\/toelthester.dk\\\/\",\"name\":\"Toelthester\",\"description\":\"\",\"potentialAction\":[{\"@type\":\"SearchAction\",\"target\":{\"@type\":\"EntryPoint\",\"urlTemplate\":\"https:\\\/\\\/toelthester.dk\\\/?s={search_term_string}\"},\"query-input\":{\"@type\":\"PropertyValueSpecification\",\"valueRequired\":true,\"valueName\":\"search_term_string\"}}],\"inLanguage\":\"en-GB\"}]}<\/script>\n<!-- \/ Yoast SEO plugin. -->","yoast_head_json":{"title":"Contact T\u00f8lhester if you would like to be a Profile rider or have an event","description":"T\u00f8lthester is always looking for qualified Profile riders who would like to ride in our saddle, we are especially looking for younger riders, just get in touch.","robots":{"index":"index","follow":"follow","max-snippet":"max-snippet:-1","max-image-preview":"max-image-preview:large","max-video-preview":"max-video-preview:-1"},"canonical":"https:\/\/toelthester.dk\/en\/contact\/","og_locale":"en_GB","og_type":"article","og_title":"Kontakt T\u00f8lthester hvis du gerne vil v\u00e6re Profil rytter eller har et st\u00e6vne","og_description":"T\u00f8lthester s\u00f8ger hele tiden efter kvalificeret Profil ryttere der gerne vil ride i vores sadel, vi s\u00f8ger specielt yngre ryttere, du tager bare kontakt.","og_url":"https:\/\/toelthester.dk\/en\/contact\/","og_site_name":"Toelthester","article_modified_time":"2026-04-10T16:03:42+00:00","twitter_card":"summary_large_image","twitter_misc":{"Estimated reading time":"1 minute"},"schema":{"@context":"https:\/\/schema.org","@graph":[{"@type":"WebPage","@id":"https:\/\/toelthester.dk\/kontakt\/","url":"https:\/\/toelthester.dk\/kontakt\/","name":"Contact T\u00f8lhester if you would like to be a Profile rider or have an event","isPartOf":{"@id":"https:\/\/toelthester.dk\/#website"},"datePublished":"2016-04-12T09:00:58+00:00","dateModified":"2026-04-10T16:03:42+00:00","description":"T\u00f8lthester is always looking for qualified Profile riders who would like to ride in our saddle, we are especially looking for younger riders, just get in touch.","breadcrumb":{"@id":"https:\/\/toelthester.dk\/kontakt\/#breadcrumb"},"inLanguage":"en-GB","potentialAction":[{"@type":"ReadAction","target":["https:\/\/toelthester.dk\/kontakt\/"]}]},{"@type":"BreadcrumbList","@id":"https:\/\/toelthester.dk\/kontakt\/#breadcrumb","itemListElement":[{"@type":"ListItem","position":1,"name":"Hjem","item":"https:\/\/toelthester.dk\/"},{"@type":"ListItem","position":2,"name":"Kontakt"}]},{"@type":"WebSite","@id":"https:\/\/toelthester.dk\/#website","url":"https:\/\/toelthester.dk\/","name":"Toilet horses","description":"","potentialAction":[{"@type":"SearchAction","target":{"@type":"EntryPoint","urlTemplate":"https:\/\/toelthester.dk\/?s={search_term_string}"},"query-input":{"@type":"PropertyValueSpecification","valueRequired":true,"valueName":"search_term_string"}}],"inLanguage":"en-GB"}]}},"_links":{"self":[{"href":"https:\/\/toelthester.dk\/en\/wp-json\/wp\/v2\/pages\/95","targetHints":{"allow":["GET"]}}],"collection":[{"href":"https:\/\/toelthester.dk\/en\/wp-json\/wp\/v2\/pages"}],"about":[{"href":"https:\/\/toelthester.dk\/en\/wp-json\/wp\/v2\/types\/page"}],"author":[{"embeddable":true,"href":"https:\/\/toelthester.dk\/en\/wp-json\/wp\/v2\/users\/1"}],"replies":[{"embeddable":true,"href":"https:\/\/toelthester.dk\/en\/wp-json\/wp\/v2\/comments?post=95"}],"version-history":[{"count":20,"href":"https:\/\/toelthester.dk\/en\/wp-json\/wp\/v2\/pages\/95\/revisions"}],"predecessor-version":[{"id":10248,"href":"https:\/\/toelthester.dk\/en\/wp-json\/wp\/v2\/pages\/95\/revisions\/10248"}],"wp:attachment":[{"href":"https:\/\/toelthester.dk\/en\/wp-json\/wp\/v2\/media?parent=95"}],"curies":[{"name":"wp","href":"https:\/\/api.w.org\/{rel}","templated":true}]}}