{"id":9988,"date":"2025-01-27T13:53:05","date_gmt":"2025-01-27T12:53:05","guid":{"rendered":"https:\/\/toelthester.dk\/?post_type=product&#038;p=9988"},"modified":"2026-04-14T14:39:57","modified_gmt":"2026-04-14T12:39:57","slug":"lungengurtel","status":"publish","type":"product","link":"https:\/\/toelthester.dk\/de\/butik\/longegjord\/","title":{"rendered":"Longier system"},"content":{"rendered":"<p><strong>Longegjord \u2013 T\u00f8lthester<\/strong><br \/>\nEin Longierg\u00fcrtel aus hochwertigem Leder mit einzigartigen Details f\u00fcr optimales Training. Der G\u00fcrtel wurde in Zusammenarbeit mit erfahrenen Reitern entwickelt, die ihn in ihrem t\u00e4glichen Training verwenden.<\/p>\n<p><strong>Merkmale:<\/strong><\/p>\n<ul>\n<li><strong>Material:<\/strong> Hergestellt aus strapazierf\u00e4higem Leder f\u00fcr Haltbarkeit und Komfort.<\/li>\n<li><strong>Polster:<\/strong> Auf der Oberseite mit Wolle gef\u00fcttert f\u00fcr zus\u00e4tzliche Weichheit am Pferder\u00fccken.<\/li>\n<li><strong>Spannm\u00f6glichkeiten:<\/strong> Mehrere Punkte f\u00fcr unterschiedliche Klemmungen, inkl. M\u00f6glichkeit von Doppelausfallschritten.<\/li>\n<li><strong>Flexibilit\u00e4t:<\/strong> Lieferung inklusive 30 cm langem Zwischenst\u00fcck. Ein l\u00e4ngeres Zwischenst\u00fcck von 45 cm kann zus\u00e4tzlich erworben werden.<\/li>\n<li><strong>Gr\u00f6\u00dfe:<\/strong> Einstellbar mit insgesamt max. Umfang von 200 cm und mind. Umfang von 160 cm.<\/li>\n<\/ul>\n<p>Perfekt f\u00fcr professionelle und leidenschaftliche Reiter, die einen vielseitigen und zuverl\u00e4ssigen Langgurt f\u00fcr das Training suchen.<\/p>","protected":false},"excerpt":{"rendered":"<p>Ein Longierg\u00fcrtel aus hochwertigem Leder mit einzigartigen Details f\u00fcr optimales Training.<\/p>\n<p>Wird mit einem 35 cm langen Zwischenst\u00fcck geliefert.<\/p>","protected":false},"featured_media":9989,"template":"","meta":{"inline_featured_image":false},"product_brand":[],"product_cat":[13],"product_tag":[],"class_list":{"0":"post-9988","1":"product","2":"type-product","3":"status-publish","4":"has-post-thumbnail","6":"product_cat-tilbehoer-sadler","8":"first","9":"instock","10":"taxable","11":"shipping-taxable","12":"purchasable","13":"product-type-simple"},"yoast_head":"<!-- This site is optimized with the Yoast SEO plugin v27.4 - https:\/\/yoast.com\/product\/yoast-seo-wordpress\/ -->\n<title>Longegjord - Toelthester<\/title>\n<meta name=\"description\" content=\"En longegjord i kvalitetsl\u00e6der, designet med unikke detaljer for optimal tr\u00e6ning. Gjorden er udviklet i samarbejde med erfarne ryttere.\" \/>\n<meta name=\"robots\" content=\"index, follow, max-snippet:-1, max-image-preview:large, max-video-preview:-1\" \/>\n<link rel=\"canonical\" href=\"https:\/\/toelthester.dk\/de\/speichern\/lungengurtel\/\" \/>\n<meta property=\"og:locale\" content=\"de_DE\" \/>\n<meta property=\"og:type\" content=\"article\" \/>\n<meta property=\"og:title\" content=\"Longegjord - Toelthester\" \/>\n<meta property=\"og:description\" content=\"En longegjord i kvalitetsl\u00e6der, designet med unikke detaljer for optimal tr\u00e6ning. Gjorden er udviklet i samarbejde med erfarne ryttere.\" \/>\n<meta property=\"og:url\" content=\"https:\/\/toelthester.dk\/de\/speichern\/lungengurtel\/\" \/>\n<meta property=\"og:site_name\" content=\"Toelthester\" \/>\n<meta property=\"article:modified_time\" content=\"2026-04-14T12:39:57+00:00\" \/>\n<meta property=\"og:image\" content=\"https:\/\/toelthester.dk\/wp-content\/uploads\/2025\/01\/Toelthester-01.jpg\" \/>\n\t<meta property=\"og:image:width\" content=\"913\" \/>\n\t<meta property=\"og:image:height\" content=\"1369\" \/>\n\t<meta property=\"og:image:type\" content=\"image\/jpeg\" \/>\n<meta name=\"twitter:card\" content=\"summary_large_image\" \/>\n<meta name=\"twitter:label1\" content=\"Gesch\u00e4tzte Lesezeit\" \/>\n\t<meta name=\"twitter:data1\" content=\"1\u00a0Minute\" \/>\n<script type=\"application\/ld+json\" class=\"yoast-schema-graph\">{\"@context\":\"https:\\\/\\\/schema.org\",\"@graph\":[{\"@type\":\"WebPage\",\"@id\":\"https:\\\/\\\/toelthester.dk\\\/butik\\\/longegjord\\\/\",\"url\":\"https:\\\/\\\/toelthester.dk\\\/butik\\\/longegjord\\\/\",\"name\":\"Longegjord - Toelthester\",\"isPartOf\":{\"@id\":\"https:\\\/\\\/toelthester.dk\\\/#website\"},\"primaryImageOfPage\":{\"@id\":\"https:\\\/\\\/toelthester.dk\\\/butik\\\/longegjord\\\/#primaryimage\"},\"image\":{\"@id\":\"https:\\\/\\\/toelthester.dk\\\/butik\\\/longegjord\\\/#primaryimage\"},\"thumbnailUrl\":\"https:\\\/\\\/toelthester.dk\\\/wp-content\\\/uploads\\\/2025\\\/01\\\/Toelthester-01.jpg\",\"datePublished\":\"2025-01-27T12:53:05+00:00\",\"dateModified\":\"2026-04-14T12:39:57+00:00\",\"description\":\"En longegjord i kvalitetsl\u00e6der, designet med unikke detaljer for optimal tr\u00e6ning. Gjorden er udviklet i samarbejde med erfarne ryttere.\",\"breadcrumb\":{\"@id\":\"https:\\\/\\\/toelthester.dk\\\/butik\\\/longegjord\\\/#breadcrumb\"},\"inLanguage\":\"de\",\"potentialAction\":[{\"@type\":\"ReadAction\",\"target\":[\"https:\\\/\\\/toelthester.dk\\\/butik\\\/longegjord\\\/\"]}]},{\"@type\":\"ImageObject\",\"inLanguage\":\"de\",\"@id\":\"https:\\\/\\\/toelthester.dk\\\/butik\\\/longegjord\\\/#primaryimage\",\"url\":\"https:\\\/\\\/toelthester.dk\\\/wp-content\\\/uploads\\\/2025\\\/01\\\/Toelthester-01.jpg\",\"contentUrl\":\"https:\\\/\\\/toelthester.dk\\\/wp-content\\\/uploads\\\/2025\\\/01\\\/Toelthester-01.jpg\",\"width\":913,\"height\":1369},{\"@type\":\"BreadcrumbList\",\"@id\":\"https:\\\/\\\/toelthester.dk\\\/butik\\\/longegjord\\\/#breadcrumb\",\"itemListElement\":[{\"@type\":\"ListItem\",\"position\":1,\"name\":\"Hjem\",\"item\":\"https:\\\/\\\/toelthester.dk\\\/\"},{\"@type\":\"ListItem\",\"position\":2,\"name\":\"Shop\",\"item\":\"https:\\\/\\\/toelthester.dk\\\/shop\\\/\"},{\"@type\":\"ListItem\",\"position\":3,\"name\":\"Longegjord\"}]},{\"@type\":\"WebSite\",\"@id\":\"https:\\\/\\\/toelthester.dk\\\/#website\",\"url\":\"https:\\\/\\\/toelthester.dk\\\/\",\"name\":\"Toelthester\",\"description\":\"\",\"potentialAction\":[{\"@type\":\"SearchAction\",\"target\":{\"@type\":\"EntryPoint\",\"urlTemplate\":\"https:\\\/\\\/toelthester.dk\\\/?s={search_term_string}\"},\"query-input\":{\"@type\":\"PropertyValueSpecification\",\"valueRequired\":true,\"valueName\":\"search_term_string\"}}],\"inLanguage\":\"de\"}]}<\/script>\n<!-- \/ Yoast SEO plugin. -->","yoast_head_json":{"title":"Longegjord - Toelhester","description":"Ein Longierg\u00fcrtel aus hochwertigem Leder mit einzigartigen Details f\u00fcr optimales Training. Der G\u00fcrtel wurde in Zusammenarbeit mit erfahrenen Reitern entwickelt.","robots":{"index":"index","follow":"follow","max-snippet":"max-snippet:-1","max-image-preview":"max-image-preview:large","max-video-preview":"max-video-preview:-1"},"canonical":"https:\/\/toelthester.dk\/de\/speichern\/lungengurtel\/","og_locale":"de_DE","og_type":"article","og_title":"Longegjord - Toelthester","og_description":"En longegjord i kvalitetsl\u00e6der, designet med unikke detaljer for optimal tr\u00e6ning. Gjorden er udviklet i samarbejde med erfarne ryttere.","og_url":"https:\/\/toelthester.dk\/de\/speichern\/lungengurtel\/","og_site_name":"Toelthester","article_modified_time":"2026-04-14T12:39:57+00:00","og_image":[{"width":913,"height":1369,"url":"https:\/\/toelthester.dk\/wp-content\/uploads\/2025\/01\/Toelthester-01.jpg","type":"image\/jpeg"}],"twitter_card":"summary_large_image","twitter_misc":{"Gesch\u00e4tzte Lesezeit":"1\u00a0Minute"},"schema":{"@context":"https:\/\/schema.org","@graph":[{"@type":"WebPage","@id":"https:\/\/toelthester.dk\/butik\/longegjord\/","url":"https:\/\/toelthester.dk\/butik\/longegjord\/","name":"Longegjord - Toelhester","isPartOf":{"@id":"https:\/\/toelthester.dk\/#website"},"primaryImageOfPage":{"@id":"https:\/\/toelthester.dk\/butik\/longegjord\/#primaryimage"},"image":{"@id":"https:\/\/toelthester.dk\/butik\/longegjord\/#primaryimage"},"thumbnailUrl":"https:\/\/toelthester.dk\/wp-content\/uploads\/2025\/01\/Toelthester-01.jpg","datePublished":"2025-01-27T12:53:05+00:00","dateModified":"2026-04-14T12:39:57+00:00","description":"Ein Longierg\u00fcrtel aus hochwertigem Leder mit einzigartigen Details f\u00fcr optimales Training. Der G\u00fcrtel wurde in Zusammenarbeit mit erfahrenen Reitern entwickelt.","breadcrumb":{"@id":"https:\/\/toelthester.dk\/butik\/longegjord\/#breadcrumb"},"inLanguage":"de","potentialAction":[{"@type":"ReadAction","target":["https:\/\/toelthester.dk\/butik\/longegjord\/"]}]},{"@type":"ImageObject","inLanguage":"de","@id":"https:\/\/toelthester.dk\/butik\/longegjord\/#primaryimage","url":"https:\/\/toelthester.dk\/wp-content\/uploads\/2025\/01\/Toelthester-01.jpg","contentUrl":"https:\/\/toelthester.dk\/wp-content\/uploads\/2025\/01\/Toelthester-01.jpg","width":913,"height":1369},{"@type":"BreadcrumbList","@id":"https:\/\/toelthester.dk\/butik\/longegjord\/#breadcrumb","itemListElement":[{"@type":"ListItem","position":1,"name":"Hjem","item":"https:\/\/toelthester.dk\/"},{"@type":"ListItem","position":2,"name":"Shop","item":"https:\/\/toelthester.dk\/shop\/"},{"@type":"ListItem","position":3,"name":"Longegjord"}]},{"@type":"WebSite","@id":"https:\/\/toelthester.dk\/#website","url":"https:\/\/toelthester.dk\/","name":"Toilettenpferde","description":"","potentialAction":[{"@type":"SearchAction","target":{"@type":"EntryPoint","urlTemplate":"https:\/\/toelthester.dk\/?s={search_term_string}"},"query-input":{"@type":"PropertyValueSpecification","valueRequired":true,"valueName":"search_term_string"}}],"inLanguage":"de"}]}},"_links":{"self":[{"href":"https:\/\/toelthester.dk\/de\/wp-json\/wp\/v2\/product\/9988","targetHints":{"allow":["GET"]}}],"collection":[{"href":"https:\/\/toelthester.dk\/de\/wp-json\/wp\/v2\/product"}],"about":[{"href":"https:\/\/toelthester.dk\/de\/wp-json\/wp\/v2\/types\/product"}],"wp:featuredmedia":[{"embeddable":true,"href":"https:\/\/toelthester.dk\/de\/wp-json\/wp\/v2\/media\/9989"}],"wp:attachment":[{"href":"https:\/\/toelthester.dk\/de\/wp-json\/wp\/v2\/media?parent=9988"}],"wp:term":[{"taxonomy":"product_brand","embeddable":true,"href":"https:\/\/toelthester.dk\/de\/wp-json\/wp\/v2\/product_brand?post=9988"},{"taxonomy":"product_cat","embeddable":true,"href":"https:\/\/toelthester.dk\/de\/wp-json\/wp\/v2\/product_cat?post=9988"},{"taxonomy":"product_tag","embeddable":true,"href":"https:\/\/toelthester.dk\/de\/wp-json\/wp\/v2\/product_tag?post=9988"}],"curies":[{"name":"wp","href":"https:\/\/api.w.org\/{rel}","templated":true}]}}