{"id":9891,"date":"2024-03-21T16:04:08","date_gmt":"2024-03-21T15:04:08","guid":{"rendered":"https:\/\/toelthester.dk\/?post_type=product&#038;p=9891"},"modified":"2026-04-14T14:39:57","modified_gmt":"2026-04-14T12:39:57","slug":"spannwerkzeuge","status":"publish","type":"product","link":"https:\/\/toelthester.dk\/de\/butik\/indspaendingstoejler\/","title":{"rendered":"Ausbinder"},"content":{"rendered":"<p>Spannz\u00fcgel mit Gummiring, der St\u00f6\u00dfe beim Longieren absorbiert.<\/p>\n<p>Sie wurden speziell f\u00fcr Isl\u00e4nder hergestellt und werden als Set geliefert.<\/p>","protected":false},"excerpt":{"rendered":"<p>T\u00f8lthester-Klemmz\u00fcgel<\/p>","protected":false},"featured_media":9892,"template":"","meta":{"inline_featured_image":false},"product_brand":[],"product_cat":[12,13,30],"product_tag":[],"class_list":{"0":"post-9891","1":"product","2":"type-product","3":"status-publish","4":"has-post-thumbnail","6":"product_cat-trenser","7":"product_cat-tilbehoer-sadler","8":"product_cat-toejler","10":"first","11":"instock","12":"sale","13":"taxable","14":"shipping-taxable","15":"purchasable","16":"product-type-simple"},"yoast_head":"<!-- This site is optimized with the Yoast SEO plugin v27.3 - https:\/\/yoast.com\/product\/yoast-seo-wordpress\/ -->\n<title>Indsp\u00e6ndingst\u00f8jler - Toelthester<\/title>\n<meta name=\"description\" content=\"Indsp\u00e6ndings t\u00f8jler med gummiring der st\u00f8dabsorbere under longeringen. Lavet specielt til Isl\u00e6ndere, de kommer som et s\u00e6t.\" \/>\n<meta name=\"robots\" content=\"index, follow, max-snippet:-1, max-image-preview:large, max-video-preview:-1\" \/>\n<link rel=\"canonical\" href=\"https:\/\/toelthester.dk\/de\/speichern\/spannwerkzeuge\/\" \/>\n<meta property=\"og:locale\" content=\"de_DE\" \/>\n<meta property=\"og:type\" content=\"article\" \/>\n<meta property=\"og:title\" content=\"Indsp\u00e6ndingst\u00f8jler - Toelthester\" \/>\n<meta property=\"og:description\" content=\"Indsp\u00e6ndings t\u00f8jler med gummiring der st\u00f8dabsorbere under longeringen. Lavet specielt til Isl\u00e6ndere, de kommer som et s\u00e6t.\" \/>\n<meta property=\"og:url\" content=\"https:\/\/toelthester.dk\/de\/speichern\/spannwerkzeuge\/\" \/>\n<meta property=\"og:site_name\" content=\"Toelthester\" \/>\n<meta property=\"article:modified_time\" content=\"2026-04-14T12:39:57+00:00\" \/>\n<meta property=\"og:image\" content=\"https:\/\/toelthester.dk\/wp-content\/uploads\/2024\/03\/Toelthester-marts-2024-72-dpi-79.jpg\" \/>\n\t<meta property=\"og:image:width\" content=\"1094\" \/>\n\t<meta property=\"og:image:height\" content=\"1641\" \/>\n\t<meta property=\"og:image:type\" content=\"image\/jpeg\" \/>\n<meta name=\"twitter:card\" content=\"summary_large_image\" \/>\n<meta name=\"twitter:label1\" content=\"Gesch\u00e4tzte Lesezeit\" \/>\n\t<meta name=\"twitter:data1\" content=\"1\u00a0Minute\" \/>\n<script type=\"application\/ld+json\" class=\"yoast-schema-graph\">{\"@context\":\"https:\\\/\\\/schema.org\",\"@graph\":[{\"@type\":\"WebPage\",\"@id\":\"https:\\\/\\\/toelthester.dk\\\/butik\\\/indspaendingstoejler\\\/\",\"url\":\"https:\\\/\\\/toelthester.dk\\\/butik\\\/indspaendingstoejler\\\/\",\"name\":\"Indsp\u00e6ndingst\u00f8jler - Toelthester\",\"isPartOf\":{\"@id\":\"https:\\\/\\\/toelthester.dk\\\/#website\"},\"primaryImageOfPage\":{\"@id\":\"https:\\\/\\\/toelthester.dk\\\/butik\\\/indspaendingstoejler\\\/#primaryimage\"},\"image\":{\"@id\":\"https:\\\/\\\/toelthester.dk\\\/butik\\\/indspaendingstoejler\\\/#primaryimage\"},\"thumbnailUrl\":\"https:\\\/\\\/toelthester.dk\\\/wp-content\\\/uploads\\\/2024\\\/03\\\/Toelthester-marts-2024-72-dpi-79.jpg\",\"datePublished\":\"2024-03-21T15:04:08+00:00\",\"dateModified\":\"2026-04-14T12:39:57+00:00\",\"description\":\"Indsp\u00e6ndings t\u00f8jler med gummiring der st\u00f8dabsorbere under longeringen. Lavet specielt til Isl\u00e6ndere, de kommer som et s\u00e6t.\",\"breadcrumb\":{\"@id\":\"https:\\\/\\\/toelthester.dk\\\/butik\\\/indspaendingstoejler\\\/#breadcrumb\"},\"inLanguage\":\"de\",\"potentialAction\":[{\"@type\":\"ReadAction\",\"target\":[\"https:\\\/\\\/toelthester.dk\\\/butik\\\/indspaendingstoejler\\\/\"]}]},{\"@type\":\"ImageObject\",\"inLanguage\":\"de\",\"@id\":\"https:\\\/\\\/toelthester.dk\\\/butik\\\/indspaendingstoejler\\\/#primaryimage\",\"url\":\"https:\\\/\\\/toelthester.dk\\\/wp-content\\\/uploads\\\/2024\\\/03\\\/Toelthester-marts-2024-72-dpi-79.jpg\",\"contentUrl\":\"https:\\\/\\\/toelthester.dk\\\/wp-content\\\/uploads\\\/2024\\\/03\\\/Toelthester-marts-2024-72-dpi-79.jpg\",\"width\":1094,\"height\":1641},{\"@type\":\"BreadcrumbList\",\"@id\":\"https:\\\/\\\/toelthester.dk\\\/butik\\\/indspaendingstoejler\\\/#breadcrumb\",\"itemListElement\":[{\"@type\":\"ListItem\",\"position\":1,\"name\":\"Hjem\",\"item\":\"https:\\\/\\\/toelthester.dk\\\/\"},{\"@type\":\"ListItem\",\"position\":2,\"name\":\"Shop\",\"item\":\"https:\\\/\\\/toelthester.dk\\\/shop\\\/\"},{\"@type\":\"ListItem\",\"position\":3,\"name\":\"Indsp\u00e6ndingst\u00f8jler\"}]},{\"@type\":\"WebSite\",\"@id\":\"https:\\\/\\\/toelthester.dk\\\/#website\",\"url\":\"https:\\\/\\\/toelthester.dk\\\/\",\"name\":\"Toelthester\",\"description\":\"\",\"potentialAction\":[{\"@type\":\"SearchAction\",\"target\":{\"@type\":\"EntryPoint\",\"urlTemplate\":\"https:\\\/\\\/toelthester.dk\\\/?s={search_term_string}\"},\"query-input\":{\"@type\":\"PropertyValueSpecification\",\"valueRequired\":true,\"valueName\":\"search_term_string\"}}],\"inLanguage\":\"de\"}]}<\/script>\n<!-- \/ Yoast SEO plugin. -->","yoast_head_json":{"title":"Z\u00fcgel straffen - Toelhester","description":"Spannz\u00fcgel mit Gummiring, der St\u00f6\u00dfe beim Longieren absorbiert. Sie wurden speziell f\u00fcr Isl\u00e4nder hergestellt und werden als Set geliefert.","robots":{"index":"index","follow":"follow","max-snippet":"max-snippet:-1","max-image-preview":"max-image-preview:large","max-video-preview":"max-video-preview:-1"},"canonical":"https:\/\/toelthester.dk\/de\/speichern\/spannwerkzeuge\/","og_locale":"de_DE","og_type":"article","og_title":"Indsp\u00e6ndingst\u00f8jler - Toelthester","og_description":"Indsp\u00e6ndings t\u00f8jler med gummiring der st\u00f8dabsorbere under longeringen. Lavet specielt til Isl\u00e6ndere, de kommer som et s\u00e6t.","og_url":"https:\/\/toelthester.dk\/de\/speichern\/spannwerkzeuge\/","og_site_name":"Toelthester","article_modified_time":"2026-04-14T12:39:57+00:00","og_image":[{"width":1094,"height":1641,"url":"https:\/\/toelthester.dk\/wp-content\/uploads\/2024\/03\/Toelthester-marts-2024-72-dpi-79.jpg","type":"image\/jpeg"}],"twitter_card":"summary_large_image","twitter_misc":{"Gesch\u00e4tzte Lesezeit":"1\u00a0Minute"},"schema":{"@context":"https:\/\/schema.org","@graph":[{"@type":"WebPage","@id":"https:\/\/toelthester.dk\/butik\/indspaendingstoejler\/","url":"https:\/\/toelthester.dk\/butik\/indspaendingstoejler\/","name":"Z\u00fcgel straffen - Toelhester","isPartOf":{"@id":"https:\/\/toelthester.dk\/#website"},"primaryImageOfPage":{"@id":"https:\/\/toelthester.dk\/butik\/indspaendingstoejler\/#primaryimage"},"image":{"@id":"https:\/\/toelthester.dk\/butik\/indspaendingstoejler\/#primaryimage"},"thumbnailUrl":"https:\/\/toelthester.dk\/wp-content\/uploads\/2024\/03\/Toelthester-marts-2024-72-dpi-79.jpg","datePublished":"2024-03-21T15:04:08+00:00","dateModified":"2026-04-14T12:39:57+00:00","description":"Spannz\u00fcgel mit Gummiring, der St\u00f6\u00dfe beim Longieren absorbiert. Sie wurden speziell f\u00fcr Isl\u00e4nder hergestellt und werden als Set geliefert.","breadcrumb":{"@id":"https:\/\/toelthester.dk\/butik\/indspaendingstoejler\/#breadcrumb"},"inLanguage":"de","potentialAction":[{"@type":"ReadAction","target":["https:\/\/toelthester.dk\/butik\/indspaendingstoejler\/"]}]},{"@type":"ImageObject","inLanguage":"de","@id":"https:\/\/toelthester.dk\/butik\/indspaendingstoejler\/#primaryimage","url":"https:\/\/toelthester.dk\/wp-content\/uploads\/2024\/03\/Toelthester-marts-2024-72-dpi-79.jpg","contentUrl":"https:\/\/toelthester.dk\/wp-content\/uploads\/2024\/03\/Toelthester-marts-2024-72-dpi-79.jpg","width":1094,"height":1641},{"@type":"BreadcrumbList","@id":"https:\/\/toelthester.dk\/butik\/indspaendingstoejler\/#breadcrumb","itemListElement":[{"@type":"ListItem","position":1,"name":"Hjem","item":"https:\/\/toelthester.dk\/"},{"@type":"ListItem","position":2,"name":"Shop","item":"https:\/\/toelthester.dk\/shop\/"},{"@type":"ListItem","position":3,"name":"Indsp\u00e6ndingst\u00f8jler"}]},{"@type":"WebSite","@id":"https:\/\/toelthester.dk\/#website","url":"https:\/\/toelthester.dk\/","name":"Toilettenpferde","description":"","potentialAction":[{"@type":"SearchAction","target":{"@type":"EntryPoint","urlTemplate":"https:\/\/toelthester.dk\/?s={search_term_string}"},"query-input":{"@type":"PropertyValueSpecification","valueRequired":true,"valueName":"search_term_string"}}],"inLanguage":"de"}]}},"_links":{"self":[{"href":"https:\/\/toelthester.dk\/de\/wp-json\/wp\/v2\/product\/9891","targetHints":{"allow":["GET"]}}],"collection":[{"href":"https:\/\/toelthester.dk\/de\/wp-json\/wp\/v2\/product"}],"about":[{"href":"https:\/\/toelthester.dk\/de\/wp-json\/wp\/v2\/types\/product"}],"wp:featuredmedia":[{"embeddable":true,"href":"https:\/\/toelthester.dk\/de\/wp-json\/wp\/v2\/media\/9892"}],"wp:attachment":[{"href":"https:\/\/toelthester.dk\/de\/wp-json\/wp\/v2\/media?parent=9891"}],"wp:term":[{"taxonomy":"product_brand","embeddable":true,"href":"https:\/\/toelthester.dk\/de\/wp-json\/wp\/v2\/product_brand?post=9891"},{"taxonomy":"product_cat","embeddable":true,"href":"https:\/\/toelthester.dk\/de\/wp-json\/wp\/v2\/product_cat?post=9891"},{"taxonomy":"product_tag","embeddable":true,"href":"https:\/\/toelthester.dk\/de\/wp-json\/wp\/v2\/product_tag?post=9891"}],"curies":[{"name":"wp","href":"https:\/\/api.w.org\/{rel}","templated":true}]}}