{"id":9842,"date":"2024-02-13T14:55:19","date_gmt":"2024-02-13T13:55:19","guid":{"rendered":"https:\/\/toelthester.dk\/?post_type=product&#038;p=9842"},"modified":"2026-02-22T11:37:15","modified_gmt":"2026-02-22T10:37:15","slug":"kupferherzmodell-f","status":"publish","type":"product","link":"https:\/\/toelthester.dk\/de\/butik\/kophjern-model-f\/","title":{"rendered":"Kopfeisen Modell F"},"content":{"rendered":"<p>Cup-Eisen zur \u00c4nderung der Sattelbreite, Standard ist F 27.<\/p>\n<p>Das F-Modell ist f\u00fcr den B\u00f6rkur-Sattel und in folgenden Gr\u00f6\u00dfen erh\u00e4ltlich:<\/p>\n<p>F-25 \u2013 Orange<br \/>\nF-26 \u2013 Rot<br \/>\nF-27 \u2013 Braun (Standard)<br \/>\nF-28 \u2013 Blau<br \/>\nF-29 \u2013 Schwarz<br \/>\nF-30 \u2013 Gr\u00fcn<\/p>\n<p>&nbsp;<\/p>","protected":false},"excerpt":{"rendered":"<p>Kopfeisen sind in verschiedenen Gr\u00f6\u00dfen erh\u00e4ltlich, F-Kopfeisen passen zum B\u00f6rkur-Sattel.<\/p>\n<p>Bei den S\u00e4tteln von T\u00f8lhester gibt es die M\u00f6glichkeit, den Kopf abnehmen und austauschen zu lassen, das k\u00f6nnen Sie mit etwas Geschick auch selbst machen.<\/p>\n<p>&nbsp;<\/p>","protected":false},"featured_media":8522,"template":"","meta":{"inline_featured_image":false},"product_brand":[],"product_cat":[13],"product_tag":[],"class_list":{"0":"post-9842","1":"product","2":"type-product","3":"status-publish","4":"has-post-thumbnail","6":"product_cat-tilbehoer-sadler","8":"first","9":"instock","10":"featured","11":"taxable","12":"shipping-taxable","13":"purchasable","14":"product-type-variable"},"yoast_head":"<!-- This site is optimized with the Yoast SEO plugin v27.4 - https:\/\/yoast.com\/product\/yoast-seo-wordpress\/ -->\n<title>Kophjern bruges til din sadel, F passer til B\u00f6rkur<\/title>\n<meta name=\"description\" content=\"Sadlerne fra T\u00f8lthester har muligheden for at f\u00e5 udskiftet kopfjernet, du kan selv skifte kophjern det hvis du har lidt fingersnilde.\" \/>\n<meta name=\"robots\" content=\"index, follow, max-snippet:-1, max-image-preview:large, max-video-preview:-1\" \/>\n<link rel=\"canonical\" href=\"https:\/\/toelthester.dk\/de\/speichern\/kupferherzmodell-f\/\" \/>\n<meta property=\"og:locale\" content=\"de_DE\" \/>\n<meta property=\"og:type\" content=\"article\" \/>\n<meta property=\"og:title\" content=\"Kophjern bruges til din sadel, F passer til B\u00f6rkur\" \/>\n<meta property=\"og:description\" content=\"Sadlerne fra T\u00f8lthester har muligheden for at f\u00e5 udskiftet kopfjernet, du kan selv skifte kophjern det hvis du har lidt fingersnilde.\" \/>\n<meta property=\"og:url\" content=\"https:\/\/toelthester.dk\/de\/speichern\/kupferherzmodell-f\/\" \/>\n<meta property=\"og:site_name\" content=\"Toelthester\" \/>\n<meta property=\"article:modified_time\" content=\"2026-02-22T10:37:15+00:00\" \/>\n<meta property=\"og:image\" content=\"https:\/\/toelthester.dk\/wp-content\/uploads\/2016\/11\/Kophjern-C-72.jpg\" \/>\n\t<meta property=\"og:image:width\" content=\"942\" \/>\n\t<meta property=\"og:image:height\" content=\"942\" \/>\n\t<meta property=\"og:image:type\" content=\"image\/jpeg\" \/>\n<meta name=\"twitter:card\" content=\"summary_large_image\" \/>\n<meta name=\"twitter:label1\" content=\"Gesch\u00e4tzte Lesezeit\" \/>\n\t<meta name=\"twitter:data1\" content=\"1\u00a0Minute\" \/>\n<script type=\"application\/ld+json\" class=\"yoast-schema-graph\">{\"@context\":\"https:\\\/\\\/schema.org\",\"@graph\":[{\"@type\":\"WebPage\",\"@id\":\"https:\\\/\\\/toelthester.dk\\\/butik\\\/kophjern-model-f\\\/\",\"url\":\"https:\\\/\\\/toelthester.dk\\\/butik\\\/kophjern-model-f\\\/\",\"name\":\"Kophjern bruges til din sadel, F passer til B\u00f6rkur\",\"isPartOf\":{\"@id\":\"https:\\\/\\\/toelthester.dk\\\/#website\"},\"primaryImageOfPage\":{\"@id\":\"https:\\\/\\\/toelthester.dk\\\/butik\\\/kophjern-model-f\\\/#primaryimage\"},\"image\":{\"@id\":\"https:\\\/\\\/toelthester.dk\\\/butik\\\/kophjern-model-f\\\/#primaryimage\"},\"thumbnailUrl\":\"https:\\\/\\\/toelthester.dk\\\/wp-content\\\/uploads\\\/2016\\\/11\\\/Kophjern-C-72.jpg\",\"datePublished\":\"2024-02-13T13:55:19+00:00\",\"dateModified\":\"2026-02-22T10:37:15+00:00\",\"description\":\"Sadlerne fra T\u00f8lthester har muligheden for at f\u00e5 udskiftet kopfjernet, du kan selv skifte kophjern det hvis du har lidt fingersnilde.\",\"breadcrumb\":{\"@id\":\"https:\\\/\\\/toelthester.dk\\\/butik\\\/kophjern-model-f\\\/#breadcrumb\"},\"inLanguage\":\"de\",\"potentialAction\":[{\"@type\":\"ReadAction\",\"target\":[\"https:\\\/\\\/toelthester.dk\\\/butik\\\/kophjern-model-f\\\/\"]}]},{\"@type\":\"ImageObject\",\"inLanguage\":\"de\",\"@id\":\"https:\\\/\\\/toelthester.dk\\\/butik\\\/kophjern-model-f\\\/#primaryimage\",\"url\":\"https:\\\/\\\/toelthester.dk\\\/wp-content\\\/uploads\\\/2016\\\/11\\\/Kophjern-C-72.jpg\",\"contentUrl\":\"https:\\\/\\\/toelthester.dk\\\/wp-content\\\/uploads\\\/2016\\\/11\\\/Kophjern-C-72.jpg\",\"width\":942,\"height\":942},{\"@type\":\"BreadcrumbList\",\"@id\":\"https:\\\/\\\/toelthester.dk\\\/butik\\\/kophjern-model-f\\\/#breadcrumb\",\"itemListElement\":[{\"@type\":\"ListItem\",\"position\":1,\"name\":\"Hjem\",\"item\":\"https:\\\/\\\/toelthester.dk\\\/\"},{\"@type\":\"ListItem\",\"position\":2,\"name\":\"Shop\",\"item\":\"https:\\\/\\\/toelthester.dk\\\/shop\\\/\"},{\"@type\":\"ListItem\",\"position\":3,\"name\":\"Kophjern model F\"}]},{\"@type\":\"WebSite\",\"@id\":\"https:\\\/\\\/toelthester.dk\\\/#website\",\"url\":\"https:\\\/\\\/toelthester.dk\\\/\",\"name\":\"Toelthester\",\"description\":\"\",\"potentialAction\":[{\"@type\":\"SearchAction\",\"target\":{\"@type\":\"EntryPoint\",\"urlTemplate\":\"https:\\\/\\\/toelthester.dk\\\/?s={search_term_string}\"},\"query-input\":{\"@type\":\"PropertyValueSpecification\",\"valueRequired\":true,\"valueName\":\"search_term_string\"}}],\"inLanguage\":\"de\"}]}<\/script>\n<!-- \/ Yoast SEO plugin. -->","yoast_head_json":{"title":"Kophjern wird f\u00fcr Ihren Sattel verwendet, F passt f\u00fcr B\u00f6rkur","description":"Bei den S\u00e4tteln von T\u00f8lthester gibt es die M\u00f6glichkeit, das Cup-Eisen auszutauschen. Wenn Sie etwas Geschick haben, k\u00f6nnen Sie das Cup-Eisen auch selbst wechseln.","robots":{"index":"index","follow":"follow","max-snippet":"max-snippet:-1","max-image-preview":"max-image-preview:large","max-video-preview":"max-video-preview:-1"},"canonical":"https:\/\/toelthester.dk\/de\/speichern\/kupferherzmodell-f\/","og_locale":"de_DE","og_type":"article","og_title":"Kophjern bruges til din sadel, F passer til B\u00f6rkur","og_description":"Sadlerne fra T\u00f8lthester har muligheden for at f\u00e5 udskiftet kopfjernet, du kan selv skifte kophjern det hvis du har lidt fingersnilde.","og_url":"https:\/\/toelthester.dk\/de\/speichern\/kupferherzmodell-f\/","og_site_name":"Toelthester","article_modified_time":"2026-02-22T10:37:15+00:00","og_image":[{"width":942,"height":942,"url":"https:\/\/toelthester.dk\/wp-content\/uploads\/2016\/11\/Kophjern-C-72.jpg","type":"image\/jpeg"}],"twitter_card":"summary_large_image","twitter_misc":{"Gesch\u00e4tzte Lesezeit":"1\u00a0Minute"},"schema":{"@context":"https:\/\/schema.org","@graph":[{"@type":"WebPage","@id":"https:\/\/toelthester.dk\/butik\/kophjern-model-f\/","url":"https:\/\/toelthester.dk\/butik\/kophjern-model-f\/","name":"Kophjern wird f\u00fcr Ihren Sattel verwendet, F passt f\u00fcr B\u00f6rkur","isPartOf":{"@id":"https:\/\/toelthester.dk\/#website"},"primaryImageOfPage":{"@id":"https:\/\/toelthester.dk\/butik\/kophjern-model-f\/#primaryimage"},"image":{"@id":"https:\/\/toelthester.dk\/butik\/kophjern-model-f\/#primaryimage"},"thumbnailUrl":"https:\/\/toelthester.dk\/wp-content\/uploads\/2016\/11\/Kophjern-C-72.jpg","datePublished":"2024-02-13T13:55:19+00:00","dateModified":"2026-02-22T10:37:15+00:00","description":"Bei den S\u00e4tteln von T\u00f8lthester gibt es die M\u00f6glichkeit, das Cup-Eisen auszutauschen. Wenn Sie etwas Geschick haben, k\u00f6nnen Sie das Cup-Eisen auch selbst wechseln.","breadcrumb":{"@id":"https:\/\/toelthester.dk\/butik\/kophjern-model-f\/#breadcrumb"},"inLanguage":"de","potentialAction":[{"@type":"ReadAction","target":["https:\/\/toelthester.dk\/butik\/kophjern-model-f\/"]}]},{"@type":"ImageObject","inLanguage":"de","@id":"https:\/\/toelthester.dk\/butik\/kophjern-model-f\/#primaryimage","url":"https:\/\/toelthester.dk\/wp-content\/uploads\/2016\/11\/Kophjern-C-72.jpg","contentUrl":"https:\/\/toelthester.dk\/wp-content\/uploads\/2016\/11\/Kophjern-C-72.jpg","width":942,"height":942},{"@type":"BreadcrumbList","@id":"https:\/\/toelthester.dk\/butik\/kophjern-model-f\/#breadcrumb","itemListElement":[{"@type":"ListItem","position":1,"name":"Hjem","item":"https:\/\/toelthester.dk\/"},{"@type":"ListItem","position":2,"name":"Shop","item":"https:\/\/toelthester.dk\/shop\/"},{"@type":"ListItem","position":3,"name":"Kophjern model F"}]},{"@type":"WebSite","@id":"https:\/\/toelthester.dk\/#website","url":"https:\/\/toelthester.dk\/","name":"Toilettenpferde","description":"","potentialAction":[{"@type":"SearchAction","target":{"@type":"EntryPoint","urlTemplate":"https:\/\/toelthester.dk\/?s={search_term_string}"},"query-input":{"@type":"PropertyValueSpecification","valueRequired":true,"valueName":"search_term_string"}}],"inLanguage":"de"}]}},"_links":{"self":[{"href":"https:\/\/toelthester.dk\/de\/wp-json\/wp\/v2\/product\/9842","targetHints":{"allow":["GET"]}}],"collection":[{"href":"https:\/\/toelthester.dk\/de\/wp-json\/wp\/v2\/product"}],"about":[{"href":"https:\/\/toelthester.dk\/de\/wp-json\/wp\/v2\/types\/product"}],"wp:featuredmedia":[{"embeddable":true,"href":"https:\/\/toelthester.dk\/de\/wp-json\/wp\/v2\/media\/8522"}],"wp:attachment":[{"href":"https:\/\/toelthester.dk\/de\/wp-json\/wp\/v2\/media?parent=9842"}],"wp:term":[{"taxonomy":"product_brand","embeddable":true,"href":"https:\/\/toelthester.dk\/de\/wp-json\/wp\/v2\/product_brand?post=9842"},{"taxonomy":"product_cat","embeddable":true,"href":"https:\/\/toelthester.dk\/de\/wp-json\/wp\/v2\/product_cat?post=9842"},{"taxonomy":"product_tag","embeddable":true,"href":"https:\/\/toelthester.dk\/de\/wp-json\/wp\/v2\/product_tag?post=9842"}],"curies":[{"name":"wp","href":"https:\/\/api.w.org\/{rel}","templated":true}]}}