{"id":9811,"date":"2023-12-05T13:41:35","date_gmt":"2023-12-05T12:41:35","guid":{"rendered":"https:\/\/toelthester.dk\/?post_type=product&#038;p=9811"},"modified":"2025-11-20T15:13:51","modified_gmt":"2025-11-20T14:13:51","slug":"schlag","status":"publish","type":"product","link":"https:\/\/toelthester.dk\/de\/butik\/blesi-med-uld-paneller\/","title":{"rendered":"Blesi mit Woll"},"content":{"rendered":"<p><strong>Technische Daten:<\/strong><br \/>\nF\u00fcllung: Wolle<br \/>\nAusleger: Extrem gummielastischer Ausleger<br \/>\nCup-Eisen: Es wird ein L-Cup-Eisen verwendet<br \/>\nAuslegergr\u00f6\u00dfe: Normal 27 \u2013 Wide 28 \u2013 29 und 30 X-Wide.<br \/>\nSitzgr\u00f6\u00dfen: 16,0\u2033 \u2013 16,5\u2033 \u2013 17,0\u2033 \u2013 17,5\u2033 \u2013 18,0\u2033<br \/>\nGewicht: 4,9 kg<\/p>\n<p>&nbsp;<\/p>","protected":false},"excerpt":{"rendered":"<p data-start=\"63\" data-end=\"130\"><strong data-start=\"63\" data-end=\"128\">Blesi von T\u00f8lthester \u2013 Nat\u00fcrliches Gleichgewicht zwischen Pferd und Reiter<\/strong><\/p>\n<p data-start=\"132\" data-end=\"249\">Wir haben entwickelt <strong data-start=\"148\" data-end=\"168\">T\u00f8lthesters Blesi<\/strong> mit der Vision, Pferd und Reiter in Harmonie und Gleichgewicht einander n\u00e4her zu bringen.<\/p>\n<p data-start=\"251\" data-end=\"600\">Dieser einzigartige Sattel kombiniert die Vorteile eines festen Balkens mit dem engen Kontakt eines balkenlosen Sattels. <strong data-start=\"350\" data-end=\"359\">Blesi<\/strong> f\u00f6rdert durch seinen tiefen Sitz die Haltung des Reiters, was auf nat\u00fcrliche Weise zu einer korrekten und ausgewogenen Position beitr\u00e4gt. Gleichzeitig bietet er ein einzigartiges Gef\u00fchl f\u00fcr die Bewegungen des Pferdes \u2013 ohne die Unterst\u00fctzung eines traditionellen Boom-Sattels zu beeintr\u00e4chtigen.<\/p>\n<p data-start=\"602\" data-end=\"708\">Der Sattel basiert auf unserer innovativen <strong data-start=\"639\" data-end=\"648\">L-Ausleger<\/strong> und handgefertigt in Europa von <strong data-start=\"674\" data-end=\"705\">Leder in absoluter Top-Qualit\u00e4t<\/strong>.<\/p>\n<p data-start=\"710\" data-end=\"793\"><strong data-start=\"710\" data-end=\"791\">T\u00f8lthester Blesi \u2013 wenn Balance, Komfort und Qualit\u00e4t zu einer h\u00f6heren Einheit zusammenkommen.<\/strong><\/p>","protected":false},"featured_media":9744,"template":"","meta":{"inline_featured_image":false},"product_brand":[],"product_cat":[10],"product_tag":[],"class_list":{"0":"post-9811","1":"product","2":"type-product","3":"status-publish","4":"has-post-thumbnail","6":"product_cat-sadler","8":"first","9":"instock","10":"sale","11":"featured","12":"taxable","13":"shipping-taxable","14":"purchasable","15":"product-type-variable"},"yoast_head":"<!-- This site is optimized with the Yoast SEO plugin v27.3 - https:\/\/yoast.com\/product\/yoast-seo-wordpress\/ -->\n<title>Blesi, helt ny sadel fra T\u00f8lthester p\u00e5 en L bom<\/title>\n<meta name=\"description\" content=\"Blesir harBlesi kommer fra et \u00f8nske om at lave en sadel med fast bom, der har de gode, n\u00e6re egenskaber fra en boml\u00f8s sadel.\" \/>\n<meta name=\"robots\" content=\"index, follow, max-snippet:-1, max-image-preview:large, max-video-preview:-1\" \/>\n<link rel=\"canonical\" href=\"https:\/\/toelthester.dk\/de\/speichern\/schlag\/\" \/>\n<meta property=\"og:locale\" content=\"de_DE\" \/>\n<meta property=\"og:type\" content=\"article\" \/>\n<meta property=\"og:title\" content=\"Blesi, helt ny sadel fra T\u00f8lthester p\u00e5 en L bom\" \/>\n<meta property=\"og:description\" content=\"Blesir harBlesi kommer fra et \u00f8nske om at lave en sadel med fast bom, der har de gode, n\u00e6re egenskaber fra en boml\u00f8s sadel.\" \/>\n<meta property=\"og:url\" content=\"https:\/\/toelthester.dk\/de\/speichern\/schlag\/\" \/>\n<meta property=\"og:site_name\" content=\"Toelthester\" \/>\n<meta property=\"article:modified_time\" content=\"2025-11-20T14:13:51+00:00\" \/>\n<meta property=\"og:image\" content=\"https:\/\/toelthester.dk\/wp-content\/uploads\/2023\/07\/Toelthester-nr-2-juli-23-001.jpg\" \/>\n\t<meta property=\"og:image:width\" content=\"1560\" \/>\n\t<meta property=\"og:image:height\" content=\"1040\" \/>\n\t<meta property=\"og:image:type\" content=\"image\/jpeg\" \/>\n<meta name=\"twitter:card\" content=\"summary_large_image\" \/>\n<meta name=\"twitter:label1\" content=\"Gesch\u00e4tzte Lesezeit\" \/>\n\t<meta name=\"twitter:data1\" content=\"1\u00a0Minute\" \/>\n<script type=\"application\/ld+json\" class=\"yoast-schema-graph\">{\"@context\":\"https:\\\/\\\/schema.org\",\"@graph\":[{\"@type\":\"WebPage\",\"@id\":\"https:\\\/\\\/toelthester.dk\\\/butik\\\/blesi-med-uld-paneller\\\/\",\"url\":\"https:\\\/\\\/toelthester.dk\\\/butik\\\/blesi-med-uld-paneller\\\/\",\"name\":\"Blesi, helt ny sadel fra T\u00f8lthester p\u00e5 en L bom\",\"isPartOf\":{\"@id\":\"https:\\\/\\\/toelthester.dk\\\/#website\"},\"primaryImageOfPage\":{\"@id\":\"https:\\\/\\\/toelthester.dk\\\/butik\\\/blesi-med-uld-paneller\\\/#primaryimage\"},\"image\":{\"@id\":\"https:\\\/\\\/toelthester.dk\\\/butik\\\/blesi-med-uld-paneller\\\/#primaryimage\"},\"thumbnailUrl\":\"https:\\\/\\\/toelthester.dk\\\/wp-content\\\/uploads\\\/2023\\\/07\\\/Toelthester-nr-2-juli-23-001.jpg\",\"datePublished\":\"2023-12-05T12:41:35+00:00\",\"dateModified\":\"2025-11-20T14:13:51+00:00\",\"description\":\"Blesir harBlesi kommer fra et \u00f8nske om at lave en sadel med fast bom, der har de gode, n\u00e6re egenskaber fra en boml\u00f8s sadel.\",\"breadcrumb\":{\"@id\":\"https:\\\/\\\/toelthester.dk\\\/butik\\\/blesi-med-uld-paneller\\\/#breadcrumb\"},\"inLanguage\":\"de\",\"potentialAction\":[{\"@type\":\"ReadAction\",\"target\":[\"https:\\\/\\\/toelthester.dk\\\/butik\\\/blesi-med-uld-paneller\\\/\"]}]},{\"@type\":\"ImageObject\",\"inLanguage\":\"de\",\"@id\":\"https:\\\/\\\/toelthester.dk\\\/butik\\\/blesi-med-uld-paneller\\\/#primaryimage\",\"url\":\"https:\\\/\\\/toelthester.dk\\\/wp-content\\\/uploads\\\/2023\\\/07\\\/Toelthester-nr-2-juli-23-001.jpg\",\"contentUrl\":\"https:\\\/\\\/toelthester.dk\\\/wp-content\\\/uploads\\\/2023\\\/07\\\/Toelthester-nr-2-juli-23-001.jpg\",\"width\":1560,\"height\":1040},{\"@type\":\"BreadcrumbList\",\"@id\":\"https:\\\/\\\/toelthester.dk\\\/butik\\\/blesi-med-uld-paneller\\\/#breadcrumb\",\"itemListElement\":[{\"@type\":\"ListItem\",\"position\":1,\"name\":\"Hjem\",\"item\":\"https:\\\/\\\/toelthester.dk\\\/\"},{\"@type\":\"ListItem\",\"position\":2,\"name\":\"Shop\",\"item\":\"https:\\\/\\\/toelthester.dk\\\/shop\\\/\"},{\"@type\":\"ListItem\",\"position\":3,\"name\":\"Blesi med uld paneller\"}]},{\"@type\":\"WebSite\",\"@id\":\"https:\\\/\\\/toelthester.dk\\\/#website\",\"url\":\"https:\\\/\\\/toelthester.dk\\\/\",\"name\":\"Toelthester\",\"description\":\"\",\"potentialAction\":[{\"@type\":\"SearchAction\",\"target\":{\"@type\":\"EntryPoint\",\"urlTemplate\":\"https:\\\/\\\/toelthester.dk\\\/?s={search_term_string}\"},\"query-input\":{\"@type\":\"PropertyValueSpecification\",\"valueRequired\":true,\"valueName\":\"search_term_string\"}}],\"inLanguage\":\"de\"}]}<\/script>\n<!-- \/ Yoast SEO plugin. -->","yoast_head_json":{"title":"Blesi, brandneuer Sattel von T\u00f8lthester mit L-Gabel","description":"Blesir harBlesi entstand aus dem Wunsch heraus, einen Sattel mit festem Gest\u00e4nge herzustellen, der die guten Eigenschaften eines Sattels ohne Gest\u00e4nge aufweist.","robots":{"index":"index","follow":"follow","max-snippet":"max-snippet:-1","max-image-preview":"max-image-preview:large","max-video-preview":"max-video-preview:-1"},"canonical":"https:\/\/toelthester.dk\/de\/speichern\/schlag\/","og_locale":"de_DE","og_type":"article","og_title":"Blesi, helt ny sadel fra T\u00f8lthester p\u00e5 en L bom","og_description":"Blesir harBlesi kommer fra et \u00f8nske om at lave en sadel med fast bom, der har de gode, n\u00e6re egenskaber fra en boml\u00f8s sadel.","og_url":"https:\/\/toelthester.dk\/de\/speichern\/schlag\/","og_site_name":"Toelthester","article_modified_time":"2025-11-20T14:13:51+00:00","og_image":[{"width":1560,"height":1040,"url":"https:\/\/toelthester.dk\/wp-content\/uploads\/2023\/07\/Toelthester-nr-2-juli-23-001.jpg","type":"image\/jpeg"}],"twitter_card":"summary_large_image","twitter_misc":{"Gesch\u00e4tzte Lesezeit":"1\u00a0Minute"},"schema":{"@context":"https:\/\/schema.org","@graph":[{"@type":"WebPage","@id":"https:\/\/toelthester.dk\/butik\/blesi-med-uld-paneller\/","url":"https:\/\/toelthester.dk\/butik\/blesi-med-uld-paneller\/","name":"Blesi, brandneuer Sattel von T\u00f8lthester mit L-Gabel","isPartOf":{"@id":"https:\/\/toelthester.dk\/#website"},"primaryImageOfPage":{"@id":"https:\/\/toelthester.dk\/butik\/blesi-med-uld-paneller\/#primaryimage"},"image":{"@id":"https:\/\/toelthester.dk\/butik\/blesi-med-uld-paneller\/#primaryimage"},"thumbnailUrl":"https:\/\/toelthester.dk\/wp-content\/uploads\/2023\/07\/Toelthester-nr-2-juli-23-001.jpg","datePublished":"2023-12-05T12:41:35+00:00","dateModified":"2025-11-20T14:13:51+00:00","description":"Blesir harBlesi entstand aus dem Wunsch heraus, einen Sattel mit festem Gest\u00e4nge herzustellen, der die guten Eigenschaften eines Sattels ohne Gest\u00e4nge aufweist.","breadcrumb":{"@id":"https:\/\/toelthester.dk\/butik\/blesi-med-uld-paneller\/#breadcrumb"},"inLanguage":"de","potentialAction":[{"@type":"ReadAction","target":["https:\/\/toelthester.dk\/butik\/blesi-med-uld-paneller\/"]}]},{"@type":"ImageObject","inLanguage":"de","@id":"https:\/\/toelthester.dk\/butik\/blesi-med-uld-paneller\/#primaryimage","url":"https:\/\/toelthester.dk\/wp-content\/uploads\/2023\/07\/Toelthester-nr-2-juli-23-001.jpg","contentUrl":"https:\/\/toelthester.dk\/wp-content\/uploads\/2023\/07\/Toelthester-nr-2-juli-23-001.jpg","width":1560,"height":1040},{"@type":"BreadcrumbList","@id":"https:\/\/toelthester.dk\/butik\/blesi-med-uld-paneller\/#breadcrumb","itemListElement":[{"@type":"ListItem","position":1,"name":"Hjem","item":"https:\/\/toelthester.dk\/"},{"@type":"ListItem","position":2,"name":"Shop","item":"https:\/\/toelthester.dk\/shop\/"},{"@type":"ListItem","position":3,"name":"Blesi med uld paneller"}]},{"@type":"WebSite","@id":"https:\/\/toelthester.dk\/#website","url":"https:\/\/toelthester.dk\/","name":"Toilettenpferde","description":"","potentialAction":[{"@type":"SearchAction","target":{"@type":"EntryPoint","urlTemplate":"https:\/\/toelthester.dk\/?s={search_term_string}"},"query-input":{"@type":"PropertyValueSpecification","valueRequired":true,"valueName":"search_term_string"}}],"inLanguage":"de"}]}},"_links":{"self":[{"href":"https:\/\/toelthester.dk\/de\/wp-json\/wp\/v2\/product\/9811","targetHints":{"allow":["GET"]}}],"collection":[{"href":"https:\/\/toelthester.dk\/de\/wp-json\/wp\/v2\/product"}],"about":[{"href":"https:\/\/toelthester.dk\/de\/wp-json\/wp\/v2\/types\/product"}],"wp:featuredmedia":[{"embeddable":true,"href":"https:\/\/toelthester.dk\/de\/wp-json\/wp\/v2\/media\/9744"}],"wp:attachment":[{"href":"https:\/\/toelthester.dk\/de\/wp-json\/wp\/v2\/media?parent=9811"}],"wp:term":[{"taxonomy":"product_brand","embeddable":true,"href":"https:\/\/toelthester.dk\/de\/wp-json\/wp\/v2\/product_brand?post=9811"},{"taxonomy":"product_cat","embeddable":true,"href":"https:\/\/toelthester.dk\/de\/wp-json\/wp\/v2\/product_cat?post=9811"},{"taxonomy":"product_tag","embeddable":true,"href":"https:\/\/toelthester.dk\/de\/wp-json\/wp\/v2\/product_tag?post=9811"}],"curies":[{"name":"wp","href":"https:\/\/api.w.org\/{rel}","templated":true}]}}