{"id":9706,"date":"2023-07-10T21:22:15","date_gmt":"2023-07-10T19:22:15","guid":{"rendered":"https:\/\/toelthester.dk\/?post_type=product&#038;p=9706"},"modified":"2026-02-08T18:58:19","modified_gmt":"2026-02-08T17:58:19","slug":"eldonwolle","status":"publish","type":"product","link":"https:\/\/toelthester.dk\/de\/butik\/eldon-uld\/","title":{"rendered":"Eldon mit Woll"},"content":{"rendered":"<p><strong>Technische Daten:<\/strong><br \/>\nF\u00fcllung: Latex oder Wolle<br \/>\nAusleger: E \u2013 Mit austauschbarem Kopfentferner<br \/>\nCup-Eisen: Es wird ein A-Cup-Eisen verwendet<br \/>\nAuslegergr\u00f6\u00dfe: Narrow 24 \u2013 25 \u2013 Normal 26 \u2013 27 \u2013 Wide 28 \u2013 29 und 30 X-Wide.<br \/>\nSitzgr\u00f6\u00dfen: 16,0\u2033 \u2013 16,5\u2033 \u2013 17,0\u2033 \u2013 17,5\u2033 \u2013 18,0\u2033<br \/>\nGewicht: 5,9 kg<\/p>\n<p>&nbsp;<\/p>","protected":false},"excerpt":{"rendered":"<p><strong>Eldon aus T\u00f8lthester<\/strong><\/p>\n<p>Wir haben den Sattel T\u00f8lhester Eldon mit dem Traum neu entwickelt, Pferd und Reiter im richtigen Gleichgewicht n\u00e4her zusammenzubringen.<\/p>\n<p>Unsere Inspiration f\u00fcr Eldon entspringt dem Wunsch, einen Sattel herzustellen, der vielen Pferden gut passt und gleichzeitig die Haltung und Wirkung des Reiters f\u00f6rdert.<\/p>\n<p>Eldon verf\u00fcgt \u00fcber einen tiefen Sitz, der den Reiter auf nat\u00fcrliche Weise in eine korrekte und ausgewogene Position bringt und es gleichzeitig erm\u00f6glicht, die Bewegungen des Pferdes gut zu sp\u00fcren.<br \/>\nDer Sitz ist hinten breiter, um dem Fahrer viel Platz zu geben und das Gleichgewicht im tieferen Sitz nicht nach vorne zu kippen. Die Knieschoner sind kurz und unterst\u00fctzen die korrekte Haltung des Fahrers.<\/p>\n<p>Eldon ist auf einem unserer neuen Ausleger, einem E-Ausleger, aufgebaut und der Sattel wird in Europa aus hochwertigem Kalbsleder gen\u00e4ht.<\/p>","protected":false},"featured_media":9730,"template":"","meta":{"inline_featured_image":false},"product_brand":[],"product_cat":[10],"product_tag":[],"class_list":{"0":"post-9706","1":"product","2":"type-product","3":"status-publish","4":"has-post-thumbnail","6":"product_cat-sadler","8":"first","9":"instock","10":"featured","11":"taxable","12":"shipping-taxable","13":"purchasable","14":"product-type-variable"},"yoast_head":"<!-- This site is optimized with the Yoast SEO plugin v27.3 - https:\/\/yoast.com\/product\/yoast-seo-wordpress\/ -->\n<title>Eldon, helt ny sadel fra T\u00f8lthester p\u00e5 en E bom<\/title>\n<meta name=\"description\" content=\"Eldon har nyudviklet paneller p\u00e5, der er opbygget af tre lags latex. Selve s\u00e6det i sadlen giver en naturlig opstilling, med korte kn\u00e6puder.\" \/>\n<meta name=\"robots\" content=\"index, follow, max-snippet:-1, max-image-preview:large, max-video-preview:-1\" \/>\n<link rel=\"canonical\" href=\"https:\/\/toelthester.dk\/de\/speichern\/eldonwolle\/\" \/>\n<meta property=\"og:locale\" content=\"de_DE\" \/>\n<meta property=\"og:type\" content=\"article\" \/>\n<meta property=\"og:title\" content=\"Eldon, helt ny sadel fra T\u00f8lthester p\u00e5 en E bom\" \/>\n<meta property=\"og:description\" content=\"Eldon har nyudviklet paneller p\u00e5, der er opbygget af tre lags latex. Selve s\u00e6det i sadlen giver en naturlig opstilling, med korte kn\u00e6puder.\" \/>\n<meta property=\"og:url\" content=\"https:\/\/toelthester.dk\/de\/speichern\/eldonwolle\/\" \/>\n<meta property=\"og:site_name\" content=\"Toelthester\" \/>\n<meta property=\"article:modified_time\" content=\"2026-02-08T17:58:19+00:00\" \/>\n<meta property=\"og:image\" content=\"https:\/\/toelthester.dk\/wp-content\/uploads\/2023\/07\/Toelthester-nr-2-juli-23-009.jpg\" \/>\n\t<meta property=\"og:image:width\" content=\"1560\" \/>\n\t<meta property=\"og:image:height\" content=\"1040\" \/>\n\t<meta property=\"og:image:type\" content=\"image\/jpeg\" \/>\n<meta name=\"twitter:card\" content=\"summary_large_image\" \/>\n<meta name=\"twitter:label1\" content=\"Gesch\u00e4tzte Lesezeit\" \/>\n\t<meta name=\"twitter:data1\" content=\"1\u00a0Minute\" \/>\n<script type=\"application\/ld+json\" class=\"yoast-schema-graph\">{\"@context\":\"https:\\\/\\\/schema.org\",\"@graph\":[{\"@type\":\"WebPage\",\"@id\":\"https:\\\/\\\/toelthester.dk\\\/en\\\/store\\\/eldon-wool\\\/\",\"url\":\"https:\\\/\\\/toelthester.dk\\\/en\\\/store\\\/eldon-wool\\\/\",\"name\":\"Eldon, helt ny sadel fra T\u00f8lthester p\u00e5 en E bom\",\"isPartOf\":{\"@id\":\"https:\\\/\\\/toelthester.dk\\\/#website\"},\"primaryImageOfPage\":{\"@id\":\"https:\\\/\\\/toelthester.dk\\\/en\\\/store\\\/eldon-wool\\\/#primaryimage\"},\"image\":{\"@id\":\"https:\\\/\\\/toelthester.dk\\\/en\\\/store\\\/eldon-wool\\\/#primaryimage\"},\"thumbnailUrl\":\"https:\\\/\\\/toelthester.dk\\\/wp-content\\\/uploads\\\/2023\\\/07\\\/Toelthester-nr-2-juli-23-009.jpg\",\"datePublished\":\"2023-07-10T19:22:15+00:00\",\"dateModified\":\"2026-02-08T17:58:19+00:00\",\"description\":\"Eldon har nyudviklet paneller p\u00e5, der er opbygget af tre lags latex. Selve s\u00e6det i sadlen giver en naturlig opstilling, med korte kn\u00e6puder.\",\"breadcrumb\":{\"@id\":\"https:\\\/\\\/toelthester.dk\\\/en\\\/store\\\/eldon-wool\\\/#breadcrumb\"},\"inLanguage\":\"de\",\"potentialAction\":[{\"@type\":\"ReadAction\",\"target\":[\"https:\\\/\\\/toelthester.dk\\\/en\\\/store\\\/eldon-wool\\\/\"]}]},{\"@type\":\"ImageObject\",\"inLanguage\":\"de\",\"@id\":\"https:\\\/\\\/toelthester.dk\\\/en\\\/store\\\/eldon-wool\\\/#primaryimage\",\"url\":\"https:\\\/\\\/toelthester.dk\\\/wp-content\\\/uploads\\\/2023\\\/07\\\/Toelthester-nr-2-juli-23-009.jpg\",\"contentUrl\":\"https:\\\/\\\/toelthester.dk\\\/wp-content\\\/uploads\\\/2023\\\/07\\\/Toelthester-nr-2-juli-23-009.jpg\",\"width\":1560,\"height\":1040},{\"@type\":\"BreadcrumbList\",\"@id\":\"https:\\\/\\\/toelthester.dk\\\/en\\\/store\\\/eldon-wool\\\/#breadcrumb\",\"itemListElement\":[{\"@type\":\"ListItem\",\"position\":1,\"name\":\"Hjem\",\"item\":\"https:\\\/\\\/toelthester.dk\\\/\"},{\"@type\":\"ListItem\",\"position\":2,\"name\":\"Shop\",\"item\":\"https:\\\/\\\/toelthester.dk\\\/shop\\\/\"},{\"@type\":\"ListItem\",\"position\":3,\"name\":\"Eldon uld paneller\"}]},{\"@type\":\"WebSite\",\"@id\":\"https:\\\/\\\/toelthester.dk\\\/#website\",\"url\":\"https:\\\/\\\/toelthester.dk\\\/\",\"name\":\"Toelthester\",\"description\":\"\",\"potentialAction\":[{\"@type\":\"SearchAction\",\"target\":{\"@type\":\"EntryPoint\",\"urlTemplate\":\"https:\\\/\\\/toelthester.dk\\\/?s={search_term_string}\"},\"query-input\":{\"@type\":\"PropertyValueSpecification\",\"valueRequired\":true,\"valueName\":\"search_term_string\"}}],\"inLanguage\":\"de\"}]}<\/script>\n<!-- \/ Yoast SEO plugin. -->","yoast_head_json":{"title":"Eldon, brandneuer Sattel von T\u00f8lthester auf einem E-Boom","description":"Eldon hat neu entwickelte Panels aus drei Schichten Latex. Der Sitz selbst im Sattel sorgt mit kurzen Kniepolstern f\u00fcr eine nat\u00fcrliche Position.","robots":{"index":"index","follow":"follow","max-snippet":"max-snippet:-1","max-image-preview":"max-image-preview:large","max-video-preview":"max-video-preview:-1"},"canonical":"https:\/\/toelthester.dk\/de\/speichern\/eldonwolle\/","og_locale":"de_DE","og_type":"article","og_title":"Eldon, helt ny sadel fra T\u00f8lthester p\u00e5 en E bom","og_description":"Eldon har nyudviklet paneller p\u00e5, der er opbygget af tre lags latex. Selve s\u00e6det i sadlen giver en naturlig opstilling, med korte kn\u00e6puder.","og_url":"https:\/\/toelthester.dk\/de\/speichern\/eldonwolle\/","og_site_name":"Toelthester","article_modified_time":"2026-02-08T17:58:19+00:00","og_image":[{"width":1560,"height":1040,"url":"https:\/\/toelthester.dk\/wp-content\/uploads\/2023\/07\/Toelthester-nr-2-juli-23-009.jpg","type":"image\/jpeg"}],"twitter_card":"summary_large_image","twitter_misc":{"Gesch\u00e4tzte Lesezeit":"1\u00a0Minute"},"schema":{"@context":"https:\/\/schema.org","@graph":[{"@type":"WebPage","@id":"https:\/\/toelthester.dk\/en\/store\/eldon-wool\/","url":"https:\/\/toelthester.dk\/en\/store\/eldon-wool\/","name":"Eldon, brandneuer Sattel von T\u00f8lthester auf einem E-Boom","isPartOf":{"@id":"https:\/\/toelthester.dk\/#website"},"primaryImageOfPage":{"@id":"https:\/\/toelthester.dk\/en\/store\/eldon-wool\/#primaryimage"},"image":{"@id":"https:\/\/toelthester.dk\/en\/store\/eldon-wool\/#primaryimage"},"thumbnailUrl":"https:\/\/toelthester.dk\/wp-content\/uploads\/2023\/07\/Toelthester-nr-2-juli-23-009.jpg","datePublished":"2023-07-10T19:22:15+00:00","dateModified":"2026-02-08T17:58:19+00:00","description":"Eldon hat neu entwickelte Panels aus drei Schichten Latex. Der Sitz selbst im Sattel sorgt mit kurzen Kniepolstern f\u00fcr eine nat\u00fcrliche Position.","breadcrumb":{"@id":"https:\/\/toelthester.dk\/en\/store\/eldon-wool\/#breadcrumb"},"inLanguage":"de","potentialAction":[{"@type":"ReadAction","target":["https:\/\/toelthester.dk\/en\/store\/eldon-wool\/"]}]},{"@type":"ImageObject","inLanguage":"de","@id":"https:\/\/toelthester.dk\/en\/store\/eldon-wool\/#primaryimage","url":"https:\/\/toelthester.dk\/wp-content\/uploads\/2023\/07\/Toelthester-nr-2-juli-23-009.jpg","contentUrl":"https:\/\/toelthester.dk\/wp-content\/uploads\/2023\/07\/Toelthester-nr-2-juli-23-009.jpg","width":1560,"height":1040},{"@type":"BreadcrumbList","@id":"https:\/\/toelthester.dk\/en\/store\/eldon-wool\/#breadcrumb","itemListElement":[{"@type":"ListItem","position":1,"name":"Hjem","item":"https:\/\/toelthester.dk\/"},{"@type":"ListItem","position":2,"name":"Shop","item":"https:\/\/toelthester.dk\/shop\/"},{"@type":"ListItem","position":3,"name":"Eldon uld paneller"}]},{"@type":"WebSite","@id":"https:\/\/toelthester.dk\/#website","url":"https:\/\/toelthester.dk\/","name":"Toilettenpferde","description":"","potentialAction":[{"@type":"SearchAction","target":{"@type":"EntryPoint","urlTemplate":"https:\/\/toelthester.dk\/?s={search_term_string}"},"query-input":{"@type":"PropertyValueSpecification","valueRequired":true,"valueName":"search_term_string"}}],"inLanguage":"de"}]}},"_links":{"self":[{"href":"https:\/\/toelthester.dk\/de\/wp-json\/wp\/v2\/product\/9706","targetHints":{"allow":["GET"]}}],"collection":[{"href":"https:\/\/toelthester.dk\/de\/wp-json\/wp\/v2\/product"}],"about":[{"href":"https:\/\/toelthester.dk\/de\/wp-json\/wp\/v2\/types\/product"}],"wp:featuredmedia":[{"embeddable":true,"href":"https:\/\/toelthester.dk\/de\/wp-json\/wp\/v2\/media\/9730"}],"wp:attachment":[{"href":"https:\/\/toelthester.dk\/de\/wp-json\/wp\/v2\/media?parent=9706"}],"wp:term":[{"taxonomy":"product_brand","embeddable":true,"href":"https:\/\/toelthester.dk\/de\/wp-json\/wp\/v2\/product_brand?post=9706"},{"taxonomy":"product_cat","embeddable":true,"href":"https:\/\/toelthester.dk\/de\/wp-json\/wp\/v2\/product_cat?post=9706"},{"taxonomy":"product_tag","embeddable":true,"href":"https:\/\/toelthester.dk\/de\/wp-json\/wp\/v2\/product_tag?post=9706"}],"curies":[{"name":"wp","href":"https:\/\/api.w.org\/{rel}","templated":true}]}}