{"id":9700,"date":"2023-07-10T21:08:28","date_gmt":"2023-07-10T19:08:28","guid":{"rendered":"https:\/\/toelthester.dk\/?post_type=product&#038;p=9700"},"modified":"2026-04-14T10:26:51","modified_gmt":"2026-04-14T08:26:51","slug":"borkurwolle","status":"publish","type":"product","link":"https:\/\/toelthester.dk\/de\/butik\/borkur-uld\/","title":{"rendered":"B\u00f6rkur mit Woll"},"content":{"rendered":"<p><strong>Technische Daten:<\/strong><br \/>\nF\u00fcllung: Latex oder Wolle<br \/>\nAusleger: F \u2013 Mit austauschbarem Kopfentferner<br \/>\nCup-Eisen: Es wird ein F-Cup-Eisen verwendet<br \/>\nAuslegergr\u00f6\u00dfe: Narrow 24 \u2013 25 \u2013 Normal 26 \u2013 27 \u2013 Wide 28 \u2013 29 und 30 X-Wide.<br \/>\nSitzgr\u00f6\u00dfen: 16,0\u2033 \u2013 16,5\u2033 \u2013 17,0\u2033 \u2013 17,5\u2033 \u2013 18,0\u2033<br \/>\nGewicht: 5,9 kg<\/p>\n<p>&nbsp;<\/p>","protected":false},"excerpt":{"rendered":"<h3 data-start=\"66\" data-end=\"134\"><strong data-start=\"70\" data-end=\"132\">B\u00f6rkur von T\u00f8lthester \u2013 Der perfekte Sattel f\u00fcr kleine Pferde<\/strong><\/h3>\n<p data-start=\"136\" data-end=\"365\">B\u00f6rkur von T\u00f8lthester ist ein neu entwickelter Sattel, der speziell f\u00fcr kleine Pferde und ihre Reiter geschaffen wurde. Wir haben auf die Bed\u00fcrfnisse unserer Kunden geh\u00f6rt und einen Sattel entworfen, der maximalen Komfort und Bewegungsfreiheit f\u00fcr Pferd und Reiter gew\u00e4hrleistet.<\/p>\n<p data-start=\"367\" data-end=\"816\">\u2705 <strong data-start=\"369\" data-end=\"396\">Extra kurze Kontaktfl\u00e4che<\/strong> \u2013 Ideal f\u00fcr Pferde mit kurzem R\u00fccken<br data-start=\"427\" data-end=\"430\" \/>\u2705 <strong data-start=\"432\" data-end=\"457\">Optimale Schulterfreiheit<\/strong> \u2013 Freie Bewegung ohne Einschr\u00e4nkungen<br data-start=\"492\" data-end=\"495\" \/>\u2705 <strong data-start=\"497\" data-end=\"521\">Gro\u00dfz\u00fcgige Sattelkammer<\/strong> \u2013 Platz f\u00fcr nat\u00fcrliche Gangarten<br data-start=\"553\" data-end=\"556\" \/>\u2705 <strong data-start=\"558\" data-end=\"589\" data-is-only-node=\"\">Weicher Sitz mit normaler Tiefe<\/strong> \u2013 Komfort ohne Engegef\u00fchl<br data-start=\"622\" data-end=\"625\" \/>\u2705 <strong data-start=\"627\" data-end=\"645\">Lange Knieschoner<\/strong> \u2013 Unterst\u00fctzung und Stabilit\u00e4t f\u00fcr den Fahrer<br data-start=\"681\" data-end=\"684\" \/>\u2705 <strong data-start=\"686\" data-end=\"708\">Neue F-Boom-Technologie<\/strong> \u2013 Perfekte Passform und Flexibilit\u00e4t<br data-start=\"743\" data-end=\"746\" \/>\u2705 <strong data-start=\"748\" data-end=\"770\">Handgefertigt in Europa<\/strong> \u2013 Exklusives Kalbsleder h\u00f6chster Qualit\u00e4t<\/p>\n<p data-start=\"818\" data-end=\"959\">Mit B\u00f6rkur erhalten Sie einen Sattel, der Innovation, Funktionalit\u00e4t und Luxus vereint \u2013 damit Sie und Ihr Pferd in allen Gangarten optimale Leistung erbringen k\u00f6nnen.<\/p>\n<p data-start=\"961\" data-end=\"1020\"><strong data-start=\"961\" data-end=\"1018\">Erleben Sie den Unterschied mit B\u00f6rkur \u2013 Komfort und Freiheit in einem!<\/strong><\/p>","protected":false},"featured_media":9729,"template":"","meta":{"inline_featured_image":false},"product_brand":[],"product_cat":[10],"product_tag":[],"class_list":{"0":"post-9700","1":"product","2":"type-product","3":"status-publish","4":"has-post-thumbnail","6":"product_cat-sadler","8":"first","9":"instock","10":"featured","11":"taxable","12":"shipping-taxable","13":"purchasable","14":"product-type-variable"},"yoast_head":"<!-- This site is optimized with the Yoast SEO plugin v27.4 - https:\/\/yoast.com\/product\/yoast-seo-wordpress\/ -->\n<title>B\u00f6rkur, helt ny sadel fra T\u00f8lthester p\u00e5 en F bom<\/title>\n<meta name=\"description\" content=\"B\u00f6rkur har nyudviklet paneller p\u00e5, der er opbygget af tre lags latex. Selve s\u00e6det i sadlen giver en naturlig opstilling, med korte kn\u00e6puder.\" \/>\n<meta name=\"robots\" content=\"index, follow, max-snippet:-1, max-image-preview:large, max-video-preview:-1\" \/>\n<link rel=\"canonical\" href=\"https:\/\/toelthester.dk\/de\/speichern\/borkurwolle\/\" \/>\n<meta property=\"og:locale\" content=\"de_DE\" \/>\n<meta property=\"og:type\" content=\"article\" \/>\n<meta property=\"og:title\" content=\"B\u00f6rkur, helt ny sadel fra T\u00f8lthester p\u00e5 en F bom\" \/>\n<meta property=\"og:description\" content=\"B\u00f6rkur har nyudviklet paneller p\u00e5, der er opbygget af tre lags latex. Selve s\u00e6det i sadlen giver en naturlig opstilling, med korte kn\u00e6puder.\" \/>\n<meta property=\"og:url\" content=\"https:\/\/toelthester.dk\/de\/speichern\/borkurwolle\/\" \/>\n<meta property=\"og:site_name\" content=\"Toelthester\" \/>\n<meta property=\"article:modified_time\" content=\"2026-04-14T08:26:51+00:00\" \/>\n<meta property=\"og:image\" content=\"https:\/\/toelthester.dk\/wp-content\/uploads\/2023\/07\/Toelthester-nr-2-juli-23-012.jpg\" \/>\n\t<meta property=\"og:image:width\" content=\"1578\" \/>\n\t<meta property=\"og:image:height\" content=\"1052\" \/>\n\t<meta property=\"og:image:type\" content=\"image\/jpeg\" \/>\n<meta name=\"twitter:card\" content=\"summary_large_image\" \/>\n<meta name=\"twitter:label1\" content=\"Gesch\u00e4tzte Lesezeit\" \/>\n\t<meta name=\"twitter:data1\" content=\"1\u00a0Minute\" \/>\n<script type=\"application\/ld+json\" class=\"yoast-schema-graph\">{\"@context\":\"https:\\\/\\\/schema.org\",\"@graph\":[{\"@type\":\"WebPage\",\"@id\":\"https:\\\/\\\/toelthester.dk\\\/butik\\\/borkur-uld\\\/\",\"url\":\"https:\\\/\\\/toelthester.dk\\\/butik\\\/borkur-uld\\\/\",\"name\":\"B\u00f6rkur, helt ny sadel fra T\u00f8lthester p\u00e5 en F bom\",\"isPartOf\":{\"@id\":\"https:\\\/\\\/toelthester.dk\\\/#website\"},\"primaryImageOfPage\":{\"@id\":\"https:\\\/\\\/toelthester.dk\\\/butik\\\/borkur-uld\\\/#primaryimage\"},\"image\":{\"@id\":\"https:\\\/\\\/toelthester.dk\\\/butik\\\/borkur-uld\\\/#primaryimage\"},\"thumbnailUrl\":\"https:\\\/\\\/toelthester.dk\\\/wp-content\\\/uploads\\\/2023\\\/07\\\/Toelthester-nr-2-juli-23-012.jpg\",\"datePublished\":\"2023-07-10T19:08:28+00:00\",\"dateModified\":\"2026-04-14T08:26:51+00:00\",\"description\":\"B\u00f6rkur har nyudviklet paneller p\u00e5, der er opbygget af tre lags latex. Selve s\u00e6det i sadlen giver en naturlig opstilling, med korte kn\u00e6puder.\",\"breadcrumb\":{\"@id\":\"https:\\\/\\\/toelthester.dk\\\/butik\\\/borkur-uld\\\/#breadcrumb\"},\"inLanguage\":\"de\",\"potentialAction\":[{\"@type\":\"ReadAction\",\"target\":[\"https:\\\/\\\/toelthester.dk\\\/butik\\\/borkur-uld\\\/\"]}]},{\"@type\":\"ImageObject\",\"inLanguage\":\"de\",\"@id\":\"https:\\\/\\\/toelthester.dk\\\/butik\\\/borkur-uld\\\/#primaryimage\",\"url\":\"https:\\\/\\\/toelthester.dk\\\/wp-content\\\/uploads\\\/2023\\\/07\\\/Toelthester-nr-2-juli-23-012.jpg\",\"contentUrl\":\"https:\\\/\\\/toelthester.dk\\\/wp-content\\\/uploads\\\/2023\\\/07\\\/Toelthester-nr-2-juli-23-012.jpg\",\"width\":1578,\"height\":1052},{\"@type\":\"BreadcrumbList\",\"@id\":\"https:\\\/\\\/toelthester.dk\\\/butik\\\/borkur-uld\\\/#breadcrumb\",\"itemListElement\":[{\"@type\":\"ListItem\",\"position\":1,\"name\":\"Hjem\",\"item\":\"https:\\\/\\\/toelthester.dk\\\/\"},{\"@type\":\"ListItem\",\"position\":2,\"name\":\"Shop\",\"item\":\"https:\\\/\\\/toelthester.dk\\\/shop\\\/\"},{\"@type\":\"ListItem\",\"position\":3,\"name\":\"B\u00f6rkur uld paneller\"}]},{\"@type\":\"WebSite\",\"@id\":\"https:\\\/\\\/toelthester.dk\\\/#website\",\"url\":\"https:\\\/\\\/toelthester.dk\\\/\",\"name\":\"Toelthester\",\"description\":\"\",\"potentialAction\":[{\"@type\":\"SearchAction\",\"target\":{\"@type\":\"EntryPoint\",\"urlTemplate\":\"https:\\\/\\\/toelthester.dk\\\/?s={search_term_string}\"},\"query-input\":{\"@type\":\"PropertyValueSpecification\",\"valueRequired\":true,\"valueName\":\"search_term_string\"}}],\"inLanguage\":\"de\"}]}<\/script>\n<!-- \/ Yoast SEO plugin. -->","yoast_head_json":{"title":"B\u00f6rkur, brandneuer Sattel von T\u00f8lthester auf einem F-Boom","description":"B\u00f6rkur hat neu entwickelte Panels aus drei Schichten Latex. Der Sitz selbst im Sattel sorgt mit kurzen Kniepolstern f\u00fcr eine nat\u00fcrliche Position.","robots":{"index":"index","follow":"follow","max-snippet":"max-snippet:-1","max-image-preview":"max-image-preview:large","max-video-preview":"max-video-preview:-1"},"canonical":"https:\/\/toelthester.dk\/de\/speichern\/borkurwolle\/","og_locale":"de_DE","og_type":"article","og_title":"B\u00f6rkur, helt ny sadel fra T\u00f8lthester p\u00e5 en F bom","og_description":"B\u00f6rkur har nyudviklet paneller p\u00e5, der er opbygget af tre lags latex. Selve s\u00e6det i sadlen giver en naturlig opstilling, med korte kn\u00e6puder.","og_url":"https:\/\/toelthester.dk\/de\/speichern\/borkurwolle\/","og_site_name":"Toelthester","article_modified_time":"2026-04-14T08:26:51+00:00","og_image":[{"width":1578,"height":1052,"url":"https:\/\/toelthester.dk\/wp-content\/uploads\/2023\/07\/Toelthester-nr-2-juli-23-012.jpg","type":"image\/jpeg"}],"twitter_card":"summary_large_image","twitter_misc":{"Gesch\u00e4tzte Lesezeit":"1\u00a0Minute"},"schema":{"@context":"https:\/\/schema.org","@graph":[{"@type":"WebPage","@id":"https:\/\/toelthester.dk\/butik\/borkur-uld\/","url":"https:\/\/toelthester.dk\/butik\/borkur-uld\/","name":"B\u00f6rkur, brandneuer Sattel von T\u00f8lthester auf einem F-Boom","isPartOf":{"@id":"https:\/\/toelthester.dk\/#website"},"primaryImageOfPage":{"@id":"https:\/\/toelthester.dk\/butik\/borkur-uld\/#primaryimage"},"image":{"@id":"https:\/\/toelthester.dk\/butik\/borkur-uld\/#primaryimage"},"thumbnailUrl":"https:\/\/toelthester.dk\/wp-content\/uploads\/2023\/07\/Toelthester-nr-2-juli-23-012.jpg","datePublished":"2023-07-10T19:08:28+00:00","dateModified":"2026-04-14T08:26:51+00:00","description":"B\u00f6rkur hat neu entwickelte Panels aus drei Schichten Latex. Der Sitz selbst im Sattel sorgt mit kurzen Kniepolstern f\u00fcr eine nat\u00fcrliche Position.","breadcrumb":{"@id":"https:\/\/toelthester.dk\/butik\/borkur-uld\/#breadcrumb"},"inLanguage":"de","potentialAction":[{"@type":"ReadAction","target":["https:\/\/toelthester.dk\/butik\/borkur-uld\/"]}]},{"@type":"ImageObject","inLanguage":"de","@id":"https:\/\/toelthester.dk\/butik\/borkur-uld\/#primaryimage","url":"https:\/\/toelthester.dk\/wp-content\/uploads\/2023\/07\/Toelthester-nr-2-juli-23-012.jpg","contentUrl":"https:\/\/toelthester.dk\/wp-content\/uploads\/2023\/07\/Toelthester-nr-2-juli-23-012.jpg","width":1578,"height":1052},{"@type":"BreadcrumbList","@id":"https:\/\/toelthester.dk\/butik\/borkur-uld\/#breadcrumb","itemListElement":[{"@type":"ListItem","position":1,"name":"Hjem","item":"https:\/\/toelthester.dk\/"},{"@type":"ListItem","position":2,"name":"Shop","item":"https:\/\/toelthester.dk\/shop\/"},{"@type":"ListItem","position":3,"name":"B\u00f6rkur uld paneller"}]},{"@type":"WebSite","@id":"https:\/\/toelthester.dk\/#website","url":"https:\/\/toelthester.dk\/","name":"Toilettenpferde","description":"","potentialAction":[{"@type":"SearchAction","target":{"@type":"EntryPoint","urlTemplate":"https:\/\/toelthester.dk\/?s={search_term_string}"},"query-input":{"@type":"PropertyValueSpecification","valueRequired":true,"valueName":"search_term_string"}}],"inLanguage":"de"}]}},"_links":{"self":[{"href":"https:\/\/toelthester.dk\/de\/wp-json\/wp\/v2\/product\/9700","targetHints":{"allow":["GET"]}}],"collection":[{"href":"https:\/\/toelthester.dk\/de\/wp-json\/wp\/v2\/product"}],"about":[{"href":"https:\/\/toelthester.dk\/de\/wp-json\/wp\/v2\/types\/product"}],"wp:featuredmedia":[{"embeddable":true,"href":"https:\/\/toelthester.dk\/de\/wp-json\/wp\/v2\/media\/9729"}],"wp:attachment":[{"href":"https:\/\/toelthester.dk\/de\/wp-json\/wp\/v2\/media?parent=9700"}],"wp:term":[{"taxonomy":"product_brand","embeddable":true,"href":"https:\/\/toelthester.dk\/de\/wp-json\/wp\/v2\/product_brand?post=9700"},{"taxonomy":"product_cat","embeddable":true,"href":"https:\/\/toelthester.dk\/de\/wp-json\/wp\/v2\/product_cat?post=9700"},{"taxonomy":"product_tag","embeddable":true,"href":"https:\/\/toelthester.dk\/de\/wp-json\/wp\/v2\/product_tag?post=9700"}],"curies":[{"name":"wp","href":"https:\/\/api.w.org\/{rel}","templated":true}]}}