{"id":9201,"date":"2022-04-05T16:49:12","date_gmt":"2022-04-05T14:49:12","guid":{"rendered":"https:\/\/toelthester.dk\/?post_type=product&#038;p=9201"},"modified":"2025-11-20T15:07:10","modified_gmt":"2025-11-20T14:07:10","slug":"glucken-2","status":"publish","type":"product","link":"https:\/\/toelthester.dk\/de\/butik\/klaki\/","title":{"rendered":"Klaki mit Latex"},"content":{"rendered":"<p><strong>Technische Daten:<\/strong><br \/>\nF\u00fcllung: Latex oder Wolle<br \/>\nAusleger: C \u2013 Mit austauschbarem Kopfentferner<br \/>\nAuslegergr\u00f6\u00dfe: Narrow 24 \u2013 25 \u2013 Normal 26 \u2013 27 \u2013 Wide 28 \u2013 29 und 30 Xwide.<br \/>\nSitzgr\u00f6\u00dfen: 16,0\u2033 \u2013 16,5\u2033 \u2013 17,0\u2033 \u2013 17,5\u2033 \u2013 18,0\u2033<br \/>\nGewicht: 6,2 kg<\/p>\n<p>&nbsp;<\/p>","protected":false},"excerpt":{"rendered":"<p><strong>Klaki aus T\u00f8lthester<\/strong><\/p>\n<p>Klaki ist unser neuer Sattel, der im Fr\u00fchjahr 2022 eingef\u00fchrt wird.<\/p>\n<p>Es handelt sich um einen Sattel, der an unseren ersten Sattel auf dem C-Boom, den Safir-Sattel, erinnert. Alles, was wir in den letzten 8 Jahren gelernt haben, ist in den Klaki-Sattel eingeflossen.<\/p>\n<p>Es verf\u00fcgt \u00fcber eine Doppelklappe, Schulterfreiheit und eine kurze Auflagefl\u00e4che.<\/p>\n<p>Lieferung mit entweder 3 Lagen Latex- oder Wollpolsterung.<\/p>","protected":false},"featured_media":9223,"template":"","meta":{"inline_featured_image":false},"product_brand":[],"product_cat":[10],"product_tag":[],"class_list":{"0":"post-9201","1":"product","2":"type-product","3":"status-publish","4":"has-post-thumbnail","6":"product_cat-sadler","8":"first","9":"instock","10":"featured","11":"taxable","12":"shipping-taxable","13":"purchasable","14":"product-type-variable","15":"has-default-attributes"},"yoast_head":"<!-- This site is optimized with the Yoast SEO plugin v27.3 - https:\/\/yoast.com\/product\/yoast-seo-wordpress\/ -->\n<title>Klaki, helt ny sadel fra T\u00f8lthester med dobbelt klap<\/title>\n<meta name=\"description\" content=\"Klaki har nyudviklet paneller p\u00e5, der er opbygget af tre lags latex. Selve s\u00e6det i sadlen giver en naturlig opstilling, med halvlange kn\u00e6puder.\" \/>\n<meta name=\"robots\" content=\"index, follow, max-snippet:-1, max-image-preview:large, max-video-preview:-1\" \/>\n<link rel=\"canonical\" href=\"https:\/\/toelthester.dk\/de\/speichern\/glucken-2\/\" \/>\n<meta property=\"og:locale\" content=\"de_DE\" \/>\n<meta property=\"og:type\" content=\"article\" \/>\n<meta property=\"og:title\" content=\"Klaki, helt ny sadel fra T\u00f8lthester med dobbelt klap\" \/>\n<meta property=\"og:description\" content=\"Klaki har nyudviklet paneller p\u00e5, der er opbygget af tre lags latex. Selve s\u00e6det i sadlen giver en naturlig opstilling, med halvlange kn\u00e6puder.\" \/>\n<meta property=\"og:url\" content=\"https:\/\/toelthester.dk\/de\/speichern\/glucken-2\/\" \/>\n<meta property=\"og:site_name\" content=\"Toelthester\" \/>\n<meta property=\"article:modified_time\" content=\"2025-11-20T14:07:10+00:00\" \/>\n<meta property=\"og:image\" content=\"https:\/\/toelthester.dk\/wp-content\/uploads\/2022\/04\/72-dpi-Toelthester-2022-april-1.jpg\" \/>\n\t<meta property=\"og:image:width\" content=\"1513\" \/>\n\t<meta property=\"og:image:height\" content=\"1008\" \/>\n\t<meta property=\"og:image:type\" content=\"image\/jpeg\" \/>\n<meta name=\"twitter:card\" content=\"summary_large_image\" \/>\n<meta name=\"twitter:label1\" content=\"Gesch\u00e4tzte Lesezeit\" \/>\n\t<meta name=\"twitter:data1\" content=\"1\u00a0Minute\" \/>\n<script type=\"application\/ld+json\" class=\"yoast-schema-graph\">{\"@context\":\"https:\\\/\\\/schema.org\",\"@graph\":[{\"@type\":\"WebPage\",\"@id\":\"https:\\\/\\\/toelthester.dk\\\/en\\\/store\\\/cluck-2\\\/\",\"url\":\"https:\\\/\\\/toelthester.dk\\\/en\\\/store\\\/cluck-2\\\/\",\"name\":\"Klaki, helt ny sadel fra T\u00f8lthester med dobbelt klap\",\"isPartOf\":{\"@id\":\"https:\\\/\\\/toelthester.dk\\\/#website\"},\"primaryImageOfPage\":{\"@id\":\"https:\\\/\\\/toelthester.dk\\\/en\\\/store\\\/cluck-2\\\/#primaryimage\"},\"image\":{\"@id\":\"https:\\\/\\\/toelthester.dk\\\/en\\\/store\\\/cluck-2\\\/#primaryimage\"},\"thumbnailUrl\":\"https:\\\/\\\/toelthester.dk\\\/wp-content\\\/uploads\\\/2022\\\/04\\\/72-dpi-Toelthester-2022-april-1.jpg\",\"datePublished\":\"2022-04-05T14:49:12+00:00\",\"dateModified\":\"2025-11-20T14:07:10+00:00\",\"description\":\"Klaki har nyudviklet paneller p\u00e5, der er opbygget af tre lags latex. Selve s\u00e6det i sadlen giver en naturlig opstilling, med halvlange kn\u00e6puder.\",\"breadcrumb\":{\"@id\":\"https:\\\/\\\/toelthester.dk\\\/en\\\/store\\\/cluck-2\\\/#breadcrumb\"},\"inLanguage\":\"de\",\"potentialAction\":[{\"@type\":\"ReadAction\",\"target\":[\"https:\\\/\\\/toelthester.dk\\\/en\\\/store\\\/cluck-2\\\/\"]}]},{\"@type\":\"ImageObject\",\"inLanguage\":\"de\",\"@id\":\"https:\\\/\\\/toelthester.dk\\\/en\\\/store\\\/cluck-2\\\/#primaryimage\",\"url\":\"https:\\\/\\\/toelthester.dk\\\/wp-content\\\/uploads\\\/2022\\\/04\\\/72-dpi-Toelthester-2022-april-1.jpg\",\"contentUrl\":\"https:\\\/\\\/toelthester.dk\\\/wp-content\\\/uploads\\\/2022\\\/04\\\/72-dpi-Toelthester-2022-april-1.jpg\",\"width\":1513,\"height\":1008},{\"@type\":\"BreadcrumbList\",\"@id\":\"https:\\\/\\\/toelthester.dk\\\/en\\\/store\\\/cluck-2\\\/#breadcrumb\",\"itemListElement\":[{\"@type\":\"ListItem\",\"position\":1,\"name\":\"Hjem\",\"item\":\"https:\\\/\\\/toelthester.dk\\\/\"},{\"@type\":\"ListItem\",\"position\":2,\"name\":\"Shop\",\"item\":\"https:\\\/\\\/toelthester.dk\\\/shop\\\/\"},{\"@type\":\"ListItem\",\"position\":3,\"name\":\"Klaki Latex paneller\"}]},{\"@type\":\"WebSite\",\"@id\":\"https:\\\/\\\/toelthester.dk\\\/#website\",\"url\":\"https:\\\/\\\/toelthester.dk\\\/\",\"name\":\"Toelthester\",\"description\":\"\",\"potentialAction\":[{\"@type\":\"SearchAction\",\"target\":{\"@type\":\"EntryPoint\",\"urlTemplate\":\"https:\\\/\\\/toelthester.dk\\\/?s={search_term_string}\"},\"query-input\":{\"@type\":\"PropertyValueSpecification\",\"valueRequired\":true,\"valueName\":\"search_term_string\"}}],\"inLanguage\":\"de\"}]}<\/script>\n<!-- \/ Yoast SEO plugin. -->","yoast_head_json":{"title":"Klaki, brandneuer Sattel von T\u00f8lthester mit Doppelblatt","description":"Klaki hat neu entwickelte Panels aus drei Schichten Latex. Der Sitz selbst im Sattel sorgt mit halblangen Kniepolstern f\u00fcr eine nat\u00fcrliche Position.","robots":{"index":"index","follow":"follow","max-snippet":"max-snippet:-1","max-image-preview":"max-image-preview:large","max-video-preview":"max-video-preview:-1"},"canonical":"https:\/\/toelthester.dk\/de\/speichern\/glucken-2\/","og_locale":"de_DE","og_type":"article","og_title":"Klaki, helt ny sadel fra T\u00f8lthester med dobbelt klap","og_description":"Klaki har nyudviklet paneller p\u00e5, der er opbygget af tre lags latex. Selve s\u00e6det i sadlen giver en naturlig opstilling, med halvlange kn\u00e6puder.","og_url":"https:\/\/toelthester.dk\/de\/speichern\/glucken-2\/","og_site_name":"Toelthester","article_modified_time":"2025-11-20T14:07:10+00:00","og_image":[{"width":1513,"height":1008,"url":"https:\/\/toelthester.dk\/wp-content\/uploads\/2022\/04\/72-dpi-Toelthester-2022-april-1.jpg","type":"image\/jpeg"}],"twitter_card":"summary_large_image","twitter_misc":{"Gesch\u00e4tzte Lesezeit":"1\u00a0Minute"},"schema":{"@context":"https:\/\/schema.org","@graph":[{"@type":"WebPage","@id":"https:\/\/toelthester.dk\/en\/store\/cluck-2\/","url":"https:\/\/toelthester.dk\/en\/store\/cluck-2\/","name":"Klaki, brandneuer Sattel von T\u00f8lthester mit Doppelblatt","isPartOf":{"@id":"https:\/\/toelthester.dk\/#website"},"primaryImageOfPage":{"@id":"https:\/\/toelthester.dk\/en\/store\/cluck-2\/#primaryimage"},"image":{"@id":"https:\/\/toelthester.dk\/en\/store\/cluck-2\/#primaryimage"},"thumbnailUrl":"https:\/\/toelthester.dk\/wp-content\/uploads\/2022\/04\/72-dpi-Toelthester-2022-april-1.jpg","datePublished":"2022-04-05T14:49:12+00:00","dateModified":"2025-11-20T14:07:10+00:00","description":"Klaki hat neu entwickelte Panels aus drei Schichten Latex. Der Sitz selbst im Sattel sorgt mit halblangen Kniepolstern f\u00fcr eine nat\u00fcrliche Position.","breadcrumb":{"@id":"https:\/\/toelthester.dk\/en\/store\/cluck-2\/#breadcrumb"},"inLanguage":"de","potentialAction":[{"@type":"ReadAction","target":["https:\/\/toelthester.dk\/en\/store\/cluck-2\/"]}]},{"@type":"ImageObject","inLanguage":"de","@id":"https:\/\/toelthester.dk\/en\/store\/cluck-2\/#primaryimage","url":"https:\/\/toelthester.dk\/wp-content\/uploads\/2022\/04\/72-dpi-Toelthester-2022-april-1.jpg","contentUrl":"https:\/\/toelthester.dk\/wp-content\/uploads\/2022\/04\/72-dpi-Toelthester-2022-april-1.jpg","width":1513,"height":1008},{"@type":"BreadcrumbList","@id":"https:\/\/toelthester.dk\/en\/store\/cluck-2\/#breadcrumb","itemListElement":[{"@type":"ListItem","position":1,"name":"Hjem","item":"https:\/\/toelthester.dk\/"},{"@type":"ListItem","position":2,"name":"Shop","item":"https:\/\/toelthester.dk\/shop\/"},{"@type":"ListItem","position":3,"name":"Klaki Latex paneller"}]},{"@type":"WebSite","@id":"https:\/\/toelthester.dk\/#website","url":"https:\/\/toelthester.dk\/","name":"Toilettenpferde","description":"","potentialAction":[{"@type":"SearchAction","target":{"@type":"EntryPoint","urlTemplate":"https:\/\/toelthester.dk\/?s={search_term_string}"},"query-input":{"@type":"PropertyValueSpecification","valueRequired":true,"valueName":"search_term_string"}}],"inLanguage":"de"}]}},"_links":{"self":[{"href":"https:\/\/toelthester.dk\/de\/wp-json\/wp\/v2\/product\/9201","targetHints":{"allow":["GET"]}}],"collection":[{"href":"https:\/\/toelthester.dk\/de\/wp-json\/wp\/v2\/product"}],"about":[{"href":"https:\/\/toelthester.dk\/de\/wp-json\/wp\/v2\/types\/product"}],"wp:featuredmedia":[{"embeddable":true,"href":"https:\/\/toelthester.dk\/de\/wp-json\/wp\/v2\/media\/9223"}],"wp:attachment":[{"href":"https:\/\/toelthester.dk\/de\/wp-json\/wp\/v2\/media?parent=9201"}],"wp:term":[{"taxonomy":"product_brand","embeddable":true,"href":"https:\/\/toelthester.dk\/de\/wp-json\/wp\/v2\/product_brand?post=9201"},{"taxonomy":"product_cat","embeddable":true,"href":"https:\/\/toelthester.dk\/de\/wp-json\/wp\/v2\/product_cat?post=9201"},{"taxonomy":"product_tag","embeddable":true,"href":"https:\/\/toelthester.dk\/de\/wp-json\/wp\/v2\/product_tag?post=9201"}],"curies":[{"name":"wp","href":"https:\/\/api.w.org\/{rel}","templated":true}]}}