{"id":9015,"date":"2020-11-25T17:19:01","date_gmt":"2020-11-25T16:19:01","guid":{"rendered":"https:\/\/toelthester.dk\/?post_type=product&#038;p=9015"},"modified":"2026-04-15T14:38:22","modified_gmt":"2026-04-15T12:38:22","slug":"die-fleecedecke","status":"publish","type":"product","link":"https:\/\/toelthester.dk\/de\/butik\/fleecedaekken\/","title":{"rendered":"Die Fleecedecke"},"content":{"rendered":"<h1 class=\"product-title product_title entry-title\">Die Fleecedecke<\/h1>\n<p>&nbsp;<\/p>","protected":false},"excerpt":{"rendered":"<p>Diese Fleecedecke besteht aus den besten Materialien, sowohl was das Fleece selbst als auch die Schnallen betrifft.<\/p>\n<p>Die Fleecedecke ist schwei\u00dfableitend und eignet sich daher f\u00fcr den Einsatz dort, wo das Pferd nach einem langen Ausritt oder einem Wettkampf geschwitzt hat und abgek\u00fchlt werden muss.<\/p>\n<p>&nbsp;<\/p>","protected":false},"featured_media":8925,"template":"","meta":{"inline_featured_image":false},"product_brand":[],"product_cat":[139],"product_tag":[],"class_list":{"0":"post-9015","1":"product","2":"type-product","3":"status-publish","4":"has-post-thumbnail","6":"product_cat-daekken","8":"first","9":"instock","10":"sale","11":"featured","12":"taxable","13":"shipping-taxable","14":"purchasable","15":"product-type-variable","16":"has-default-attributes"},"yoast_head":"<!-- This site is optimized with the Yoast SEO plugin v27.4 - https:\/\/yoast.com\/product\/yoast-seo-wordpress\/ -->\n<title>Fineste materialer, b\u00e5de hvad ang\u00e5r selve fleece og sp\u00e6nderne.<\/title>\n<meta name=\"description\" content=\"Fleeced\u00e6kkenet er svedtranspoterende og er derfor velegnet til brug efter tr\u00e6ning, hvor hesten har svedt og skal nedk\u00f8les langsomt.\" \/>\n<meta name=\"robots\" content=\"index, follow, max-snippet:-1, max-image-preview:large, max-video-preview:-1\" \/>\n<link rel=\"canonical\" href=\"https:\/\/toelthester.dk\/de\/speichern\/die-fleecedecke\/\" \/>\n<meta property=\"og:locale\" content=\"de_DE\" \/>\n<meta property=\"og:type\" content=\"article\" \/>\n<meta property=\"og:title\" content=\"Fineste materialer, b\u00e5de hvad ang\u00e5r selve fleece og sp\u00e6nderne.\" \/>\n<meta property=\"og:description\" content=\"Fleeced\u00e6kkenet er svedtranspoterende og er derfor velegnet til brug efter tr\u00e6ning, hvor hesten har svedt og skal nedk\u00f8les langsomt.\" \/>\n<meta property=\"og:url\" content=\"https:\/\/toelthester.dk\/de\/speichern\/die-fleecedecke\/\" \/>\n<meta property=\"og:site_name\" content=\"Toelthester\" \/>\n<meta property=\"article:modified_time\" content=\"2026-04-15T12:38:22+00:00\" \/>\n<meta property=\"og:image\" content=\"https:\/\/toelthester.dk\/wp-content\/uploads\/2020\/11\/72-dpi-Toelthester-nov-2020-61.jpg\" \/>\n\t<meta property=\"og:image:width\" content=\"1440\" \/>\n\t<meta property=\"og:image:height\" content=\"891\" \/>\n\t<meta property=\"og:image:type\" content=\"image\/jpeg\" \/>\n<meta name=\"twitter:card\" content=\"summary_large_image\" \/>\n<meta name=\"twitter:label1\" content=\"Gesch\u00e4tzte Lesezeit\" \/>\n\t<meta name=\"twitter:data1\" content=\"1\u00a0Minute\" \/>\n<script type=\"application\/ld+json\" class=\"yoast-schema-graph\">{\"@context\":\"https:\\\/\\\/schema.org\",\"@graph\":[{\"@type\":\"WebPage\",\"@id\":\"https:\\\/\\\/toelthester.dk\\\/butik\\\/fleecedaekken\\\/\",\"url\":\"https:\\\/\\\/toelthester.dk\\\/butik\\\/fleecedaekken\\\/\",\"name\":\"Fineste materialer, b\u00e5de hvad ang\u00e5r selve fleece og sp\u00e6nderne.\",\"isPartOf\":{\"@id\":\"https:\\\/\\\/toelthester.dk\\\/#website\"},\"primaryImageOfPage\":{\"@id\":\"https:\\\/\\\/toelthester.dk\\\/butik\\\/fleecedaekken\\\/#primaryimage\"},\"image\":{\"@id\":\"https:\\\/\\\/toelthester.dk\\\/butik\\\/fleecedaekken\\\/#primaryimage\"},\"thumbnailUrl\":\"https:\\\/\\\/toelthester.dk\\\/wp-content\\\/uploads\\\/2020\\\/11\\\/72-dpi-Toelthester-nov-2020-61.jpg\",\"datePublished\":\"2020-11-25T16:19:01+00:00\",\"dateModified\":\"2026-04-15T12:38:22+00:00\",\"description\":\"Fleeced\u00e6kkenet er svedtranspoterende og er derfor velegnet til brug efter tr\u00e6ning, hvor hesten har svedt og skal nedk\u00f8les langsomt.\",\"breadcrumb\":{\"@id\":\"https:\\\/\\\/toelthester.dk\\\/butik\\\/fleecedaekken\\\/#breadcrumb\"},\"inLanguage\":\"de\",\"potentialAction\":[{\"@type\":\"ReadAction\",\"target\":[\"https:\\\/\\\/toelthester.dk\\\/butik\\\/fleecedaekken\\\/\"]}]},{\"@type\":\"ImageObject\",\"inLanguage\":\"de\",\"@id\":\"https:\\\/\\\/toelthester.dk\\\/butik\\\/fleecedaekken\\\/#primaryimage\",\"url\":\"https:\\\/\\\/toelthester.dk\\\/wp-content\\\/uploads\\\/2020\\\/11\\\/72-dpi-Toelthester-nov-2020-61.jpg\",\"contentUrl\":\"https:\\\/\\\/toelthester.dk\\\/wp-content\\\/uploads\\\/2020\\\/11\\\/72-dpi-Toelthester-nov-2020-61.jpg\",\"width\":1440,\"height\":891},{\"@type\":\"BreadcrumbList\",\"@id\":\"https:\\\/\\\/toelthester.dk\\\/butik\\\/fleecedaekken\\\/#breadcrumb\",\"itemListElement\":[{\"@type\":\"ListItem\",\"position\":1,\"name\":\"Hjem\",\"item\":\"https:\\\/\\\/toelthester.dk\\\/\"},{\"@type\":\"ListItem\",\"position\":2,\"name\":\"Shop\",\"item\":\"https:\\\/\\\/toelthester.dk\\\/shop\\\/\"},{\"@type\":\"ListItem\",\"position\":3,\"name\":\"Fleeced\u00e6kken\"}]},{\"@type\":\"WebSite\",\"@id\":\"https:\\\/\\\/toelthester.dk\\\/#website\",\"url\":\"https:\\\/\\\/toelthester.dk\\\/\",\"name\":\"Toelthester\",\"description\":\"\",\"potentialAction\":[{\"@type\":\"SearchAction\",\"target\":{\"@type\":\"EntryPoint\",\"urlTemplate\":\"https:\\\/\\\/toelthester.dk\\\/?s={search_term_string}\"},\"query-input\":{\"@type\":\"PropertyValueSpecification\",\"valueRequired\":true,\"valueName\":\"search_term_string\"}}],\"inLanguage\":\"de\"}]}<\/script>\n<!-- \/ Yoast SEO plugin. -->","yoast_head_json":{"title":"Feinste Materialien, sowohl was das Fleece selbst als auch die Schnallen betrifft.","description":"Die Fleecedecke ist schwei\u00dfableitend und eignet sich daher f\u00fcr den Einsatz nach dem Training, wenn das Pferd geschwitzt hat und langsam abk\u00fchlen muss.","robots":{"index":"index","follow":"follow","max-snippet":"max-snippet:-1","max-image-preview":"max-image-preview:large","max-video-preview":"max-video-preview:-1"},"canonical":"https:\/\/toelthester.dk\/de\/speichern\/die-fleecedecke\/","og_locale":"de_DE","og_type":"article","og_title":"Fineste materialer, b\u00e5de hvad ang\u00e5r selve fleece og sp\u00e6nderne.","og_description":"Fleeced\u00e6kkenet er svedtranspoterende og er derfor velegnet til brug efter tr\u00e6ning, hvor hesten har svedt og skal nedk\u00f8les langsomt.","og_url":"https:\/\/toelthester.dk\/de\/speichern\/die-fleecedecke\/","og_site_name":"Toelthester","article_modified_time":"2026-04-15T12:38:22+00:00","og_image":[{"width":1440,"height":891,"url":"https:\/\/toelthester.dk\/wp-content\/uploads\/2020\/11\/72-dpi-Toelthester-nov-2020-61.jpg","type":"image\/jpeg"}],"twitter_card":"summary_large_image","twitter_misc":{"Gesch\u00e4tzte Lesezeit":"1\u00a0Minute"},"schema":{"@context":"https:\/\/schema.org","@graph":[{"@type":"WebPage","@id":"https:\/\/toelthester.dk\/butik\/fleecedaekken\/","url":"https:\/\/toelthester.dk\/butik\/fleecedaekken\/","name":"Feinste Materialien, sowohl was das Fleece selbst als auch die Schnallen betrifft.","isPartOf":{"@id":"https:\/\/toelthester.dk\/#website"},"primaryImageOfPage":{"@id":"https:\/\/toelthester.dk\/butik\/fleecedaekken\/#primaryimage"},"image":{"@id":"https:\/\/toelthester.dk\/butik\/fleecedaekken\/#primaryimage"},"thumbnailUrl":"https:\/\/toelthester.dk\/wp-content\/uploads\/2020\/11\/72-dpi-Toelthester-nov-2020-61.jpg","datePublished":"2020-11-25T16:19:01+00:00","dateModified":"2026-04-15T12:38:22+00:00","description":"Die Fleecedecke ist schwei\u00dfableitend und eignet sich daher f\u00fcr den Einsatz nach dem Training, wenn das Pferd geschwitzt hat und langsam abk\u00fchlen muss.","breadcrumb":{"@id":"https:\/\/toelthester.dk\/butik\/fleecedaekken\/#breadcrumb"},"inLanguage":"de","potentialAction":[{"@type":"ReadAction","target":["https:\/\/toelthester.dk\/butik\/fleecedaekken\/"]}]},{"@type":"ImageObject","inLanguage":"de","@id":"https:\/\/toelthester.dk\/butik\/fleecedaekken\/#primaryimage","url":"https:\/\/toelthester.dk\/wp-content\/uploads\/2020\/11\/72-dpi-Toelthester-nov-2020-61.jpg","contentUrl":"https:\/\/toelthester.dk\/wp-content\/uploads\/2020\/11\/72-dpi-Toelthester-nov-2020-61.jpg","width":1440,"height":891},{"@type":"BreadcrumbList","@id":"https:\/\/toelthester.dk\/butik\/fleecedaekken\/#breadcrumb","itemListElement":[{"@type":"ListItem","position":1,"name":"Hjem","item":"https:\/\/toelthester.dk\/"},{"@type":"ListItem","position":2,"name":"Shop","item":"https:\/\/toelthester.dk\/shop\/"},{"@type":"ListItem","position":3,"name":"Fleeced\u00e6kken"}]},{"@type":"WebSite","@id":"https:\/\/toelthester.dk\/#website","url":"https:\/\/toelthester.dk\/","name":"Toilettenpferde","description":"","potentialAction":[{"@type":"SearchAction","target":{"@type":"EntryPoint","urlTemplate":"https:\/\/toelthester.dk\/?s={search_term_string}"},"query-input":{"@type":"PropertyValueSpecification","valueRequired":true,"valueName":"search_term_string"}}],"inLanguage":"de"}]}},"_links":{"self":[{"href":"https:\/\/toelthester.dk\/de\/wp-json\/wp\/v2\/product\/9015","targetHints":{"allow":["GET"]}}],"collection":[{"href":"https:\/\/toelthester.dk\/de\/wp-json\/wp\/v2\/product"}],"about":[{"href":"https:\/\/toelthester.dk\/de\/wp-json\/wp\/v2\/types\/product"}],"wp:featuredmedia":[{"embeddable":true,"href":"https:\/\/toelthester.dk\/de\/wp-json\/wp\/v2\/media\/8925"}],"wp:attachment":[{"href":"https:\/\/toelthester.dk\/de\/wp-json\/wp\/v2\/media?parent=9015"}],"wp:term":[{"taxonomy":"product_brand","embeddable":true,"href":"https:\/\/toelthester.dk\/de\/wp-json\/wp\/v2\/product_brand?post=9015"},{"taxonomy":"product_cat","embeddable":true,"href":"https:\/\/toelthester.dk\/de\/wp-json\/wp\/v2\/product_cat?post=9015"},{"taxonomy":"product_tag","embeddable":true,"href":"https:\/\/toelthester.dk\/de\/wp-json\/wp\/v2\/product_tag?post=9015"}],"curies":[{"name":"wp","href":"https:\/\/api.w.org\/{rel}","templated":true}]}}