{"id":9003,"date":"2020-11-25T12:44:00","date_gmt":"2020-11-25T11:44:00","guid":{"rendered":"https:\/\/toelthester.dk\/?post_type=product&#038;p=9003"},"modified":"2024-02-27T14:22:30","modified_gmt":"2024-02-27T13:22:30","slug":"deckel-2","status":"publish","type":"product","link":"https:\/\/toelthester.dk\/de\/butik\/kapsun\/","title":{"rendered":"Kapsun"},"content":{"rendered":"<p>Kappe mit 3 Ringen, beidseitig verstellbar.<\/p>\n<p>Eine robuste und weiche Kapuze, die gut zum Pferd passt.<\/p>\n<p>&nbsp;<\/p>","protected":false},"excerpt":{"rendered":"<p>Kapsun<\/p>\n<p>&nbsp;<\/p>","protected":false},"featured_media":9861,"template":"","meta":{"inline_featured_image":false},"product_brand":[],"product_cat":[12],"product_tag":[],"class_list":{"0":"post-9003","1":"product","2":"type-product","3":"status-publish","4":"has-post-thumbnail","6":"product_cat-trenser","8":"first","9":"instock","10":"featured","11":"taxable","12":"shipping-taxable","13":"purchasable","14":"product-type-simple"},"yoast_head":"<!-- This site is optimized with the Yoast SEO plugin v27.4 - https:\/\/yoast.com\/product\/yoast-seo-wordpress\/ -->\n<title>Kapsun til longering og tr\u00e6ning fra jorden.<\/title>\n<meta name=\"description\" content=\"Sort l\u00e6derkapsun til longering og tr\u00e6ning fra jorden.Specielt velegnet til ungheste, da munden sk\u00e5nes i indl\u00e6ringsfacen.\" \/>\n<meta name=\"robots\" content=\"index, follow, max-snippet:-1, max-image-preview:large, max-video-preview:-1\" \/>\n<link rel=\"canonical\" href=\"https:\/\/toelthester.dk\/de\/speichern\/deckel-2\/\" \/>\n<meta property=\"og:locale\" content=\"de_DE\" \/>\n<meta property=\"og:type\" content=\"article\" \/>\n<meta property=\"og:title\" content=\"Kapsun til longering og tr\u00e6ning fra jorden.\" \/>\n<meta property=\"og:description\" content=\"Sort l\u00e6derkapsun til longering og tr\u00e6ning fra jorden.Specielt velegnet til ungheste, da munden sk\u00e5nes i indl\u00e6ringsfacen.\" \/>\n<meta property=\"og:url\" content=\"https:\/\/toelthester.dk\/de\/speichern\/deckel-2\/\" \/>\n<meta property=\"og:site_name\" content=\"Toelthester\" \/>\n<meta property=\"article:modified_time\" content=\"2024-02-27T13:22:30+00:00\" \/>\n<meta property=\"og:image\" content=\"https:\/\/toelthester.dk\/wp-content\/uploads\/2020\/11\/Toelthester-nr-2-juli-23-019.jpg\" \/>\n\t<meta property=\"og:image:width\" content=\"1121\" \/>\n\t<meta property=\"og:image:height\" content=\"1682\" \/>\n\t<meta property=\"og:image:type\" content=\"image\/jpeg\" \/>\n<meta name=\"twitter:card\" content=\"summary_large_image\" \/>\n<meta name=\"twitter:label1\" content=\"Gesch\u00e4tzte Lesezeit\" \/>\n\t<meta name=\"twitter:data1\" content=\"1\u00a0Minute\" \/>\n<script type=\"application\/ld+json\" class=\"yoast-schema-graph\">{\"@context\":\"https:\\\/\\\/schema.org\",\"@graph\":[{\"@type\":\"WebPage\",\"@id\":\"https:\\\/\\\/toelthester.dk\\\/de\\\/speichern\\\/deckel-2\\\/\",\"url\":\"https:\\\/\\\/toelthester.dk\\\/de\\\/speichern\\\/deckel-2\\\/\",\"name\":\"Kapsun til longering og tr\u00e6ning fra jorden.\",\"isPartOf\":{\"@id\":\"https:\\\/\\\/toelthester.dk\\\/#website\"},\"primaryImageOfPage\":{\"@id\":\"https:\\\/\\\/toelthester.dk\\\/de\\\/speichern\\\/deckel-2\\\/#primaryimage\"},\"image\":{\"@id\":\"https:\\\/\\\/toelthester.dk\\\/de\\\/speichern\\\/deckel-2\\\/#primaryimage\"},\"thumbnailUrl\":\"https:\\\/\\\/toelthester.dk\\\/wp-content\\\/uploads\\\/2020\\\/11\\\/Toelthester-nr-2-juli-23-019.jpg\",\"datePublished\":\"2020-11-25T11:44:00+00:00\",\"dateModified\":\"2024-02-27T13:22:30+00:00\",\"description\":\"Sort l\u00e6derkapsun til longering og tr\u00e6ning fra jorden.Specielt velegnet til ungheste, da munden sk\u00e5nes i indl\u00e6ringsfacen.\",\"breadcrumb\":{\"@id\":\"https:\\\/\\\/toelthester.dk\\\/de\\\/speichern\\\/deckel-2\\\/#breadcrumb\"},\"inLanguage\":\"de\",\"potentialAction\":[{\"@type\":\"ReadAction\",\"target\":[\"https:\\\/\\\/toelthester.dk\\\/de\\\/speichern\\\/deckel-2\\\/\"]}]},{\"@type\":\"ImageObject\",\"inLanguage\":\"de\",\"@id\":\"https:\\\/\\\/toelthester.dk\\\/de\\\/speichern\\\/deckel-2\\\/#primaryimage\",\"url\":\"https:\\\/\\\/toelthester.dk\\\/wp-content\\\/uploads\\\/2020\\\/11\\\/Toelthester-nr-2-juli-23-019.jpg\",\"contentUrl\":\"https:\\\/\\\/toelthester.dk\\\/wp-content\\\/uploads\\\/2020\\\/11\\\/Toelthester-nr-2-juli-23-019.jpg\",\"width\":1121,\"height\":1682},{\"@type\":\"BreadcrumbList\",\"@id\":\"https:\\\/\\\/toelthester.dk\\\/de\\\/speichern\\\/deckel-2\\\/#breadcrumb\",\"itemListElement\":[{\"@type\":\"ListItem\",\"position\":1,\"name\":\"Hjem\",\"item\":\"https:\\\/\\\/toelthester.dk\\\/\"},{\"@type\":\"ListItem\",\"position\":2,\"name\":\"Shop\",\"item\":\"https:\\\/\\\/toelthester.dk\\\/shop\\\/\"},{\"@type\":\"ListItem\",\"position\":3,\"name\":\"Kapsun\"}]},{\"@type\":\"WebSite\",\"@id\":\"https:\\\/\\\/toelthester.dk\\\/#website\",\"url\":\"https:\\\/\\\/toelthester.dk\\\/\",\"name\":\"Toelthester\",\"description\":\"\",\"potentialAction\":[{\"@type\":\"SearchAction\",\"target\":{\"@type\":\"EntryPoint\",\"urlTemplate\":\"https:\\\/\\\/toelthester.dk\\\/?s={search_term_string}\"},\"query-input\":{\"@type\":\"PropertyValueSpecification\",\"valueRequired\":true,\"valueName\":\"search_term_string\"}}],\"inLanguage\":\"de\"}]}<\/script>\n<!-- \/ Yoast SEO plugin. -->","yoast_head_json":{"title":"Kappe zum Longieren und Training vom Boden aus.","description":"Schwarze Lederkappe zum Longieren und Training vom Boden aus. Besonders geeignet f\u00fcr junge Pferde, da das Maul w\u00e4hrend der Lernphase gesch\u00fctzt ist.","robots":{"index":"index","follow":"follow","max-snippet":"max-snippet:-1","max-image-preview":"max-image-preview:large","max-video-preview":"max-video-preview:-1"},"canonical":"https:\/\/toelthester.dk\/de\/speichern\/deckel-2\/","og_locale":"de_DE","og_type":"article","og_title":"Kapsun til longering og tr\u00e6ning fra jorden.","og_description":"Sort l\u00e6derkapsun til longering og tr\u00e6ning fra jorden.Specielt velegnet til ungheste, da munden sk\u00e5nes i indl\u00e6ringsfacen.","og_url":"https:\/\/toelthester.dk\/de\/speichern\/deckel-2\/","og_site_name":"Toelthester","article_modified_time":"2024-02-27T13:22:30+00:00","og_image":[{"width":1121,"height":1682,"url":"https:\/\/toelthester.dk\/wp-content\/uploads\/2020\/11\/Toelthester-nr-2-juli-23-019.jpg","type":"image\/jpeg"}],"twitter_card":"summary_large_image","twitter_misc":{"Gesch\u00e4tzte Lesezeit":"1\u00a0Minute"},"schema":{"@context":"https:\/\/schema.org","@graph":[{"@type":"WebPage","@id":"https:\/\/toelthester.dk\/de\/speichern\/deckel-2\/","url":"https:\/\/toelthester.dk\/de\/speichern\/deckel-2\/","name":"Kappe zum Longieren und Training vom Boden aus.","isPartOf":{"@id":"https:\/\/toelthester.dk\/#website"},"primaryImageOfPage":{"@id":"https:\/\/toelthester.dk\/de\/speichern\/deckel-2\/#primaryimage"},"image":{"@id":"https:\/\/toelthester.dk\/de\/speichern\/deckel-2\/#primaryimage"},"thumbnailUrl":"https:\/\/toelthester.dk\/wp-content\/uploads\/2020\/11\/Toelthester-nr-2-juli-23-019.jpg","datePublished":"2020-11-25T11:44:00+00:00","dateModified":"2024-02-27T13:22:30+00:00","description":"Schwarze Lederkappe zum Longieren und Training vom Boden aus. Besonders geeignet f\u00fcr junge Pferde, da das Maul w\u00e4hrend der Lernphase gesch\u00fctzt ist.","breadcrumb":{"@id":"https:\/\/toelthester.dk\/de\/speichern\/deckel-2\/#breadcrumb"},"inLanguage":"de","potentialAction":[{"@type":"ReadAction","target":["https:\/\/toelthester.dk\/de\/speichern\/deckel-2\/"]}]},{"@type":"ImageObject","inLanguage":"de","@id":"https:\/\/toelthester.dk\/de\/speichern\/deckel-2\/#primaryimage","url":"https:\/\/toelthester.dk\/wp-content\/uploads\/2020\/11\/Toelthester-nr-2-juli-23-019.jpg","contentUrl":"https:\/\/toelthester.dk\/wp-content\/uploads\/2020\/11\/Toelthester-nr-2-juli-23-019.jpg","width":1121,"height":1682},{"@type":"BreadcrumbList","@id":"https:\/\/toelthester.dk\/de\/speichern\/deckel-2\/#breadcrumb","itemListElement":[{"@type":"ListItem","position":1,"name":"Hjem","item":"https:\/\/toelthester.dk\/"},{"@type":"ListItem","position":2,"name":"Shop","item":"https:\/\/toelthester.dk\/shop\/"},{"@type":"ListItem","position":3,"name":"Kapsun"}]},{"@type":"WebSite","@id":"https:\/\/toelthester.dk\/#website","url":"https:\/\/toelthester.dk\/","name":"Toilettenpferde","description":"","potentialAction":[{"@type":"SearchAction","target":{"@type":"EntryPoint","urlTemplate":"https:\/\/toelthester.dk\/?s={search_term_string}"},"query-input":{"@type":"PropertyValueSpecification","valueRequired":true,"valueName":"search_term_string"}}],"inLanguage":"de"}]}},"_links":{"self":[{"href":"https:\/\/toelthester.dk\/de\/wp-json\/wp\/v2\/product\/9003","targetHints":{"allow":["GET"]}}],"collection":[{"href":"https:\/\/toelthester.dk\/de\/wp-json\/wp\/v2\/product"}],"about":[{"href":"https:\/\/toelthester.dk\/de\/wp-json\/wp\/v2\/types\/product"}],"wp:featuredmedia":[{"embeddable":true,"href":"https:\/\/toelthester.dk\/de\/wp-json\/wp\/v2\/media\/9861"}],"wp:attachment":[{"href":"https:\/\/toelthester.dk\/de\/wp-json\/wp\/v2\/media?parent=9003"}],"wp:term":[{"taxonomy":"product_brand","embeddable":true,"href":"https:\/\/toelthester.dk\/de\/wp-json\/wp\/v2\/product_brand?post=9003"},{"taxonomy":"product_cat","embeddable":true,"href":"https:\/\/toelthester.dk\/de\/wp-json\/wp\/v2\/product_cat?post=9003"},{"taxonomy":"product_tag","embeddable":true,"href":"https:\/\/toelthester.dk\/de\/wp-json\/wp\/v2\/product_tag?post=9003"}],"curies":[{"name":"wp","href":"https:\/\/api.w.org\/{rel}","templated":true}]}}