{"id":898,"date":"2016-11-16T14:05:57","date_gmt":"2016-11-16T13:05:57","guid":{"rendered":"http:\/\/toelthester.dk\/butik\/kophjern-model-a\/"},"modified":"2026-03-31T12:24:52","modified_gmt":"2026-03-31T10:24:52","slug":"tasse-gehirnmodell-a","status":"publish","type":"product","link":"https:\/\/toelthester.dk\/de\/butik\/kophjern-model-a\/","title":{"rendered":"Kopheisen Modell A"},"content":{"rendered":"<p>Cup-Eisen zum Ver\u00e4ndern der Sattelbreite, in mehreren Gr\u00f6\u00dfen erh\u00e4ltlich.<\/p>\n<p>Das A-Modell ist f\u00fcr alle S\u00e4ttel au\u00dfer den S\u00e4tteln Safir, Klaki und Noi geeignet und in folgenden Gr\u00f6\u00dfen erh\u00e4ltlich:<\/p>\n<p>A-24 Gelb<br \/>\nA-25 Orange<br \/>\nA-26 Rot<br \/>\nA-27 Braun<br \/>\nA-28 Blau<br \/>\nA-29 Schwarz<br \/>\nA-30 Gr\u00fcn<\/p>\n<p>&nbsp;<\/p>","protected":false},"excerpt":{"rendered":"<p>Head-Eisen sind in verschiedenen Gr\u00f6\u00dfen und Ausf\u00fchrungen erh\u00e4ltlich.<\/p>\n<p>Bei den S\u00e4tteln von T\u00f8lhester gibt es die M\u00f6glichkeit, den Kopf abnehmen und austauschen zu lassen, das k\u00f6nnen Sie mit etwas Geschick auch selbst machen.<\/p>\n<p>&nbsp;<\/p>","protected":false},"featured_media":8525,"template":"","meta":{"inline_featured_image":false},"product_brand":[],"product_cat":[13],"product_tag":[],"class_list":{"0":"post-898","1":"product","2":"type-product","3":"status-publish","4":"has-post-thumbnail","6":"product_cat-tilbehoer-sadler","8":"first","9":"instock","10":"featured","11":"taxable","12":"shipping-taxable","13":"purchasable","14":"product-type-variable","15":"has-default-attributes"},"yoast_head":"<!-- This site is optimized with the Yoast SEO plugin v27.4 - https:\/\/yoast.com\/product\/yoast-seo-wordpress\/ -->\n<title>Kophjern bruges til at justere bredden af din sadel.<\/title>\n<meta name=\"description\" content=\"Sadlerne fra T\u00f8lthester har muligheden for at f\u00e5 udskiftet kopfjernet, du kan selv skifte kophjern det hvis du har lidt fingersnilde.\" \/>\n<meta name=\"robots\" content=\"index, follow, max-snippet:-1, max-image-preview:large, max-video-preview:-1\" \/>\n<link rel=\"canonical\" href=\"https:\/\/toelthester.dk\/de\/speichern\/tasse-gehirnmodell-a\/\" \/>\n<meta property=\"og:locale\" content=\"de_DE\" \/>\n<meta property=\"og:type\" content=\"article\" \/>\n<meta property=\"og:title\" content=\"Kophjern bruges til at justere bredden af din sadel.\" \/>\n<meta property=\"og:description\" content=\"Sadlerne fra T\u00f8lthester har muligheden for at f\u00e5 udskiftet kopfjernet, du kan selv skifte kophjern det hvis du har lidt fingersnilde.\" \/>\n<meta property=\"og:url\" content=\"https:\/\/toelthester.dk\/de\/speichern\/tasse-gehirnmodell-a\/\" \/>\n<meta property=\"og:site_name\" content=\"Toelthester\" \/>\n<meta property=\"article:modified_time\" content=\"2026-03-31T10:24:52+00:00\" \/>\n<meta property=\"og:image\" content=\"https:\/\/toelthester.dk\/wp-content\/uploads\/2016\/11\/Kophjern-A-72.jpg\" \/>\n\t<meta property=\"og:image:width\" content=\"976\" \/>\n\t<meta property=\"og:image:height\" content=\"976\" \/>\n\t<meta property=\"og:image:type\" content=\"image\/jpeg\" \/>\n<meta name=\"twitter:card\" content=\"summary_large_image\" \/>\n<meta name=\"twitter:label1\" content=\"Gesch\u00e4tzte Lesezeit\" \/>\n\t<meta name=\"twitter:data1\" content=\"1\u00a0Minute\" \/>\n<script type=\"application\/ld+json\" class=\"yoast-schema-graph\">{\"@context\":\"https:\\\/\\\/schema.org\",\"@graph\":[{\"@type\":\"WebPage\",\"@id\":\"https:\\\/\\\/toelthester.dk\\\/butik\\\/kophjern-model-a\\\/\",\"url\":\"https:\\\/\\\/toelthester.dk\\\/butik\\\/kophjern-model-a\\\/\",\"name\":\"Kophjern bruges til at justere bredden af din sadel.\",\"isPartOf\":{\"@id\":\"https:\\\/\\\/toelthester.dk\\\/#website\"},\"primaryImageOfPage\":{\"@id\":\"https:\\\/\\\/toelthester.dk\\\/butik\\\/kophjern-model-a\\\/#primaryimage\"},\"image\":{\"@id\":\"https:\\\/\\\/toelthester.dk\\\/butik\\\/kophjern-model-a\\\/#primaryimage\"},\"thumbnailUrl\":\"https:\\\/\\\/toelthester.dk\\\/wp-content\\\/uploads\\\/2016\\\/11\\\/Kophjern-A-72.jpg\",\"datePublished\":\"2016-11-16T13:05:57+00:00\",\"dateModified\":\"2026-03-31T10:24:52+00:00\",\"description\":\"Sadlerne fra T\u00f8lthester har muligheden for at f\u00e5 udskiftet kopfjernet, du kan selv skifte kophjern det hvis du har lidt fingersnilde.\",\"breadcrumb\":{\"@id\":\"https:\\\/\\\/toelthester.dk\\\/butik\\\/kophjern-model-a\\\/#breadcrumb\"},\"inLanguage\":\"de\",\"potentialAction\":[{\"@type\":\"ReadAction\",\"target\":[\"https:\\\/\\\/toelthester.dk\\\/butik\\\/kophjern-model-a\\\/\"]}]},{\"@type\":\"ImageObject\",\"inLanguage\":\"de\",\"@id\":\"https:\\\/\\\/toelthester.dk\\\/butik\\\/kophjern-model-a\\\/#primaryimage\",\"url\":\"https:\\\/\\\/toelthester.dk\\\/wp-content\\\/uploads\\\/2016\\\/11\\\/Kophjern-A-72.jpg\",\"contentUrl\":\"https:\\\/\\\/toelthester.dk\\\/wp-content\\\/uploads\\\/2016\\\/11\\\/Kophjern-A-72.jpg\",\"width\":976,\"height\":976},{\"@type\":\"BreadcrumbList\",\"@id\":\"https:\\\/\\\/toelthester.dk\\\/butik\\\/kophjern-model-a\\\/#breadcrumb\",\"itemListElement\":[{\"@type\":\"ListItem\",\"position\":1,\"name\":\"Hjem\",\"item\":\"https:\\\/\\\/toelthester.dk\\\/\"},{\"@type\":\"ListItem\",\"position\":2,\"name\":\"Shop\",\"item\":\"https:\\\/\\\/toelthester.dk\\\/shop\\\/\"},{\"@type\":\"ListItem\",\"position\":3,\"name\":\"Kophjern model A\"}]},{\"@type\":\"WebSite\",\"@id\":\"https:\\\/\\\/toelthester.dk\\\/#website\",\"url\":\"https:\\\/\\\/toelthester.dk\\\/\",\"name\":\"Toelthester\",\"description\":\"\",\"potentialAction\":[{\"@type\":\"SearchAction\",\"target\":{\"@type\":\"EntryPoint\",\"urlTemplate\":\"https:\\\/\\\/toelthester.dk\\\/?s={search_term_string}\"},\"query-input\":{\"@type\":\"PropertyValueSpecification\",\"valueRequired\":true,\"valueName\":\"search_term_string\"}}],\"inLanguage\":\"de\"}]}<\/script>\n<!-- \/ Yoast SEO plugin. -->","yoast_head_json":{"title":"Mit dem Cup-Eisen k\u00f6nnen Sie die Breite Ihres Sattels anpassen.","description":"Bei den S\u00e4tteln von T\u00f8lthester gibt es die M\u00f6glichkeit, das Cup-Eisen auszutauschen. Wenn Sie etwas Geschick haben, k\u00f6nnen Sie das Cup-Eisen auch selbst wechseln.","robots":{"index":"index","follow":"follow","max-snippet":"max-snippet:-1","max-image-preview":"max-image-preview:large","max-video-preview":"max-video-preview:-1"},"canonical":"https:\/\/toelthester.dk\/de\/speichern\/tasse-gehirnmodell-a\/","og_locale":"de_DE","og_type":"article","og_title":"Kophjern bruges til at justere bredden af din sadel.","og_description":"Sadlerne fra T\u00f8lthester har muligheden for at f\u00e5 udskiftet kopfjernet, du kan selv skifte kophjern det hvis du har lidt fingersnilde.","og_url":"https:\/\/toelthester.dk\/de\/speichern\/tasse-gehirnmodell-a\/","og_site_name":"Toelthester","article_modified_time":"2026-03-31T10:24:52+00:00","og_image":[{"width":976,"height":976,"url":"https:\/\/toelthester.dk\/wp-content\/uploads\/2016\/11\/Kophjern-A-72.jpg","type":"image\/jpeg"}],"twitter_card":"summary_large_image","twitter_misc":{"Gesch\u00e4tzte Lesezeit":"1\u00a0Minute"},"schema":{"@context":"https:\/\/schema.org","@graph":[{"@type":"WebPage","@id":"https:\/\/toelthester.dk\/butik\/kophjern-model-a\/","url":"https:\/\/toelthester.dk\/butik\/kophjern-model-a\/","name":"Mit dem Cup-Eisen k\u00f6nnen Sie die Breite Ihres Sattels anpassen.","isPartOf":{"@id":"https:\/\/toelthester.dk\/#website"},"primaryImageOfPage":{"@id":"https:\/\/toelthester.dk\/butik\/kophjern-model-a\/#primaryimage"},"image":{"@id":"https:\/\/toelthester.dk\/butik\/kophjern-model-a\/#primaryimage"},"thumbnailUrl":"https:\/\/toelthester.dk\/wp-content\/uploads\/2016\/11\/Kophjern-A-72.jpg","datePublished":"2016-11-16T13:05:57+00:00","dateModified":"2026-03-31T10:24:52+00:00","description":"Bei den S\u00e4tteln von T\u00f8lthester gibt es die M\u00f6glichkeit, das Cup-Eisen auszutauschen. Wenn Sie etwas Geschick haben, k\u00f6nnen Sie das Cup-Eisen auch selbst wechseln.","breadcrumb":{"@id":"https:\/\/toelthester.dk\/butik\/kophjern-model-a\/#breadcrumb"},"inLanguage":"de","potentialAction":[{"@type":"ReadAction","target":["https:\/\/toelthester.dk\/butik\/kophjern-model-a\/"]}]},{"@type":"ImageObject","inLanguage":"de","@id":"https:\/\/toelthester.dk\/butik\/kophjern-model-a\/#primaryimage","url":"https:\/\/toelthester.dk\/wp-content\/uploads\/2016\/11\/Kophjern-A-72.jpg","contentUrl":"https:\/\/toelthester.dk\/wp-content\/uploads\/2016\/11\/Kophjern-A-72.jpg","width":976,"height":976},{"@type":"BreadcrumbList","@id":"https:\/\/toelthester.dk\/butik\/kophjern-model-a\/#breadcrumb","itemListElement":[{"@type":"ListItem","position":1,"name":"Hjem","item":"https:\/\/toelthester.dk\/"},{"@type":"ListItem","position":2,"name":"Shop","item":"https:\/\/toelthester.dk\/shop\/"},{"@type":"ListItem","position":3,"name":"Kophjern model A"}]},{"@type":"WebSite","@id":"https:\/\/toelthester.dk\/#website","url":"https:\/\/toelthester.dk\/","name":"Toilettenpferde","description":"","potentialAction":[{"@type":"SearchAction","target":{"@type":"EntryPoint","urlTemplate":"https:\/\/toelthester.dk\/?s={search_term_string}"},"query-input":{"@type":"PropertyValueSpecification","valueRequired":true,"valueName":"search_term_string"}}],"inLanguage":"de"}]}},"_links":{"self":[{"href":"https:\/\/toelthester.dk\/de\/wp-json\/wp\/v2\/product\/898","targetHints":{"allow":["GET"]}}],"collection":[{"href":"https:\/\/toelthester.dk\/de\/wp-json\/wp\/v2\/product"}],"about":[{"href":"https:\/\/toelthester.dk\/de\/wp-json\/wp\/v2\/types\/product"}],"wp:featuredmedia":[{"embeddable":true,"href":"https:\/\/toelthester.dk\/de\/wp-json\/wp\/v2\/media\/8525"}],"wp:attachment":[{"href":"https:\/\/toelthester.dk\/de\/wp-json\/wp\/v2\/media?parent=898"}],"wp:term":[{"taxonomy":"product_brand","embeddable":true,"href":"https:\/\/toelthester.dk\/de\/wp-json\/wp\/v2\/product_brand?post=898"},{"taxonomy":"product_cat","embeddable":true,"href":"https:\/\/toelthester.dk\/de\/wp-json\/wp\/v2\/product_cat?post=898"},{"taxonomy":"product_tag","embeddable":true,"href":"https:\/\/toelthester.dk\/de\/wp-json\/wp\/v2\/product_tag?post=898"}],"curies":[{"name":"wp","href":"https:\/\/api.w.org\/{rel}","templated":true}]}}