{"id":8742,"date":"2020-11-23T12:17:33","date_gmt":"2020-11-23T11:17:33","guid":{"rendered":"https:\/\/toelthester.dk\/?post_type=product&#038;p=8742"},"modified":"2023-06-04T12:38:07","modified_gmt":"2023-06-04T10:38:07","slug":"handlader","status":"publish","type":"product","link":"https:\/\/toelthester.dk\/de\/butik\/hand-loader\/","title":{"rendered":"Handlader"},"content":{"rendered":"<p class=\"product_title entry-title\">Kommt mit zwei stabilen Ringen an jedem Ende, starkes Leder.<\/p>\n<p>&nbsp;<\/p>","protected":false},"excerpt":{"rendered":"<p class=\"product_title entry-title\">Handlader<\/p>\n<p>Wenn Sie ein etwas unruhiges Pferd in den Anh\u00e4nger bringen m\u00fcssen, ist Ihr Helfer hier.<\/p>\n<p>&nbsp;<\/p>","protected":false},"featured_media":8748,"template":"","meta":{"inline_featured_image":false},"product_brand":[],"product_cat":[12],"product_tag":[],"class_list":{"0":"post-8742","1":"product","2":"type-product","3":"status-publish","4":"has-post-thumbnail","6":"product_cat-trenser","8":"first","9":"instock","10":"featured","11":"taxable","12":"shipping-taxable","13":"purchasable","14":"product-type-simple"},"yoast_head":"<!-- This site is optimized with the Yoast SEO plugin v27.4 - https:\/\/yoast.com\/product\/yoast-seo-wordpress\/ -->\n<title>Handloader der hj\u00e6per dig n\u00e5r du skal have din hest i trailer.<\/title>\n<meta name=\"description\" content=\"Med en handloader f\u00e5r du din hest nemt og sikkert ind i din tailer, uden at du eller hest lider overlast.\" \/>\n<meta name=\"robots\" content=\"index, follow, max-snippet:-1, max-image-preview:large, max-video-preview:-1\" \/>\n<link rel=\"canonical\" href=\"https:\/\/toelthester.dk\/de\/speichern\/handlader\/\" \/>\n<meta property=\"og:locale\" content=\"de_DE\" \/>\n<meta property=\"og:type\" content=\"article\" \/>\n<meta property=\"og:title\" content=\"Handloader der hj\u00e6per dig n\u00e5r du skal have din hest i trailer.\" \/>\n<meta property=\"og:description\" content=\"Med en handloader f\u00e5r du din hest nemt og sikkert ind i din tailer, uden at du eller hest lider overlast.\" \/>\n<meta property=\"og:url\" content=\"https:\/\/toelthester.dk\/de\/speichern\/handlader\/\" \/>\n<meta property=\"og:site_name\" content=\"Toelthester\" \/>\n<meta property=\"article:modified_time\" content=\"2023-06-04T10:38:07+00:00\" \/>\n<meta property=\"og:image\" content=\"https:\/\/toelthester.dk\/wp-content\/uploads\/2020\/11\/72-dpi-Toelthester-nov-2020-02.jpg\" \/>\n\t<meta property=\"og:image:width\" content=\"1440\" \/>\n\t<meta property=\"og:image:height\" content=\"960\" \/>\n\t<meta property=\"og:image:type\" content=\"image\/jpeg\" \/>\n<meta name=\"twitter:card\" content=\"summary_large_image\" \/>\n<meta name=\"twitter:label1\" content=\"Gesch\u00e4tzte Lesezeit\" \/>\n\t<meta name=\"twitter:data1\" content=\"1\u00a0Minute\" \/>\n<script type=\"application\/ld+json\" class=\"yoast-schema-graph\">{\"@context\":\"https:\\\/\\\/schema.org\",\"@graph\":[{\"@type\":\"WebPage\",\"@id\":\"https:\\\/\\\/toelthester.dk\\\/butik\\\/hand-loader\\\/\",\"url\":\"https:\\\/\\\/toelthester.dk\\\/butik\\\/hand-loader\\\/\",\"name\":\"Handloader der hj\u00e6per dig n\u00e5r du skal have din hest i trailer.\",\"isPartOf\":{\"@id\":\"https:\\\/\\\/toelthester.dk\\\/#website\"},\"primaryImageOfPage\":{\"@id\":\"https:\\\/\\\/toelthester.dk\\\/butik\\\/hand-loader\\\/#primaryimage\"},\"image\":{\"@id\":\"https:\\\/\\\/toelthester.dk\\\/butik\\\/hand-loader\\\/#primaryimage\"},\"thumbnailUrl\":\"https:\\\/\\\/toelthester.dk\\\/wp-content\\\/uploads\\\/2020\\\/11\\\/72-dpi-Toelthester-nov-2020-02.jpg\",\"datePublished\":\"2020-11-23T11:17:33+00:00\",\"dateModified\":\"2023-06-04T10:38:07+00:00\",\"description\":\"Med en handloader f\u00e5r du din hest nemt og sikkert ind i din tailer, uden at du eller hest lider overlast.\",\"breadcrumb\":{\"@id\":\"https:\\\/\\\/toelthester.dk\\\/butik\\\/hand-loader\\\/#breadcrumb\"},\"inLanguage\":\"de\",\"potentialAction\":[{\"@type\":\"ReadAction\",\"target\":[\"https:\\\/\\\/toelthester.dk\\\/butik\\\/hand-loader\\\/\"]}]},{\"@type\":\"ImageObject\",\"inLanguage\":\"de\",\"@id\":\"https:\\\/\\\/toelthester.dk\\\/butik\\\/hand-loader\\\/#primaryimage\",\"url\":\"https:\\\/\\\/toelthester.dk\\\/wp-content\\\/uploads\\\/2020\\\/11\\\/72-dpi-Toelthester-nov-2020-02.jpg\",\"contentUrl\":\"https:\\\/\\\/toelthester.dk\\\/wp-content\\\/uploads\\\/2020\\\/11\\\/72-dpi-Toelthester-nov-2020-02.jpg\",\"width\":1440,\"height\":960},{\"@type\":\"BreadcrumbList\",\"@id\":\"https:\\\/\\\/toelthester.dk\\\/butik\\\/hand-loader\\\/#breadcrumb\",\"itemListElement\":[{\"@type\":\"ListItem\",\"position\":1,\"name\":\"Hjem\",\"item\":\"https:\\\/\\\/toelthester.dk\\\/\"},{\"@type\":\"ListItem\",\"position\":2,\"name\":\"Shop\",\"item\":\"https:\\\/\\\/toelthester.dk\\\/shop\\\/\"},{\"@type\":\"ListItem\",\"position\":3,\"name\":\"Hand loader\"}]},{\"@type\":\"WebSite\",\"@id\":\"https:\\\/\\\/toelthester.dk\\\/#website\",\"url\":\"https:\\\/\\\/toelthester.dk\\\/\",\"name\":\"Toelthester\",\"description\":\"\",\"potentialAction\":[{\"@type\":\"SearchAction\",\"target\":{\"@type\":\"EntryPoint\",\"urlTemplate\":\"https:\\\/\\\/toelthester.dk\\\/?s={search_term_string}\"},\"query-input\":{\"@type\":\"PropertyValueSpecification\",\"valueRequired\":true,\"valueName\":\"search_term_string\"}}],\"inLanguage\":\"de\"}]}<\/script>\n<!-- \/ Yoast SEO plugin. -->","yoast_head_json":{"title":"Handlader, der Ihnen hilft, wenn Sie Ihr Pferd in einen Anh\u00e4nger laden m\u00fcssen.","description":"Mit einem Handlader k\u00f6nnen Sie Ihr Pferd einfach und sicher in Ihren Anh\u00e4nger bef\u00f6rdern, ohne dass Ihnen oder dem Pferd Unannehmlichkeiten entstehen.","robots":{"index":"index","follow":"follow","max-snippet":"max-snippet:-1","max-image-preview":"max-image-preview:large","max-video-preview":"max-video-preview:-1"},"canonical":"https:\/\/toelthester.dk\/de\/speichern\/handlader\/","og_locale":"de_DE","og_type":"article","og_title":"Handloader der hj\u00e6per dig n\u00e5r du skal have din hest i trailer.","og_description":"Med en handloader f\u00e5r du din hest nemt og sikkert ind i din tailer, uden at du eller hest lider overlast.","og_url":"https:\/\/toelthester.dk\/de\/speichern\/handlader\/","og_site_name":"Toelthester","article_modified_time":"2023-06-04T10:38:07+00:00","og_image":[{"width":1440,"height":960,"url":"https:\/\/toelthester.dk\/wp-content\/uploads\/2020\/11\/72-dpi-Toelthester-nov-2020-02.jpg","type":"image\/jpeg"}],"twitter_card":"summary_large_image","twitter_misc":{"Gesch\u00e4tzte Lesezeit":"1\u00a0Minute"},"schema":{"@context":"https:\/\/schema.org","@graph":[{"@type":"WebPage","@id":"https:\/\/toelthester.dk\/butik\/hand-loader\/","url":"https:\/\/toelthester.dk\/butik\/hand-loader\/","name":"Handlader, der Ihnen hilft, wenn Sie Ihr Pferd in einen Anh\u00e4nger laden m\u00fcssen.","isPartOf":{"@id":"https:\/\/toelthester.dk\/#website"},"primaryImageOfPage":{"@id":"https:\/\/toelthester.dk\/butik\/hand-loader\/#primaryimage"},"image":{"@id":"https:\/\/toelthester.dk\/butik\/hand-loader\/#primaryimage"},"thumbnailUrl":"https:\/\/toelthester.dk\/wp-content\/uploads\/2020\/11\/72-dpi-Toelthester-nov-2020-02.jpg","datePublished":"2020-11-23T11:17:33+00:00","dateModified":"2023-06-04T10:38:07+00:00","description":"Mit einem Handlader k\u00f6nnen Sie Ihr Pferd einfach und sicher in Ihren Anh\u00e4nger bef\u00f6rdern, ohne dass Ihnen oder dem Pferd Unannehmlichkeiten entstehen.","breadcrumb":{"@id":"https:\/\/toelthester.dk\/butik\/hand-loader\/#breadcrumb"},"inLanguage":"de","potentialAction":[{"@type":"ReadAction","target":["https:\/\/toelthester.dk\/butik\/hand-loader\/"]}]},{"@type":"ImageObject","inLanguage":"de","@id":"https:\/\/toelthester.dk\/butik\/hand-loader\/#primaryimage","url":"https:\/\/toelthester.dk\/wp-content\/uploads\/2020\/11\/72-dpi-Toelthester-nov-2020-02.jpg","contentUrl":"https:\/\/toelthester.dk\/wp-content\/uploads\/2020\/11\/72-dpi-Toelthester-nov-2020-02.jpg","width":1440,"height":960},{"@type":"BreadcrumbList","@id":"https:\/\/toelthester.dk\/butik\/hand-loader\/#breadcrumb","itemListElement":[{"@type":"ListItem","position":1,"name":"Hjem","item":"https:\/\/toelthester.dk\/"},{"@type":"ListItem","position":2,"name":"Shop","item":"https:\/\/toelthester.dk\/shop\/"},{"@type":"ListItem","position":3,"name":"Hand loader"}]},{"@type":"WebSite","@id":"https:\/\/toelthester.dk\/#website","url":"https:\/\/toelthester.dk\/","name":"Toilettenpferde","description":"","potentialAction":[{"@type":"SearchAction","target":{"@type":"EntryPoint","urlTemplate":"https:\/\/toelthester.dk\/?s={search_term_string}"},"query-input":{"@type":"PropertyValueSpecification","valueRequired":true,"valueName":"search_term_string"}}],"inLanguage":"de"}]}},"_links":{"self":[{"href":"https:\/\/toelthester.dk\/de\/wp-json\/wp\/v2\/product\/8742","targetHints":{"allow":["GET"]}}],"collection":[{"href":"https:\/\/toelthester.dk\/de\/wp-json\/wp\/v2\/product"}],"about":[{"href":"https:\/\/toelthester.dk\/de\/wp-json\/wp\/v2\/types\/product"}],"wp:featuredmedia":[{"embeddable":true,"href":"https:\/\/toelthester.dk\/de\/wp-json\/wp\/v2\/media\/8748"}],"wp:attachment":[{"href":"https:\/\/toelthester.dk\/de\/wp-json\/wp\/v2\/media?parent=8742"}],"wp:term":[{"taxonomy":"product_brand","embeddable":true,"href":"https:\/\/toelthester.dk\/de\/wp-json\/wp\/v2\/product_brand?post=8742"},{"taxonomy":"product_cat","embeddable":true,"href":"https:\/\/toelthester.dk\/de\/wp-json\/wp\/v2\/product_cat?post=8742"},{"taxonomy":"product_tag","embeddable":true,"href":"https:\/\/toelthester.dk\/de\/wp-json\/wp\/v2\/product_tag?post=8742"}],"curies":[{"name":"wp","href":"https:\/\/api.w.org\/{rel}","templated":true}]}}