{"id":8645,"date":"2020-08-06T13:45:07","date_gmt":"2020-08-06T11:45:07","guid":{"rendered":"https:\/\/toelthester.dk\/?post_type=product&#038;p=8645"},"modified":"2026-04-12T21:34:15","modified_gmt":"2026-04-12T19:34:15","slug":"biothane-mit-stopper-und-ohne-karabiner","status":"publish","type":"product","link":"https:\/\/toelthester.dk\/de\/butik\/biothane-med-stopper-og-uden-karabinhage\/","title":{"rendered":"Biothane mit Stopper und ohne Karabiner"},"content":{"rendered":"<p class=\"product_title entry-title\">Biothane ohne Karabiner mit Stopper sorgt f\u00fcr optimalen Halt am Z\u00fcgel.<\/p>\n<p>&nbsp;<\/p>","protected":false},"excerpt":{"rendered":"<p class=\"product_title entry-title\">Biothane mit Stopper ohne Karabiner sorgt f\u00fcr optimalen Halt am Z\u00fcgel.<\/p>\n<p>Der Z\u00fcgel ist in Schwarz erh\u00e4ltlich.<\/p>\n<p>&nbsp;<\/p>","protected":false},"featured_media":8648,"template":"","meta":{"inline_featured_image":false},"product_brand":[],"product_cat":[30],"product_tag":[],"class_list":{"0":"post-8645","1":"product","2":"type-product","3":"status-publish","4":"has-post-thumbnail","6":"product_cat-toejler","8":"first","9":"instock","10":"featured","11":"taxable","12":"shipping-taxable","13":"purchasable","14":"product-type-simple"},"yoast_head":"<!-- This site is optimized with the Yoast SEO plugin v27.4 - https:\/\/yoast.com\/product\/yoast-seo-wordpress\/ -->\n<title>Biothane med stopper uden karabin giver dig en optimal greb om t\u00f8jlen.<\/title>\n<meta name=\"description\" content=\"T\u00f8jlen der hj\u00e6lper dig med at holde fast p\u00e5 det rigtige sted, s\u00e5 den ikke glider. Den hj\u00e6lper dig ogs\u00e5 til at vide hvor der skal holde fast.\" \/>\n<meta name=\"robots\" content=\"index, follow, max-snippet:-1, max-image-preview:large, max-video-preview:-1\" \/>\n<link rel=\"canonical\" href=\"https:\/\/toelthester.dk\/de\/speichern\/biothane-mit-stopper-und-ohne-karabiner\/\" \/>\n<meta property=\"og:locale\" content=\"de_DE\" \/>\n<meta property=\"og:type\" content=\"article\" \/>\n<meta property=\"og:title\" content=\"Biothane med stopper uden karabin giver dig en optimal greb om t\u00f8jlen.\" \/>\n<meta property=\"og:description\" content=\"T\u00f8jlen der hj\u00e6lper dig med at holde fast p\u00e5 det rigtige sted, s\u00e5 den ikke glider. Den hj\u00e6lper dig ogs\u00e5 til at vide hvor der skal holde fast.\" \/>\n<meta property=\"og:url\" content=\"https:\/\/toelthester.dk\/de\/speichern\/biothane-mit-stopper-und-ohne-karabiner\/\" \/>\n<meta property=\"og:site_name\" content=\"Toelthester\" \/>\n<meta property=\"article:modified_time\" content=\"2026-04-12T19:34:15+00:00\" \/>\n<meta property=\"og:image\" content=\"https:\/\/toelthester.dk\/wp-content\/uploads\/2020\/08\/T\u00f8lthester-372-72-dpi.jpg\" \/>\n\t<meta property=\"og:image:width\" content=\"1440\" \/>\n\t<meta property=\"og:image:height\" content=\"960\" \/>\n\t<meta property=\"og:image:type\" content=\"image\/jpeg\" \/>\n<meta name=\"twitter:card\" content=\"summary_large_image\" \/>\n<script type=\"application\/ld+json\" class=\"yoast-schema-graph\">{\"@context\":\"https:\\\/\\\/schema.org\",\"@graph\":[{\"@type\":\"WebPage\",\"@id\":\"https:\\\/\\\/toelthester.dk\\\/butik\\\/biothane-med-stopper-og-uden-karabinhage\\\/\",\"url\":\"https:\\\/\\\/toelthester.dk\\\/butik\\\/biothane-med-stopper-og-uden-karabinhage\\\/\",\"name\":\"Biothane med stopper uden karabin giver dig en optimal greb om t\u00f8jlen.\",\"isPartOf\":{\"@id\":\"https:\\\/\\\/toelthester.dk\\\/#website\"},\"primaryImageOfPage\":{\"@id\":\"https:\\\/\\\/toelthester.dk\\\/butik\\\/biothane-med-stopper-og-uden-karabinhage\\\/#primaryimage\"},\"image\":{\"@id\":\"https:\\\/\\\/toelthester.dk\\\/butik\\\/biothane-med-stopper-og-uden-karabinhage\\\/#primaryimage\"},\"thumbnailUrl\":\"https:\\\/\\\/toelthester.dk\\\/wp-content\\\/uploads\\\/2020\\\/08\\\/T\u00f8lthester-372-72-dpi.jpg\",\"datePublished\":\"2020-08-06T11:45:07+00:00\",\"dateModified\":\"2026-04-12T19:34:15+00:00\",\"description\":\"T\u00f8jlen der hj\u00e6lper dig med at holde fast p\u00e5 det rigtige sted, s\u00e5 den ikke glider. Den hj\u00e6lper dig ogs\u00e5 til at vide hvor der skal holde fast.\",\"breadcrumb\":{\"@id\":\"https:\\\/\\\/toelthester.dk\\\/butik\\\/biothane-med-stopper-og-uden-karabinhage\\\/#breadcrumb\"},\"inLanguage\":\"de\",\"potentialAction\":[{\"@type\":\"ReadAction\",\"target\":[\"https:\\\/\\\/toelthester.dk\\\/butik\\\/biothane-med-stopper-og-uden-karabinhage\\\/\"]}]},{\"@type\":\"ImageObject\",\"inLanguage\":\"de\",\"@id\":\"https:\\\/\\\/toelthester.dk\\\/butik\\\/biothane-med-stopper-og-uden-karabinhage\\\/#primaryimage\",\"url\":\"https:\\\/\\\/toelthester.dk\\\/wp-content\\\/uploads\\\/2020\\\/08\\\/T\u00f8lthester-372-72-dpi.jpg\",\"contentUrl\":\"https:\\\/\\\/toelthester.dk\\\/wp-content\\\/uploads\\\/2020\\\/08\\\/T\u00f8lthester-372-72-dpi.jpg\",\"width\":1440,\"height\":960},{\"@type\":\"BreadcrumbList\",\"@id\":\"https:\\\/\\\/toelthester.dk\\\/butik\\\/biothane-med-stopper-og-uden-karabinhage\\\/#breadcrumb\",\"itemListElement\":[{\"@type\":\"ListItem\",\"position\":1,\"name\":\"Hjem\",\"item\":\"https:\\\/\\\/toelthester.dk\\\/\"},{\"@type\":\"ListItem\",\"position\":2,\"name\":\"Shop\",\"item\":\"https:\\\/\\\/toelthester.dk\\\/shop\\\/\"},{\"@type\":\"ListItem\",\"position\":3,\"name\":\"Biothane med stopper og uden karabinhage\"}]},{\"@type\":\"WebSite\",\"@id\":\"https:\\\/\\\/toelthester.dk\\\/#website\",\"url\":\"https:\\\/\\\/toelthester.dk\\\/\",\"name\":\"Toelthester\",\"description\":\"\",\"potentialAction\":[{\"@type\":\"SearchAction\",\"target\":{\"@type\":\"EntryPoint\",\"urlTemplate\":\"https:\\\/\\\/toelthester.dk\\\/?s={search_term_string}\"},\"query-input\":{\"@type\":\"PropertyValueSpecification\",\"valueRequired\":true,\"valueName\":\"search_term_string\"}}],\"inLanguage\":\"de\"}]}<\/script>\n<!-- \/ Yoast SEO plugin. -->","yoast_head_json":{"title":"Biothane mit Stopper ohne Karabiner sorgt f\u00fcr optimalen Halt am Z\u00fcgel.","description":"Die Leine, die Ihnen hilft, sich an der richtigen Stelle festzuhalten, damit sie nicht verrutscht. Es hilft Ihnen auch zu wissen, wo Sie sich festhalten m\u00fcssen.","robots":{"index":"index","follow":"follow","max-snippet":"max-snippet:-1","max-image-preview":"max-image-preview:large","max-video-preview":"max-video-preview:-1"},"canonical":"https:\/\/toelthester.dk\/de\/speichern\/biothane-mit-stopper-und-ohne-karabiner\/","og_locale":"de_DE","og_type":"article","og_title":"Biothane med stopper uden karabin giver dig en optimal greb om t\u00f8jlen.","og_description":"T\u00f8jlen der hj\u00e6lper dig med at holde fast p\u00e5 det rigtige sted, s\u00e5 den ikke glider. Den hj\u00e6lper dig ogs\u00e5 til at vide hvor der skal holde fast.","og_url":"https:\/\/toelthester.dk\/de\/speichern\/biothane-mit-stopper-und-ohne-karabiner\/","og_site_name":"Toelthester","article_modified_time":"2026-04-12T19:34:15+00:00","og_image":[{"width":1440,"height":960,"url":"https:\/\/toelthester.dk\/wp-content\/uploads\/2020\/08\/T\u00f8lthester-372-72-dpi.jpg","type":"image\/jpeg"}],"twitter_card":"summary_large_image","schema":{"@context":"https:\/\/schema.org","@graph":[{"@type":"WebPage","@id":"https:\/\/toelthester.dk\/butik\/biothane-med-stopper-og-uden-karabinhage\/","url":"https:\/\/toelthester.dk\/butik\/biothane-med-stopper-og-uden-karabinhage\/","name":"Biothane mit Stopper ohne Karabiner sorgt f\u00fcr optimalen Halt am Z\u00fcgel.","isPartOf":{"@id":"https:\/\/toelthester.dk\/#website"},"primaryImageOfPage":{"@id":"https:\/\/toelthester.dk\/butik\/biothane-med-stopper-og-uden-karabinhage\/#primaryimage"},"image":{"@id":"https:\/\/toelthester.dk\/butik\/biothane-med-stopper-og-uden-karabinhage\/#primaryimage"},"thumbnailUrl":"https:\/\/toelthester.dk\/wp-content\/uploads\/2020\/08\/T\u00f8lthester-372-72-dpi.jpg","datePublished":"2020-08-06T11:45:07+00:00","dateModified":"2026-04-12T19:34:15+00:00","description":"Die Leine, die Ihnen hilft, sich an der richtigen Stelle festzuhalten, damit sie nicht verrutscht. Es hilft Ihnen auch zu wissen, wo Sie sich festhalten m\u00fcssen.","breadcrumb":{"@id":"https:\/\/toelthester.dk\/butik\/biothane-med-stopper-og-uden-karabinhage\/#breadcrumb"},"inLanguage":"de","potentialAction":[{"@type":"ReadAction","target":["https:\/\/toelthester.dk\/butik\/biothane-med-stopper-og-uden-karabinhage\/"]}]},{"@type":"ImageObject","inLanguage":"de","@id":"https:\/\/toelthester.dk\/butik\/biothane-med-stopper-og-uden-karabinhage\/#primaryimage","url":"https:\/\/toelthester.dk\/wp-content\/uploads\/2020\/08\/T\u00f8lthester-372-72-dpi.jpg","contentUrl":"https:\/\/toelthester.dk\/wp-content\/uploads\/2020\/08\/T\u00f8lthester-372-72-dpi.jpg","width":1440,"height":960},{"@type":"BreadcrumbList","@id":"https:\/\/toelthester.dk\/butik\/biothane-med-stopper-og-uden-karabinhage\/#breadcrumb","itemListElement":[{"@type":"ListItem","position":1,"name":"Hjem","item":"https:\/\/toelthester.dk\/"},{"@type":"ListItem","position":2,"name":"Shop","item":"https:\/\/toelthester.dk\/shop\/"},{"@type":"ListItem","position":3,"name":"Biothane med stopper og uden karabinhage"}]},{"@type":"WebSite","@id":"https:\/\/toelthester.dk\/#website","url":"https:\/\/toelthester.dk\/","name":"Toilettenpferde","description":"","potentialAction":[{"@type":"SearchAction","target":{"@type":"EntryPoint","urlTemplate":"https:\/\/toelthester.dk\/?s={search_term_string}"},"query-input":{"@type":"PropertyValueSpecification","valueRequired":true,"valueName":"search_term_string"}}],"inLanguage":"de"}]}},"_links":{"self":[{"href":"https:\/\/toelthester.dk\/de\/wp-json\/wp\/v2\/product\/8645","targetHints":{"allow":["GET"]}}],"collection":[{"href":"https:\/\/toelthester.dk\/de\/wp-json\/wp\/v2\/product"}],"about":[{"href":"https:\/\/toelthester.dk\/de\/wp-json\/wp\/v2\/types\/product"}],"wp:featuredmedia":[{"embeddable":true,"href":"https:\/\/toelthester.dk\/de\/wp-json\/wp\/v2\/media\/8648"}],"wp:attachment":[{"href":"https:\/\/toelthester.dk\/de\/wp-json\/wp\/v2\/media?parent=8645"}],"wp:term":[{"taxonomy":"product_brand","embeddable":true,"href":"https:\/\/toelthester.dk\/de\/wp-json\/wp\/v2\/product_brand?post=8645"},{"taxonomy":"product_cat","embeddable":true,"href":"https:\/\/toelthester.dk\/de\/wp-json\/wp\/v2\/product_cat?post=8645"},{"taxonomy":"product_tag","embeddable":true,"href":"https:\/\/toelthester.dk\/de\/wp-json\/wp\/v2\/product_tag?post=8645"}],"curies":[{"name":"wp","href":"https:\/\/api.w.org\/{rel}","templated":true}]}}