{"id":8360,"date":"2020-02-18T20:23:48","date_gmt":"2020-02-18T19:23:48","guid":{"rendered":"https:\/\/toelthester.dk\/?post_type=product&#038;p=8360"},"modified":"2026-04-07T11:57:31","modified_gmt":"2026-04-07T09:57:31","slug":"gummi-zehenschuhe-schwarz-mit-karabiner-nachbildungen","status":"publish","type":"product","link":"https:\/\/toelthester.dk\/de\/butik\/gummitoejle-sort-med-karabinhage-kopier\/","title":{"rendered":"Gummiz\u00fcgel schwarz mit Karabiner"},"content":{"rendered":"<p class=\"m-product-title product-title\">Gummiz\u00fcgel mit Karabinerz\u00fcgeln sorgen f\u00fcr optimalen Halt am Z\u00fcgel.<\/p>\n<p>&nbsp;<\/p>","protected":false},"excerpt":{"rendered":"<p>Gummiz\u00fcgel mit Karabinerz\u00fcgeln sorgen f\u00fcr optimalen Halt am Z\u00fcgel.<\/p>\n<p>Der Z\u00fcgel ist in den Farben Blau und Schwarz erh\u00e4ltlich.<\/p>\n<p>&nbsp;<\/p>","protected":false},"featured_media":8369,"template":"","meta":{"inline_featured_image":false},"product_brand":[],"product_cat":[30],"product_tag":[],"class_list":{"0":"post-8360","1":"product","2":"type-product","3":"status-publish","4":"has-post-thumbnail","6":"product_cat-toejler","8":"first","9":"instock","10":"featured","11":"taxable","12":"shipping-taxable","13":"purchasable","14":"product-type-simple"},"yoast_head":"<!-- This site is optimized with the Yoast SEO plugin v27.4 - https:\/\/yoast.com\/product\/yoast-seo-wordpress\/ -->\n<title>Gummit\u00f8jler med karabinhager t\u00f8jle giver dig en optimal greb om t\u00f8jlen.<\/title>\n<meta name=\"description\" content=\"Gummit\u00f8jler med karabinhager t\u00f8jle giver dig en optimal greb om t\u00f8jlen, findes i bl\u00e5 og sort, med eller uden karbinhage.\" \/>\n<meta name=\"robots\" content=\"index, follow, max-snippet:-1, max-image-preview:large, max-video-preview:-1\" \/>\n<link rel=\"canonical\" href=\"https:\/\/toelthester.dk\/de\/speichern\/gummi-zehenschuhe-schwarz-mit-karabiner-nachbildungen\/\" \/>\n<meta property=\"og:locale\" content=\"de_DE\" \/>\n<meta property=\"og:type\" content=\"article\" \/>\n<meta property=\"og:title\" content=\"Gummit\u00f8jler med karabinhager t\u00f8jle giver dig en optimal greb om t\u00f8jlen.\" \/>\n<meta property=\"og:description\" content=\"Gummit\u00f8jler med karabinhager t\u00f8jle giver dig en optimal greb om t\u00f8jlen, findes i bl\u00e5 og sort, med eller uden karbinhage.\" \/>\n<meta property=\"og:url\" content=\"https:\/\/toelthester.dk\/de\/speichern\/gummi-zehenschuhe-schwarz-mit-karabiner-nachbildungen\/\" \/>\n<meta property=\"og:site_name\" content=\"Toelthester\" \/>\n<meta property=\"article:modified_time\" content=\"2026-04-07T09:57:31+00:00\" \/>\n<meta property=\"og:image\" content=\"https:\/\/toelthester.dk\/wp-content\/uploads\/2020\/02\/T\u00f8lthester-384-72-dpi.jpg\" \/>\n\t<meta property=\"og:image:width\" content=\"1343\" \/>\n\t<meta property=\"og:image:height\" content=\"895\" \/>\n\t<meta property=\"og:image:type\" content=\"image\/jpeg\" \/>\n<meta name=\"twitter:card\" content=\"summary_large_image\" \/>\n<script type=\"application\/ld+json\" class=\"yoast-schema-graph\">{\"@context\":\"https:\\\/\\\/schema.org\",\"@graph\":[{\"@type\":\"WebPage\",\"@id\":\"https:\\\/\\\/toelthester.dk\\\/nl\\\/winkel\\\/schoenen-met-rubberen-neus-zwart-met-replicas-van-karabijnhaken\\\/\",\"url\":\"https:\\\/\\\/toelthester.dk\\\/nl\\\/winkel\\\/schoenen-met-rubberen-neus-zwart-met-replicas-van-karabijnhaken\\\/\",\"name\":\"Gummit\u00f8jler med karabinhager t\u00f8jle giver dig en optimal greb om t\u00f8jlen.\",\"isPartOf\":{\"@id\":\"https:\\\/\\\/toelthester.dk\\\/#website\"},\"primaryImageOfPage\":{\"@id\":\"https:\\\/\\\/toelthester.dk\\\/nl\\\/winkel\\\/schoenen-met-rubberen-neus-zwart-met-replicas-van-karabijnhaken\\\/#primaryimage\"},\"image\":{\"@id\":\"https:\\\/\\\/toelthester.dk\\\/nl\\\/winkel\\\/schoenen-met-rubberen-neus-zwart-met-replicas-van-karabijnhaken\\\/#primaryimage\"},\"thumbnailUrl\":\"https:\\\/\\\/toelthester.dk\\\/wp-content\\\/uploads\\\/2020\\\/02\\\/T\u00f8lthester-384-72-dpi.jpg\",\"datePublished\":\"2020-02-18T19:23:48+00:00\",\"dateModified\":\"2026-04-07T09:57:31+00:00\",\"description\":\"Gummit\u00f8jler med karabinhager t\u00f8jle giver dig en optimal greb om t\u00f8jlen, findes i bl\u00e5 og sort, med eller uden karbinhage.\",\"breadcrumb\":{\"@id\":\"https:\\\/\\\/toelthester.dk\\\/nl\\\/winkel\\\/schoenen-met-rubberen-neus-zwart-met-replicas-van-karabijnhaken\\\/#breadcrumb\"},\"inLanguage\":\"de\",\"potentialAction\":[{\"@type\":\"ReadAction\",\"target\":[\"https:\\\/\\\/toelthester.dk\\\/nl\\\/winkel\\\/schoenen-met-rubberen-neus-zwart-met-replicas-van-karabijnhaken\\\/\"]}]},{\"@type\":\"ImageObject\",\"inLanguage\":\"de\",\"@id\":\"https:\\\/\\\/toelthester.dk\\\/nl\\\/winkel\\\/schoenen-met-rubberen-neus-zwart-met-replicas-van-karabijnhaken\\\/#primaryimage\",\"url\":\"https:\\\/\\\/toelthester.dk\\\/wp-content\\\/uploads\\\/2020\\\/02\\\/T\u00f8lthester-384-72-dpi.jpg\",\"contentUrl\":\"https:\\\/\\\/toelthester.dk\\\/wp-content\\\/uploads\\\/2020\\\/02\\\/T\u00f8lthester-384-72-dpi.jpg\",\"width\":1343,\"height\":895},{\"@type\":\"BreadcrumbList\",\"@id\":\"https:\\\/\\\/toelthester.dk\\\/nl\\\/winkel\\\/schoenen-met-rubberen-neus-zwart-met-replicas-van-karabijnhaken\\\/#breadcrumb\",\"itemListElement\":[{\"@type\":\"ListItem\",\"position\":1,\"name\":\"Hjem\",\"item\":\"https:\\\/\\\/toelthester.dk\\\/\"},{\"@type\":\"ListItem\",\"position\":2,\"name\":\"Shop\",\"item\":\"https:\\\/\\\/toelthester.dk\\\/shop\\\/\"},{\"@type\":\"ListItem\",\"position\":3,\"name\":\"Gummit\u00f8jle sort med karabinhage\"}]},{\"@type\":\"WebSite\",\"@id\":\"https:\\\/\\\/toelthester.dk\\\/#website\",\"url\":\"https:\\\/\\\/toelthester.dk\\\/\",\"name\":\"Toelthester\",\"description\":\"\",\"potentialAction\":[{\"@type\":\"SearchAction\",\"target\":{\"@type\":\"EntryPoint\",\"urlTemplate\":\"https:\\\/\\\/toelthester.dk\\\/?s={search_term_string}\"},\"query-input\":{\"@type\":\"PropertyValueSpecification\",\"valueRequired\":true,\"valueName\":\"search_term_string\"}}],\"inLanguage\":\"de\"}]}<\/script>\n<!-- \/ Yoast SEO plugin. -->","yoast_head_json":{"title":"Gummiz\u00fcgel mit Karabinerz\u00fcgeln sorgen f\u00fcr optimalen Halt am Z\u00fcgel.","description":"Gummiz\u00fcgel mit Karabiner-Z\u00fcgeln sorgen f\u00fcr optimalen Halt am Z\u00fcgel, erh\u00e4ltlich in Blau und Schwarz, mit oder ohne Karabiner.","robots":{"index":"index","follow":"follow","max-snippet":"max-snippet:-1","max-image-preview":"max-image-preview:large","max-video-preview":"max-video-preview:-1"},"canonical":"https:\/\/toelthester.dk\/de\/speichern\/gummi-zehenschuhe-schwarz-mit-karabiner-nachbildungen\/","og_locale":"de_DE","og_type":"article","og_title":"Gummit\u00f8jler med karabinhager t\u00f8jle giver dig en optimal greb om t\u00f8jlen.","og_description":"Gummit\u00f8jler med karabinhager t\u00f8jle giver dig en optimal greb om t\u00f8jlen, findes i bl\u00e5 og sort, med eller uden karbinhage.","og_url":"https:\/\/toelthester.dk\/de\/speichern\/gummi-zehenschuhe-schwarz-mit-karabiner-nachbildungen\/","og_site_name":"Toelthester","article_modified_time":"2026-04-07T09:57:31+00:00","og_image":[{"width":1343,"height":895,"url":"https:\/\/toelthester.dk\/wp-content\/uploads\/2020\/02\/T\u00f8lthester-384-72-dpi.jpg","type":"image\/jpeg"}],"twitter_card":"summary_large_image","schema":{"@context":"https:\/\/schema.org","@graph":[{"@type":"WebPage","@id":"https:\/\/toelthester.dk\/nl\/winkel\/schoenen-met-rubberen-neus-zwart-met-replicas-van-karabijnhaken\/","url":"https:\/\/toelthester.dk\/nl\/winkel\/schoenen-met-rubberen-neus-zwart-met-replicas-van-karabijnhaken\/","name":"Gummiz\u00fcgel mit Karabinerz\u00fcgeln sorgen f\u00fcr optimalen Halt am Z\u00fcgel.","isPartOf":{"@id":"https:\/\/toelthester.dk\/#website"},"primaryImageOfPage":{"@id":"https:\/\/toelthester.dk\/nl\/winkel\/schoenen-met-rubberen-neus-zwart-met-replicas-van-karabijnhaken\/#primaryimage"},"image":{"@id":"https:\/\/toelthester.dk\/nl\/winkel\/schoenen-met-rubberen-neus-zwart-met-replicas-van-karabijnhaken\/#primaryimage"},"thumbnailUrl":"https:\/\/toelthester.dk\/wp-content\/uploads\/2020\/02\/T\u00f8lthester-384-72-dpi.jpg","datePublished":"2020-02-18T19:23:48+00:00","dateModified":"2026-04-07T09:57:31+00:00","description":"Gummiz\u00fcgel mit Karabiner-Z\u00fcgeln sorgen f\u00fcr optimalen Halt am Z\u00fcgel, erh\u00e4ltlich in Blau und Schwarz, mit oder ohne Karabiner.","breadcrumb":{"@id":"https:\/\/toelthester.dk\/nl\/winkel\/schoenen-met-rubberen-neus-zwart-met-replicas-van-karabijnhaken\/#breadcrumb"},"inLanguage":"de","potentialAction":[{"@type":"ReadAction","target":["https:\/\/toelthester.dk\/nl\/winkel\/schoenen-met-rubberen-neus-zwart-met-replicas-van-karabijnhaken\/"]}]},{"@type":"ImageObject","inLanguage":"de","@id":"https:\/\/toelthester.dk\/nl\/winkel\/schoenen-met-rubberen-neus-zwart-met-replicas-van-karabijnhaken\/#primaryimage","url":"https:\/\/toelthester.dk\/wp-content\/uploads\/2020\/02\/T\u00f8lthester-384-72-dpi.jpg","contentUrl":"https:\/\/toelthester.dk\/wp-content\/uploads\/2020\/02\/T\u00f8lthester-384-72-dpi.jpg","width":1343,"height":895},{"@type":"BreadcrumbList","@id":"https:\/\/toelthester.dk\/nl\/winkel\/schoenen-met-rubberen-neus-zwart-met-replicas-van-karabijnhaken\/#breadcrumb","itemListElement":[{"@type":"ListItem","position":1,"name":"Hjem","item":"https:\/\/toelthester.dk\/"},{"@type":"ListItem","position":2,"name":"Shop","item":"https:\/\/toelthester.dk\/shop\/"},{"@type":"ListItem","position":3,"name":"Gummit\u00f8jle sort med karabinhage"}]},{"@type":"WebSite","@id":"https:\/\/toelthester.dk\/#website","url":"https:\/\/toelthester.dk\/","name":"Toilettenpferde","description":"","potentialAction":[{"@type":"SearchAction","target":{"@type":"EntryPoint","urlTemplate":"https:\/\/toelthester.dk\/?s={search_term_string}"},"query-input":{"@type":"PropertyValueSpecification","valueRequired":true,"valueName":"search_term_string"}}],"inLanguage":"de"}]}},"_links":{"self":[{"href":"https:\/\/toelthester.dk\/de\/wp-json\/wp\/v2\/product\/8360","targetHints":{"allow":["GET"]}}],"collection":[{"href":"https:\/\/toelthester.dk\/de\/wp-json\/wp\/v2\/product"}],"about":[{"href":"https:\/\/toelthester.dk\/de\/wp-json\/wp\/v2\/types\/product"}],"wp:featuredmedia":[{"embeddable":true,"href":"https:\/\/toelthester.dk\/de\/wp-json\/wp\/v2\/media\/8369"}],"wp:attachment":[{"href":"https:\/\/toelthester.dk\/de\/wp-json\/wp\/v2\/media?parent=8360"}],"wp:term":[{"taxonomy":"product_brand","embeddable":true,"href":"https:\/\/toelthester.dk\/de\/wp-json\/wp\/v2\/product_brand?post=8360"},{"taxonomy":"product_cat","embeddable":true,"href":"https:\/\/toelthester.dk\/de\/wp-json\/wp\/v2\/product_cat?post=8360"},{"taxonomy":"product_tag","embeddable":true,"href":"https:\/\/toelthester.dk\/de\/wp-json\/wp\/v2\/product_tag?post=8360"}],"curies":[{"name":"wp","href":"https:\/\/api.w.org\/{rel}","templated":true}]}}