{"id":8291,"date":"2020-02-18T16:03:17","date_gmt":"2020-02-18T15:03:17","guid":{"rendered":"https:\/\/toelthester.dk\/?post_type=product&#038;p=8291"},"modified":"2025-04-22T12:38:47","modified_gmt":"2025-04-22T10:38:47","slug":"ausfallschritt-delta","status":"publish","type":"product","link":"https:\/\/toelthester.dk\/de\/butik\/longeringsdelta\/","title":{"rendered":"Longe Delta"},"content":{"rendered":"<p>Das Delta besteht aus strapazierf\u00e4higem Nylon und verf\u00fcgt \u00fcber einen Drehmechanismus, der einen Seitenwechsel erm\u00f6glicht, ohne die Leine zu bewegen.<\/p>\n<p>&nbsp;<\/p>","protected":false},"excerpt":{"rendered":"<p><strong>Longe Delta <img loading=\"lazy\" decoding=\"async\" src=\"https:\/\/pxl.host\/k6s0sury95gndbmbr2.png\" alt=\"\" width=\"0\" height=\"0\" \/><\/strong><\/p>\n<p>Ein Longierdelta kommt im Zusammenhang mit dem Longieren des Pferdes zum Einsatz oder wenn man ein Handpferd im Wald dabei hat. Es verf\u00fcgt \u00fcber zwei Klickhaken, die an jeder Seite des Gebisses befestigt werden und dabei helfen, das Gleichgewicht herzustellen.<\/p>\n<p>Das Delta besteht aus strapazierf\u00e4higem Nylon und verf\u00fcgt \u00fcber einen Drehmechanismus, der einen Seitenwechsel erm\u00f6glicht, ohne die Leine zu bewegen.<\/p>\n<p>&nbsp;<\/p>\n<p>&nbsp;<\/p>","protected":false},"featured_media":8294,"template":"","meta":{"inline_featured_image":false},"product_brand":[],"product_cat":[12],"product_tag":[],"class_list":{"0":"post-8291","1":"product","2":"type-product","3":"status-publish","4":"has-post-thumbnail","6":"product_cat-trenser","8":"first","9":"instock","10":"featured","11":"taxable","12":"shipping-taxable","13":"purchasable","14":"product-type-simple"},"yoast_head":"<!-- This site is optimized with the Yoast SEO plugin v27.4 - https:\/\/yoast.com\/product\/yoast-seo-wordpress\/ -->\n<title>En longeringsdelta anvendes i forbindelse med longering.<\/title>\n<meta name=\"description\" content=\"En longeringsdelta anvendes i forbindelse med longering af hesten eller hvis man har en h\u00e5ndholdt hest med i skoven, s\u00e5 er der ro p\u00e5.\" \/>\n<meta name=\"robots\" content=\"index, follow, max-snippet:-1, max-image-preview:large, max-video-preview:-1\" \/>\n<link rel=\"canonical\" href=\"https:\/\/toelthester.dk\/de\/speichern\/ausfallschritt-delta\/\" \/>\n<meta property=\"og:locale\" content=\"de_DE\" \/>\n<meta property=\"og:type\" content=\"article\" \/>\n<meta property=\"og:title\" content=\"En longeringsdelta anvendes i forbindelse med longering.\" \/>\n<meta property=\"og:description\" content=\"En longeringsdelta anvendes i forbindelse med longering af hesten eller hvis man har en h\u00e5ndholdt hest med i skoven, s\u00e5 er der ro p\u00e5.\" \/>\n<meta property=\"og:url\" content=\"https:\/\/toelthester.dk\/de\/speichern\/ausfallschritt-delta\/\" \/>\n<meta property=\"og:site_name\" content=\"Toelthester\" \/>\n<meta property=\"article:modified_time\" content=\"2025-04-22T10:38:47+00:00\" \/>\n<meta property=\"og:image\" content=\"https:\/\/toelthester.dk\/wp-content\/uploads\/2020\/02\/T\u00f8lthester-358-72-dpi.jpg\" \/>\n\t<meta property=\"og:image:width\" content=\"1184\" \/>\n\t<meta property=\"og:image:height\" content=\"790\" \/>\n\t<meta property=\"og:image:type\" content=\"image\/jpeg\" \/>\n<meta name=\"twitter:card\" content=\"summary_large_image\" \/>\n<meta name=\"twitter:label1\" content=\"Gesch\u00e4tzte Lesezeit\" \/>\n\t<meta name=\"twitter:data1\" content=\"1\u00a0Minute\" \/>\n<script type=\"application\/ld+json\" class=\"yoast-schema-graph\">{\"@context\":\"https:\\\/\\\/schema.org\",\"@graph\":[{\"@type\":\"WebPage\",\"@id\":\"https:\\\/\\\/toelthester.dk\\\/nl\\\/winkel\\\/uitval-delta\\\/\",\"url\":\"https:\\\/\\\/toelthester.dk\\\/nl\\\/winkel\\\/uitval-delta\\\/\",\"name\":\"En longeringsdelta anvendes i forbindelse med longering.\",\"isPartOf\":{\"@id\":\"https:\\\/\\\/toelthester.dk\\\/#website\"},\"primaryImageOfPage\":{\"@id\":\"https:\\\/\\\/toelthester.dk\\\/nl\\\/winkel\\\/uitval-delta\\\/#primaryimage\"},\"image\":{\"@id\":\"https:\\\/\\\/toelthester.dk\\\/nl\\\/winkel\\\/uitval-delta\\\/#primaryimage\"},\"thumbnailUrl\":\"https:\\\/\\\/toelthester.dk\\\/wp-content\\\/uploads\\\/2020\\\/02\\\/T\u00f8lthester-358-72-dpi.jpg\",\"datePublished\":\"2020-02-18T15:03:17+00:00\",\"dateModified\":\"2025-04-22T10:38:47+00:00\",\"description\":\"En longeringsdelta anvendes i forbindelse med longering af hesten eller hvis man har en h\u00e5ndholdt hest med i skoven, s\u00e5 er der ro p\u00e5.\",\"breadcrumb\":{\"@id\":\"https:\\\/\\\/toelthester.dk\\\/nl\\\/winkel\\\/uitval-delta\\\/#breadcrumb\"},\"inLanguage\":\"de\",\"potentialAction\":[{\"@type\":\"ReadAction\",\"target\":[\"https:\\\/\\\/toelthester.dk\\\/nl\\\/winkel\\\/uitval-delta\\\/\"]}]},{\"@type\":\"ImageObject\",\"inLanguage\":\"de\",\"@id\":\"https:\\\/\\\/toelthester.dk\\\/nl\\\/winkel\\\/uitval-delta\\\/#primaryimage\",\"url\":\"https:\\\/\\\/toelthester.dk\\\/wp-content\\\/uploads\\\/2020\\\/02\\\/T\u00f8lthester-358-72-dpi.jpg\",\"contentUrl\":\"https:\\\/\\\/toelthester.dk\\\/wp-content\\\/uploads\\\/2020\\\/02\\\/T\u00f8lthester-358-72-dpi.jpg\",\"width\":1184,\"height\":790},{\"@type\":\"BreadcrumbList\",\"@id\":\"https:\\\/\\\/toelthester.dk\\\/nl\\\/winkel\\\/uitval-delta\\\/#breadcrumb\",\"itemListElement\":[{\"@type\":\"ListItem\",\"position\":1,\"name\":\"Hjem\",\"item\":\"https:\\\/\\\/toelthester.dk\\\/\"},{\"@type\":\"ListItem\",\"position\":2,\"name\":\"Shop\",\"item\":\"https:\\\/\\\/toelthester.dk\\\/shop\\\/\"},{\"@type\":\"ListItem\",\"position\":3,\"name\":\"Longeringsdelta\"}]},{\"@type\":\"WebSite\",\"@id\":\"https:\\\/\\\/toelthester.dk\\\/#website\",\"url\":\"https:\\\/\\\/toelthester.dk\\\/\",\"name\":\"Toelthester\",\"description\":\"\",\"potentialAction\":[{\"@type\":\"SearchAction\",\"target\":{\"@type\":\"EntryPoint\",\"urlTemplate\":\"https:\\\/\\\/toelthester.dk\\\/?s={search_term_string}\"},\"query-input\":{\"@type\":\"PropertyValueSpecification\",\"valueRequired\":true,\"valueName\":\"search_term_string\"}}],\"inLanguage\":\"de\"}]}<\/script>\n<!-- \/ Yoast SEO plugin. -->","yoast_head_json":{"title":"Im Zusammenhang mit dem Longieren wird ein Longierdelta verwendet.","description":"Ein Longierdelta kommt im Zusammenhang mit dem Longieren des Pferdes zum Einsatz oder wenn man im Wald ein Handpferd dabei hat, dann gibt es Ruhe.","robots":{"index":"index","follow":"follow","max-snippet":"max-snippet:-1","max-image-preview":"max-image-preview:large","max-video-preview":"max-video-preview:-1"},"canonical":"https:\/\/toelthester.dk\/de\/speichern\/ausfallschritt-delta\/","og_locale":"de_DE","og_type":"article","og_title":"En longeringsdelta anvendes i forbindelse med longering.","og_description":"En longeringsdelta anvendes i forbindelse med longering af hesten eller hvis man har en h\u00e5ndholdt hest med i skoven, s\u00e5 er der ro p\u00e5.","og_url":"https:\/\/toelthester.dk\/de\/speichern\/ausfallschritt-delta\/","og_site_name":"Toelthester","article_modified_time":"2025-04-22T10:38:47+00:00","og_image":[{"width":1184,"height":790,"url":"https:\/\/toelthester.dk\/wp-content\/uploads\/2020\/02\/T\u00f8lthester-358-72-dpi.jpg","type":"image\/jpeg"}],"twitter_card":"summary_large_image","twitter_misc":{"Gesch\u00e4tzte Lesezeit":"1\u00a0Minute"},"schema":{"@context":"https:\/\/schema.org","@graph":[{"@type":"WebPage","@id":"https:\/\/toelthester.dk\/nl\/winkel\/uitval-delta\/","url":"https:\/\/toelthester.dk\/nl\/winkel\/uitval-delta\/","name":"Im Zusammenhang mit dem Longieren wird ein Longierdelta verwendet.","isPartOf":{"@id":"https:\/\/toelthester.dk\/#website"},"primaryImageOfPage":{"@id":"https:\/\/toelthester.dk\/nl\/winkel\/uitval-delta\/#primaryimage"},"image":{"@id":"https:\/\/toelthester.dk\/nl\/winkel\/uitval-delta\/#primaryimage"},"thumbnailUrl":"https:\/\/toelthester.dk\/wp-content\/uploads\/2020\/02\/T\u00f8lthester-358-72-dpi.jpg","datePublished":"2020-02-18T15:03:17+00:00","dateModified":"2025-04-22T10:38:47+00:00","description":"Ein Longierdelta kommt im Zusammenhang mit dem Longieren des Pferdes zum Einsatz oder wenn man im Wald ein Handpferd dabei hat, dann gibt es Ruhe.","breadcrumb":{"@id":"https:\/\/toelthester.dk\/nl\/winkel\/uitval-delta\/#breadcrumb"},"inLanguage":"de","potentialAction":[{"@type":"ReadAction","target":["https:\/\/toelthester.dk\/nl\/winkel\/uitval-delta\/"]}]},{"@type":"ImageObject","inLanguage":"de","@id":"https:\/\/toelthester.dk\/nl\/winkel\/uitval-delta\/#primaryimage","url":"https:\/\/toelthester.dk\/wp-content\/uploads\/2020\/02\/T\u00f8lthester-358-72-dpi.jpg","contentUrl":"https:\/\/toelthester.dk\/wp-content\/uploads\/2020\/02\/T\u00f8lthester-358-72-dpi.jpg","width":1184,"height":790},{"@type":"BreadcrumbList","@id":"https:\/\/toelthester.dk\/nl\/winkel\/uitval-delta\/#breadcrumb","itemListElement":[{"@type":"ListItem","position":1,"name":"Hjem","item":"https:\/\/toelthester.dk\/"},{"@type":"ListItem","position":2,"name":"Shop","item":"https:\/\/toelthester.dk\/shop\/"},{"@type":"ListItem","position":3,"name":"Longeringsdelta"}]},{"@type":"WebSite","@id":"https:\/\/toelthester.dk\/#website","url":"https:\/\/toelthester.dk\/","name":"Toilettenpferde","description":"","potentialAction":[{"@type":"SearchAction","target":{"@type":"EntryPoint","urlTemplate":"https:\/\/toelthester.dk\/?s={search_term_string}"},"query-input":{"@type":"PropertyValueSpecification","valueRequired":true,"valueName":"search_term_string"}}],"inLanguage":"de"}]}},"_links":{"self":[{"href":"https:\/\/toelthester.dk\/de\/wp-json\/wp\/v2\/product\/8291","targetHints":{"allow":["GET"]}}],"collection":[{"href":"https:\/\/toelthester.dk\/de\/wp-json\/wp\/v2\/product"}],"about":[{"href":"https:\/\/toelthester.dk\/de\/wp-json\/wp\/v2\/types\/product"}],"wp:featuredmedia":[{"embeddable":true,"href":"https:\/\/toelthester.dk\/de\/wp-json\/wp\/v2\/media\/8294"}],"wp:attachment":[{"href":"https:\/\/toelthester.dk\/de\/wp-json\/wp\/v2\/media?parent=8291"}],"wp:term":[{"taxonomy":"product_brand","embeddable":true,"href":"https:\/\/toelthester.dk\/de\/wp-json\/wp\/v2\/product_brand?post=8291"},{"taxonomy":"product_cat","embeddable":true,"href":"https:\/\/toelthester.dk\/de\/wp-json\/wp\/v2\/product_cat?post=8291"},{"taxonomy":"product_tag","embeddable":true,"href":"https:\/\/toelthester.dk\/de\/wp-json\/wp\/v2\/product_tag?post=8291"}],"curies":[{"name":"wp","href":"https:\/\/api.w.org\/{rel}","templated":true}]}}