{"id":771,"date":"2016-10-27T10:15:53","date_gmt":"2016-10-27T08:15:53","guid":{"rendered":"http:\/\/toelthester.dk\/butik\/gelpad-lk\/"},"modified":"2025-11-20T15:07:10","modified_gmt":"2025-11-20T14:07:10","slug":"gelpad-lk-2","status":"publish","type":"product","link":"https:\/\/toelthester.dk\/de\/butik\/gelpad-lk\/","title":{"rendered":"Sattelkissen T\u00f3nn lange Kniepauschen"},"content":{"rendered":"<p><strong>Technische Daten:<\/strong><br \/>\n<strong>Boomless Gel Pad T\u00f3nn<br \/>\n<\/strong><strong>Stoppen:<\/strong> Latex<br \/>\n<strong>Boom:<\/strong> Ohne Boom<br \/>\n<strong>Sitzgr\u00f6\u00dfen:<\/strong> 16,0\u2033 \u2013 16,5\u2033 \u2013 17,0\u2033 \u2013 17,5\u2033 \u2013 18,0\u2033<br \/>\n<strong>Gewicht:<\/strong>\u00a04,8 kg<\/p>\n<p>&nbsp;<\/p>","protected":false},"excerpt":{"rendered":"<p><strong>T\u00f3nn boomless lange Knieschoner von T\u00f8lthester<\/strong><\/p>\n<p style=\"background: white;\"><span style=\"font-size: 11.5pt; font-family: 'Arial',sans-serif; color: black;\">Die Entwicklung unseres baumlosen Latexsattels zeigt, wie innovativ man trotz langj\u00e4hriger Sattelentwicklung sein kann.<br \/>\nT\u00f3nn ist am Widerrist extra weit ausgeschnitten, um das Pferd nicht zu dr\u00fccken. Dar\u00fcber hinaus verf\u00fcgt es \u00fcber eine zus\u00e4tzliche Polsterung, um den R\u00fccken des Pferdes nicht zu dr\u00fccken. Dar\u00fcber hinaus verf\u00fcgt es \u00fcber eine gute Unterst\u00fctzung im R\u00fccken, die dem Fahrer hilft, den richtigen Sitz und die richtige Position beizubehalten. Gute, solide Knieschoner machen diese Schabracke f\u00fcr immer mehr Reiter zur ersten Wahl.<\/span><\/p>\n<p style=\"background: white;\"><span style=\"font-size: 11.5pt; font-family: 'Arial',sans-serif; color: black;\">T\u00f3nn ist vorne am Widerrist mit einem Schaleneisen ausgestattet, das verhindert, dass der Sattel auf den Widerrist des Pferdes f\u00e4llt.<\/span><\/p>\n<p style=\"background: white;\"><span style=\"font-size: 11.5pt; font-family: 'Arial',sans-serif; color: black;\">Den T\u00f3nn-Sattel gibt es in zwei Varianten, einmal mit kurzen und einmal mit langen Kniepolstern.<\/span><\/p>","protected":false},"featured_media":7706,"template":"","meta":{"inline_featured_image":false},"product_brand":[],"product_cat":[10],"product_tag":[],"class_list":{"0":"post-771","1":"product","2":"type-product","3":"status-publish","4":"has-post-thumbnail","6":"product_cat-sadler","8":"first","9":"instock","10":"featured","11":"taxable","12":"shipping-taxable","13":"purchasable","14":"product-type-variable"},"yoast_head":"<!-- This site is optimized with the Yoast SEO plugin v27.4 - https:\/\/yoast.com\/product\/yoast-seo-wordpress\/ -->\n<title>T\u00f8lthester Boml\u00f8s med lange kn\u00e6puder, det giver dig optimal st\u00f8tte.<\/title>\n<meta name=\"description\" content=\"T\u00f8lthester boml\u00f8s sadel T\u00f3nn er monteret med et fast kophjern, det betyder at du kommer t\u00e6t p\u00e5 egenskaberne fra en normal sadel.\" \/>\n<meta name=\"robots\" content=\"index, follow, max-snippet:-1, max-image-preview:large, max-video-preview:-1\" \/>\n<link rel=\"canonical\" href=\"https:\/\/toelthester.dk\/de\/speichern\/gelpad-lk-2\/\" \/>\n<meta property=\"og:locale\" content=\"de_DE\" \/>\n<meta property=\"og:type\" content=\"article\" \/>\n<meta property=\"og:title\" content=\"T\u00f8lthester Boml\u00f8s med lange kn\u00e6puder, det giver dig optimal st\u00f8tte.\" \/>\n<meta property=\"og:description\" content=\"T\u00f8lthester boml\u00f8s sadel T\u00f3nn er monteret med et fast kophjern, det betyder at du kommer t\u00e6t p\u00e5 egenskaberne fra en normal sadel.\" \/>\n<meta property=\"og:url\" content=\"https:\/\/toelthester.dk\/de\/speichern\/gelpad-lk-2\/\" \/>\n<meta property=\"og:site_name\" content=\"Toelthester\" \/>\n<meta property=\"article:modified_time\" content=\"2025-11-20T14:07:10+00:00\" \/>\n<meta property=\"og:image\" content=\"https:\/\/toelthester.dk\/wp-content\/uploads\/2016\/10\/T\u00f8lthester-107-72-dpi.jpg\" \/>\n\t<meta property=\"og:image:width\" content=\"1440\" \/>\n\t<meta property=\"og:image:height\" content=\"960\" \/>\n\t<meta property=\"og:image:type\" content=\"image\/jpeg\" \/>\n<meta name=\"twitter:card\" content=\"summary_large_image\" \/>\n<meta name=\"twitter:label1\" content=\"Gesch\u00e4tzte Lesezeit\" \/>\n\t<meta name=\"twitter:data1\" content=\"1\u00a0Minute\" \/>\n<script type=\"application\/ld+json\" class=\"yoast-schema-graph\">{\"@context\":\"https:\\\/\\\/schema.org\",\"@graph\":[{\"@type\":\"WebPage\",\"@id\":\"https:\\\/\\\/toelthester.dk\\\/en\\\/store\\\/gelpad-lk-2\\\/\",\"url\":\"https:\\\/\\\/toelthester.dk\\\/en\\\/store\\\/gelpad-lk-2\\\/\",\"name\":\"T\u00f8lthester Boml\u00f8s med lange kn\u00e6puder, det giver dig optimal st\u00f8tte.\",\"isPartOf\":{\"@id\":\"https:\\\/\\\/toelthester.dk\\\/#website\"},\"primaryImageOfPage\":{\"@id\":\"https:\\\/\\\/toelthester.dk\\\/en\\\/store\\\/gelpad-lk-2\\\/#primaryimage\"},\"image\":{\"@id\":\"https:\\\/\\\/toelthester.dk\\\/en\\\/store\\\/gelpad-lk-2\\\/#primaryimage\"},\"thumbnailUrl\":\"https:\\\/\\\/toelthester.dk\\\/wp-content\\\/uploads\\\/2016\\\/10\\\/T\u00f8lthester-107-72-dpi.jpg\",\"datePublished\":\"2016-10-27T08:15:53+00:00\",\"dateModified\":\"2025-11-20T14:07:10+00:00\",\"description\":\"T\u00f8lthester boml\u00f8s sadel T\u00f3nn er monteret med et fast kophjern, det betyder at du kommer t\u00e6t p\u00e5 egenskaberne fra en normal sadel.\",\"breadcrumb\":{\"@id\":\"https:\\\/\\\/toelthester.dk\\\/en\\\/store\\\/gelpad-lk-2\\\/#breadcrumb\"},\"inLanguage\":\"de\",\"potentialAction\":[{\"@type\":\"ReadAction\",\"target\":[\"https:\\\/\\\/toelthester.dk\\\/en\\\/store\\\/gelpad-lk-2\\\/\"]}]},{\"@type\":\"ImageObject\",\"inLanguage\":\"de\",\"@id\":\"https:\\\/\\\/toelthester.dk\\\/en\\\/store\\\/gelpad-lk-2\\\/#primaryimage\",\"url\":\"https:\\\/\\\/toelthester.dk\\\/wp-content\\\/uploads\\\/2016\\\/10\\\/T\u00f8lthester-107-72-dpi.jpg\",\"contentUrl\":\"https:\\\/\\\/toelthester.dk\\\/wp-content\\\/uploads\\\/2016\\\/10\\\/T\u00f8lthester-107-72-dpi.jpg\",\"width\":1440,\"height\":960},{\"@type\":\"BreadcrumbList\",\"@id\":\"https:\\\/\\\/toelthester.dk\\\/en\\\/store\\\/gelpad-lk-2\\\/#breadcrumb\",\"itemListElement\":[{\"@type\":\"ListItem\",\"position\":1,\"name\":\"Hjem\",\"item\":\"https:\\\/\\\/toelthester.dk\\\/\"},{\"@type\":\"ListItem\",\"position\":2,\"name\":\"Shop\",\"item\":\"https:\\\/\\\/toelthester.dk\\\/shop\\\/\"},{\"@type\":\"ListItem\",\"position\":3,\"name\":\"Boml\u00f8s T\u00f3nn lange kn\u00e6puder\"}]},{\"@type\":\"WebSite\",\"@id\":\"https:\\\/\\\/toelthester.dk\\\/#website\",\"url\":\"https:\\\/\\\/toelthester.dk\\\/\",\"name\":\"Toelthester\",\"description\":\"\",\"potentialAction\":[{\"@type\":\"SearchAction\",\"target\":{\"@type\":\"EntryPoint\",\"urlTemplate\":\"https:\\\/\\\/toelthester.dk\\\/?s={search_term_string}\"},\"query-input\":{\"@type\":\"PropertyValueSpecification\",\"valueRequired\":true,\"valueName\":\"search_term_string\"}}],\"inLanguage\":\"de\"}]}<\/script>\n<!-- \/ Yoast SEO plugin. -->","yoast_head_json":{"title":"Ausgestattet mit Boomless und langen Kniepolstern bietet es Ihnen optimalen Halt.","description":"Der T\u00f8lthester-Sattel ohne Ausleger T\u00f3nn ist mit einem festen Tellereisen ausgestattet, wodurch Sie den Eigenschaften eines normalen Sattels nahe kommen.","robots":{"index":"index","follow":"follow","max-snippet":"max-snippet:-1","max-image-preview":"max-image-preview:large","max-video-preview":"max-video-preview:-1"},"canonical":"https:\/\/toelthester.dk\/de\/speichern\/gelpad-lk-2\/","og_locale":"de_DE","og_type":"article","og_title":"T\u00f8lthester Boml\u00f8s med lange kn\u00e6puder, det giver dig optimal st\u00f8tte.","og_description":"T\u00f8lthester boml\u00f8s sadel T\u00f3nn er monteret med et fast kophjern, det betyder at du kommer t\u00e6t p\u00e5 egenskaberne fra en normal sadel.","og_url":"https:\/\/toelthester.dk\/de\/speichern\/gelpad-lk-2\/","og_site_name":"Toelthester","article_modified_time":"2025-11-20T14:07:10+00:00","og_image":[{"width":1440,"height":960,"url":"https:\/\/toelthester.dk\/wp-content\/uploads\/2016\/10\/T\u00f8lthester-107-72-dpi.jpg","type":"image\/jpeg"}],"twitter_card":"summary_large_image","twitter_misc":{"Gesch\u00e4tzte Lesezeit":"1\u00a0Minute"},"schema":{"@context":"https:\/\/schema.org","@graph":[{"@type":"WebPage","@id":"https:\/\/toelthester.dk\/en\/store\/gelpad-lk-2\/","url":"https:\/\/toelthester.dk\/en\/store\/gelpad-lk-2\/","name":"Ausgestattet mit Boomless und langen Kniepolstern bietet es Ihnen optimalen Halt.","isPartOf":{"@id":"https:\/\/toelthester.dk\/#website"},"primaryImageOfPage":{"@id":"https:\/\/toelthester.dk\/en\/store\/gelpad-lk-2\/#primaryimage"},"image":{"@id":"https:\/\/toelthester.dk\/en\/store\/gelpad-lk-2\/#primaryimage"},"thumbnailUrl":"https:\/\/toelthester.dk\/wp-content\/uploads\/2016\/10\/T\u00f8lthester-107-72-dpi.jpg","datePublished":"2016-10-27T08:15:53+00:00","dateModified":"2025-11-20T14:07:10+00:00","description":"Der T\u00f8lthester-Sattel ohne Ausleger T\u00f3nn ist mit einem festen Tellereisen ausgestattet, wodurch Sie den Eigenschaften eines normalen Sattels nahe kommen.","breadcrumb":{"@id":"https:\/\/toelthester.dk\/en\/store\/gelpad-lk-2\/#breadcrumb"},"inLanguage":"de","potentialAction":[{"@type":"ReadAction","target":["https:\/\/toelthester.dk\/en\/store\/gelpad-lk-2\/"]}]},{"@type":"ImageObject","inLanguage":"de","@id":"https:\/\/toelthester.dk\/en\/store\/gelpad-lk-2\/#primaryimage","url":"https:\/\/toelthester.dk\/wp-content\/uploads\/2016\/10\/T\u00f8lthester-107-72-dpi.jpg","contentUrl":"https:\/\/toelthester.dk\/wp-content\/uploads\/2016\/10\/T\u00f8lthester-107-72-dpi.jpg","width":1440,"height":960},{"@type":"BreadcrumbList","@id":"https:\/\/toelthester.dk\/en\/store\/gelpad-lk-2\/#breadcrumb","itemListElement":[{"@type":"ListItem","position":1,"name":"Hjem","item":"https:\/\/toelthester.dk\/"},{"@type":"ListItem","position":2,"name":"Shop","item":"https:\/\/toelthester.dk\/shop\/"},{"@type":"ListItem","position":3,"name":"Boml\u00f8s T\u00f3nn lange kn\u00e6puder"}]},{"@type":"WebSite","@id":"https:\/\/toelthester.dk\/#website","url":"https:\/\/toelthester.dk\/","name":"Toilettenpferde","description":"","potentialAction":[{"@type":"SearchAction","target":{"@type":"EntryPoint","urlTemplate":"https:\/\/toelthester.dk\/?s={search_term_string}"},"query-input":{"@type":"PropertyValueSpecification","valueRequired":true,"valueName":"search_term_string"}}],"inLanguage":"de"}]}},"_links":{"self":[{"href":"https:\/\/toelthester.dk\/de\/wp-json\/wp\/v2\/product\/771","targetHints":{"allow":["GET"]}}],"collection":[{"href":"https:\/\/toelthester.dk\/de\/wp-json\/wp\/v2\/product"}],"about":[{"href":"https:\/\/toelthester.dk\/de\/wp-json\/wp\/v2\/types\/product"}],"wp:featuredmedia":[{"embeddable":true,"href":"https:\/\/toelthester.dk\/de\/wp-json\/wp\/v2\/media\/7706"}],"wp:attachment":[{"href":"https:\/\/toelthester.dk\/de\/wp-json\/wp\/v2\/media?parent=771"}],"wp:term":[{"taxonomy":"product_brand","embeddable":true,"href":"https:\/\/toelthester.dk\/de\/wp-json\/wp\/v2\/product_brand?post=771"},{"taxonomy":"product_cat","embeddable":true,"href":"https:\/\/toelthester.dk\/de\/wp-json\/wp\/v2\/product_cat?post=771"},{"taxonomy":"product_tag","embeddable":true,"href":"https:\/\/toelthester.dk\/de\/wp-json\/wp\/v2\/product_tag?post=771"}],"curies":[{"name":"wp","href":"https:\/\/api.w.org\/{rel}","templated":true}]}}