{"id":7596,"date":"2019-10-16T14:09:08","date_gmt":"2019-10-16T12:09:08","guid":{"rendered":"https:\/\/toelthester.dk\/?post_type=product&#038;p=7596"},"modified":"2026-04-13T13:12:07","modified_gmt":"2026-04-13T11:12:07","slug":"handpferdegurt","status":"publish","type":"product","link":"https:\/\/toelthester.dk\/de\/butik\/haandhestegjord\/","title":{"rendered":"Handpferdegurt"},"content":{"rendered":"<p>Der G\u00fcrtel ist mit starken N\u00e4hten und Schnallen gefertigt.<\/p>\n<p>Sogar der Ring, an dem das junge Pferd gehalten wird, ist mit zus\u00e4tzlichem Leder und Nieten verst\u00e4rkt.<\/p>\n<p>Max. Die L\u00e4nge betr\u00e4gt 175 cm<\/p>\n<p>Mine. Die L\u00e4nge betr\u00e4gt 150 cm<\/p>\n<p>&nbsp;<\/p>","protected":false},"excerpt":{"rendered":"<p><strong>Handpferdegurt<\/strong><\/p>\n<p>Ein Handpferdegeschirr gibt Ihnen die M\u00f6glichkeit, mehr als ein Handpferd auf eine Reise mitzunehmen.<\/p>\n<p>Sie ziehen den Gurt an Handpferd Nummer eins fest, um Nummer zwei bei sich zu haben.<\/p>\n<p>Max. Die L\u00e4nge betr\u00e4gt 175 cm<br \/>\nMine. Die L\u00e4nge betr\u00e4gt 150 cm<\/p>","protected":false},"featured_media":7915,"template":"","meta":{"inline_featured_image":false},"product_brand":[],"product_cat":[13],"product_tag":[],"class_list":{"0":"post-7596","1":"product","2":"type-product","3":"status-publish","4":"has-post-thumbnail","6":"product_cat-tilbehoer-sadler","8":"first","9":"instock","10":"featured","11":"taxable","12":"shipping-taxable","13":"purchasable","14":"product-type-simple"},"yoast_head":"<!-- This site is optimized with the Yoast SEO plugin v27.4 - https:\/\/yoast.com\/product\/yoast-seo-wordpress\/ -->\n<title>H\u00e5ndhestegjord til tr\u00e6ning af ungheste, her gjorden som kan hj\u00e6lpe dig.<\/title>\n<meta name=\"description\" content=\"H\u00e5ndhestegjord n\u00e5r du gerne have unghesten med i skoven er her muligheden, sp\u00e6nd den p\u00e5 og s\u00e5 er i p\u00e5 vej ud i skoven eller p\u00e5 banen.\" \/>\n<meta name=\"robots\" content=\"index, follow, max-snippet:-1, max-image-preview:large, max-video-preview:-1\" \/>\n<link rel=\"canonical\" href=\"https:\/\/toelthester.dk\/de\/speichern\/handpferdegurt\/\" \/>\n<meta property=\"og:locale\" content=\"de_DE\" \/>\n<meta property=\"og:type\" content=\"article\" \/>\n<meta property=\"og:title\" content=\"H\u00e5ndhestegjord til tr\u00e6ning af ungheste, her gjorden som kan hj\u00e6lpe dig.\" \/>\n<meta property=\"og:description\" content=\"H\u00e5ndhestegjord n\u00e5r du gerne have unghesten med i skoven er her muligheden, sp\u00e6nd den p\u00e5 og s\u00e5 er i p\u00e5 vej ud i skoven eller p\u00e5 banen.\" \/>\n<meta property=\"og:url\" content=\"https:\/\/toelthester.dk\/de\/speichern\/handpferdegurt\/\" \/>\n<meta property=\"og:site_name\" content=\"Toelthester\" \/>\n<meta property=\"article:modified_time\" content=\"2026-04-13T11:12:07+00:00\" \/>\n<meta property=\"og:image\" content=\"https:\/\/toelthester.dk\/wp-content\/uploads\/2019\/10\/T\u00f8lthester-334-72-dpi.jpg\" \/>\n\t<meta property=\"og:image:width\" content=\"1373\" \/>\n\t<meta property=\"og:image:height\" content=\"947\" \/>\n\t<meta property=\"og:image:type\" content=\"image\/jpeg\" \/>\n<meta name=\"twitter:card\" content=\"summary_large_image\" \/>\n<meta name=\"twitter:label1\" content=\"Gesch\u00e4tzte Lesezeit\" \/>\n\t<meta name=\"twitter:data1\" content=\"1\u00a0Minute\" \/>\n<script type=\"application\/ld+json\" class=\"yoast-schema-graph\">{\"@context\":\"https:\\\/\\\/schema.org\",\"@graph\":[{\"@type\":\"WebPage\",\"@id\":\"https:\\\/\\\/toelthester.dk\\\/nl\\\/winkel\\\/hand-paardensingel\\\/\",\"url\":\"https:\\\/\\\/toelthester.dk\\\/nl\\\/winkel\\\/hand-paardensingel\\\/\",\"name\":\"H\u00e5ndhestegjord til tr\u00e6ning af ungheste, her gjorden som kan hj\u00e6lpe dig.\",\"isPartOf\":{\"@id\":\"https:\\\/\\\/toelthester.dk\\\/#website\"},\"primaryImageOfPage\":{\"@id\":\"https:\\\/\\\/toelthester.dk\\\/nl\\\/winkel\\\/hand-paardensingel\\\/#primaryimage\"},\"image\":{\"@id\":\"https:\\\/\\\/toelthester.dk\\\/nl\\\/winkel\\\/hand-paardensingel\\\/#primaryimage\"},\"thumbnailUrl\":\"https:\\\/\\\/toelthester.dk\\\/wp-content\\\/uploads\\\/2019\\\/10\\\/T\u00f8lthester-334-72-dpi.jpg\",\"datePublished\":\"2019-10-16T12:09:08+00:00\",\"dateModified\":\"2026-04-13T11:12:07+00:00\",\"description\":\"H\u00e5ndhestegjord n\u00e5r du gerne have unghesten med i skoven er her muligheden, sp\u00e6nd den p\u00e5 og s\u00e5 er i p\u00e5 vej ud i skoven eller p\u00e5 banen.\",\"breadcrumb\":{\"@id\":\"https:\\\/\\\/toelthester.dk\\\/nl\\\/winkel\\\/hand-paardensingel\\\/#breadcrumb\"},\"inLanguage\":\"de\",\"potentialAction\":[{\"@type\":\"ReadAction\",\"target\":[\"https:\\\/\\\/toelthester.dk\\\/nl\\\/winkel\\\/hand-paardensingel\\\/\"]}]},{\"@type\":\"ImageObject\",\"inLanguage\":\"de\",\"@id\":\"https:\\\/\\\/toelthester.dk\\\/nl\\\/winkel\\\/hand-paardensingel\\\/#primaryimage\",\"url\":\"https:\\\/\\\/toelthester.dk\\\/wp-content\\\/uploads\\\/2019\\\/10\\\/T\u00f8lthester-334-72-dpi.jpg\",\"contentUrl\":\"https:\\\/\\\/toelthester.dk\\\/wp-content\\\/uploads\\\/2019\\\/10\\\/T\u00f8lthester-334-72-dpi.jpg\",\"width\":1373,\"height\":947},{\"@type\":\"BreadcrumbList\",\"@id\":\"https:\\\/\\\/toelthester.dk\\\/nl\\\/winkel\\\/hand-paardensingel\\\/#breadcrumb\",\"itemListElement\":[{\"@type\":\"ListItem\",\"position\":1,\"name\":\"Hjem\",\"item\":\"https:\\\/\\\/toelthester.dk\\\/\"},{\"@type\":\"ListItem\",\"position\":2,\"name\":\"Shop\",\"item\":\"https:\\\/\\\/toelthester.dk\\\/shop\\\/\"},{\"@type\":\"ListItem\",\"position\":3,\"name\":\"H\u00e5ndhestegjord\"}]},{\"@type\":\"WebSite\",\"@id\":\"https:\\\/\\\/toelthester.dk\\\/#website\",\"url\":\"https:\\\/\\\/toelthester.dk\\\/\",\"name\":\"Toelthester\",\"description\":\"\",\"potentialAction\":[{\"@type\":\"SearchAction\",\"target\":{\"@type\":\"EntryPoint\",\"urlTemplate\":\"https:\\\/\\\/toelthester.dk\\\/?s={search_term_string}\"},\"query-input\":{\"@type\":\"PropertyValueSpecification\",\"valueRequired\":true,\"valueName\":\"search_term_string\"}}],\"inLanguage\":\"de\"}]}<\/script>\n<!-- \/ Yoast SEO plugin. -->","yoast_head_json":{"title":"Handpferdegurt f\u00fcr die Ausbildung junger Pferde, hier ist der Gurt, der Ihnen helfen kann.","description":"Handpferdegurt Wenn Sie das junge Pferd mit in den Wald nehmen m\u00f6chten, ist das die Option, befestigen Sie es und schon sind Sie auf dem Weg raus in den Wald oder auf die Rennbahn.","robots":{"index":"index","follow":"follow","max-snippet":"max-snippet:-1","max-image-preview":"max-image-preview:large","max-video-preview":"max-video-preview:-1"},"canonical":"https:\/\/toelthester.dk\/de\/speichern\/handpferdegurt\/","og_locale":"de_DE","og_type":"article","og_title":"H\u00e5ndhestegjord til tr\u00e6ning af ungheste, her gjorden som kan hj\u00e6lpe dig.","og_description":"H\u00e5ndhestegjord n\u00e5r du gerne have unghesten med i skoven er her muligheden, sp\u00e6nd den p\u00e5 og s\u00e5 er i p\u00e5 vej ud i skoven eller p\u00e5 banen.","og_url":"https:\/\/toelthester.dk\/de\/speichern\/handpferdegurt\/","og_site_name":"Toelthester","article_modified_time":"2026-04-13T11:12:07+00:00","og_image":[{"width":1373,"height":947,"url":"https:\/\/toelthester.dk\/wp-content\/uploads\/2019\/10\/T\u00f8lthester-334-72-dpi.jpg","type":"image\/jpeg"}],"twitter_card":"summary_large_image","twitter_misc":{"Gesch\u00e4tzte Lesezeit":"1\u00a0Minute"},"schema":{"@context":"https:\/\/schema.org","@graph":[{"@type":"WebPage","@id":"https:\/\/toelthester.dk\/nl\/winkel\/hand-paardensingel\/","url":"https:\/\/toelthester.dk\/nl\/winkel\/hand-paardensingel\/","name":"Handpferdegurt f\u00fcr die Ausbildung junger Pferde, hier ist der Gurt, der Ihnen helfen kann.","isPartOf":{"@id":"https:\/\/toelthester.dk\/#website"},"primaryImageOfPage":{"@id":"https:\/\/toelthester.dk\/nl\/winkel\/hand-paardensingel\/#primaryimage"},"image":{"@id":"https:\/\/toelthester.dk\/nl\/winkel\/hand-paardensingel\/#primaryimage"},"thumbnailUrl":"https:\/\/toelthester.dk\/wp-content\/uploads\/2019\/10\/T\u00f8lthester-334-72-dpi.jpg","datePublished":"2019-10-16T12:09:08+00:00","dateModified":"2026-04-13T11:12:07+00:00","description":"Handpferdegurt Wenn Sie das junge Pferd mit in den Wald nehmen m\u00f6chten, ist das die Option, befestigen Sie es und schon sind Sie auf dem Weg raus in den Wald oder auf die Rennbahn.","breadcrumb":{"@id":"https:\/\/toelthester.dk\/nl\/winkel\/hand-paardensingel\/#breadcrumb"},"inLanguage":"de","potentialAction":[{"@type":"ReadAction","target":["https:\/\/toelthester.dk\/nl\/winkel\/hand-paardensingel\/"]}]},{"@type":"ImageObject","inLanguage":"de","@id":"https:\/\/toelthester.dk\/nl\/winkel\/hand-paardensingel\/#primaryimage","url":"https:\/\/toelthester.dk\/wp-content\/uploads\/2019\/10\/T\u00f8lthester-334-72-dpi.jpg","contentUrl":"https:\/\/toelthester.dk\/wp-content\/uploads\/2019\/10\/T\u00f8lthester-334-72-dpi.jpg","width":1373,"height":947},{"@type":"BreadcrumbList","@id":"https:\/\/toelthester.dk\/nl\/winkel\/hand-paardensingel\/#breadcrumb","itemListElement":[{"@type":"ListItem","position":1,"name":"Hjem","item":"https:\/\/toelthester.dk\/"},{"@type":"ListItem","position":2,"name":"Shop","item":"https:\/\/toelthester.dk\/shop\/"},{"@type":"ListItem","position":3,"name":"H\u00e5ndhestegjord"}]},{"@type":"WebSite","@id":"https:\/\/toelthester.dk\/#website","url":"https:\/\/toelthester.dk\/","name":"Toilettenpferde","description":"","potentialAction":[{"@type":"SearchAction","target":{"@type":"EntryPoint","urlTemplate":"https:\/\/toelthester.dk\/?s={search_term_string}"},"query-input":{"@type":"PropertyValueSpecification","valueRequired":true,"valueName":"search_term_string"}}],"inLanguage":"de"}]}},"_links":{"self":[{"href":"https:\/\/toelthester.dk\/de\/wp-json\/wp\/v2\/product\/7596","targetHints":{"allow":["GET"]}}],"collection":[{"href":"https:\/\/toelthester.dk\/de\/wp-json\/wp\/v2\/product"}],"about":[{"href":"https:\/\/toelthester.dk\/de\/wp-json\/wp\/v2\/types\/product"}],"wp:featuredmedia":[{"embeddable":true,"href":"https:\/\/toelthester.dk\/de\/wp-json\/wp\/v2\/media\/7915"}],"wp:attachment":[{"href":"https:\/\/toelthester.dk\/de\/wp-json\/wp\/v2\/media?parent=7596"}],"wp:term":[{"taxonomy":"product_brand","embeddable":true,"href":"https:\/\/toelthester.dk\/de\/wp-json\/wp\/v2\/product_brand?post=7596"},{"taxonomy":"product_cat","embeddable":true,"href":"https:\/\/toelthester.dk\/de\/wp-json\/wp\/v2\/product_cat?post=7596"},{"taxonomy":"product_tag","embeddable":true,"href":"https:\/\/toelthester.dk\/de\/wp-json\/wp\/v2\/product_tag?post=7596"}],"curies":[{"name":"wp","href":"https:\/\/api.w.org\/{rel}","templated":true}]}}