{"id":7584,"date":"2019-10-16T12:21:40","date_gmt":"2019-10-16T10:21:40","guid":{"rendered":"https:\/\/toelthester.dk\/?post_type=product&#038;p=7584"},"modified":"2025-09-19T23:27:23","modified_gmt":"2025-09-19T21:27:23","slug":"gurtelverlangerung","status":"publish","type":"product","link":"https:\/\/toelthester.dk\/de\/butik\/gjordforlaenger\/","title":{"rendered":"G\u00fcrtelverl\u00e4ngerung"},"content":{"rendered":"<p>G\u00fcrtelverl\u00e4ngerer, der Ihren G\u00fcrtel um bis zu 30 cm verl\u00e4ngert.<\/p>\n<p>&nbsp;<\/p>","protected":false},"excerpt":{"rendered":"<p>G\u00fcrtelverl\u00e4ngerung<\/p>\n<p>Wenn Sie einen zu kurzen Gurt haben, den Sie aber gerne verwenden w\u00fcrden, kann es daran liegen, dass Ihre Gurtgurte zu kurz sind.<\/p>\n<p>Die Option besteht dann darin, diesen Extender zu verwenden.<\/p>\n<p>Es reicht bis zu 30 cm<\/p>\n<p>&nbsp;<\/p>","protected":false},"featured_media":7927,"template":"","meta":{"inline_featured_image":false},"product_brand":[],"product_cat":[13],"product_tag":[],"class_list":{"0":"post-7584","1":"product","2":"type-product","3":"status-publish","4":"has-post-thumbnail","6":"product_cat-tilbehoer-sadler","8":"first","9":"instock","10":"featured","11":"taxable","12":"shipping-taxable","13":"purchasable","14":"product-type-simple"},"yoast_head":"<!-- This site is optimized with the Yoast SEO plugin v27.4 - https:\/\/yoast.com\/product\/yoast-seo-wordpress\/ -->\n<title>Er din gjord for kort, s\u00e5 kunne denne gjordforl\u00e6nger v\u00e6re l\u00f8sningen.<\/title>\n<meta name=\"description\" content=\"Har du en gjord der er for kort, men som du gerne vil bruge, kan det skyldes at dine gjordstropper er for korte. Den forl\u00e6nger op til 30cm\" \/>\n<meta name=\"robots\" content=\"index, follow, max-snippet:-1, max-image-preview:large, max-video-preview:-1\" \/>\n<link rel=\"canonical\" href=\"https:\/\/toelthester.dk\/de\/speichern\/gurtelverlangerung\/\" \/>\n<meta property=\"og:locale\" content=\"de_DE\" \/>\n<meta property=\"og:type\" content=\"article\" \/>\n<meta property=\"og:title\" content=\"Er din gjord for kort, s\u00e5 kunne denne gjordforl\u00e6nger v\u00e6re l\u00f8sningen.\" \/>\n<meta property=\"og:description\" content=\"Har du en gjord der er for kort, men som du gerne vil bruge, kan det skyldes at dine gjordstropper er for korte. Den forl\u00e6nger op til 30cm\" \/>\n<meta property=\"og:url\" content=\"https:\/\/toelthester.dk\/de\/speichern\/gurtelverlangerung\/\" \/>\n<meta property=\"og:site_name\" content=\"Toelthester\" \/>\n<meta property=\"article:modified_time\" content=\"2025-09-19T21:27:23+00:00\" \/>\n<meta property=\"og:image\" content=\"https:\/\/toelthester.dk\/wp-content\/uploads\/2019\/10\/T\u00f8lthester-340-72-dpi.jpg\" \/>\n\t<meta property=\"og:image:width\" content=\"960\" \/>\n\t<meta property=\"og:image:height\" content=\"1440\" \/>\n\t<meta property=\"og:image:type\" content=\"image\/jpeg\" \/>\n<meta name=\"twitter:card\" content=\"summary_large_image\" \/>\n<script type=\"application\/ld+json\" class=\"yoast-schema-graph\">{\"@context\":\"https:\\\/\\\/schema.org\",\"@graph\":[{\"@type\":\"WebPage\",\"@id\":\"https:\\\/\\\/toelthester.dk\\\/nl\\\/winkel\\\/riem-verlenger\\\/\",\"url\":\"https:\\\/\\\/toelthester.dk\\\/nl\\\/winkel\\\/riem-verlenger\\\/\",\"name\":\"Er din gjord for kort, s\u00e5 kunne denne gjordforl\u00e6nger v\u00e6re l\u00f8sningen.\",\"isPartOf\":{\"@id\":\"https:\\\/\\\/toelthester.dk\\\/#website\"},\"primaryImageOfPage\":{\"@id\":\"https:\\\/\\\/toelthester.dk\\\/nl\\\/winkel\\\/riem-verlenger\\\/#primaryimage\"},\"image\":{\"@id\":\"https:\\\/\\\/toelthester.dk\\\/nl\\\/winkel\\\/riem-verlenger\\\/#primaryimage\"},\"thumbnailUrl\":\"https:\\\/\\\/toelthester.dk\\\/wp-content\\\/uploads\\\/2019\\\/10\\\/T\u00f8lthester-340-72-dpi.jpg\",\"datePublished\":\"2019-10-16T10:21:40+00:00\",\"dateModified\":\"2025-09-19T21:27:23+00:00\",\"description\":\"Har du en gjord der er for kort, men som du gerne vil bruge, kan det skyldes at dine gjordstropper er for korte. Den forl\u00e6nger op til 30cm\",\"breadcrumb\":{\"@id\":\"https:\\\/\\\/toelthester.dk\\\/nl\\\/winkel\\\/riem-verlenger\\\/#breadcrumb\"},\"inLanguage\":\"de\",\"potentialAction\":[{\"@type\":\"ReadAction\",\"target\":[\"https:\\\/\\\/toelthester.dk\\\/nl\\\/winkel\\\/riem-verlenger\\\/\"]}]},{\"@type\":\"ImageObject\",\"inLanguage\":\"de\",\"@id\":\"https:\\\/\\\/toelthester.dk\\\/nl\\\/winkel\\\/riem-verlenger\\\/#primaryimage\",\"url\":\"https:\\\/\\\/toelthester.dk\\\/wp-content\\\/uploads\\\/2019\\\/10\\\/T\u00f8lthester-340-72-dpi.jpg\",\"contentUrl\":\"https:\\\/\\\/toelthester.dk\\\/wp-content\\\/uploads\\\/2019\\\/10\\\/T\u00f8lthester-340-72-dpi.jpg\",\"width\":960,\"height\":1440},{\"@type\":\"BreadcrumbList\",\"@id\":\"https:\\\/\\\/toelthester.dk\\\/nl\\\/winkel\\\/riem-verlenger\\\/#breadcrumb\",\"itemListElement\":[{\"@type\":\"ListItem\",\"position\":1,\"name\":\"Hjem\",\"item\":\"https:\\\/\\\/toelthester.dk\\\/\"},{\"@type\":\"ListItem\",\"position\":2,\"name\":\"Shop\",\"item\":\"https:\\\/\\\/toelthester.dk\\\/shop\\\/\"},{\"@type\":\"ListItem\",\"position\":3,\"name\":\"Gjordforl\u00e6nger\"}]},{\"@type\":\"WebSite\",\"@id\":\"https:\\\/\\\/toelthester.dk\\\/#website\",\"url\":\"https:\\\/\\\/toelthester.dk\\\/\",\"name\":\"Toelthester\",\"description\":\"\",\"potentialAction\":[{\"@type\":\"SearchAction\",\"target\":{\"@type\":\"EntryPoint\",\"urlTemplate\":\"https:\\\/\\\/toelthester.dk\\\/?s={search_term_string}\"},\"query-input\":{\"@type\":\"PropertyValueSpecification\",\"valueRequired\":true,\"valueName\":\"search_term_string\"}}],\"inLanguage\":\"de\"}]}<\/script>\n<!-- \/ Yoast SEO plugin. -->","yoast_head_json":{"title":"Wenn Ihr G\u00fcrtel zu kurz ist, k\u00f6nnte dieser G\u00fcrtelverl\u00e4ngerer die L\u00f6sung sein.","description":"Wenn Sie einen zu kurzen Gurt haben, den Sie aber gerne verwenden w\u00fcrden, kann es daran liegen, dass Ihre Gurtgurte zu kurz sind. Es reicht bis zu 30 cm","robots":{"index":"index","follow":"follow","max-snippet":"max-snippet:-1","max-image-preview":"max-image-preview:large","max-video-preview":"max-video-preview:-1"},"canonical":"https:\/\/toelthester.dk\/de\/speichern\/gurtelverlangerung\/","og_locale":"de_DE","og_type":"article","og_title":"Er din gjord for kort, s\u00e5 kunne denne gjordforl\u00e6nger v\u00e6re l\u00f8sningen.","og_description":"Har du en gjord der er for kort, men som du gerne vil bruge, kan det skyldes at dine gjordstropper er for korte. Den forl\u00e6nger op til 30cm","og_url":"https:\/\/toelthester.dk\/de\/speichern\/gurtelverlangerung\/","og_site_name":"Toelthester","article_modified_time":"2025-09-19T21:27:23+00:00","og_image":[{"width":960,"height":1440,"url":"https:\/\/toelthester.dk\/wp-content\/uploads\/2019\/10\/T\u00f8lthester-340-72-dpi.jpg","type":"image\/jpeg"}],"twitter_card":"summary_large_image","schema":{"@context":"https:\/\/schema.org","@graph":[{"@type":"WebPage","@id":"https:\/\/toelthester.dk\/nl\/winkel\/riem-verlenger\/","url":"https:\/\/toelthester.dk\/nl\/winkel\/riem-verlenger\/","name":"Wenn Ihr G\u00fcrtel zu kurz ist, k\u00f6nnte dieser G\u00fcrtelverl\u00e4ngerer die L\u00f6sung sein.","isPartOf":{"@id":"https:\/\/toelthester.dk\/#website"},"primaryImageOfPage":{"@id":"https:\/\/toelthester.dk\/nl\/winkel\/riem-verlenger\/#primaryimage"},"image":{"@id":"https:\/\/toelthester.dk\/nl\/winkel\/riem-verlenger\/#primaryimage"},"thumbnailUrl":"https:\/\/toelthester.dk\/wp-content\/uploads\/2019\/10\/T\u00f8lthester-340-72-dpi.jpg","datePublished":"2019-10-16T10:21:40+00:00","dateModified":"2025-09-19T21:27:23+00:00","description":"Wenn Sie einen zu kurzen Gurt haben, den Sie aber gerne verwenden w\u00fcrden, kann es daran liegen, dass Ihre Gurtgurte zu kurz sind. Es reicht bis zu 30 cm","breadcrumb":{"@id":"https:\/\/toelthester.dk\/nl\/winkel\/riem-verlenger\/#breadcrumb"},"inLanguage":"de","potentialAction":[{"@type":"ReadAction","target":["https:\/\/toelthester.dk\/nl\/winkel\/riem-verlenger\/"]}]},{"@type":"ImageObject","inLanguage":"de","@id":"https:\/\/toelthester.dk\/nl\/winkel\/riem-verlenger\/#primaryimage","url":"https:\/\/toelthester.dk\/wp-content\/uploads\/2019\/10\/T\u00f8lthester-340-72-dpi.jpg","contentUrl":"https:\/\/toelthester.dk\/wp-content\/uploads\/2019\/10\/T\u00f8lthester-340-72-dpi.jpg","width":960,"height":1440},{"@type":"BreadcrumbList","@id":"https:\/\/toelthester.dk\/nl\/winkel\/riem-verlenger\/#breadcrumb","itemListElement":[{"@type":"ListItem","position":1,"name":"Hjem","item":"https:\/\/toelthester.dk\/"},{"@type":"ListItem","position":2,"name":"Shop","item":"https:\/\/toelthester.dk\/shop\/"},{"@type":"ListItem","position":3,"name":"Gjordforl\u00e6nger"}]},{"@type":"WebSite","@id":"https:\/\/toelthester.dk\/#website","url":"https:\/\/toelthester.dk\/","name":"Toilettenpferde","description":"","potentialAction":[{"@type":"SearchAction","target":{"@type":"EntryPoint","urlTemplate":"https:\/\/toelthester.dk\/?s={search_term_string}"},"query-input":{"@type":"PropertyValueSpecification","valueRequired":true,"valueName":"search_term_string"}}],"inLanguage":"de"}]}},"_links":{"self":[{"href":"https:\/\/toelthester.dk\/de\/wp-json\/wp\/v2\/product\/7584","targetHints":{"allow":["GET"]}}],"collection":[{"href":"https:\/\/toelthester.dk\/de\/wp-json\/wp\/v2\/product"}],"about":[{"href":"https:\/\/toelthester.dk\/de\/wp-json\/wp\/v2\/types\/product"}],"wp:featuredmedia":[{"embeddable":true,"href":"https:\/\/toelthester.dk\/de\/wp-json\/wp\/v2\/media\/7927"}],"wp:attachment":[{"href":"https:\/\/toelthester.dk\/de\/wp-json\/wp\/v2\/media?parent=7584"}],"wp:term":[{"taxonomy":"product_brand","embeddable":true,"href":"https:\/\/toelthester.dk\/de\/wp-json\/wp\/v2\/product_brand?post=7584"},{"taxonomy":"product_cat","embeddable":true,"href":"https:\/\/toelthester.dk\/de\/wp-json\/wp\/v2\/product_cat?post=7584"},{"taxonomy":"product_tag","embeddable":true,"href":"https:\/\/toelthester.dk\/de\/wp-json\/wp\/v2\/product_tag?post=7584"}],"curies":[{"name":"wp","href":"https:\/\/api.w.org\/{rel}","templated":true}]}}