{"id":7569,"date":"2019-10-16T11:31:20","date_gmt":"2019-10-16T09:31:20","guid":{"rendered":"https:\/\/toelthester.dk\/?post_type=product&#038;p=7569"},"modified":"2025-04-11T13:51:02","modified_gmt":"2025-04-11T11:51:02","slug":"sattelgurt-2","status":"publish","type":"product","link":"https:\/\/toelthester.dk\/de\/butik\/sadelrem\/","title":{"rendered":"Maria-Hilf Riemen"},"content":{"rendered":"<p>Der Sattelgurt besteht aus rundgen\u00e4htem Leder mit zwei Karabinerhaken an den Enden.<\/p>\n<p>Die L\u00e4nge betr\u00e4gt 31cm<\/p>\n<p>&nbsp;<\/p>","protected":false},"excerpt":{"rendered":"<p>Liebes Kind, viele Namen, halte fest, Tante, die Helferin oder andere.<\/p>\n<p>Der Sattelgurt ist ein Helfer f\u00fcr den Reiter, egal ob Kind\/Anf\u00e4nger oder Profi. und reitet junge Pferde.<\/p>\n<p>Dann hilft es Ihnen, im Sattel zu bleiben.<\/p>\n<p>Der Sattelgurt besteht aus rundgen\u00e4htem Leder mit zwei Karabinern an den Enden.<\/p>\n<p>Die L\u00e4nge betr\u00e4gt 31cm<\/p>\n<p>&nbsp;<\/p>","protected":false},"featured_media":7933,"template":"","meta":{"inline_featured_image":false},"product_brand":[],"product_cat":[13],"product_tag":[],"class_list":{"0":"post-7569","1":"product","2":"type-product","3":"status-publish","4":"has-post-thumbnail","6":"product_cat-tilbehoer-sadler","8":"first","9":"instock","10":"featured","11":"taxable","12":"shipping-taxable","13":"purchasable","14":"product-type-simple"},"yoast_head":"<!-- This site is optimized with the Yoast SEO plugin v27.4 - https:\/\/yoast.com\/product\/yoast-seo-wordpress\/ -->\n<title>Sadelrem til dig der gerne vil blive i sadlen, kaldes ogs\u00e5 tante hj\u00e6lperen.<\/title>\n<meta name=\"description\" content=\"Sadelrem mange navne, holdfast, tante hj\u00e6lperen eller andet. Sadelremmen er en hj\u00e6lper til rytteren til at blive i sadlen.\" \/>\n<meta name=\"robots\" content=\"index, follow, max-snippet:-1, max-image-preview:large, max-video-preview:-1\" \/>\n<link rel=\"canonical\" href=\"https:\/\/toelthester.dk\/de\/speichern\/sattelgurt-2\/\" \/>\n<meta property=\"og:locale\" content=\"de_DE\" \/>\n<meta property=\"og:type\" content=\"article\" \/>\n<meta property=\"og:title\" content=\"Sadelrem til dig der gerne vil blive i sadlen, kaldes ogs\u00e5 tante hj\u00e6lperen.\" \/>\n<meta property=\"og:description\" content=\"Sadelrem mange navne, holdfast, tante hj\u00e6lperen eller andet. Sadelremmen er en hj\u00e6lper til rytteren til at blive i sadlen.\" \/>\n<meta property=\"og:url\" content=\"https:\/\/toelthester.dk\/de\/speichern\/sattelgurt-2\/\" \/>\n<meta property=\"og:site_name\" content=\"Toelthester\" \/>\n<meta property=\"article:modified_time\" content=\"2025-04-11T11:51:02+00:00\" \/>\n<meta property=\"og:image\" content=\"https:\/\/toelthester.dk\/wp-content\/uploads\/2019\/10\/T\u00f8lthester-342-72-dpi.jpg\" \/>\n\t<meta property=\"og:image:width\" content=\"921\" \/>\n\t<meta property=\"og:image:height\" content=\"619\" \/>\n\t<meta property=\"og:image:type\" content=\"image\/jpeg\" \/>\n<meta name=\"twitter:card\" content=\"summary_large_image\" \/>\n<meta name=\"twitter:label1\" content=\"Gesch\u00e4tzte Lesezeit\" \/>\n\t<meta name=\"twitter:data1\" content=\"1\u00a0Minute\" \/>\n<script type=\"application\/ld+json\" class=\"yoast-schema-graph\">{\"@context\":\"https:\\\/\\\/schema.org\",\"@graph\":[{\"@type\":\"WebPage\",\"@id\":\"https:\\\/\\\/toelthester.dk\\\/butik\\\/sadelrem\\\/\",\"url\":\"https:\\\/\\\/toelthester.dk\\\/butik\\\/sadelrem\\\/\",\"name\":\"Sadelrem til dig der gerne vil blive i sadlen, kaldes ogs\u00e5 tante hj\u00e6lperen.\",\"isPartOf\":{\"@id\":\"https:\\\/\\\/toelthester.dk\\\/#website\"},\"primaryImageOfPage\":{\"@id\":\"https:\\\/\\\/toelthester.dk\\\/butik\\\/sadelrem\\\/#primaryimage\"},\"image\":{\"@id\":\"https:\\\/\\\/toelthester.dk\\\/butik\\\/sadelrem\\\/#primaryimage\"},\"thumbnailUrl\":\"https:\\\/\\\/toelthester.dk\\\/wp-content\\\/uploads\\\/2019\\\/10\\\/T\u00f8lthester-342-72-dpi.jpg\",\"datePublished\":\"2019-10-16T09:31:20+00:00\",\"dateModified\":\"2025-04-11T11:51:02+00:00\",\"description\":\"Sadelrem mange navne, holdfast, tante hj\u00e6lperen eller andet. Sadelremmen er en hj\u00e6lper til rytteren til at blive i sadlen.\",\"breadcrumb\":{\"@id\":\"https:\\\/\\\/toelthester.dk\\\/butik\\\/sadelrem\\\/#breadcrumb\"},\"inLanguage\":\"de\",\"potentialAction\":[{\"@type\":\"ReadAction\",\"target\":[\"https:\\\/\\\/toelthester.dk\\\/butik\\\/sadelrem\\\/\"]}]},{\"@type\":\"ImageObject\",\"inLanguage\":\"de\",\"@id\":\"https:\\\/\\\/toelthester.dk\\\/butik\\\/sadelrem\\\/#primaryimage\",\"url\":\"https:\\\/\\\/toelthester.dk\\\/wp-content\\\/uploads\\\/2019\\\/10\\\/T\u00f8lthester-342-72-dpi.jpg\",\"contentUrl\":\"https:\\\/\\\/toelthester.dk\\\/wp-content\\\/uploads\\\/2019\\\/10\\\/T\u00f8lthester-342-72-dpi.jpg\",\"width\":921,\"height\":619},{\"@type\":\"BreadcrumbList\",\"@id\":\"https:\\\/\\\/toelthester.dk\\\/butik\\\/sadelrem\\\/#breadcrumb\",\"itemListElement\":[{\"@type\":\"ListItem\",\"position\":1,\"name\":\"Hjem\",\"item\":\"https:\\\/\\\/toelthester.dk\\\/\"},{\"@type\":\"ListItem\",\"position\":2,\"name\":\"Shop\",\"item\":\"https:\\\/\\\/toelthester.dk\\\/shop\\\/\"},{\"@type\":\"ListItem\",\"position\":3,\"name\":\"Sadelrem\"}]},{\"@type\":\"WebSite\",\"@id\":\"https:\\\/\\\/toelthester.dk\\\/#website\",\"url\":\"https:\\\/\\\/toelthester.dk\\\/\",\"name\":\"Toelthester\",\"description\":\"\",\"potentialAction\":[{\"@type\":\"SearchAction\",\"target\":{\"@type\":\"EntryPoint\",\"urlTemplate\":\"https:\\\/\\\/toelthester.dk\\\/?s={search_term_string}\"},\"query-input\":{\"@type\":\"PropertyValueSpecification\",\"valueRequired\":true,\"valueName\":\"search_term_string\"}}],\"inLanguage\":\"de\"}]}<\/script>\n<!-- \/ Yoast SEO plugin. -->","yoast_head_json":{"title":"Sattelgurt f\u00fcr alle, die im Sattel bleiben wollen, auch Tantenhelfer genannt.","description":"Sattelgurt viele Namen, festhalten, Tante der Helfer oder sonstiges. Der Sattelgurt hilft dem Reiter, im Sattel zu bleiben.","robots":{"index":"index","follow":"follow","max-snippet":"max-snippet:-1","max-image-preview":"max-image-preview:large","max-video-preview":"max-video-preview:-1"},"canonical":"https:\/\/toelthester.dk\/de\/speichern\/sattelgurt-2\/","og_locale":"de_DE","og_type":"article","og_title":"Sadelrem til dig der gerne vil blive i sadlen, kaldes ogs\u00e5 tante hj\u00e6lperen.","og_description":"Sadelrem mange navne, holdfast, tante hj\u00e6lperen eller andet. Sadelremmen er en hj\u00e6lper til rytteren til at blive i sadlen.","og_url":"https:\/\/toelthester.dk\/de\/speichern\/sattelgurt-2\/","og_site_name":"Toelthester","article_modified_time":"2025-04-11T11:51:02+00:00","og_image":[{"width":921,"height":619,"url":"https:\/\/toelthester.dk\/wp-content\/uploads\/2019\/10\/T\u00f8lthester-342-72-dpi.jpg","type":"image\/jpeg"}],"twitter_card":"summary_large_image","twitter_misc":{"Gesch\u00e4tzte Lesezeit":"1\u00a0Minute"},"schema":{"@context":"https:\/\/schema.org","@graph":[{"@type":"WebPage","@id":"https:\/\/toelthester.dk\/butik\/sadelrem\/","url":"https:\/\/toelthester.dk\/butik\/sadelrem\/","name":"Sattelgurt f\u00fcr alle, die im Sattel bleiben wollen, auch Tantenhelfer genannt.","isPartOf":{"@id":"https:\/\/toelthester.dk\/#website"},"primaryImageOfPage":{"@id":"https:\/\/toelthester.dk\/butik\/sadelrem\/#primaryimage"},"image":{"@id":"https:\/\/toelthester.dk\/butik\/sadelrem\/#primaryimage"},"thumbnailUrl":"https:\/\/toelthester.dk\/wp-content\/uploads\/2019\/10\/T\u00f8lthester-342-72-dpi.jpg","datePublished":"2019-10-16T09:31:20+00:00","dateModified":"2025-04-11T11:51:02+00:00","description":"Sattelgurt viele Namen, festhalten, Tante der Helfer oder sonstiges. Der Sattelgurt hilft dem Reiter, im Sattel zu bleiben.","breadcrumb":{"@id":"https:\/\/toelthester.dk\/butik\/sadelrem\/#breadcrumb"},"inLanguage":"de","potentialAction":[{"@type":"ReadAction","target":["https:\/\/toelthester.dk\/butik\/sadelrem\/"]}]},{"@type":"ImageObject","inLanguage":"de","@id":"https:\/\/toelthester.dk\/butik\/sadelrem\/#primaryimage","url":"https:\/\/toelthester.dk\/wp-content\/uploads\/2019\/10\/T\u00f8lthester-342-72-dpi.jpg","contentUrl":"https:\/\/toelthester.dk\/wp-content\/uploads\/2019\/10\/T\u00f8lthester-342-72-dpi.jpg","width":921,"height":619},{"@type":"BreadcrumbList","@id":"https:\/\/toelthester.dk\/butik\/sadelrem\/#breadcrumb","itemListElement":[{"@type":"ListItem","position":1,"name":"Hjem","item":"https:\/\/toelthester.dk\/"},{"@type":"ListItem","position":2,"name":"Shop","item":"https:\/\/toelthester.dk\/shop\/"},{"@type":"ListItem","position":3,"name":"Sadelrem"}]},{"@type":"WebSite","@id":"https:\/\/toelthester.dk\/#website","url":"https:\/\/toelthester.dk\/","name":"Toilettenpferde","description":"","potentialAction":[{"@type":"SearchAction","target":{"@type":"EntryPoint","urlTemplate":"https:\/\/toelthester.dk\/?s={search_term_string}"},"query-input":{"@type":"PropertyValueSpecification","valueRequired":true,"valueName":"search_term_string"}}],"inLanguage":"de"}]}},"_links":{"self":[{"href":"https:\/\/toelthester.dk\/de\/wp-json\/wp\/v2\/product\/7569","targetHints":{"allow":["GET"]}}],"collection":[{"href":"https:\/\/toelthester.dk\/de\/wp-json\/wp\/v2\/product"}],"about":[{"href":"https:\/\/toelthester.dk\/de\/wp-json\/wp\/v2\/types\/product"}],"wp:featuredmedia":[{"embeddable":true,"href":"https:\/\/toelthester.dk\/de\/wp-json\/wp\/v2\/media\/7933"}],"wp:attachment":[{"href":"https:\/\/toelthester.dk\/de\/wp-json\/wp\/v2\/media?parent=7569"}],"wp:term":[{"taxonomy":"product_brand","embeddable":true,"href":"https:\/\/toelthester.dk\/de\/wp-json\/wp\/v2\/product_brand?post=7569"},{"taxonomy":"product_cat","embeddable":true,"href":"https:\/\/toelthester.dk\/de\/wp-json\/wp\/v2\/product_cat?post=7569"},{"taxonomy":"product_tag","embeddable":true,"href":"https:\/\/toelthester.dk\/de\/wp-json\/wp\/v2\/product_tag?post=7569"}],"curies":[{"name":"wp","href":"https:\/\/api.w.org\/{rel}","templated":true}]}}