{"id":738,"date":"2016-10-27T09:44:08","date_gmt":"2016-10-27T07:44:08","guid":{"rendered":"http:\/\/toelthester.dk\/butik\/hrafn\/"},"modified":"2025-04-07T08:44:09","modified_gmt":"2025-04-07T06:44:09","slug":"rabe","status":"publish","type":"product","link":"https:\/\/toelthester.dk\/de\/butik\/hrafn\/","title":{"rendered":"Hrafn"},"content":{"rendered":"<p><strong>Technische Daten:<\/strong><br \/>\nF\u00fcllung: Latex oder Wolle<br \/>\nAusleger: A \u2013 Mit austauschbarem Kopfentferner<br \/>\nAuslegergr\u00f6\u00dfe: Narrow 24 \u2013 25 \u2013 Normal 26 \u2013 27 \u2013 Wide 28 \u2013 29 und 30 Xwide.<br \/>\nSitzgr\u00f6\u00dfen: 16,0\u2033 \u2013 16,5\u2033 \u2013 17,0\u2033 \u2013 17,5\u2033 \u2013 18,0\u2033<br \/>\nGewicht: 6,3 kg<\/p>\n<p>&nbsp;<\/p>","protected":false},"excerpt":{"rendered":"<p><strong>Hrafn aus T\u00f8lthester<br \/>\n<\/strong><\/p>\n<p>Hrafn ist im Laufe der Zeit T\u00f8lthesters beliebter Sattel. Der Sattel ist so konzipiert, dass er einen engen Kontakt zwischen Pferd und Reiter erm\u00f6glicht. Die kurzen Knieschoner aus superweichem Latex bieten guten Halt, w\u00e4hrend der Reiter vom Knie abw\u00e4rts volle Bewegungsfreiheit hat. Das bedeutet, dass man dem Pferd mit den Beinen Signale geben kann, ohne dass dies zu Lasten des Aufbaus geht. Der Sattel verf\u00fcgt \u00fcber eine breite Sattelkammer, die Bewegungsfreiheit f\u00fcr den Pferder\u00fccken gew\u00e4hrleistet.<\/p>\n<p>Hrafn ist auf einem A-Ausleger aufgebaut, einem Flexi-Ausleger mit einer einzigen Klappe. Mit 1,5 Sattelblatt.<\/p>\n<p>Lieferung mit entweder 3 Lagen Latex- oder Wollpolsterung.<\/p>\n<p>&nbsp;<\/p>","protected":false},"featured_media":7763,"template":"","meta":{"inline_featured_image":false},"product_brand":[],"product_cat":[10],"product_tag":[],"class_list":{"0":"post-738","1":"product","2":"type-product","3":"status-publish","4":"has-post-thumbnail","6":"product_cat-sadler","8":"first","9":"instock","10":"featured","11":"taxable","12":"shipping-taxable","13":"purchasable","14":"product-type-variable"},"yoast_head":"<!-- This site is optimized with the Yoast SEO plugin v27.3 - https:\/\/yoast.com\/product\/yoast-seo-wordpress\/ -->\n<title>T\u00f8lthester Hrafn den mest popul\u00e6re sadel, unik kvalitet.<\/title>\n<meta name=\"description\" content=\"T\u00f8lthester Hrafn er den mest solgte sadel udenfor danmark, den giver rytteren et rigtigt godt s\u00e6de. Med udskifteligt kophjern.\" \/>\n<meta name=\"robots\" content=\"index, follow, max-snippet:-1, max-image-preview:large, max-video-preview:-1\" \/>\n<link rel=\"canonical\" href=\"https:\/\/toelthester.dk\/de\/speichern\/rabe\/\" \/>\n<meta property=\"og:locale\" content=\"de_DE\" \/>\n<meta property=\"og:type\" content=\"article\" \/>\n<meta property=\"og:title\" content=\"T\u00f8lthester Hrafn den mest popul\u00e6re sadel, unik kvalitet.\" \/>\n<meta property=\"og:description\" content=\"T\u00f8lthester Hrafn er den mest solgte sadel udenfor danmark, den giver rytteren et rigtigt godt s\u00e6de. Med udskifteligt kophjern.\" \/>\n<meta property=\"og:url\" content=\"https:\/\/toelthester.dk\/de\/speichern\/rabe\/\" \/>\n<meta property=\"og:site_name\" content=\"Toelthester\" \/>\n<meta property=\"article:modified_time\" content=\"2025-04-07T06:44:09+00:00\" \/>\n<meta property=\"og:image\" content=\"https:\/\/toelthester.dk\/wp-content\/uploads\/2016\/10\/T\u00f8lthester-129-72-dpi.jpg\" \/>\n\t<meta property=\"og:image:width\" content=\"1440\" \/>\n\t<meta property=\"og:image:height\" content=\"960\" \/>\n\t<meta property=\"og:image:type\" content=\"image\/jpeg\" \/>\n<meta name=\"twitter:card\" content=\"summary_large_image\" \/>\n<meta name=\"twitter:label1\" content=\"Gesch\u00e4tzte Lesezeit\" \/>\n\t<meta name=\"twitter:data1\" content=\"1\u00a0Minute\" \/>\n<script type=\"application\/ld+json\" class=\"yoast-schema-graph\">{\"@context\":\"https:\\\/\\\/schema.org\",\"@graph\":[{\"@type\":\"WebPage\",\"@id\":\"https:\\\/\\\/toelthester.dk\\\/de\\\/speichern\\\/rabe\\\/\",\"url\":\"https:\\\/\\\/toelthester.dk\\\/de\\\/speichern\\\/rabe\\\/\",\"name\":\"T\u00f8lthester Hrafn den mest popul\u00e6re sadel, unik kvalitet.\",\"isPartOf\":{\"@id\":\"https:\\\/\\\/toelthester.dk\\\/#website\"},\"primaryImageOfPage\":{\"@id\":\"https:\\\/\\\/toelthester.dk\\\/de\\\/speichern\\\/rabe\\\/#primaryimage\"},\"image\":{\"@id\":\"https:\\\/\\\/toelthester.dk\\\/de\\\/speichern\\\/rabe\\\/#primaryimage\"},\"thumbnailUrl\":\"https:\\\/\\\/toelthester.dk\\\/wp-content\\\/uploads\\\/2016\\\/10\\\/T\u00f8lthester-129-72-dpi.jpg\",\"datePublished\":\"2016-10-27T07:44:08+00:00\",\"dateModified\":\"2025-04-07T06:44:09+00:00\",\"description\":\"T\u00f8lthester Hrafn er den mest solgte sadel udenfor danmark, den giver rytteren et rigtigt godt s\u00e6de. Med udskifteligt kophjern.\",\"breadcrumb\":{\"@id\":\"https:\\\/\\\/toelthester.dk\\\/de\\\/speichern\\\/rabe\\\/#breadcrumb\"},\"inLanguage\":\"de\",\"potentialAction\":[{\"@type\":\"ReadAction\",\"target\":[\"https:\\\/\\\/toelthester.dk\\\/de\\\/speichern\\\/rabe\\\/\"]}]},{\"@type\":\"ImageObject\",\"inLanguage\":\"de\",\"@id\":\"https:\\\/\\\/toelthester.dk\\\/de\\\/speichern\\\/rabe\\\/#primaryimage\",\"url\":\"https:\\\/\\\/toelthester.dk\\\/wp-content\\\/uploads\\\/2016\\\/10\\\/T\u00f8lthester-129-72-dpi.jpg\",\"contentUrl\":\"https:\\\/\\\/toelthester.dk\\\/wp-content\\\/uploads\\\/2016\\\/10\\\/T\u00f8lthester-129-72-dpi.jpg\",\"width\":1440,\"height\":960},{\"@type\":\"BreadcrumbList\",\"@id\":\"https:\\\/\\\/toelthester.dk\\\/de\\\/speichern\\\/rabe\\\/#breadcrumb\",\"itemListElement\":[{\"@type\":\"ListItem\",\"position\":1,\"name\":\"Hjem\",\"item\":\"https:\\\/\\\/toelthester.dk\\\/\"},{\"@type\":\"ListItem\",\"position\":2,\"name\":\"Shop\",\"item\":\"https:\\\/\\\/toelthester.dk\\\/shop\\\/\"},{\"@type\":\"ListItem\",\"position\":3,\"name\":\"Hrafn\"}]},{\"@type\":\"WebSite\",\"@id\":\"https:\\\/\\\/toelthester.dk\\\/#website\",\"url\":\"https:\\\/\\\/toelthester.dk\\\/\",\"name\":\"Toelthester\",\"description\":\"\",\"potentialAction\":[{\"@type\":\"SearchAction\",\"target\":{\"@type\":\"EntryPoint\",\"urlTemplate\":\"https:\\\/\\\/toelthester.dk\\\/?s={search_term_string}\"},\"query-input\":{\"@type\":\"PropertyValueSpecification\",\"valueRequired\":true,\"valueName\":\"search_term_string\"}}],\"inLanguage\":\"de\"}]}<\/script>\n<!-- \/ Yoast SEO plugin. -->","yoast_head_json":{"title":"T\u00f8lthester Hrafn der beliebteste Sattel, einzigartige Qualit\u00e4t.","description":"T\u00f8lhester Hrafn ist der meistverkaufte Sattel au\u00dferhalb D\u00e4nemarks und bietet dem Reiter einen wirklich guten Sitz. Mit auswechselbarem Tasseneisen.","robots":{"index":"index","follow":"follow","max-snippet":"max-snippet:-1","max-image-preview":"max-image-preview:large","max-video-preview":"max-video-preview:-1"},"canonical":"https:\/\/toelthester.dk\/de\/speichern\/rabe\/","og_locale":"de_DE","og_type":"article","og_title":"T\u00f8lthester Hrafn den mest popul\u00e6re sadel, unik kvalitet.","og_description":"T\u00f8lthester Hrafn er den mest solgte sadel udenfor danmark, den giver rytteren et rigtigt godt s\u00e6de. Med udskifteligt kophjern.","og_url":"https:\/\/toelthester.dk\/de\/speichern\/rabe\/","og_site_name":"Toelthester","article_modified_time":"2025-04-07T06:44:09+00:00","og_image":[{"width":1440,"height":960,"url":"https:\/\/toelthester.dk\/wp-content\/uploads\/2016\/10\/T\u00f8lthester-129-72-dpi.jpg","type":"image\/jpeg"}],"twitter_card":"summary_large_image","twitter_misc":{"Gesch\u00e4tzte Lesezeit":"1\u00a0Minute"},"schema":{"@context":"https:\/\/schema.org","@graph":[{"@type":"WebPage","@id":"https:\/\/toelthester.dk\/de\/speichern\/rabe\/","url":"https:\/\/toelthester.dk\/de\/speichern\/rabe\/","name":"T\u00f8lthester Hrafn der beliebteste Sattel, einzigartige Qualit\u00e4t.","isPartOf":{"@id":"https:\/\/toelthester.dk\/#website"},"primaryImageOfPage":{"@id":"https:\/\/toelthester.dk\/de\/speichern\/rabe\/#primaryimage"},"image":{"@id":"https:\/\/toelthester.dk\/de\/speichern\/rabe\/#primaryimage"},"thumbnailUrl":"https:\/\/toelthester.dk\/wp-content\/uploads\/2016\/10\/T\u00f8lthester-129-72-dpi.jpg","datePublished":"2016-10-27T07:44:08+00:00","dateModified":"2025-04-07T06:44:09+00:00","description":"T\u00f8lhester Hrafn ist der meistverkaufte Sattel au\u00dferhalb D\u00e4nemarks und bietet dem Reiter einen wirklich guten Sitz. Mit auswechselbarem Tasseneisen.","breadcrumb":{"@id":"https:\/\/toelthester.dk\/de\/speichern\/rabe\/#breadcrumb"},"inLanguage":"de","potentialAction":[{"@type":"ReadAction","target":["https:\/\/toelthester.dk\/de\/speichern\/rabe\/"]}]},{"@type":"ImageObject","inLanguage":"de","@id":"https:\/\/toelthester.dk\/de\/speichern\/rabe\/#primaryimage","url":"https:\/\/toelthester.dk\/wp-content\/uploads\/2016\/10\/T\u00f8lthester-129-72-dpi.jpg","contentUrl":"https:\/\/toelthester.dk\/wp-content\/uploads\/2016\/10\/T\u00f8lthester-129-72-dpi.jpg","width":1440,"height":960},{"@type":"BreadcrumbList","@id":"https:\/\/toelthester.dk\/de\/speichern\/rabe\/#breadcrumb","itemListElement":[{"@type":"ListItem","position":1,"name":"Hjem","item":"https:\/\/toelthester.dk\/"},{"@type":"ListItem","position":2,"name":"Shop","item":"https:\/\/toelthester.dk\/shop\/"},{"@type":"ListItem","position":3,"name":"Hrafn"}]},{"@type":"WebSite","@id":"https:\/\/toelthester.dk\/#website","url":"https:\/\/toelthester.dk\/","name":"Toilettenpferde","description":"","potentialAction":[{"@type":"SearchAction","target":{"@type":"EntryPoint","urlTemplate":"https:\/\/toelthester.dk\/?s={search_term_string}"},"query-input":{"@type":"PropertyValueSpecification","valueRequired":true,"valueName":"search_term_string"}}],"inLanguage":"de"}]}},"_links":{"self":[{"href":"https:\/\/toelthester.dk\/de\/wp-json\/wp\/v2\/product\/738","targetHints":{"allow":["GET"]}}],"collection":[{"href":"https:\/\/toelthester.dk\/de\/wp-json\/wp\/v2\/product"}],"about":[{"href":"https:\/\/toelthester.dk\/de\/wp-json\/wp\/v2\/types\/product"}],"wp:featuredmedia":[{"embeddable":true,"href":"https:\/\/toelthester.dk\/de\/wp-json\/wp\/v2\/media\/7763"}],"wp:attachment":[{"href":"https:\/\/toelthester.dk\/de\/wp-json\/wp\/v2\/media?parent=738"}],"wp:term":[{"taxonomy":"product_brand","embeddable":true,"href":"https:\/\/toelthester.dk\/de\/wp-json\/wp\/v2\/product_brand?post=738"},{"taxonomy":"product_cat","embeddable":true,"href":"https:\/\/toelthester.dk\/de\/wp-json\/wp\/v2\/product_cat?post=738"},{"taxonomy":"product_tag","embeddable":true,"href":"https:\/\/toelthester.dk\/de\/wp-json\/wp\/v2\/product_tag?post=738"}],"curies":[{"name":"wp","href":"https:\/\/api.w.org\/{rel}","templated":true}]}}