{"id":7367,"date":"2019-07-29T13:55:46","date_gmt":"2019-07-29T11:55:46","guid":{"rendered":"https:\/\/toelthester.dk\/?post_type=product&#038;p=7367"},"modified":"2025-12-29T21:24:23","modified_gmt":"2025-12-29T20:24:23","slug":"jetzt-2","status":"publish","type":"product","link":"https:\/\/toelthester.dk\/de\/butik\/noi\/","title":{"rendered":"NOI mit Latex"},"content":{"rendered":"<p><strong>Technische Daten:<\/strong><br \/>\nF\u00fcllung: Latex oder Wolle<br \/>\nAusleger: C \u2013 Mit austauschbarem Kopfentferner<br \/>\nAuslegergr\u00f6\u00dfe: Narrow 24 \u2013 25 \u2013 Normal 26 \u2013 27 \u2013 Wide 28 \u2013 29 und 30 Xwide.<br \/>\nSitzgr\u00f6\u00dfen: 16,0\u2033 \u2013 16,5\u2033 \u2013 17,0\u2033 \u2013 17,5\u2033 \u2013 18,0\u2033<br \/>\nGewicht: 6,3 kg<\/p>\n<p>&nbsp;<\/p>","protected":false},"excerpt":{"rendered":"<p><strong>N\u00f2i aus T\u00f8lhester<\/strong><\/p>\n<p>Der N\u00f3i-Sattel wird erstmals bei der WM in Berlin pr\u00e4sentiert.<br \/>\nW\u00e4hrend des Entwicklungsprozesses haben wir viel auf unsere Profilfahrer geh\u00f6rt und auch Input aus Island erhalten. Der Sattel basiert auf einer Weiterentwicklung unseres Booms aus dem Safir-Sattel. Es handelt sich tats\u00e4chlich um einen v\u00f6llig neuen Boom, der geschaffen wurde. Durch die Form des Auslegers entsteht ein tiefer Sitz, den die meisten Reiter als eine bessere Umgehung des Pferdes empfinden.<\/p>\n<p>N\u00f3i verf\u00fcgt \u00fcber einen mitteltiefen Sitz mit optimalem Halt durch die anatomisch geformten Kniepolster, ohne den Fahrer in seiner Position einzuklemmen.<\/p>\n<p>Wir haben daran gearbeitet, die Kissen so zu entwickeln, dass sie der Funktion eines Wollsattels m\u00f6glichst nahe kommen, mit drei Lagen Latex und etwas breiteren Kissen auf der R\u00fcckseite als unsere anderen S\u00e4ttel.<\/p>\n<p>Das Leder f\u00fcr N\u00f3i wurde auf der Grundlage der Tatsache ausgew\u00e4hlt, dass wir das Beste wollen, um den optimalen Halt im Sitz und die Haltbarkeit zu erreichen, was wir erreicht haben.<\/p>\n<p>N\u00f3i ist auf einem C-Boom, einem Flexi-Boom, aufgebaut. Mit 1,5 Sattelblatt.<\/p>\n<p>Lieferung mit entweder 3 Lagen Latex- oder Wollpolsterung.<\/p>\n<p>&nbsp;<\/p>","protected":false},"featured_media":7889,"template":"","meta":{"inline_featured_image":false},"product_brand":[],"product_cat":[10],"product_tag":[],"class_list":{"0":"post-7367","1":"product","2":"type-product","3":"status-publish","4":"has-post-thumbnail","6":"product_cat-sadler","8":"first","9":"instock","10":"featured","11":"taxable","12":"shipping-taxable","13":"purchasable","14":"product-type-variable"},"yoast_head":"<!-- This site is optimized with the Yoast SEO plugin v27.4 - https:\/\/yoast.com\/product\/yoast-seo-wordpress\/ -->\n<title>T\u00f8lthester N\u00f3i, en helt ny sadel fra T\u00f8lthester med sp\u00e6ndende kn\u00e6puder.<\/title>\n<meta name=\"description\" content=\"Sadlen har nyudviklet paneller p\u00e5, der er opbygget af tre lags latex. Selve s\u00e6det i sadlen giver en naturlig opstilling, med halvlange kn\u00e6puder.\" \/>\n<meta name=\"robots\" content=\"index, follow, max-snippet:-1, max-image-preview:large, max-video-preview:-1\" \/>\n<link rel=\"canonical\" href=\"https:\/\/toelthester.dk\/de\/speichern\/jetzt-2\/\" \/>\n<meta property=\"og:locale\" content=\"de_DE\" \/>\n<meta property=\"og:type\" content=\"article\" \/>\n<meta property=\"og:title\" content=\"T\u00f8lthester N\u00f3i, en helt ny sadel fra T\u00f8lthester med sp\u00e6ndende kn\u00e6puder.\" \/>\n<meta property=\"og:description\" content=\"Sadlen har nyudviklet paneller p\u00e5, der er opbygget af tre lags latex. Selve s\u00e6det i sadlen giver en naturlig opstilling, med halvlange kn\u00e6puder.\" \/>\n<meta property=\"og:url\" content=\"https:\/\/toelthester.dk\/de\/speichern\/jetzt-2\/\" \/>\n<meta property=\"og:site_name\" content=\"Toelthester\" \/>\n<meta property=\"article:modified_time\" content=\"2025-12-29T20:24:23+00:00\" \/>\n<meta property=\"og:image\" content=\"https:\/\/toelthester.dk\/wp-content\/uploads\/2019\/07\/T\u00f8lthester-177-72-dpi.jpg\" \/>\n\t<meta property=\"og:image:width\" content=\"1440\" \/>\n\t<meta property=\"og:image:height\" content=\"960\" \/>\n\t<meta property=\"og:image:type\" content=\"image\/jpeg\" \/>\n<meta name=\"twitter:card\" content=\"summary_large_image\" \/>\n<meta name=\"twitter:label1\" content=\"Gesch\u00e4tzte Lesezeit\" \/>\n\t<meta name=\"twitter:data1\" content=\"1\u00a0Minute\" \/>\n<script type=\"application\/ld+json\" class=\"yoast-schema-graph\">{\"@context\":\"https:\\\/\\\/schema.org\",\"@graph\":[{\"@type\":\"WebPage\",\"@id\":\"https:\\\/\\\/toelthester.dk\\\/de\\\/speichern\\\/jetzt-2\\\/\",\"url\":\"https:\\\/\\\/toelthester.dk\\\/de\\\/speichern\\\/jetzt-2\\\/\",\"name\":\"T\u00f8lthester N\u00f3i, en helt ny sadel fra T\u00f8lthester med sp\u00e6ndende kn\u00e6puder.\",\"isPartOf\":{\"@id\":\"https:\\\/\\\/toelthester.dk\\\/#website\"},\"primaryImageOfPage\":{\"@id\":\"https:\\\/\\\/toelthester.dk\\\/de\\\/speichern\\\/jetzt-2\\\/#primaryimage\"},\"image\":{\"@id\":\"https:\\\/\\\/toelthester.dk\\\/de\\\/speichern\\\/jetzt-2\\\/#primaryimage\"},\"thumbnailUrl\":\"https:\\\/\\\/toelthester.dk\\\/wp-content\\\/uploads\\\/2019\\\/07\\\/T\u00f8lthester-177-72-dpi.jpg\",\"datePublished\":\"2019-07-29T11:55:46+00:00\",\"dateModified\":\"2025-12-29T20:24:23+00:00\",\"description\":\"Sadlen har nyudviklet paneller p\u00e5, der er opbygget af tre lags latex. Selve s\u00e6det i sadlen giver en naturlig opstilling, med halvlange kn\u00e6puder.\",\"breadcrumb\":{\"@id\":\"https:\\\/\\\/toelthester.dk\\\/de\\\/speichern\\\/jetzt-2\\\/#breadcrumb\"},\"inLanguage\":\"de\",\"potentialAction\":[{\"@type\":\"ReadAction\",\"target\":[\"https:\\\/\\\/toelthester.dk\\\/de\\\/speichern\\\/jetzt-2\\\/\"]}]},{\"@type\":\"ImageObject\",\"inLanguage\":\"de\",\"@id\":\"https:\\\/\\\/toelthester.dk\\\/de\\\/speichern\\\/jetzt-2\\\/#primaryimage\",\"url\":\"https:\\\/\\\/toelthester.dk\\\/wp-content\\\/uploads\\\/2019\\\/07\\\/T\u00f8lthester-177-72-dpi.jpg\",\"contentUrl\":\"https:\\\/\\\/toelthester.dk\\\/wp-content\\\/uploads\\\/2019\\\/07\\\/T\u00f8lthester-177-72-dpi.jpg\",\"width\":1440,\"height\":960},{\"@type\":\"BreadcrumbList\",\"@id\":\"https:\\\/\\\/toelthester.dk\\\/de\\\/speichern\\\/jetzt-2\\\/#breadcrumb\",\"itemListElement\":[{\"@type\":\"ListItem\",\"position\":1,\"name\":\"Hjem\",\"item\":\"https:\\\/\\\/toelthester.dk\\\/\"},{\"@type\":\"ListItem\",\"position\":2,\"name\":\"Shop\",\"item\":\"https:\\\/\\\/toelthester.dk\\\/shop\\\/\"},{\"@type\":\"ListItem\",\"position\":3,\"name\":\"N\u00f3i Latex paneller\"}]},{\"@type\":\"WebSite\",\"@id\":\"https:\\\/\\\/toelthester.dk\\\/#website\",\"url\":\"https:\\\/\\\/toelthester.dk\\\/\",\"name\":\"Toelthester\",\"description\":\"\",\"potentialAction\":[{\"@type\":\"SearchAction\",\"target\":{\"@type\":\"EntryPoint\",\"urlTemplate\":\"https:\\\/\\\/toelthester.dk\\\/?s={search_term_string}\"},\"query-input\":{\"@type\":\"PropertyValueSpecification\",\"valueRequired\":true,\"valueName\":\"search_term_string\"}}],\"inLanguage\":\"de\"}]}<\/script>\n<!-- \/ Yoast SEO plugin. -->","yoast_head_json":{"title":"T\u00f8lthester N\u00f3i, ein brandneuer Sattel von T\u00f8lthester mit aufregenden Kniepolstern.","description":"Der Sattel verf\u00fcgt \u00fcber neu entwickelte Kissen aus drei Lagen Latex. Der Sitz selbst im Sattel sorgt mit halblangen Kniepolstern f\u00fcr eine nat\u00fcrliche Position.","robots":{"index":"index","follow":"follow","max-snippet":"max-snippet:-1","max-image-preview":"max-image-preview:large","max-video-preview":"max-video-preview:-1"},"canonical":"https:\/\/toelthester.dk\/de\/speichern\/jetzt-2\/","og_locale":"de_DE","og_type":"article","og_title":"T\u00f8lthester N\u00f3i, en helt ny sadel fra T\u00f8lthester med sp\u00e6ndende kn\u00e6puder.","og_description":"Sadlen har nyudviklet paneller p\u00e5, der er opbygget af tre lags latex. Selve s\u00e6det i sadlen giver en naturlig opstilling, med halvlange kn\u00e6puder.","og_url":"https:\/\/toelthester.dk\/de\/speichern\/jetzt-2\/","og_site_name":"Toelthester","article_modified_time":"2025-12-29T20:24:23+00:00","og_image":[{"width":1440,"height":960,"url":"https:\/\/toelthester.dk\/wp-content\/uploads\/2019\/07\/T\u00f8lthester-177-72-dpi.jpg","type":"image\/jpeg"}],"twitter_card":"summary_large_image","twitter_misc":{"Gesch\u00e4tzte Lesezeit":"1\u00a0Minute"},"schema":{"@context":"https:\/\/schema.org","@graph":[{"@type":"WebPage","@id":"https:\/\/toelthester.dk\/de\/speichern\/jetzt-2\/","url":"https:\/\/toelthester.dk\/de\/speichern\/jetzt-2\/","name":"T\u00f8lthester N\u00f3i, ein brandneuer Sattel von T\u00f8lthester mit aufregenden Kniepolstern.","isPartOf":{"@id":"https:\/\/toelthester.dk\/#website"},"primaryImageOfPage":{"@id":"https:\/\/toelthester.dk\/de\/speichern\/jetzt-2\/#primaryimage"},"image":{"@id":"https:\/\/toelthester.dk\/de\/speichern\/jetzt-2\/#primaryimage"},"thumbnailUrl":"https:\/\/toelthester.dk\/wp-content\/uploads\/2019\/07\/T\u00f8lthester-177-72-dpi.jpg","datePublished":"2019-07-29T11:55:46+00:00","dateModified":"2025-12-29T20:24:23+00:00","description":"Der Sattel verf\u00fcgt \u00fcber neu entwickelte Kissen aus drei Lagen Latex. Der Sitz selbst im Sattel sorgt mit halblangen Kniepolstern f\u00fcr eine nat\u00fcrliche Position.","breadcrumb":{"@id":"https:\/\/toelthester.dk\/de\/speichern\/jetzt-2\/#breadcrumb"},"inLanguage":"de","potentialAction":[{"@type":"ReadAction","target":["https:\/\/toelthester.dk\/de\/speichern\/jetzt-2\/"]}]},{"@type":"ImageObject","inLanguage":"de","@id":"https:\/\/toelthester.dk\/de\/speichern\/jetzt-2\/#primaryimage","url":"https:\/\/toelthester.dk\/wp-content\/uploads\/2019\/07\/T\u00f8lthester-177-72-dpi.jpg","contentUrl":"https:\/\/toelthester.dk\/wp-content\/uploads\/2019\/07\/T\u00f8lthester-177-72-dpi.jpg","width":1440,"height":960},{"@type":"BreadcrumbList","@id":"https:\/\/toelthester.dk\/de\/speichern\/jetzt-2\/#breadcrumb","itemListElement":[{"@type":"ListItem","position":1,"name":"Hjem","item":"https:\/\/toelthester.dk\/"},{"@type":"ListItem","position":2,"name":"Shop","item":"https:\/\/toelthester.dk\/shop\/"},{"@type":"ListItem","position":3,"name":"N\u00f3i Latex paneller"}]},{"@type":"WebSite","@id":"https:\/\/toelthester.dk\/#website","url":"https:\/\/toelthester.dk\/","name":"Toilettenpferde","description":"","potentialAction":[{"@type":"SearchAction","target":{"@type":"EntryPoint","urlTemplate":"https:\/\/toelthester.dk\/?s={search_term_string}"},"query-input":{"@type":"PropertyValueSpecification","valueRequired":true,"valueName":"search_term_string"}}],"inLanguage":"de"}]}},"_links":{"self":[{"href":"https:\/\/toelthester.dk\/de\/wp-json\/wp\/v2\/product\/7367","targetHints":{"allow":["GET"]}}],"collection":[{"href":"https:\/\/toelthester.dk\/de\/wp-json\/wp\/v2\/product"}],"about":[{"href":"https:\/\/toelthester.dk\/de\/wp-json\/wp\/v2\/types\/product"}],"wp:featuredmedia":[{"embeddable":true,"href":"https:\/\/toelthester.dk\/de\/wp-json\/wp\/v2\/media\/7889"}],"wp:attachment":[{"href":"https:\/\/toelthester.dk\/de\/wp-json\/wp\/v2\/media?parent=7367"}],"wp:term":[{"taxonomy":"product_brand","embeddable":true,"href":"https:\/\/toelthester.dk\/de\/wp-json\/wp\/v2\/product_brand?post=7367"},{"taxonomy":"product_cat","embeddable":true,"href":"https:\/\/toelthester.dk\/de\/wp-json\/wp\/v2\/product_cat?post=7367"},{"taxonomy":"product_tag","embeddable":true,"href":"https:\/\/toelthester.dk\/de\/wp-json\/wp\/v2\/product_tag?post=7367"}],"curies":[{"name":"wp","href":"https:\/\/api.w.org\/{rel}","templated":true}]}}