{"id":7316,"date":"2019-05-13T15:50:26","date_gmt":"2019-05-13T13:50:26","guid":{"rendered":"https:\/\/toelthester.dk\/?post_type=product&#038;p=7316"},"modified":"2026-04-15T14:39:42","modified_gmt":"2026-04-15T12:39:42","slug":"islaender-traek-tov","status":"publish","type":"product","link":"https:\/\/toelthester.dk\/de\/butik\/islaender-traek-tov\/","title":{"rendered":"F\u00fchrstrick-Isl\u00e4ndisch - mit Panikkinn"},"content":{"rendered":"<p>Feines Tauziehen in isl\u00e4ndischen Farben, mit Panikausl\u00f6ser.<\/p>\n<p>&nbsp;<\/p>","protected":false},"excerpt":{"rendered":"<p>Feiner Halftergriff in isl\u00e4ndischen Farben. Bei Panikkinn, wenn das Pferd die Z\u00fcgel anzieht.<\/p>\n<p>&nbsp;<\/p>","protected":false},"featured_media":7903,"template":"","meta":{"inline_featured_image":false},"product_brand":[],"product_cat":[12,30],"product_tag":[],"class_list":{"0":"post-7316","1":"product","2":"type-product","3":"status-publish","4":"has-post-thumbnail","6":"product_cat-trenser","7":"product_cat-toejler","9":"first","10":"instock","11":"featured","12":"taxable","13":"shipping-taxable","14":"purchasable","15":"product-type-simple"},"yoast_head":"<!-- This site is optimized with the Yoast SEO plugin v27.4 - https:\/\/yoast.com\/product\/yoast-seo-wordpress\/ -->\n<title>Isl\u00e6nder tr\u00e6k tov i de rigtige Isl\u00e6nder farver, med panikhage<\/title>\n<meta name=\"description\" content=\"Et fint tr\u00e6ktov der passer til vores grimer i Islandske farver. Ustyret med panikhage hvis uheldet er der.\" \/>\n<meta name=\"robots\" content=\"index, follow, max-snippet:-1, max-image-preview:large, max-video-preview:-1\" \/>\n<link rel=\"canonical\" href=\"https:\/\/toelthester.dk\/de\/speichern\/islaender-traek-tov\/\" \/>\n<meta property=\"og:locale\" content=\"de_DE\" \/>\n<meta property=\"og:type\" content=\"article\" \/>\n<meta property=\"og:title\" content=\"Isl\u00e6nder tr\u00e6k tov i de rigtige Isl\u00e6nder farver, med panikhage\" \/>\n<meta property=\"og:description\" content=\"Et fint tr\u00e6ktov der passer til vores grimer i Islandske farver. Ustyret med panikhage hvis uheldet er der.\" \/>\n<meta property=\"og:url\" content=\"https:\/\/toelthester.dk\/de\/speichern\/islaender-traek-tov\/\" \/>\n<meta property=\"og:site_name\" content=\"Toelthester\" \/>\n<meta property=\"article:modified_time\" content=\"2026-04-15T12:39:42+00:00\" \/>\n<meta property=\"og:image\" content=\"https:\/\/toelthester.dk\/wp-content\/uploads\/2019\/05\/T\u00f8lthester-354-72-dpi.jpg\" \/>\n\t<meta property=\"og:image:width\" content=\"1359\" \/>\n\t<meta property=\"og:image:height\" content=\"906\" \/>\n\t<meta property=\"og:image:type\" content=\"image\/jpeg\" \/>\n<meta name=\"twitter:card\" content=\"summary_large_image\" \/>\n<meta name=\"twitter:label1\" content=\"Gesch\u00e4tzte Lesezeit\" \/>\n\t<meta name=\"twitter:data1\" content=\"1\u00a0Minute\" \/>\n<script type=\"application\/ld+json\" class=\"yoast-schema-graph\">{\"@context\":\"https:\\\/\\\/schema.org\",\"@graph\":[{\"@type\":\"WebPage\",\"@id\":\"https:\\\/\\\/toelthester.dk\\\/en\\\/store\\\/islaender-traek-tov\\\/\",\"url\":\"https:\\\/\\\/toelthester.dk\\\/en\\\/store\\\/islaender-traek-tov\\\/\",\"name\":\"Isl\u00e6nder tr\u00e6k tov i de rigtige Isl\u00e6nder farver, med panikhage\",\"isPartOf\":{\"@id\":\"https:\\\/\\\/toelthester.dk\\\/#website\"},\"primaryImageOfPage\":{\"@id\":\"https:\\\/\\\/toelthester.dk\\\/en\\\/store\\\/islaender-traek-tov\\\/#primaryimage\"},\"image\":{\"@id\":\"https:\\\/\\\/toelthester.dk\\\/en\\\/store\\\/islaender-traek-tov\\\/#primaryimage\"},\"thumbnailUrl\":\"https:\\\/\\\/toelthester.dk\\\/wp-content\\\/uploads\\\/2019\\\/05\\\/T\u00f8lthester-354-72-dpi.jpg\",\"datePublished\":\"2019-05-13T13:50:26+00:00\",\"dateModified\":\"2026-04-15T12:39:42+00:00\",\"description\":\"Et fint tr\u00e6ktov der passer til vores grimer i Islandske farver. Ustyret med panikhage hvis uheldet er der.\",\"breadcrumb\":{\"@id\":\"https:\\\/\\\/toelthester.dk\\\/en\\\/store\\\/islaender-traek-tov\\\/#breadcrumb\"},\"inLanguage\":\"de\",\"potentialAction\":[{\"@type\":\"ReadAction\",\"target\":[\"https:\\\/\\\/toelthester.dk\\\/en\\\/store\\\/islaender-traek-tov\\\/\"]}]},{\"@type\":\"ImageObject\",\"inLanguage\":\"de\",\"@id\":\"https:\\\/\\\/toelthester.dk\\\/en\\\/store\\\/islaender-traek-tov\\\/#primaryimage\",\"url\":\"https:\\\/\\\/toelthester.dk\\\/wp-content\\\/uploads\\\/2019\\\/05\\\/T\u00f8lthester-354-72-dpi.jpg\",\"contentUrl\":\"https:\\\/\\\/toelthester.dk\\\/wp-content\\\/uploads\\\/2019\\\/05\\\/T\u00f8lthester-354-72-dpi.jpg\",\"width\":1359,\"height\":906},{\"@type\":\"BreadcrumbList\",\"@id\":\"https:\\\/\\\/toelthester.dk\\\/en\\\/store\\\/islaender-traek-tov\\\/#breadcrumb\",\"itemListElement\":[{\"@type\":\"ListItem\",\"position\":1,\"name\":\"Hjem\",\"item\":\"https:\\\/\\\/toelthester.dk\\\/\"},{\"@type\":\"ListItem\",\"position\":2,\"name\":\"Shop\",\"item\":\"https:\\\/\\\/toelthester.dk\\\/shop\\\/\"},{\"@type\":\"ListItem\",\"position\":3,\"name\":\"Grimeskaft- med panikhage\"}]},{\"@type\":\"WebSite\",\"@id\":\"https:\\\/\\\/toelthester.dk\\\/#website\",\"url\":\"https:\\\/\\\/toelthester.dk\\\/\",\"name\":\"Toelthester\",\"description\":\"\",\"potentialAction\":[{\"@type\":\"SearchAction\",\"target\":{\"@type\":\"EntryPoint\",\"urlTemplate\":\"https:\\\/\\\/toelthester.dk\\\/?s={search_term_string}\"},\"query-input\":{\"@type\":\"PropertyValueSpecification\",\"valueRequired\":true,\"valueName\":\"search_term_string\"}}],\"inLanguage\":\"de\"}]}<\/script>\n<!-- \/ Yoast SEO plugin. -->","yoast_head_json":{"title":"Isl\u00e4nder-Zugseil in den echten Isl\u00e4nderfarben, mit Panikhaken","description":"Ein feines Schleppseil, das zu unseren Halftern in isl\u00e4ndischen Farben passt. Widerspenstig mit Panikstange, falls es zu einem Unfall kommt.","robots":{"index":"index","follow":"follow","max-snippet":"max-snippet:-1","max-image-preview":"max-image-preview:large","max-video-preview":"max-video-preview:-1"},"canonical":"https:\/\/toelthester.dk\/de\/speichern\/islaender-traek-tov\/","og_locale":"de_DE","og_type":"article","og_title":"Isl\u00e6nder tr\u00e6k tov i de rigtige Isl\u00e6nder farver, med panikhage","og_description":"Et fint tr\u00e6ktov der passer til vores grimer i Islandske farver. Ustyret med panikhage hvis uheldet er der.","og_url":"https:\/\/toelthester.dk\/de\/speichern\/islaender-traek-tov\/","og_site_name":"Toelthester","article_modified_time":"2026-04-15T12:39:42+00:00","og_image":[{"width":1359,"height":906,"url":"https:\/\/toelthester.dk\/wp-content\/uploads\/2019\/05\/T\u00f8lthester-354-72-dpi.jpg","type":"image\/jpeg"}],"twitter_card":"summary_large_image","twitter_misc":{"Gesch\u00e4tzte Lesezeit":"1\u00a0Minute"},"schema":{"@context":"https:\/\/schema.org","@graph":[{"@type":"WebPage","@id":"https:\/\/toelthester.dk\/en\/store\/islaender-traek-tov\/","url":"https:\/\/toelthester.dk\/en\/store\/islaender-traek-tov\/","name":"Isl\u00e4nder-Zugseil in den echten Isl\u00e4nderfarben, mit Panikhaken","isPartOf":{"@id":"https:\/\/toelthester.dk\/#website"},"primaryImageOfPage":{"@id":"https:\/\/toelthester.dk\/en\/store\/islaender-traek-tov\/#primaryimage"},"image":{"@id":"https:\/\/toelthester.dk\/en\/store\/islaender-traek-tov\/#primaryimage"},"thumbnailUrl":"https:\/\/toelthester.dk\/wp-content\/uploads\/2019\/05\/T\u00f8lthester-354-72-dpi.jpg","datePublished":"2019-05-13T13:50:26+00:00","dateModified":"2026-04-15T12:39:42+00:00","description":"Ein feines Schleppseil, das zu unseren Halftern in isl\u00e4ndischen Farben passt. Widerspenstig mit Panikstange, falls es zu einem Unfall kommt.","breadcrumb":{"@id":"https:\/\/toelthester.dk\/en\/store\/islaender-traek-tov\/#breadcrumb"},"inLanguage":"de","potentialAction":[{"@type":"ReadAction","target":["https:\/\/toelthester.dk\/en\/store\/islaender-traek-tov\/"]}]},{"@type":"ImageObject","inLanguage":"de","@id":"https:\/\/toelthester.dk\/en\/store\/islaender-traek-tov\/#primaryimage","url":"https:\/\/toelthester.dk\/wp-content\/uploads\/2019\/05\/T\u00f8lthester-354-72-dpi.jpg","contentUrl":"https:\/\/toelthester.dk\/wp-content\/uploads\/2019\/05\/T\u00f8lthester-354-72-dpi.jpg","width":1359,"height":906},{"@type":"BreadcrumbList","@id":"https:\/\/toelthester.dk\/en\/store\/islaender-traek-tov\/#breadcrumb","itemListElement":[{"@type":"ListItem","position":1,"name":"Hjem","item":"https:\/\/toelthester.dk\/"},{"@type":"ListItem","position":2,"name":"Shop","item":"https:\/\/toelthester.dk\/shop\/"},{"@type":"ListItem","position":3,"name":"Grimeskaft- med panikhage"}]},{"@type":"WebSite","@id":"https:\/\/toelthester.dk\/#website","url":"https:\/\/toelthester.dk\/","name":"Toilettenpferde","description":"","potentialAction":[{"@type":"SearchAction","target":{"@type":"EntryPoint","urlTemplate":"https:\/\/toelthester.dk\/?s={search_term_string}"},"query-input":{"@type":"PropertyValueSpecification","valueRequired":true,"valueName":"search_term_string"}}],"inLanguage":"de"}]}},"_links":{"self":[{"href":"https:\/\/toelthester.dk\/de\/wp-json\/wp\/v2\/product\/7316","targetHints":{"allow":["GET"]}}],"collection":[{"href":"https:\/\/toelthester.dk\/de\/wp-json\/wp\/v2\/product"}],"about":[{"href":"https:\/\/toelthester.dk\/de\/wp-json\/wp\/v2\/types\/product"}],"wp:featuredmedia":[{"embeddable":true,"href":"https:\/\/toelthester.dk\/de\/wp-json\/wp\/v2\/media\/7903"}],"wp:attachment":[{"href":"https:\/\/toelthester.dk\/de\/wp-json\/wp\/v2\/media?parent=7316"}],"wp:term":[{"taxonomy":"product_brand","embeddable":true,"href":"https:\/\/toelthester.dk\/de\/wp-json\/wp\/v2\/product_brand?post=7316"},{"taxonomy":"product_cat","embeddable":true,"href":"https:\/\/toelthester.dk\/de\/wp-json\/wp\/v2\/product_cat?post=7316"},{"taxonomy":"product_tag","embeddable":true,"href":"https:\/\/toelthester.dk\/de\/wp-json\/wp\/v2\/product_tag?post=7316"}],"curies":[{"name":"wp","href":"https:\/\/api.w.org\/{rel}","templated":true}]}}