{"id":7269,"date":"2019-05-13T15:24:36","date_gmt":"2019-05-13T13:24:36","guid":{"rendered":"https:\/\/toelthester.dk\/?post_type=product&#038;p=7269"},"modified":"2026-04-14T16:09:14","modified_gmt":"2026-04-14T14:09:14","slug":"biothane-mit-nieten-schwarz-ohne-karabiner","status":"publish","type":"product","link":"https:\/\/toelthester.dk\/de\/butik\/biothane-med-dubber-sort-uden-karabinhage\/","title":{"rendered":"Biothane mit Nieten schwarz, ohne Karabiner"},"content":{"rendered":"<p>Dieses Bio-Zaumzeug sorgt f\u00fcr ein optimales Gef\u00fchl beim Pferd und ist dank der Noppen leicht festzuhalten.<\/p>\n<p>&nbsp;<\/p>","protected":false},"excerpt":{"rendered":"<p>Dieses Bio-Zaumzeug sorgt f\u00fcr ein optimales Gef\u00fchl beim Pferd und ist dank der Noppen leicht festzuhalten.<\/p>\n<p>&nbsp;<\/p>","protected":false},"featured_media":7981,"template":"","meta":{"inline_featured_image":false},"product_brand":[],"product_cat":[30],"product_tag":[],"class_list":{"0":"post-7269","1":"product","2":"type-product","3":"status-publish","4":"has-post-thumbnail","6":"product_cat-toejler","8":"first","9":"instock","10":"featured","11":"taxable","12":"shipping-taxable","13":"purchasable","14":"product-type-simple"},"yoast_head":"<!-- This site is optimized with the Yoast SEO plugin v27.4 - https:\/\/yoast.com\/product\/yoast-seo-wordpress\/ -->\n<title>Bio t\u00f8jle giver dig en optimal f\u00f8ling, med dubber. Uden karabinhage<\/title>\n<meta name=\"description\" content=\"Denne Bio t\u00f8jle giver dig en optimal f\u00f8ling med hesten, med dubber der g\u00f8r at den er let at holde fast i. Uden karabinhage.\" \/>\n<meta name=\"robots\" content=\"index, follow, max-snippet:-1, max-image-preview:large, max-video-preview:-1\" \/>\n<link rel=\"canonical\" href=\"https:\/\/toelthester.dk\/de\/speichern\/biothane-mit-nieten-schwarz-ohne-karabiner\/\" \/>\n<meta property=\"og:locale\" content=\"de_DE\" \/>\n<meta property=\"og:type\" content=\"article\" \/>\n<meta property=\"og:title\" content=\"Bio t\u00f8jle giver dig en optimal f\u00f8ling, med dubber. Uden karabinhage\" \/>\n<meta property=\"og:description\" content=\"Denne Bio t\u00f8jle giver dig en optimal f\u00f8ling med hesten, med dubber der g\u00f8r at den er let at holde fast i. Uden karabinhage.\" \/>\n<meta property=\"og:url\" content=\"https:\/\/toelthester.dk\/de\/speichern\/biothane-mit-nieten-schwarz-ohne-karabiner\/\" \/>\n<meta property=\"og:site_name\" content=\"Toelthester\" \/>\n<meta property=\"article:modified_time\" content=\"2026-04-14T14:09:14+00:00\" \/>\n<meta property=\"og:image\" content=\"https:\/\/toelthester.dk\/wp-content\/uploads\/2019\/05\/T\u00f8lthester-371-72-dpi.jpg\" \/>\n\t<meta property=\"og:image:width\" content=\"1341\" \/>\n\t<meta property=\"og:image:height\" content=\"894\" \/>\n\t<meta property=\"og:image:type\" content=\"image\/jpeg\" \/>\n<meta name=\"twitter:card\" content=\"summary_large_image\" \/>\n<meta name=\"twitter:label1\" content=\"Gesch\u00e4tzte Lesezeit\" \/>\n\t<meta name=\"twitter:data1\" content=\"1\u00a0Minute\" \/>\n<script type=\"application\/ld+json\" class=\"yoast-schema-graph\">{\"@context\":\"https:\\\/\\\/schema.org\",\"@graph\":[{\"@type\":\"WebPage\",\"@id\":\"https:\\\/\\\/toelthester.dk\\\/nl\\\/winkel\\\/biothane-met-noppen-zwart-zonder-karabijnhaak\\\/\",\"url\":\"https:\\\/\\\/toelthester.dk\\\/nl\\\/winkel\\\/biothane-met-noppen-zwart-zonder-karabijnhaak\\\/\",\"name\":\"Bio t\u00f8jle giver dig en optimal f\u00f8ling, med dubber. Uden karabinhage\",\"isPartOf\":{\"@id\":\"https:\\\/\\\/toelthester.dk\\\/#website\"},\"primaryImageOfPage\":{\"@id\":\"https:\\\/\\\/toelthester.dk\\\/nl\\\/winkel\\\/biothane-met-noppen-zwart-zonder-karabijnhaak\\\/#primaryimage\"},\"image\":{\"@id\":\"https:\\\/\\\/toelthester.dk\\\/nl\\\/winkel\\\/biothane-met-noppen-zwart-zonder-karabijnhaak\\\/#primaryimage\"},\"thumbnailUrl\":\"https:\\\/\\\/toelthester.dk\\\/wp-content\\\/uploads\\\/2019\\\/05\\\/T\u00f8lthester-371-72-dpi.jpg\",\"datePublished\":\"2019-05-13T13:24:36+00:00\",\"dateModified\":\"2026-04-14T14:09:14+00:00\",\"description\":\"Denne Bio t\u00f8jle giver dig en optimal f\u00f8ling med hesten, med dubber der g\u00f8r at den er let at holde fast i. Uden karabinhage.\",\"breadcrumb\":{\"@id\":\"https:\\\/\\\/toelthester.dk\\\/nl\\\/winkel\\\/biothane-met-noppen-zwart-zonder-karabijnhaak\\\/#breadcrumb\"},\"inLanguage\":\"de\",\"potentialAction\":[{\"@type\":\"ReadAction\",\"target\":[\"https:\\\/\\\/toelthester.dk\\\/nl\\\/winkel\\\/biothane-met-noppen-zwart-zonder-karabijnhaak\\\/\"]}]},{\"@type\":\"ImageObject\",\"inLanguage\":\"de\",\"@id\":\"https:\\\/\\\/toelthester.dk\\\/nl\\\/winkel\\\/biothane-met-noppen-zwart-zonder-karabijnhaak\\\/#primaryimage\",\"url\":\"https:\\\/\\\/toelthester.dk\\\/wp-content\\\/uploads\\\/2019\\\/05\\\/T\u00f8lthester-371-72-dpi.jpg\",\"contentUrl\":\"https:\\\/\\\/toelthester.dk\\\/wp-content\\\/uploads\\\/2019\\\/05\\\/T\u00f8lthester-371-72-dpi.jpg\",\"width\":1341,\"height\":894},{\"@type\":\"BreadcrumbList\",\"@id\":\"https:\\\/\\\/toelthester.dk\\\/nl\\\/winkel\\\/biothane-met-noppen-zwart-zonder-karabijnhaak\\\/#breadcrumb\",\"itemListElement\":[{\"@type\":\"ListItem\",\"position\":1,\"name\":\"Hjem\",\"item\":\"https:\\\/\\\/toelthester.dk\\\/\"},{\"@type\":\"ListItem\",\"position\":2,\"name\":\"Shop\",\"item\":\"https:\\\/\\\/toelthester.dk\\\/shop\\\/\"},{\"@type\":\"ListItem\",\"position\":3,\"name\":\"Biothane med dubber sort, uden karabinhage\"}]},{\"@type\":\"WebSite\",\"@id\":\"https:\\\/\\\/toelthester.dk\\\/#website\",\"url\":\"https:\\\/\\\/toelthester.dk\\\/\",\"name\":\"Toelthester\",\"description\":\"\",\"potentialAction\":[{\"@type\":\"SearchAction\",\"target\":{\"@type\":\"EntryPoint\",\"urlTemplate\":\"https:\\\/\\\/toelthester.dk\\\/?s={search_term_string}\"},\"query-input\":{\"@type\":\"PropertyValueSpecification\",\"valueRequired\":true,\"valueName\":\"search_term_string\"}}],\"inLanguage\":\"de\"}]}<\/script>\n<!-- \/ Yoast SEO plugin. -->","yoast_head_json":{"title":"Bio-Zaumzeug mit Stollen sorgt f\u00fcr ein optimales Gef\u00fchl. Ohne Karabiner","description":"Dieses Bio-Zaumzeug sorgt f\u00fcr ein optimales Gef\u00fchl beim Pferd, mit Noppen, die das Festhalten erleichtern. Ohne Karabiner.","robots":{"index":"index","follow":"follow","max-snippet":"max-snippet:-1","max-image-preview":"max-image-preview:large","max-video-preview":"max-video-preview:-1"},"canonical":"https:\/\/toelthester.dk\/de\/speichern\/biothane-mit-nieten-schwarz-ohne-karabiner\/","og_locale":"de_DE","og_type":"article","og_title":"Bio t\u00f8jle giver dig en optimal f\u00f8ling, med dubber. Uden karabinhage","og_description":"Denne Bio t\u00f8jle giver dig en optimal f\u00f8ling med hesten, med dubber der g\u00f8r at den er let at holde fast i. Uden karabinhage.","og_url":"https:\/\/toelthester.dk\/de\/speichern\/biothane-mit-nieten-schwarz-ohne-karabiner\/","og_site_name":"Toelthester","article_modified_time":"2026-04-14T14:09:14+00:00","og_image":[{"width":1341,"height":894,"url":"https:\/\/toelthester.dk\/wp-content\/uploads\/2019\/05\/T\u00f8lthester-371-72-dpi.jpg","type":"image\/jpeg"}],"twitter_card":"summary_large_image","twitter_misc":{"Gesch\u00e4tzte Lesezeit":"1\u00a0Minute"},"schema":{"@context":"https:\/\/schema.org","@graph":[{"@type":"WebPage","@id":"https:\/\/toelthester.dk\/nl\/winkel\/biothane-met-noppen-zwart-zonder-karabijnhaak\/","url":"https:\/\/toelthester.dk\/nl\/winkel\/biothane-met-noppen-zwart-zonder-karabijnhaak\/","name":"Bio-Zaumzeug mit Stollen sorgt f\u00fcr ein optimales Gef\u00fchl. Ohne Karabiner","isPartOf":{"@id":"https:\/\/toelthester.dk\/#website"},"primaryImageOfPage":{"@id":"https:\/\/toelthester.dk\/nl\/winkel\/biothane-met-noppen-zwart-zonder-karabijnhaak\/#primaryimage"},"image":{"@id":"https:\/\/toelthester.dk\/nl\/winkel\/biothane-met-noppen-zwart-zonder-karabijnhaak\/#primaryimage"},"thumbnailUrl":"https:\/\/toelthester.dk\/wp-content\/uploads\/2019\/05\/T\u00f8lthester-371-72-dpi.jpg","datePublished":"2019-05-13T13:24:36+00:00","dateModified":"2026-04-14T14:09:14+00:00","description":"Dieses Bio-Zaumzeug sorgt f\u00fcr ein optimales Gef\u00fchl beim Pferd, mit Noppen, die das Festhalten erleichtern. Ohne Karabiner.","breadcrumb":{"@id":"https:\/\/toelthester.dk\/nl\/winkel\/biothane-met-noppen-zwart-zonder-karabijnhaak\/#breadcrumb"},"inLanguage":"de","potentialAction":[{"@type":"ReadAction","target":["https:\/\/toelthester.dk\/nl\/winkel\/biothane-met-noppen-zwart-zonder-karabijnhaak\/"]}]},{"@type":"ImageObject","inLanguage":"de","@id":"https:\/\/toelthester.dk\/nl\/winkel\/biothane-met-noppen-zwart-zonder-karabijnhaak\/#primaryimage","url":"https:\/\/toelthester.dk\/wp-content\/uploads\/2019\/05\/T\u00f8lthester-371-72-dpi.jpg","contentUrl":"https:\/\/toelthester.dk\/wp-content\/uploads\/2019\/05\/T\u00f8lthester-371-72-dpi.jpg","width":1341,"height":894},{"@type":"BreadcrumbList","@id":"https:\/\/toelthester.dk\/nl\/winkel\/biothane-met-noppen-zwart-zonder-karabijnhaak\/#breadcrumb","itemListElement":[{"@type":"ListItem","position":1,"name":"Hjem","item":"https:\/\/toelthester.dk\/"},{"@type":"ListItem","position":2,"name":"Shop","item":"https:\/\/toelthester.dk\/shop\/"},{"@type":"ListItem","position":3,"name":"Biothane med dubber sort, uden karabinhage"}]},{"@type":"WebSite","@id":"https:\/\/toelthester.dk\/#website","url":"https:\/\/toelthester.dk\/","name":"Toilettenpferde","description":"","potentialAction":[{"@type":"SearchAction","target":{"@type":"EntryPoint","urlTemplate":"https:\/\/toelthester.dk\/?s={search_term_string}"},"query-input":{"@type":"PropertyValueSpecification","valueRequired":true,"valueName":"search_term_string"}}],"inLanguage":"de"}]}},"_links":{"self":[{"href":"https:\/\/toelthester.dk\/de\/wp-json\/wp\/v2\/product\/7269","targetHints":{"allow":["GET"]}}],"collection":[{"href":"https:\/\/toelthester.dk\/de\/wp-json\/wp\/v2\/product"}],"about":[{"href":"https:\/\/toelthester.dk\/de\/wp-json\/wp\/v2\/types\/product"}],"wp:featuredmedia":[{"embeddable":true,"href":"https:\/\/toelthester.dk\/de\/wp-json\/wp\/v2\/media\/7981"}],"wp:attachment":[{"href":"https:\/\/toelthester.dk\/de\/wp-json\/wp\/v2\/media?parent=7269"}],"wp:term":[{"taxonomy":"product_brand","embeddable":true,"href":"https:\/\/toelthester.dk\/de\/wp-json\/wp\/v2\/product_brand?post=7269"},{"taxonomy":"product_cat","embeddable":true,"href":"https:\/\/toelthester.dk\/de\/wp-json\/wp\/v2\/product_cat?post=7269"},{"taxonomy":"product_tag","embeddable":true,"href":"https:\/\/toelthester.dk\/de\/wp-json\/wp\/v2\/product_tag?post=7269"}],"curies":[{"name":"wp","href":"https:\/\/api.w.org\/{rel}","templated":true}]}}