{"id":7087,"date":"2019-02-12T16:00:11","date_gmt":"2019-02-12T15:00:11","guid":{"rendered":"https:\/\/toelthester.dk\/?post_type=product&#038;p=7087"},"modified":"2026-04-07T14:30:14","modified_gmt":"2026-04-07T12:30:14","slug":"3-teiliger-biss","status":"publish","type":"product","link":"https:\/\/toelthester.dk\/de\/butik\/3-delt-bid\/","title":{"rendered":"Klassisches 3-teiliges Gebiss"},"content":{"rendered":"<p>Der Biss ist der traditionelle isl\u00e4ndische dreiteilige Biss.<\/p>\n<p>Der Biss besteht aus blauem S\u00fc\u00dfeisen, das leicht oxidiert (rostet) und dadurch die Bissakzeptanz f\u00f6rdert.<\/p>\n<p>Erh\u00e4ltlich in den Gr\u00f6\u00dfen 10,5 cm und 11,5 cm<\/p>\n<p>&nbsp;<\/p>","protected":false},"excerpt":{"rendered":"<p>Der Biss ist der traditionelle isl\u00e4ndische dreiteilige Biss.<\/p>\n<p>Der Biss besteht aus blauem S\u00fc\u00dfeisen, das leicht oxidiert (rostet) und dadurch die Bissakzeptanz f\u00f6rdert.<\/p>\n<p>Erh\u00e4ltlich in den Gr\u00f6\u00dfen 10,5 cm und 11,5 cm<\/p>\n<p>&nbsp;<\/p>","protected":false},"featured_media":8107,"template":"","meta":{"inline_featured_image":false},"product_brand":[],"product_cat":[123],"product_tag":[],"class_list":{"0":"post-7087","1":"product","2":"type-product","3":"status-publish","4":"has-post-thumbnail","6":"product_cat-bid","7":"pa_bid-stoerelse-105cm","8":"pa_bid-stoerelse-115cm","10":"first","11":"instock","12":"featured","13":"taxable","14":"shipping-taxable","15":"purchasable","16":"product-type-variable"},"yoast_head":"<!-- This site is optimized with the Yoast SEO plugin v27.4 - https:\/\/yoast.com\/product\/yoast-seo-wordpress\/ -->\n<title>Biddet er det traditionelle islandske 3-delte bid.<\/title>\n<meta name=\"description\" content=\"Biddet er fremstillet af blue Sweet iron, som oxiderer nemt (ruster) og derved fremmer accept af bidet. Findes i str 10,5 cm og 11,5 cm\" \/>\n<meta name=\"robots\" content=\"index, follow, max-snippet:-1, max-image-preview:large, max-video-preview:-1\" \/>\n<link rel=\"canonical\" href=\"https:\/\/toelthester.dk\/de\/speichern\/3-teiliger-biss\/\" \/>\n<meta property=\"og:locale\" content=\"de_DE\" \/>\n<meta property=\"og:type\" content=\"article\" \/>\n<meta property=\"og:title\" content=\"Biddet er det traditionelle islandske 3-delte bid.\" \/>\n<meta property=\"og:description\" content=\"Biddet er fremstillet af blue Sweet iron, som oxiderer nemt (ruster) og derved fremmer accept af bidet. Findes i str 10,5 cm og 11,5 cm\" \/>\n<meta property=\"og:url\" content=\"https:\/\/toelthester.dk\/de\/speichern\/3-teiliger-biss\/\" \/>\n<meta property=\"og:site_name\" content=\"Toelthester\" \/>\n<meta property=\"article:modified_time\" content=\"2026-04-07T12:30:14+00:00\" \/>\n<meta property=\"og:image\" content=\"https:\/\/toelthester.dk\/wp-content\/uploads\/2019\/02\/T\u00f8lthester-308-72-dpi.jpg\" \/>\n\t<meta property=\"og:image:width\" content=\"1399\" \/>\n\t<meta property=\"og:image:height\" content=\"933\" \/>\n\t<meta property=\"og:image:type\" content=\"image\/jpeg\" \/>\n<meta name=\"twitter:card\" content=\"summary_large_image\" \/>\n<meta name=\"twitter:label1\" content=\"Gesch\u00e4tzte Lesezeit\" \/>\n\t<meta name=\"twitter:data1\" content=\"1\u00a0Minute\" \/>\n<script type=\"application\/ld+json\" class=\"yoast-schema-graph\">{\"@context\":\"https:\\\/\\\/schema.org\",\"@graph\":[{\"@type\":\"WebPage\",\"@id\":\"https:\\\/\\\/toelthester.dk\\\/butik\\\/3-delt-bid\\\/\",\"url\":\"https:\\\/\\\/toelthester.dk\\\/butik\\\/3-delt-bid\\\/\",\"name\":\"Biddet er det traditionelle islandske 3-delte bid.\",\"isPartOf\":{\"@id\":\"https:\\\/\\\/toelthester.dk\\\/#website\"},\"primaryImageOfPage\":{\"@id\":\"https:\\\/\\\/toelthester.dk\\\/butik\\\/3-delt-bid\\\/#primaryimage\"},\"image\":{\"@id\":\"https:\\\/\\\/toelthester.dk\\\/butik\\\/3-delt-bid\\\/#primaryimage\"},\"thumbnailUrl\":\"https:\\\/\\\/toelthester.dk\\\/wp-content\\\/uploads\\\/2019\\\/02\\\/T\u00f8lthester-308-72-dpi.jpg\",\"datePublished\":\"2019-02-12T15:00:11+00:00\",\"dateModified\":\"2026-04-07T12:30:14+00:00\",\"description\":\"Biddet er fremstillet af blue Sweet iron, som oxiderer nemt (ruster) og derved fremmer accept af bidet. Findes i str 10,5 cm og 11,5 cm\",\"breadcrumb\":{\"@id\":\"https:\\\/\\\/toelthester.dk\\\/butik\\\/3-delt-bid\\\/#breadcrumb\"},\"inLanguage\":\"de\",\"potentialAction\":[{\"@type\":\"ReadAction\",\"target\":[\"https:\\\/\\\/toelthester.dk\\\/butik\\\/3-delt-bid\\\/\"]}]},{\"@type\":\"ImageObject\",\"inLanguage\":\"de\",\"@id\":\"https:\\\/\\\/toelthester.dk\\\/butik\\\/3-delt-bid\\\/#primaryimage\",\"url\":\"https:\\\/\\\/toelthester.dk\\\/wp-content\\\/uploads\\\/2019\\\/02\\\/T\u00f8lthester-308-72-dpi.jpg\",\"contentUrl\":\"https:\\\/\\\/toelthester.dk\\\/wp-content\\\/uploads\\\/2019\\\/02\\\/T\u00f8lthester-308-72-dpi.jpg\",\"width\":1399,\"height\":933},{\"@type\":\"BreadcrumbList\",\"@id\":\"https:\\\/\\\/toelthester.dk\\\/butik\\\/3-delt-bid\\\/#breadcrumb\",\"itemListElement\":[{\"@type\":\"ListItem\",\"position\":1,\"name\":\"Hjem\",\"item\":\"https:\\\/\\\/toelthester.dk\\\/\"},{\"@type\":\"ListItem\",\"position\":2,\"name\":\"Shop\",\"item\":\"https:\\\/\\\/toelthester.dk\\\/shop\\\/\"},{\"@type\":\"ListItem\",\"position\":3,\"name\":\"Klassisk 3-delt bid\"}]},{\"@type\":\"WebSite\",\"@id\":\"https:\\\/\\\/toelthester.dk\\\/#website\",\"url\":\"https:\\\/\\\/toelthester.dk\\\/\",\"name\":\"Toelthester\",\"description\":\"\",\"potentialAction\":[{\"@type\":\"SearchAction\",\"target\":{\"@type\":\"EntryPoint\",\"urlTemplate\":\"https:\\\/\\\/toelthester.dk\\\/?s={search_term_string}\"},\"query-input\":{\"@type\":\"PropertyValueSpecification\",\"valueRequired\":true,\"valueName\":\"search_term_string\"}}],\"inLanguage\":\"de\"}]}<\/script>\n<!-- \/ Yoast SEO plugin. -->","yoast_head_json":{"title":"Der Biss ist der traditionelle isl\u00e4ndische dreiteilige Biss.","description":"Der Biss besteht aus blauem S\u00fc\u00dfeisen, das leicht oxidiert (rostet) und dadurch die Bissakzeptanz f\u00f6rdert. Erh\u00e4ltlich in den Gr\u00f6\u00dfen 10,5 cm und 11,5 cm","robots":{"index":"index","follow":"follow","max-snippet":"max-snippet:-1","max-image-preview":"max-image-preview:large","max-video-preview":"max-video-preview:-1"},"canonical":"https:\/\/toelthester.dk\/de\/speichern\/3-teiliger-biss\/","og_locale":"de_DE","og_type":"article","og_title":"Biddet er det traditionelle islandske 3-delte bid.","og_description":"Biddet er fremstillet af blue Sweet iron, som oxiderer nemt (ruster) og derved fremmer accept af bidet. Findes i str 10,5 cm og 11,5 cm","og_url":"https:\/\/toelthester.dk\/de\/speichern\/3-teiliger-biss\/","og_site_name":"Toelthester","article_modified_time":"2026-04-07T12:30:14+00:00","og_image":[{"width":1399,"height":933,"url":"https:\/\/toelthester.dk\/wp-content\/uploads\/2019\/02\/T\u00f8lthester-308-72-dpi.jpg","type":"image\/jpeg"}],"twitter_card":"summary_large_image","twitter_misc":{"Gesch\u00e4tzte Lesezeit":"1\u00a0Minute"},"schema":{"@context":"https:\/\/schema.org","@graph":[{"@type":"WebPage","@id":"https:\/\/toelthester.dk\/butik\/3-delt-bid\/","url":"https:\/\/toelthester.dk\/butik\/3-delt-bid\/","name":"Der Biss ist der traditionelle isl\u00e4ndische dreiteilige Biss.","isPartOf":{"@id":"https:\/\/toelthester.dk\/#website"},"primaryImageOfPage":{"@id":"https:\/\/toelthester.dk\/butik\/3-delt-bid\/#primaryimage"},"image":{"@id":"https:\/\/toelthester.dk\/butik\/3-delt-bid\/#primaryimage"},"thumbnailUrl":"https:\/\/toelthester.dk\/wp-content\/uploads\/2019\/02\/T\u00f8lthester-308-72-dpi.jpg","datePublished":"2019-02-12T15:00:11+00:00","dateModified":"2026-04-07T12:30:14+00:00","description":"Der Biss besteht aus blauem S\u00fc\u00dfeisen, das leicht oxidiert (rostet) und dadurch die Bissakzeptanz f\u00f6rdert. Erh\u00e4ltlich in den Gr\u00f6\u00dfen 10,5 cm und 11,5 cm","breadcrumb":{"@id":"https:\/\/toelthester.dk\/butik\/3-delt-bid\/#breadcrumb"},"inLanguage":"de","potentialAction":[{"@type":"ReadAction","target":["https:\/\/toelthester.dk\/butik\/3-delt-bid\/"]}]},{"@type":"ImageObject","inLanguage":"de","@id":"https:\/\/toelthester.dk\/butik\/3-delt-bid\/#primaryimage","url":"https:\/\/toelthester.dk\/wp-content\/uploads\/2019\/02\/T\u00f8lthester-308-72-dpi.jpg","contentUrl":"https:\/\/toelthester.dk\/wp-content\/uploads\/2019\/02\/T\u00f8lthester-308-72-dpi.jpg","width":1399,"height":933},{"@type":"BreadcrumbList","@id":"https:\/\/toelthester.dk\/butik\/3-delt-bid\/#breadcrumb","itemListElement":[{"@type":"ListItem","position":1,"name":"Hjem","item":"https:\/\/toelthester.dk\/"},{"@type":"ListItem","position":2,"name":"Shop","item":"https:\/\/toelthester.dk\/shop\/"},{"@type":"ListItem","position":3,"name":"Klassisk 3-delt bid"}]},{"@type":"WebSite","@id":"https:\/\/toelthester.dk\/#website","url":"https:\/\/toelthester.dk\/","name":"Toilettenpferde","description":"","potentialAction":[{"@type":"SearchAction","target":{"@type":"EntryPoint","urlTemplate":"https:\/\/toelthester.dk\/?s={search_term_string}"},"query-input":{"@type":"PropertyValueSpecification","valueRequired":true,"valueName":"search_term_string"}}],"inLanguage":"de"}]}},"_links":{"self":[{"href":"https:\/\/toelthester.dk\/de\/wp-json\/wp\/v2\/product\/7087","targetHints":{"allow":["GET"]}}],"collection":[{"href":"https:\/\/toelthester.dk\/de\/wp-json\/wp\/v2\/product"}],"about":[{"href":"https:\/\/toelthester.dk\/de\/wp-json\/wp\/v2\/types\/product"}],"wp:featuredmedia":[{"embeddable":true,"href":"https:\/\/toelthester.dk\/de\/wp-json\/wp\/v2\/media\/8107"}],"wp:attachment":[{"href":"https:\/\/toelthester.dk\/de\/wp-json\/wp\/v2\/media?parent=7087"}],"wp:term":[{"taxonomy":"product_brand","embeddable":true,"href":"https:\/\/toelthester.dk\/de\/wp-json\/wp\/v2\/product_brand?post=7087"},{"taxonomy":"product_cat","embeddable":true,"href":"https:\/\/toelthester.dk\/de\/wp-json\/wp\/v2\/product_cat?post=7087"},{"taxonomy":"product_tag","embeddable":true,"href":"https:\/\/toelthester.dk\/de\/wp-json\/wp\/v2\/product_tag?post=7087"}],"curies":[{"name":"wp","href":"https:\/\/api.w.org\/{rel}","templated":true}]}}