{"id":7064,"date":"2019-02-12T15:11:08","date_gmt":"2019-02-12T14:11:08","guid":{"rendered":"https:\/\/toelthester.dk\/?post_type=product&#038;p=7064"},"modified":"2026-04-09T10:40:19","modified_gmt":"2026-04-09T08:40:19","slug":"2-teiliger-verschluss","status":"publish","type":"product","link":"https:\/\/toelthester.dk\/de\/butik\/2-delt-lock-up\/","title":{"rendered":"2-teilig mit Lock-up \u2013 Sweet Iron"},"content":{"rendered":"<p>Das Gebiss ist das traditionelle isl\u00e4ndische zweiteilige Gebiss mit losen Ringen und dem Lock-Up-System.<\/p>\n<p>In der Mitte des Gebisses befindet sich eine einzigartige Sperre, die Sch\u00e4den am Gaumen verhindert, da der Biss nicht brechen kann.<\/p>\n<p>Der Biss besteht aus blauem S\u00fc\u00dfeisen, das leicht oxidiert (rostet) und dadurch die Bissakzeptanz f\u00f6rdert.<\/p>\n<p>Erh\u00e4ltlich in den Gr\u00f6\u00dfen 10,5 cm und 11,5 cm<\/p>\n<p>&nbsp;<\/p>","protected":false},"excerpt":{"rendered":"<p>Das Gebiss ist das traditionelle isl\u00e4ndische zweiteilige Gebiss mit losen Ringen und dem Lock-Up-System.<\/p>\n<p>In der Mitte des Gebisses befindet sich eine einzigartige Sperre, die Sch\u00e4den am Gaumen verhindert, da der Biss nicht brechen kann.<\/p>\n<p>Der Biss besteht aus blauem S\u00fc\u00dfeisen, das leicht oxidiert (rostet) und dadurch die Bissakzeptanz f\u00f6rdert.<\/p>\n<p>Erh\u00e4ltlich in den Gr\u00f6\u00dfen 10,5 cm und 11,5 cm<\/p>\n<p>&nbsp;<\/p>","protected":false},"featured_media":8095,"template":"","meta":{"inline_featured_image":false},"product_brand":[],"product_cat":[123],"product_tag":[],"class_list":{"0":"post-7064","1":"product","2":"type-product","3":"status-publish","4":"has-post-thumbnail","6":"product_cat-bid","7":"pa_bid-stoerelse-105cm","8":"pa_bid-stoerelse-115cm","10":"first","11":"instock","12":"sale","13":"featured","14":"taxable","15":"shipping-taxable","16":"purchasable","17":"product-type-variable"},"yoast_head":"<!-- This site is optimized with the Yoast SEO plugin v27.4 - https:\/\/yoast.com\/product\/yoast-seo-wordpress\/ -->\n<title>Traditionelle islandske 2-delte bid med l\u00f8se ringe, med lock-up systemet.<\/title>\n<meta name=\"description\" content=\"P\u00e5 midten af biddet findes en unik l\u00e5s der forhindre skader i ganen da biddet ikke kan kn\u00e6kke sammen. Biddet er fremstillet af blue Sweet iron.\" \/>\n<meta name=\"robots\" content=\"index, follow, max-snippet:-1, max-image-preview:large, max-video-preview:-1\" \/>\n<link rel=\"canonical\" href=\"https:\/\/toelthester.dk\/de\/speichern\/2-teiliger-verschluss\/\" \/>\n<meta property=\"og:locale\" content=\"de_DE\" \/>\n<meta property=\"og:type\" content=\"article\" \/>\n<meta property=\"og:title\" content=\"Traditionelle islandske 2-delte bid med l\u00f8se ringe, med lock-up systemet.\" \/>\n<meta property=\"og:description\" content=\"P\u00e5 midten af biddet findes en unik l\u00e5s der forhindre skader i ganen da biddet ikke kan kn\u00e6kke sammen. Biddet er fremstillet af blue Sweet iron.\" \/>\n<meta property=\"og:url\" content=\"https:\/\/toelthester.dk\/de\/speichern\/2-teiliger-verschluss\/\" \/>\n<meta property=\"og:site_name\" content=\"Toelthester\" \/>\n<meta property=\"article:modified_time\" content=\"2026-04-09T08:40:19+00:00\" \/>\n<meta property=\"og:image\" content=\"https:\/\/toelthester.dk\/wp-content\/uploads\/2019\/02\/T\u00f8lthester-304-72-dpi.jpg\" \/>\n\t<meta property=\"og:image:width\" content=\"1373\" \/>\n\t<meta property=\"og:image:height\" content=\"915\" \/>\n\t<meta property=\"og:image:type\" content=\"image\/jpeg\" \/>\n<meta name=\"twitter:card\" content=\"summary_large_image\" \/>\n<meta name=\"twitter:label1\" content=\"Gesch\u00e4tzte Lesezeit\" \/>\n\t<meta name=\"twitter:data1\" content=\"1\u00a0Minute\" \/>\n<script type=\"application\/ld+json\" class=\"yoast-schema-graph\">{\"@context\":\"https:\\\/\\\/schema.org\",\"@graph\":[{\"@type\":\"WebPage\",\"@id\":\"https:\\\/\\\/toelthester.dk\\\/butik\\\/2-delt-lock-up\\\/\",\"url\":\"https:\\\/\\\/toelthester.dk\\\/butik\\\/2-delt-lock-up\\\/\",\"name\":\"Traditionelle islandske 2-delte bid med l\u00f8se ringe, med lock-up systemet.\",\"isPartOf\":{\"@id\":\"https:\\\/\\\/toelthester.dk\\\/#website\"},\"primaryImageOfPage\":{\"@id\":\"https:\\\/\\\/toelthester.dk\\\/butik\\\/2-delt-lock-up\\\/#primaryimage\"},\"image\":{\"@id\":\"https:\\\/\\\/toelthester.dk\\\/butik\\\/2-delt-lock-up\\\/#primaryimage\"},\"thumbnailUrl\":\"https:\\\/\\\/toelthester.dk\\\/wp-content\\\/uploads\\\/2019\\\/02\\\/T\u00f8lthester-304-72-dpi.jpg\",\"datePublished\":\"2019-02-12T14:11:08+00:00\",\"dateModified\":\"2026-04-09T08:40:19+00:00\",\"description\":\"P\u00e5 midten af biddet findes en unik l\u00e5s der forhindre skader i ganen da biddet ikke kan kn\u00e6kke sammen. Biddet er fremstillet af blue Sweet iron.\",\"breadcrumb\":{\"@id\":\"https:\\\/\\\/toelthester.dk\\\/butik\\\/2-delt-lock-up\\\/#breadcrumb\"},\"inLanguage\":\"de\",\"potentialAction\":[{\"@type\":\"ReadAction\",\"target\":[\"https:\\\/\\\/toelthester.dk\\\/butik\\\/2-delt-lock-up\\\/\"]}]},{\"@type\":\"ImageObject\",\"inLanguage\":\"de\",\"@id\":\"https:\\\/\\\/toelthester.dk\\\/butik\\\/2-delt-lock-up\\\/#primaryimage\",\"url\":\"https:\\\/\\\/toelthester.dk\\\/wp-content\\\/uploads\\\/2019\\\/02\\\/T\u00f8lthester-304-72-dpi.jpg\",\"contentUrl\":\"https:\\\/\\\/toelthester.dk\\\/wp-content\\\/uploads\\\/2019\\\/02\\\/T\u00f8lthester-304-72-dpi.jpg\",\"width\":1373,\"height\":915},{\"@type\":\"BreadcrumbList\",\"@id\":\"https:\\\/\\\/toelthester.dk\\\/butik\\\/2-delt-lock-up\\\/#breadcrumb\",\"itemListElement\":[{\"@type\":\"ListItem\",\"position\":1,\"name\":\"Hjem\",\"item\":\"https:\\\/\\\/toelthester.dk\\\/\"},{\"@type\":\"ListItem\",\"position\":2,\"name\":\"Shop\",\"item\":\"https:\\\/\\\/toelthester.dk\\\/shop\\\/\"},{\"@type\":\"ListItem\",\"position\":3,\"name\":\"2-delt med lock-up\"}]},{\"@type\":\"WebSite\",\"@id\":\"https:\\\/\\\/toelthester.dk\\\/#website\",\"url\":\"https:\\\/\\\/toelthester.dk\\\/\",\"name\":\"Toelthester\",\"description\":\"\",\"potentialAction\":[{\"@type\":\"SearchAction\",\"target\":{\"@type\":\"EntryPoint\",\"urlTemplate\":\"https:\\\/\\\/toelthester.dk\\\/?s={search_term_string}\"},\"query-input\":{\"@type\":\"PropertyValueSpecification\",\"valueRequired\":true,\"valueName\":\"search_term_string\"}}],\"inLanguage\":\"de\"}]}<\/script>\n<!-- \/ Yoast SEO plugin. -->","yoast_head_json":{"title":"Traditionelles isl\u00e4ndisches zweiteiliges Gebiss mit losen Ringen und Lock-up-System.","description":"In der Mitte des Gebisses befindet sich eine einzigartige Sperre, die Sch\u00e4den am Gaumen verhindert, da der Biss nicht brechen kann. Das Gebiss besteht aus blauem Sweet Iron.","robots":{"index":"index","follow":"follow","max-snippet":"max-snippet:-1","max-image-preview":"max-image-preview:large","max-video-preview":"max-video-preview:-1"},"canonical":"https:\/\/toelthester.dk\/de\/speichern\/2-teiliger-verschluss\/","og_locale":"de_DE","og_type":"article","og_title":"Traditionelle islandske 2-delte bid med l\u00f8se ringe, med lock-up systemet.","og_description":"P\u00e5 midten af biddet findes en unik l\u00e5s der forhindre skader i ganen da biddet ikke kan kn\u00e6kke sammen. Biddet er fremstillet af blue Sweet iron.","og_url":"https:\/\/toelthester.dk\/de\/speichern\/2-teiliger-verschluss\/","og_site_name":"Toelthester","article_modified_time":"2026-04-09T08:40:19+00:00","og_image":[{"width":1373,"height":915,"url":"https:\/\/toelthester.dk\/wp-content\/uploads\/2019\/02\/T\u00f8lthester-304-72-dpi.jpg","type":"image\/jpeg"}],"twitter_card":"summary_large_image","twitter_misc":{"Gesch\u00e4tzte Lesezeit":"1\u00a0Minute"},"schema":{"@context":"https:\/\/schema.org","@graph":[{"@type":"WebPage","@id":"https:\/\/toelthester.dk\/butik\/2-delt-lock-up\/","url":"https:\/\/toelthester.dk\/butik\/2-delt-lock-up\/","name":"Traditionelles isl\u00e4ndisches zweiteiliges Gebiss mit losen Ringen und Lock-up-System.","isPartOf":{"@id":"https:\/\/toelthester.dk\/#website"},"primaryImageOfPage":{"@id":"https:\/\/toelthester.dk\/butik\/2-delt-lock-up\/#primaryimage"},"image":{"@id":"https:\/\/toelthester.dk\/butik\/2-delt-lock-up\/#primaryimage"},"thumbnailUrl":"https:\/\/toelthester.dk\/wp-content\/uploads\/2019\/02\/T\u00f8lthester-304-72-dpi.jpg","datePublished":"2019-02-12T14:11:08+00:00","dateModified":"2026-04-09T08:40:19+00:00","description":"In der Mitte des Gebisses befindet sich eine einzigartige Sperre, die Sch\u00e4den am Gaumen verhindert, da der Biss nicht brechen kann. Das Gebiss besteht aus blauem Sweet Iron.","breadcrumb":{"@id":"https:\/\/toelthester.dk\/butik\/2-delt-lock-up\/#breadcrumb"},"inLanguage":"de","potentialAction":[{"@type":"ReadAction","target":["https:\/\/toelthester.dk\/butik\/2-delt-lock-up\/"]}]},{"@type":"ImageObject","inLanguage":"de","@id":"https:\/\/toelthester.dk\/butik\/2-delt-lock-up\/#primaryimage","url":"https:\/\/toelthester.dk\/wp-content\/uploads\/2019\/02\/T\u00f8lthester-304-72-dpi.jpg","contentUrl":"https:\/\/toelthester.dk\/wp-content\/uploads\/2019\/02\/T\u00f8lthester-304-72-dpi.jpg","width":1373,"height":915},{"@type":"BreadcrumbList","@id":"https:\/\/toelthester.dk\/butik\/2-delt-lock-up\/#breadcrumb","itemListElement":[{"@type":"ListItem","position":1,"name":"Hjem","item":"https:\/\/toelthester.dk\/"},{"@type":"ListItem","position":2,"name":"Shop","item":"https:\/\/toelthester.dk\/shop\/"},{"@type":"ListItem","position":3,"name":"2-delt med lock-up"}]},{"@type":"WebSite","@id":"https:\/\/toelthester.dk\/#website","url":"https:\/\/toelthester.dk\/","name":"Toilettenpferde","description":"","potentialAction":[{"@type":"SearchAction","target":{"@type":"EntryPoint","urlTemplate":"https:\/\/toelthester.dk\/?s={search_term_string}"},"query-input":{"@type":"PropertyValueSpecification","valueRequired":true,"valueName":"search_term_string"}}],"inLanguage":"de"}]}},"_links":{"self":[{"href":"https:\/\/toelthester.dk\/de\/wp-json\/wp\/v2\/product\/7064","targetHints":{"allow":["GET"]}}],"collection":[{"href":"https:\/\/toelthester.dk\/de\/wp-json\/wp\/v2\/product"}],"about":[{"href":"https:\/\/toelthester.dk\/de\/wp-json\/wp\/v2\/types\/product"}],"wp:featuredmedia":[{"embeddable":true,"href":"https:\/\/toelthester.dk\/de\/wp-json\/wp\/v2\/media\/8095"}],"wp:attachment":[{"href":"https:\/\/toelthester.dk\/de\/wp-json\/wp\/v2\/media?parent=7064"}],"wp:term":[{"taxonomy":"product_brand","embeddable":true,"href":"https:\/\/toelthester.dk\/de\/wp-json\/wp\/v2\/product_brand?post=7064"},{"taxonomy":"product_cat","embeddable":true,"href":"https:\/\/toelthester.dk\/de\/wp-json\/wp\/v2\/product_cat?post=7064"},{"taxonomy":"product_tag","embeddable":true,"href":"https:\/\/toelthester.dk\/de\/wp-json\/wp\/v2\/product_tag?post=7064"}],"curies":[{"name":"wp","href":"https:\/\/api.w.org\/{rel}","templated":true}]}}