{"id":696,"date":"2016-10-26T14:31:45","date_gmt":"2016-10-26T12:31:45","guid":{"rendered":"http:\/\/toelthester.dk\/butik\/safir\/"},"modified":"2025-04-28T14:37:22","modified_gmt":"2025-04-28T12:37:22","slug":"saphir","status":"publish","type":"product","link":"https:\/\/toelthester.dk\/de\/butik\/safir\/","title":{"rendered":"Safir"},"content":{"rendered":"<p><strong>Technische Daten:<\/strong><br \/>\nF\u00fcllung: Latex oder Wolle<br \/>\nAusleger: C \u2013 Mit austauschbarem Kopfentferner<br \/>\nAuslegergr\u00f6\u00dfe: Narrow 24 \u2013 25 \u2013 Normal 26 \u2013 27 \u2013 Wide 28 \u2013 29 und 30 Xwide.<br \/>\nSitzgr\u00f6\u00dfen: 16,0\u2033 \u2013 16,5\u2033 \u2013 17,0\u2033 \u2013 17,5\u2033 \u2013 18,0\u2033<br \/>\nGewicht: 6,8 kg<\/p>\n<p>&nbsp;<\/p>","protected":false},"excerpt":{"rendered":"<p><strong>Saphir aus T\u00f8lthester<\/strong><\/p>\n<p>Tiefer Sitz, \u00e4hnlich wie ein normaler Dressursattel mit doppeltem Sattelblatt und innenliegenden Kniepolstern.<\/p>\n<p>Safir basiert auf einem C-Boom und einem Design, das dem Pferd mehr Schulterfreiheit und besseren Halt f\u00fcr den Reiter gibt. Der Sattel verf\u00fcgt \u00fcber einen Flex-Boom und austauschbare Cup-Eisen.<br \/>\nUnsere Kunden, die den Sattel gekauft und ausprobiert haben, sagen, dass er einen tiefen Sitz mit gutem Kontakt zum Pferd und nicht zuletzt eine Unterst\u00fctzung im R\u00fccken hat.<br \/>\nDer Sattel ist kurz und somit auch bequem f\u00fcr das Pferd. Der Safir-Sattel verf\u00fcgt \u00fcber einen breiten Kanal, der dem Pferd optimale R\u00fcckenfreiheit bietet.<\/p>\n<p>Safir ist auf einem C-Ausleger aufgebaut, einem Flexi-Ausleger. Mit Doppelklappe<\/p>\n<p>Lieferung mit entweder 3 Lagen Latex- oder Wollpolsterung.<\/p>","protected":false},"featured_media":7730,"template":"","meta":{"inline_featured_image":false},"product_brand":[],"product_cat":[10],"product_tag":[],"class_list":{"0":"post-696","1":"product","2":"type-product","3":"status-publish","4":"has-post-thumbnail","6":"product_cat-sadler","8":"first","9":"instock","10":"featured","11":"taxable","12":"shipping-taxable","13":"purchasable","14":"product-type-variable","15":"has-default-attributes"},"yoast_head":"<!-- This site is optimized with the Yoast SEO plugin v27.3 - https:\/\/yoast.com\/product\/yoast-seo-wordpress\/ -->\n<title>T\u00f8lthester Safir med unikke rideegenskaber, du vil blive overrasket.<\/title>\n<meta name=\"description\" content=\"Safir er T\u00f8lthesters nyeste sadel og suver\u00e6ne flagskib. Sadlen er udformet, s\u00e5 den giver meget t\u00e6t kontakt mellem hest og rytter.\" \/>\n<meta name=\"robots\" content=\"index, follow, max-snippet:-1, max-image-preview:large, max-video-preview:-1\" \/>\n<link rel=\"canonical\" href=\"https:\/\/toelthester.dk\/de\/speichern\/saphir\/\" \/>\n<meta property=\"og:locale\" content=\"de_DE\" \/>\n<meta property=\"og:type\" content=\"article\" \/>\n<meta property=\"og:title\" content=\"T\u00f8lthester Safir med unikke rideegenskaber, du vil blive overrasket.\" \/>\n<meta property=\"og:description\" content=\"Safir er T\u00f8lthesters nyeste sadel og suver\u00e6ne flagskib. Sadlen er udformet, s\u00e5 den giver meget t\u00e6t kontakt mellem hest og rytter.\" \/>\n<meta property=\"og:url\" content=\"https:\/\/toelthester.dk\/de\/speichern\/saphir\/\" \/>\n<meta property=\"og:site_name\" content=\"Toelthester\" \/>\n<meta property=\"article:modified_time\" content=\"2025-04-28T12:37:22+00:00\" \/>\n<meta property=\"og:image\" content=\"https:\/\/toelthester.dk\/wp-content\/uploads\/2016\/10\/T\u00f8lthester-121-72-dpi.jpg\" \/>\n\t<meta property=\"og:image:width\" content=\"1440\" \/>\n\t<meta property=\"og:image:height\" content=\"960\" \/>\n\t<meta property=\"og:image:type\" content=\"image\/jpeg\" \/>\n<meta name=\"twitter:card\" content=\"summary_large_image\" \/>\n<meta name=\"twitter:label1\" content=\"Gesch\u00e4tzte Lesezeit\" \/>\n\t<meta name=\"twitter:data1\" content=\"1\u00a0Minute\" \/>\n<script type=\"application\/ld+json\" class=\"yoast-schema-graph\">{\"@context\":\"https:\\\/\\\/schema.org\",\"@graph\":[{\"@type\":\"WebPage\",\"@id\":\"https:\\\/\\\/toelthester.dk\\\/nl\\\/winkel\\\/saffier\\\/\",\"url\":\"https:\\\/\\\/toelthester.dk\\\/nl\\\/winkel\\\/saffier\\\/\",\"name\":\"T\u00f8lthester Safir med unikke rideegenskaber, du vil blive overrasket.\",\"isPartOf\":{\"@id\":\"https:\\\/\\\/toelthester.dk\\\/#website\"},\"primaryImageOfPage\":{\"@id\":\"https:\\\/\\\/toelthester.dk\\\/nl\\\/winkel\\\/saffier\\\/#primaryimage\"},\"image\":{\"@id\":\"https:\\\/\\\/toelthester.dk\\\/nl\\\/winkel\\\/saffier\\\/#primaryimage\"},\"thumbnailUrl\":\"https:\\\/\\\/toelthester.dk\\\/wp-content\\\/uploads\\\/2016\\\/10\\\/T\u00f8lthester-121-72-dpi.jpg\",\"datePublished\":\"2016-10-26T12:31:45+00:00\",\"dateModified\":\"2025-04-28T12:37:22+00:00\",\"description\":\"Safir er T\u00f8lthesters nyeste sadel og suver\u00e6ne flagskib. Sadlen er udformet, s\u00e5 den giver meget t\u00e6t kontakt mellem hest og rytter.\",\"breadcrumb\":{\"@id\":\"https:\\\/\\\/toelthester.dk\\\/nl\\\/winkel\\\/saffier\\\/#breadcrumb\"},\"inLanguage\":\"de\",\"potentialAction\":[{\"@type\":\"ReadAction\",\"target\":[\"https:\\\/\\\/toelthester.dk\\\/nl\\\/winkel\\\/saffier\\\/\"]}]},{\"@type\":\"ImageObject\",\"inLanguage\":\"de\",\"@id\":\"https:\\\/\\\/toelthester.dk\\\/nl\\\/winkel\\\/saffier\\\/#primaryimage\",\"url\":\"https:\\\/\\\/toelthester.dk\\\/wp-content\\\/uploads\\\/2016\\\/10\\\/T\u00f8lthester-121-72-dpi.jpg\",\"contentUrl\":\"https:\\\/\\\/toelthester.dk\\\/wp-content\\\/uploads\\\/2016\\\/10\\\/T\u00f8lthester-121-72-dpi.jpg\",\"width\":1440,\"height\":960},{\"@type\":\"BreadcrumbList\",\"@id\":\"https:\\\/\\\/toelthester.dk\\\/nl\\\/winkel\\\/saffier\\\/#breadcrumb\",\"itemListElement\":[{\"@type\":\"ListItem\",\"position\":1,\"name\":\"Hjem\",\"item\":\"https:\\\/\\\/toelthester.dk\\\/\"},{\"@type\":\"ListItem\",\"position\":2,\"name\":\"Shop\",\"item\":\"https:\\\/\\\/toelthester.dk\\\/shop\\\/\"},{\"@type\":\"ListItem\",\"position\":3,\"name\":\"Safir\"}]},{\"@type\":\"WebSite\",\"@id\":\"https:\\\/\\\/toelthester.dk\\\/#website\",\"url\":\"https:\\\/\\\/toelthester.dk\\\/\",\"name\":\"Toelthester\",\"description\":\"\",\"potentialAction\":[{\"@type\":\"SearchAction\",\"target\":{\"@type\":\"EntryPoint\",\"urlTemplate\":\"https:\\\/\\\/toelthester.dk\\\/?s={search_term_string}\"},\"query-input\":{\"@type\":\"PropertyValueSpecification\",\"valueRequired\":true,\"valueName\":\"search_term_string\"}}],\"inLanguage\":\"de\"}]}<\/script>\n<!-- \/ Yoast SEO plugin. -->","yoast_head_json":{"title":"T\u00f8lthester Safir mit einzigartigen Fahreigenschaften, Sie werden \u00fcberrascht sein.","description":"Safir ist T\u00f8lthesters neuester Sattel und h\u00f6chstes Flaggschiff. Der Sattel ist so konzipiert, dass er einen sehr engen Kontakt zwischen Pferd und Reiter erm\u00f6glicht.","robots":{"index":"index","follow":"follow","max-snippet":"max-snippet:-1","max-image-preview":"max-image-preview:large","max-video-preview":"max-video-preview:-1"},"canonical":"https:\/\/toelthester.dk\/de\/speichern\/saphir\/","og_locale":"de_DE","og_type":"article","og_title":"T\u00f8lthester Safir med unikke rideegenskaber, du vil blive overrasket.","og_description":"Safir er T\u00f8lthesters nyeste sadel og suver\u00e6ne flagskib. Sadlen er udformet, s\u00e5 den giver meget t\u00e6t kontakt mellem hest og rytter.","og_url":"https:\/\/toelthester.dk\/de\/speichern\/saphir\/","og_site_name":"Toelthester","article_modified_time":"2025-04-28T12:37:22+00:00","og_image":[{"width":1440,"height":960,"url":"https:\/\/toelthester.dk\/wp-content\/uploads\/2016\/10\/T\u00f8lthester-121-72-dpi.jpg","type":"image\/jpeg"}],"twitter_card":"summary_large_image","twitter_misc":{"Gesch\u00e4tzte Lesezeit":"1\u00a0Minute"},"schema":{"@context":"https:\/\/schema.org","@graph":[{"@type":"WebPage","@id":"https:\/\/toelthester.dk\/nl\/winkel\/saffier\/","url":"https:\/\/toelthester.dk\/nl\/winkel\/saffier\/","name":"T\u00f8lthester Safir mit einzigartigen Fahreigenschaften, Sie werden \u00fcberrascht sein.","isPartOf":{"@id":"https:\/\/toelthester.dk\/#website"},"primaryImageOfPage":{"@id":"https:\/\/toelthester.dk\/nl\/winkel\/saffier\/#primaryimage"},"image":{"@id":"https:\/\/toelthester.dk\/nl\/winkel\/saffier\/#primaryimage"},"thumbnailUrl":"https:\/\/toelthester.dk\/wp-content\/uploads\/2016\/10\/T\u00f8lthester-121-72-dpi.jpg","datePublished":"2016-10-26T12:31:45+00:00","dateModified":"2025-04-28T12:37:22+00:00","description":"Safir ist T\u00f8lthesters neuester Sattel und h\u00f6chstes Flaggschiff. Der Sattel ist so konzipiert, dass er einen sehr engen Kontakt zwischen Pferd und Reiter erm\u00f6glicht.","breadcrumb":{"@id":"https:\/\/toelthester.dk\/nl\/winkel\/saffier\/#breadcrumb"},"inLanguage":"de","potentialAction":[{"@type":"ReadAction","target":["https:\/\/toelthester.dk\/nl\/winkel\/saffier\/"]}]},{"@type":"ImageObject","inLanguage":"de","@id":"https:\/\/toelthester.dk\/nl\/winkel\/saffier\/#primaryimage","url":"https:\/\/toelthester.dk\/wp-content\/uploads\/2016\/10\/T\u00f8lthester-121-72-dpi.jpg","contentUrl":"https:\/\/toelthester.dk\/wp-content\/uploads\/2016\/10\/T\u00f8lthester-121-72-dpi.jpg","width":1440,"height":960},{"@type":"BreadcrumbList","@id":"https:\/\/toelthester.dk\/nl\/winkel\/saffier\/#breadcrumb","itemListElement":[{"@type":"ListItem","position":1,"name":"Hjem","item":"https:\/\/toelthester.dk\/"},{"@type":"ListItem","position":2,"name":"Shop","item":"https:\/\/toelthester.dk\/shop\/"},{"@type":"ListItem","position":3,"name":"Safir"}]},{"@type":"WebSite","@id":"https:\/\/toelthester.dk\/#website","url":"https:\/\/toelthester.dk\/","name":"Toilettenpferde","description":"","potentialAction":[{"@type":"SearchAction","target":{"@type":"EntryPoint","urlTemplate":"https:\/\/toelthester.dk\/?s={search_term_string}"},"query-input":{"@type":"PropertyValueSpecification","valueRequired":true,"valueName":"search_term_string"}}],"inLanguage":"de"}]}},"_links":{"self":[{"href":"https:\/\/toelthester.dk\/de\/wp-json\/wp\/v2\/product\/696","targetHints":{"allow":["GET"]}}],"collection":[{"href":"https:\/\/toelthester.dk\/de\/wp-json\/wp\/v2\/product"}],"about":[{"href":"https:\/\/toelthester.dk\/de\/wp-json\/wp\/v2\/types\/product"}],"wp:featuredmedia":[{"embeddable":true,"href":"https:\/\/toelthester.dk\/de\/wp-json\/wp\/v2\/media\/7730"}],"wp:attachment":[{"href":"https:\/\/toelthester.dk\/de\/wp-json\/wp\/v2\/media?parent=696"}],"wp:term":[{"taxonomy":"product_brand","embeddable":true,"href":"https:\/\/toelthester.dk\/de\/wp-json\/wp\/v2\/product_brand?post=696"},{"taxonomy":"product_cat","embeddable":true,"href":"https:\/\/toelthester.dk\/de\/wp-json\/wp\/v2\/product_cat?post=696"},{"taxonomy":"product_tag","embeddable":true,"href":"https:\/\/toelthester.dk\/de\/wp-json\/wp\/v2\/product_tag?post=696"}],"curies":[{"name":"wp","href":"https:\/\/api.w.org\/{rel}","templated":true}]}}