{"id":6810,"date":"2018-07-26T11:26:39","date_gmt":"2018-07-26T09:26:39","guid":{"rendered":"https:\/\/toelthester.dk\/?post_type=product&#038;p=6810"},"modified":"2025-06-18T16:20:29","modified_gmt":"2025-06-18T14:20:29","slug":"flocken","status":"publish","type":"product","link":"https:\/\/toelthester.dk\/de\/butik\/flaki\/","title":{"rendered":"Flaki"},"content":{"rendered":"<p><strong>Technische Daten:<\/strong><br \/>\nF\u00fcllung: Latex oder Wolle<br \/>\nAusleger: A \u2013 Mit austauschbarem Kopfentferner<br \/>\nAuslegergr\u00f6\u00dfe: Narrow 24 \u2013 25 \u2013 Normal 26 \u2013 27 \u2013 Wide 28 \u2013 29 und 30 Xwide.<br \/>\nSitzgr\u00f6\u00dfen: 16,0\u2033 \u2013 16,5\u2033 \u2013 17,0\u2033 \u2013 17,5\u2033 \u2013 18,0\u2033<br \/>\nGewicht: 6,3 kg<\/p>\n<p>&nbsp;<\/p>","protected":false},"excerpt":{"rendered":"<p><strong>Fl\u00e1ki aus T\u00f8lthester<\/strong><\/p>\n<p>Der Sattel verf\u00fcgt \u00fcber neu entwickelte Platten, die aus drei Latexschichten bestehen, wobei die innere hart und die \u00e4u\u00dfere weich ist. Das bedeutet, dass wir eine weiche Oberfl\u00e4che am Pferder\u00fccken und einen harten Kern am Sattel erhalten. Der harte Kern verhindert, dass der Sattel auf den R\u00fccken des Pferdes schl\u00e4gt.<\/p>\n<p>Der Kanal zwischen den beiden Paneelen hat die optimale Breite, um dem R\u00fccken Freiheit zu geben und dem Reiter zu erm\u00f6glichen, so nah an das Pferd heranzukommen, wie es technisch m\u00f6glich ist.<\/p>\n<p>Der Sitz im Sattel sorgt f\u00fcr eine nat\u00fcrliche Haltung des Reiters. Fl\u00e1ki hat eine mitteltiefe Sitzfl\u00e4che mit kurzen Kniepolstern, die f\u00fcr einen bequemen Sitz sorgt.<\/p>\n<p>Der Sattel ist mit braunen N\u00e4hten versehen und besteht aus feinstem Kalbsleder, das beim Reiten f\u00fcr einen guten Halt sorgt.<\/p>\n<p>Fl\u00e1ki ist auf einem A-Ausleger, einem Flexi-Ausleger, aufgebaut. Mit 1,5 Sattelblatt.<\/p>\n<p>Lieferung mit entweder 3 Lagen Latex- oder Wollpolsterung. Fl\u00e1ki ist auch in komplett schwarzem Leder erh\u00e4ltlich.<\/p>\n<p>&nbsp;<\/p>","protected":false},"featured_media":7796,"template":"","meta":{"inline_featured_image":false},"product_brand":[],"product_cat":[10],"product_tag":[],"class_list":{"0":"post-6810","1":"product","2":"type-product","3":"status-publish","4":"has-post-thumbnail","6":"product_cat-sadler","8":"first","9":"instock","10":"featured","11":"taxable","12":"shipping-taxable","13":"purchasable","14":"product-type-variable"},"yoast_head":"<!-- This site is optimized with the Yoast SEO plugin v27.3 - https:\/\/yoast.com\/product\/yoast-seo-wordpress\/ -->\n<title>T\u00f8lthester Fl\u00e1ki, en sadel fra T\u00f8lthester med sp\u00e6ndende design<\/title>\n<meta name=\"description\" content=\"Sadlen har nyudviklet paneller p\u00e5, der er opbygget af tre lags latex. Selve s\u00e6det i sadlen giver en naturlig opstilling til rytteren, med korte kn\u00e6puder.\" \/>\n<meta name=\"robots\" content=\"index, follow, max-snippet:-1, max-image-preview:large, max-video-preview:-1\" \/>\n<link rel=\"canonical\" href=\"https:\/\/toelthester.dk\/de\/speichern\/flocken\/\" \/>\n<meta property=\"og:locale\" content=\"de_DE\" \/>\n<meta property=\"og:type\" content=\"article\" \/>\n<meta property=\"og:title\" content=\"T\u00f8lthester Fl\u00e1ki, en sadel fra T\u00f8lthester med sp\u00e6ndende design\" \/>\n<meta property=\"og:description\" content=\"Sadlen har nyudviklet paneller p\u00e5, der er opbygget af tre lags latex. Selve s\u00e6det i sadlen giver en naturlig opstilling til rytteren, med korte kn\u00e6puder.\" \/>\n<meta property=\"og:url\" content=\"https:\/\/toelthester.dk\/de\/speichern\/flocken\/\" \/>\n<meta property=\"og:site_name\" content=\"Toelthester\" \/>\n<meta property=\"article:modified_time\" content=\"2025-06-18T14:20:29+00:00\" \/>\n<meta property=\"og:image\" content=\"https:\/\/toelthester.dk\/wp-content\/uploads\/2018\/07\/T\u00f8lthester-153-72-dpi.jpg\" \/>\n\t<meta property=\"og:image:width\" content=\"1440\" \/>\n\t<meta property=\"og:image:height\" content=\"960\" \/>\n\t<meta property=\"og:image:type\" content=\"image\/jpeg\" \/>\n<meta name=\"twitter:card\" content=\"summary_large_image\" \/>\n<meta name=\"twitter:label1\" content=\"Gesch\u00e4tzte Lesezeit\" \/>\n\t<meta name=\"twitter:data1\" content=\"1\u00a0Minute\" \/>\n<script type=\"application\/ld+json\" class=\"yoast-schema-graph\">{\"@context\":\"https:\\\/\\\/schema.org\",\"@graph\":[{\"@type\":\"WebPage\",\"@id\":\"https:\\\/\\\/toelthester.dk\\\/en\\\/store\\\/flakes\\\/\",\"url\":\"https:\\\/\\\/toelthester.dk\\\/en\\\/store\\\/flakes\\\/\",\"name\":\"T\u00f8lthester Fl\u00e1ki, en sadel fra T\u00f8lthester med sp\u00e6ndende design\",\"isPartOf\":{\"@id\":\"https:\\\/\\\/toelthester.dk\\\/#website\"},\"primaryImageOfPage\":{\"@id\":\"https:\\\/\\\/toelthester.dk\\\/en\\\/store\\\/flakes\\\/#primaryimage\"},\"image\":{\"@id\":\"https:\\\/\\\/toelthester.dk\\\/en\\\/store\\\/flakes\\\/#primaryimage\"},\"thumbnailUrl\":\"https:\\\/\\\/toelthester.dk\\\/wp-content\\\/uploads\\\/2018\\\/07\\\/T\u00f8lthester-153-72-dpi.jpg\",\"datePublished\":\"2018-07-26T09:26:39+00:00\",\"dateModified\":\"2025-06-18T14:20:29+00:00\",\"description\":\"Sadlen har nyudviklet paneller p\u00e5, der er opbygget af tre lags latex. Selve s\u00e6det i sadlen giver en naturlig opstilling til rytteren, med korte kn\u00e6puder.\",\"breadcrumb\":{\"@id\":\"https:\\\/\\\/toelthester.dk\\\/en\\\/store\\\/flakes\\\/#breadcrumb\"},\"inLanguage\":\"de\",\"potentialAction\":[{\"@type\":\"ReadAction\",\"target\":[\"https:\\\/\\\/toelthester.dk\\\/en\\\/store\\\/flakes\\\/\"]}]},{\"@type\":\"ImageObject\",\"inLanguage\":\"de\",\"@id\":\"https:\\\/\\\/toelthester.dk\\\/en\\\/store\\\/flakes\\\/#primaryimage\",\"url\":\"https:\\\/\\\/toelthester.dk\\\/wp-content\\\/uploads\\\/2018\\\/07\\\/T\u00f8lthester-153-72-dpi.jpg\",\"contentUrl\":\"https:\\\/\\\/toelthester.dk\\\/wp-content\\\/uploads\\\/2018\\\/07\\\/T\u00f8lthester-153-72-dpi.jpg\",\"width\":1440,\"height\":960},{\"@type\":\"BreadcrumbList\",\"@id\":\"https:\\\/\\\/toelthester.dk\\\/en\\\/store\\\/flakes\\\/#breadcrumb\",\"itemListElement\":[{\"@type\":\"ListItem\",\"position\":1,\"name\":\"Hjem\",\"item\":\"https:\\\/\\\/toelthester.dk\\\/\"},{\"@type\":\"ListItem\",\"position\":2,\"name\":\"Shop\",\"item\":\"https:\\\/\\\/toelthester.dk\\\/shop\\\/\"},{\"@type\":\"ListItem\",\"position\":3,\"name\":\"Fl\u00e1ki\"}]},{\"@type\":\"WebSite\",\"@id\":\"https:\\\/\\\/toelthester.dk\\\/#website\",\"url\":\"https:\\\/\\\/toelthester.dk\\\/\",\"name\":\"Toelthester\",\"description\":\"\",\"potentialAction\":[{\"@type\":\"SearchAction\",\"target\":{\"@type\":\"EntryPoint\",\"urlTemplate\":\"https:\\\/\\\/toelthester.dk\\\/?s={search_term_string}\"},\"query-input\":{\"@type\":\"PropertyValueSpecification\",\"valueRequired\":true,\"valueName\":\"search_term_string\"}}],\"inLanguage\":\"de\"}]}<\/script>\n<!-- \/ Yoast SEO plugin. -->","yoast_head_json":{"title":"T\u00f8lthester Fl\u00e1ki, ein Sattel von T\u00f8lthester mit aufregendem Design","description":"Der Sattel verf\u00fcgt \u00fcber neu entwickelte Kissen aus drei Lagen Latex. Der Sitz selbst im Sattel sorgt mit kurzen Kniepolstern f\u00fcr eine nat\u00fcrliche Position des Reiters.","robots":{"index":"index","follow":"follow","max-snippet":"max-snippet:-1","max-image-preview":"max-image-preview:large","max-video-preview":"max-video-preview:-1"},"canonical":"https:\/\/toelthester.dk\/de\/speichern\/flocken\/","og_locale":"de_DE","og_type":"article","og_title":"T\u00f8lthester Fl\u00e1ki, en sadel fra T\u00f8lthester med sp\u00e6ndende design","og_description":"Sadlen har nyudviklet paneller p\u00e5, der er opbygget af tre lags latex. Selve s\u00e6det i sadlen giver en naturlig opstilling til rytteren, med korte kn\u00e6puder.","og_url":"https:\/\/toelthester.dk\/de\/speichern\/flocken\/","og_site_name":"Toelthester","article_modified_time":"2025-06-18T14:20:29+00:00","og_image":[{"width":1440,"height":960,"url":"https:\/\/toelthester.dk\/wp-content\/uploads\/2018\/07\/T\u00f8lthester-153-72-dpi.jpg","type":"image\/jpeg"}],"twitter_card":"summary_large_image","twitter_misc":{"Gesch\u00e4tzte Lesezeit":"1\u00a0Minute"},"schema":{"@context":"https:\/\/schema.org","@graph":[{"@type":"WebPage","@id":"https:\/\/toelthester.dk\/en\/store\/flakes\/","url":"https:\/\/toelthester.dk\/en\/store\/flakes\/","name":"T\u00f8lthester Fl\u00e1ki, ein Sattel von T\u00f8lthester mit aufregendem Design","isPartOf":{"@id":"https:\/\/toelthester.dk\/#website"},"primaryImageOfPage":{"@id":"https:\/\/toelthester.dk\/en\/store\/flakes\/#primaryimage"},"image":{"@id":"https:\/\/toelthester.dk\/en\/store\/flakes\/#primaryimage"},"thumbnailUrl":"https:\/\/toelthester.dk\/wp-content\/uploads\/2018\/07\/T\u00f8lthester-153-72-dpi.jpg","datePublished":"2018-07-26T09:26:39+00:00","dateModified":"2025-06-18T14:20:29+00:00","description":"Der Sattel verf\u00fcgt \u00fcber neu entwickelte Kissen aus drei Lagen Latex. Der Sitz selbst im Sattel sorgt mit kurzen Kniepolstern f\u00fcr eine nat\u00fcrliche Position des Reiters.","breadcrumb":{"@id":"https:\/\/toelthester.dk\/en\/store\/flakes\/#breadcrumb"},"inLanguage":"de","potentialAction":[{"@type":"ReadAction","target":["https:\/\/toelthester.dk\/en\/store\/flakes\/"]}]},{"@type":"ImageObject","inLanguage":"de","@id":"https:\/\/toelthester.dk\/en\/store\/flakes\/#primaryimage","url":"https:\/\/toelthester.dk\/wp-content\/uploads\/2018\/07\/T\u00f8lthester-153-72-dpi.jpg","contentUrl":"https:\/\/toelthester.dk\/wp-content\/uploads\/2018\/07\/T\u00f8lthester-153-72-dpi.jpg","width":1440,"height":960},{"@type":"BreadcrumbList","@id":"https:\/\/toelthester.dk\/en\/store\/flakes\/#breadcrumb","itemListElement":[{"@type":"ListItem","position":1,"name":"Hjem","item":"https:\/\/toelthester.dk\/"},{"@type":"ListItem","position":2,"name":"Shop","item":"https:\/\/toelthester.dk\/shop\/"},{"@type":"ListItem","position":3,"name":"Fl\u00e1ki"}]},{"@type":"WebSite","@id":"https:\/\/toelthester.dk\/#website","url":"https:\/\/toelthester.dk\/","name":"Toilettenpferde","description":"","potentialAction":[{"@type":"SearchAction","target":{"@type":"EntryPoint","urlTemplate":"https:\/\/toelthester.dk\/?s={search_term_string}"},"query-input":{"@type":"PropertyValueSpecification","valueRequired":true,"valueName":"search_term_string"}}],"inLanguage":"de"}]}},"_links":{"self":[{"href":"https:\/\/toelthester.dk\/de\/wp-json\/wp\/v2\/product\/6810","targetHints":{"allow":["GET"]}}],"collection":[{"href":"https:\/\/toelthester.dk\/de\/wp-json\/wp\/v2\/product"}],"about":[{"href":"https:\/\/toelthester.dk\/de\/wp-json\/wp\/v2\/types\/product"}],"wp:featuredmedia":[{"embeddable":true,"href":"https:\/\/toelthester.dk\/de\/wp-json\/wp\/v2\/media\/7796"}],"wp:attachment":[{"href":"https:\/\/toelthester.dk\/de\/wp-json\/wp\/v2\/media?parent=6810"}],"wp:term":[{"taxonomy":"product_brand","embeddable":true,"href":"https:\/\/toelthester.dk\/de\/wp-json\/wp\/v2\/product_brand?post=6810"},{"taxonomy":"product_cat","embeddable":true,"href":"https:\/\/toelthester.dk\/de\/wp-json\/wp\/v2\/product_cat?post=6810"},{"taxonomy":"product_tag","embeddable":true,"href":"https:\/\/toelthester.dk\/de\/wp-json\/wp\/v2\/product_tag?post=6810"}],"curies":[{"name":"wp","href":"https:\/\/api.w.org\/{rel}","templated":true}]}}