{"id":6776,"date":"2018-07-25T10:38:59","date_gmt":"2018-07-25T08:38:59","guid":{"rendered":"https:\/\/toelthester.dk\/?post_type=product&#038;p=6776"},"modified":"2026-02-10T14:31:42","modified_gmt":"2026-02-10T13:31:42","slug":"thor-2","status":"publish","type":"product","link":"https:\/\/toelthester.dk\/de\/butik\/thor\/","title":{"rendered":"Sattelkissen Thor"},"content":{"rendered":"<p><strong>Technische Daten:<\/strong><br \/>\n<strong>Boomless Gel Pad Thor<br \/>\n<\/strong><strong>Stoppen:<\/strong> Latex<br \/>\n<strong>Boom:<\/strong> Ohne Boom<br \/>\n<strong>Sitzgr\u00f6\u00dfen:<\/strong> 16,0\u2033 \u2013 16,5\u2033 \u2013 17,0\u2033 \u2013 17,5\u2033 \u2013 18,0\u2033<br \/>\n<strong>Gewicht:<\/strong>\u00a04,9 kg<br \/>\n<strong>Farbe:<\/strong> 100% schwarz<\/p>\n<p>&nbsp;<\/p>","protected":false},"excerpt":{"rendered":"<p data-start=\"77\" data-end=\"141\"><strong data-start=\"81\" data-end=\"139\">Thor Boml\u00f8s \u2013 Innovation und Qualit\u00e4t in perfekter Balance<br \/>\n<\/strong>Erleben Sie die n\u00e4chste Generation balkenloser S\u00e4ttel mit <strong data-start=\"188\" data-end=\"196\">Thor<\/strong> \u2013 eine verbesserte Version unseres beliebten T\u00f3nn-Modells. Mit verbessertem Design, hochwertigen Materialien und durchdachten Details setzt Thor neue Ma\u00dfst\u00e4be in puncto Komfort und Funktionalit\u00e4t.<\/p>\n<p data-start=\"383\" data-end=\"436\"><strong data-start=\"388\" data-end=\"434\">Exklusive Qualit\u00e4t und verbesserte Haltbarkeit<br \/>\n<\/strong>Thor ist mit doppeltem Leder an den Sattelbl\u00e4ttern ausgestattet, um die Haltbarkeit zu erh\u00f6hen und ein festeres Gef\u00fchl zu vermitteln, das an einen traditionellen Boom-Sattel erinnert. Die optimierte Lederqualit\u00e4t sorgt f\u00fcr besseren Halt und eine exklusive Optik.<\/p>\n<p data-start=\"650\" data-end=\"701\"><strong data-start=\"655\" data-end=\"699\">Maximaler Komfort f\u00fcr Pferd und Reiter<br \/>\n<\/strong>\u2714 <strong data-start=\"704\" data-end=\"736\">Extra weiter Schnitt am Widerrist<\/strong> f\u00fcr optimale Bewegungsfreiheit und Druckverteilung<br data-start=\"772\" data-end=\"775\" \/>\u2714 <strong data-start=\"777\" data-end=\"801\">Verst\u00e4rkte Polsterung<\/strong> um den R\u00fccken des Pferdes zu schonen<br data-start=\"826\" data-end=\"829\" \/>\u2714 <strong data-start=\"831\" data-end=\"859\">Ergonomische R\u00fcckenst\u00fctze<\/strong> hilft dem Fahrer, den richtigen Sitz beizubehalten<br data-start=\"907\" data-end=\"910\" \/>\u2714 <strong data-start=\"912\" data-end=\"932\">Robuste Knieschoner<\/strong> f\u00fcr mehr Stabilit\u00e4t und Komfort<\/p>\n<p data-start=\"967\" data-end=\"1021\"><strong data-start=\"972\" data-end=\"1019\">Funktionales Design mit flexiblen Optionen<br \/>\n<\/strong>Thor ist mit einem Cup-Eisen an der Vorderseite des Widerrists ausgestattet, um ein Einsinken des Sattels zu verhindern. Er wird standardm\u00e4\u00dfig in Schwarz mit kurzen Kniepolstern geliefert, kann aber auf Anfrage auch in anderen Farben bestellt werden.<\/p>\n<p data-start=\"1209\" data-end=\"1330\"><strong data-start=\"1209\" data-end=\"1328\">W\u00e4hlen Sie Thor Boml\u00f8s von T\u00f8lthester \u2013 die perfekte Kombination aus Innovation, Stil und Komfort f\u00fcr Sie und Ihr Pferd.<\/strong><\/p>","protected":false},"featured_media":10042,"template":"","meta":{"inline_featured_image":false},"product_brand":[],"product_cat":[10],"product_tag":[],"class_list":{"0":"post-6776","1":"product","2":"type-product","3":"status-publish","4":"has-post-thumbnail","6":"product_cat-sadler","8":"first","9":"instock","10":"featured","11":"taxable","12":"shipping-taxable","13":"purchasable","14":"product-type-variable"},"yoast_head":"<!-- This site is optimized with the Yoast SEO plugin v27.3 - https:\/\/yoast.com\/product\/yoast-seo-wordpress\/ -->\n<title>T\u00f8lthester Boml\u00f8s Thor med korte kn\u00e6puder super bl\u00f8dt s\u00e6de<\/title>\n<meta name=\"description\" content=\"Boml\u00f8s Thor er udviklet med henblik p\u00e5 rytterens komfort, samtidig med at den har fin kontakt med hesten. Det g\u00f8res blandt andet med et indbygget kophjern.\" \/>\n<meta name=\"robots\" content=\"index, follow, max-snippet:-1, max-image-preview:large, max-video-preview:-1\" \/>\n<link rel=\"canonical\" href=\"https:\/\/toelthester.dk\/de\/speichern\/thor-2\/\" \/>\n<meta property=\"og:locale\" content=\"de_DE\" \/>\n<meta property=\"og:type\" content=\"article\" \/>\n<meta property=\"og:title\" content=\"T\u00f8lthester Boml\u00f8s Thor med korte kn\u00e6puder super bl\u00f8dt s\u00e6de\" \/>\n<meta property=\"og:description\" content=\"Boml\u00f8s Thor er udviklet med henblik p\u00e5 rytterens komfort, samtidig med at den har fin kontakt med hesten. Det g\u00f8res blandt andet med et indbygget kophjern.\" \/>\n<meta property=\"og:url\" content=\"https:\/\/toelthester.dk\/de\/speichern\/thor-2\/\" \/>\n<meta property=\"og:site_name\" content=\"Toelthester\" \/>\n<meta property=\"article:modified_time\" content=\"2026-02-10T13:31:42+00:00\" \/>\n<meta property=\"og:image\" content=\"https:\/\/toelthester.dk\/wp-content\/uploads\/2018\/07\/Toelthester-110-300-dpi.jpg\" \/>\n\t<meta property=\"og:image:width\" content=\"1200\" \/>\n\t<meta property=\"og:image:height\" content=\"800\" \/>\n\t<meta property=\"og:image:type\" content=\"image\/jpeg\" \/>\n<meta name=\"twitter:card\" content=\"summary_large_image\" \/>\n<meta name=\"twitter:label1\" content=\"Gesch\u00e4tzte Lesezeit\" \/>\n\t<meta name=\"twitter:data1\" content=\"1\u00a0Minute\" \/>\n<script type=\"application\/ld+json\" class=\"yoast-schema-graph\">{\"@context\":\"https:\\\/\\\/schema.org\",\"@graph\":[{\"@type\":\"WebPage\",\"@id\":\"https:\\\/\\\/toelthester.dk\\\/en\\\/store\\\/thor-2\\\/\",\"url\":\"https:\\\/\\\/toelthester.dk\\\/en\\\/store\\\/thor-2\\\/\",\"name\":\"T\u00f8lthester Boml\u00f8s Thor med korte kn\u00e6puder super bl\u00f8dt s\u00e6de\",\"isPartOf\":{\"@id\":\"https:\\\/\\\/toelthester.dk\\\/#website\"},\"primaryImageOfPage\":{\"@id\":\"https:\\\/\\\/toelthester.dk\\\/en\\\/store\\\/thor-2\\\/#primaryimage\"},\"image\":{\"@id\":\"https:\\\/\\\/toelthester.dk\\\/en\\\/store\\\/thor-2\\\/#primaryimage\"},\"thumbnailUrl\":\"https:\\\/\\\/toelthester.dk\\\/wp-content\\\/uploads\\\/2018\\\/07\\\/Toelthester-110-300-dpi.jpg\",\"datePublished\":\"2018-07-25T08:38:59+00:00\",\"dateModified\":\"2026-02-10T13:31:42+00:00\",\"description\":\"Boml\u00f8s Thor er udviklet med henblik p\u00e5 rytterens komfort, samtidig med at den har fin kontakt med hesten. Det g\u00f8res blandt andet med et indbygget kophjern.\",\"breadcrumb\":{\"@id\":\"https:\\\/\\\/toelthester.dk\\\/en\\\/store\\\/thor-2\\\/#breadcrumb\"},\"inLanguage\":\"de\",\"potentialAction\":[{\"@type\":\"ReadAction\",\"target\":[\"https:\\\/\\\/toelthester.dk\\\/en\\\/store\\\/thor-2\\\/\"]}]},{\"@type\":\"ImageObject\",\"inLanguage\":\"de\",\"@id\":\"https:\\\/\\\/toelthester.dk\\\/en\\\/store\\\/thor-2\\\/#primaryimage\",\"url\":\"https:\\\/\\\/toelthester.dk\\\/wp-content\\\/uploads\\\/2018\\\/07\\\/Toelthester-110-300-dpi.jpg\",\"contentUrl\":\"https:\\\/\\\/toelthester.dk\\\/wp-content\\\/uploads\\\/2018\\\/07\\\/Toelthester-110-300-dpi.jpg\",\"width\":1200,\"height\":800},{\"@type\":\"BreadcrumbList\",\"@id\":\"https:\\\/\\\/toelthester.dk\\\/en\\\/store\\\/thor-2\\\/#breadcrumb\",\"itemListElement\":[{\"@type\":\"ListItem\",\"position\":1,\"name\":\"Hjem\",\"item\":\"https:\\\/\\\/toelthester.dk\\\/\"},{\"@type\":\"ListItem\",\"position\":2,\"name\":\"Shop\",\"item\":\"https:\\\/\\\/toelthester.dk\\\/shop\\\/\"},{\"@type\":\"ListItem\",\"position\":3,\"name\":\"Boml\u00f8s Thor\"}]},{\"@type\":\"WebSite\",\"@id\":\"https:\\\/\\\/toelthester.dk\\\/#website\",\"url\":\"https:\\\/\\\/toelthester.dk\\\/\",\"name\":\"Toelthester\",\"description\":\"\",\"potentialAction\":[{\"@type\":\"SearchAction\",\"target\":{\"@type\":\"EntryPoint\",\"urlTemplate\":\"https:\\\/\\\/toelthester.dk\\\/?s={search_term_string}\"},\"query-input\":{\"@type\":\"PropertyValueSpecification\",\"valueRequired\":true,\"valueName\":\"search_term_string\"}}],\"inLanguage\":\"de\"}]}<\/script>\n<!-- \/ Yoast SEO plugin. -->","yoast_head_json":{"title":"T\u00f8lthester Boml\u00f8s Thor mit kurzen Knieschonern, superweichem Sitz","description":"Boml\u00f6s Thor wurde im Hinblick auf den Komfort des Reiters entwickelt und bietet gleichzeitig einen guten Kontakt zum Pferd. Dies geschieht unter anderem mit einem eingebauten Tassenb\u00fcgeleisen.","robots":{"index":"index","follow":"follow","max-snippet":"max-snippet:-1","max-image-preview":"max-image-preview:large","max-video-preview":"max-video-preview:-1"},"canonical":"https:\/\/toelthester.dk\/de\/speichern\/thor-2\/","og_locale":"de_DE","og_type":"article","og_title":"T\u00f8lthester Boml\u00f8s Thor med korte kn\u00e6puder super bl\u00f8dt s\u00e6de","og_description":"Boml\u00f8s Thor er udviklet med henblik p\u00e5 rytterens komfort, samtidig med at den har fin kontakt med hesten. Det g\u00f8res blandt andet med et indbygget kophjern.","og_url":"https:\/\/toelthester.dk\/de\/speichern\/thor-2\/","og_site_name":"Toelthester","article_modified_time":"2026-02-10T13:31:42+00:00","og_image":[{"width":1200,"height":800,"url":"https:\/\/toelthester.dk\/wp-content\/uploads\/2018\/07\/Toelthester-110-300-dpi.jpg","type":"image\/jpeg"}],"twitter_card":"summary_large_image","twitter_misc":{"Gesch\u00e4tzte Lesezeit":"1\u00a0Minute"},"schema":{"@context":"https:\/\/schema.org","@graph":[{"@type":"WebPage","@id":"https:\/\/toelthester.dk\/en\/store\/thor-2\/","url":"https:\/\/toelthester.dk\/en\/store\/thor-2\/","name":"T\u00f8lthester Boml\u00f8s Thor mit kurzen Knieschonern, superweichem Sitz","isPartOf":{"@id":"https:\/\/toelthester.dk\/#website"},"primaryImageOfPage":{"@id":"https:\/\/toelthester.dk\/en\/store\/thor-2\/#primaryimage"},"image":{"@id":"https:\/\/toelthester.dk\/en\/store\/thor-2\/#primaryimage"},"thumbnailUrl":"https:\/\/toelthester.dk\/wp-content\/uploads\/2018\/07\/Toelthester-110-300-dpi.jpg","datePublished":"2018-07-25T08:38:59+00:00","dateModified":"2026-02-10T13:31:42+00:00","description":"Boml\u00f6s Thor wurde im Hinblick auf den Komfort des Reiters entwickelt und bietet gleichzeitig einen guten Kontakt zum Pferd. Dies geschieht unter anderem mit einem eingebauten Tassenb\u00fcgeleisen.","breadcrumb":{"@id":"https:\/\/toelthester.dk\/en\/store\/thor-2\/#breadcrumb"},"inLanguage":"de","potentialAction":[{"@type":"ReadAction","target":["https:\/\/toelthester.dk\/en\/store\/thor-2\/"]}]},{"@type":"ImageObject","inLanguage":"de","@id":"https:\/\/toelthester.dk\/en\/store\/thor-2\/#primaryimage","url":"https:\/\/toelthester.dk\/wp-content\/uploads\/2018\/07\/Toelthester-110-300-dpi.jpg","contentUrl":"https:\/\/toelthester.dk\/wp-content\/uploads\/2018\/07\/Toelthester-110-300-dpi.jpg","width":1200,"height":800},{"@type":"BreadcrumbList","@id":"https:\/\/toelthester.dk\/en\/store\/thor-2\/#breadcrumb","itemListElement":[{"@type":"ListItem","position":1,"name":"Hjem","item":"https:\/\/toelthester.dk\/"},{"@type":"ListItem","position":2,"name":"Shop","item":"https:\/\/toelthester.dk\/shop\/"},{"@type":"ListItem","position":3,"name":"Boml\u00f8s Thor"}]},{"@type":"WebSite","@id":"https:\/\/toelthester.dk\/#website","url":"https:\/\/toelthester.dk\/","name":"Toilettenpferde","description":"","potentialAction":[{"@type":"SearchAction","target":{"@type":"EntryPoint","urlTemplate":"https:\/\/toelthester.dk\/?s={search_term_string}"},"query-input":{"@type":"PropertyValueSpecification","valueRequired":true,"valueName":"search_term_string"}}],"inLanguage":"de"}]}},"_links":{"self":[{"href":"https:\/\/toelthester.dk\/de\/wp-json\/wp\/v2\/product\/6776","targetHints":{"allow":["GET"]}}],"collection":[{"href":"https:\/\/toelthester.dk\/de\/wp-json\/wp\/v2\/product"}],"about":[{"href":"https:\/\/toelthester.dk\/de\/wp-json\/wp\/v2\/types\/product"}],"wp:featuredmedia":[{"embeddable":true,"href":"https:\/\/toelthester.dk\/de\/wp-json\/wp\/v2\/media\/10042"}],"wp:attachment":[{"href":"https:\/\/toelthester.dk\/de\/wp-json\/wp\/v2\/media?parent=6776"}],"wp:term":[{"taxonomy":"product_brand","embeddable":true,"href":"https:\/\/toelthester.dk\/de\/wp-json\/wp\/v2\/product_brand?post=6776"},{"taxonomy":"product_cat","embeddable":true,"href":"https:\/\/toelthester.dk\/de\/wp-json\/wp\/v2\/product_cat?post=6776"},{"taxonomy":"product_tag","embeddable":true,"href":"https:\/\/toelthester.dk\/de\/wp-json\/wp\/v2\/product_tag?post=6776"}],"curies":[{"name":"wp","href":"https:\/\/api.w.org\/{rel}","templated":true}]}}