{"id":6739,"date":"2018-07-21T13:33:13","date_gmt":"2018-07-21T11:33:13","guid":{"rendered":"https:\/\/toelthester.dk\/?post_type=product&#038;p=6739"},"modified":"2026-04-13T13:14:01","modified_gmt":"2026-04-13T11:14:01","slug":"anatomisch","status":"publish","type":"product","link":"https:\/\/toelthester.dk\/de\/butik\/anatomisk\/","title":{"rendered":"Anatomisch Gurt"},"content":{"rendered":"<p>Anatomischer Ledergurt von 45 cm, 50 cm oder 55 cm, optimale Qualit\u00e4t<\/p>\n<p>&nbsp;<\/p>","protected":false},"excerpt":{"rendered":"<p>Anatomischer Gurt, bei dem wir uns viele Gedanken gemacht haben, um den optimalen Gurt zu erhalten. Wir haben unter anderem: Erh\u00f6htes Leder am Mittelst\u00fcck gegen das Pferd, damit ein optimaler Zug entsteht.<\/p>\n<p>Zus\u00e4tzlich haben wir die Gummiz\u00fcge im H\u00fcfthalter leicht abgewinkelt, damit die Belastung optimal entlastet wird.<\/p>\n<p>&nbsp;<\/p>","protected":false},"featured_media":8230,"template":"","meta":{"inline_featured_image":false},"product_brand":[],"product_cat":[13],"product_tag":[],"class_list":{"0":"post-6739","1":"product","2":"type-product","3":"status-publish","4":"has-post-thumbnail","6":"product_cat-tilbehoer-sadler","8":"first","9":"instock","10":"featured","11":"taxable","12":"shipping-taxable","13":"purchasable","14":"product-type-variable"},"yoast_head":"<!-- This site is optimized with the Yoast SEO plugin v27.4 - https:\/\/yoast.com\/product\/yoast-seo-wordpress\/ -->\n<title>Anatomisk gjord i st\u00f8rrelsen 45-50 og 55cm i kvalitetsl\u00e6der<\/title>\n<meta name=\"description\" content=\"Anatomisk gjord hvor vi har gjordt mange tanker for at f\u00e5 den optimale gjord, vi har bla. h\u00e6vet l\u00e6der p\u00e5 midterstykket, s\u00e5 der kommer det optimalt tr\u00e6k.\" \/>\n<meta name=\"robots\" content=\"index, follow, max-snippet:-1, max-image-preview:large, max-video-preview:-1\" \/>\n<link rel=\"canonical\" href=\"https:\/\/toelthester.dk\/de\/speichern\/anatomisch\/\" \/>\n<meta property=\"og:locale\" content=\"de_DE\" \/>\n<meta property=\"og:type\" content=\"article\" \/>\n<meta property=\"og:title\" content=\"Anatomisk gjord i st\u00f8rrelsen 45-50 og 55cm i kvalitetsl\u00e6der\" \/>\n<meta property=\"og:description\" content=\"Anatomisk gjord hvor vi har gjordt mange tanker for at f\u00e5 den optimale gjord, vi har bla. h\u00e6vet l\u00e6der p\u00e5 midterstykket, s\u00e5 der kommer det optimalt tr\u00e6k.\" \/>\n<meta property=\"og:url\" content=\"https:\/\/toelthester.dk\/de\/speichern\/anatomisch\/\" \/>\n<meta property=\"og:site_name\" content=\"Toelthester\" \/>\n<meta property=\"article:modified_time\" content=\"2026-04-13T11:14:01+00:00\" \/>\n<meta property=\"og:image\" content=\"https:\/\/toelthester.dk\/wp-content\/uploads\/2018\/07\/T\u00f8lthester-328-72-dpi.jpg\" \/>\n\t<meta property=\"og:image:width\" content=\"1334\" \/>\n\t<meta property=\"og:image:height\" content=\"889\" \/>\n\t<meta property=\"og:image:type\" content=\"image\/jpeg\" \/>\n<meta name=\"twitter:card\" content=\"summary_large_image\" \/>\n<meta name=\"twitter:label1\" content=\"Gesch\u00e4tzte Lesezeit\" \/>\n\t<meta name=\"twitter:data1\" content=\"1\u00a0Minute\" \/>\n<script type=\"application\/ld+json\" class=\"yoast-schema-graph\">{\"@context\":\"https:\\\/\\\/schema.org\",\"@graph\":[{\"@type\":\"WebPage\",\"@id\":\"https:\\\/\\\/toelthester.dk\\\/butik\\\/anatomisk\\\/\",\"url\":\"https:\\\/\\\/toelthester.dk\\\/butik\\\/anatomisk\\\/\",\"name\":\"Anatomisk gjord i st\u00f8rrelsen 45-50 og 55cm i kvalitetsl\u00e6der\",\"isPartOf\":{\"@id\":\"https:\\\/\\\/toelthester.dk\\\/#website\"},\"primaryImageOfPage\":{\"@id\":\"https:\\\/\\\/toelthester.dk\\\/butik\\\/anatomisk\\\/#primaryimage\"},\"image\":{\"@id\":\"https:\\\/\\\/toelthester.dk\\\/butik\\\/anatomisk\\\/#primaryimage\"},\"thumbnailUrl\":\"https:\\\/\\\/toelthester.dk\\\/wp-content\\\/uploads\\\/2018\\\/07\\\/T\u00f8lthester-328-72-dpi.jpg\",\"datePublished\":\"2018-07-21T11:33:13+00:00\",\"dateModified\":\"2026-04-13T11:14:01+00:00\",\"description\":\"Anatomisk gjord hvor vi har gjordt mange tanker for at f\u00e5 den optimale gjord, vi har bla. h\u00e6vet l\u00e6der p\u00e5 midterstykket, s\u00e5 der kommer det optimalt tr\u00e6k.\",\"breadcrumb\":{\"@id\":\"https:\\\/\\\/toelthester.dk\\\/butik\\\/anatomisk\\\/#breadcrumb\"},\"inLanguage\":\"de\",\"potentialAction\":[{\"@type\":\"ReadAction\",\"target\":[\"https:\\\/\\\/toelthester.dk\\\/butik\\\/anatomisk\\\/\"]}]},{\"@type\":\"ImageObject\",\"inLanguage\":\"de\",\"@id\":\"https:\\\/\\\/toelthester.dk\\\/butik\\\/anatomisk\\\/#primaryimage\",\"url\":\"https:\\\/\\\/toelthester.dk\\\/wp-content\\\/uploads\\\/2018\\\/07\\\/T\u00f8lthester-328-72-dpi.jpg\",\"contentUrl\":\"https:\\\/\\\/toelthester.dk\\\/wp-content\\\/uploads\\\/2018\\\/07\\\/T\u00f8lthester-328-72-dpi.jpg\",\"width\":1334,\"height\":889},{\"@type\":\"BreadcrumbList\",\"@id\":\"https:\\\/\\\/toelthester.dk\\\/butik\\\/anatomisk\\\/#breadcrumb\",\"itemListElement\":[{\"@type\":\"ListItem\",\"position\":1,\"name\":\"Hjem\",\"item\":\"https:\\\/\\\/toelthester.dk\\\/\"},{\"@type\":\"ListItem\",\"position\":2,\"name\":\"Shop\",\"item\":\"https:\\\/\\\/toelthester.dk\\\/shop\\\/\"},{\"@type\":\"ListItem\",\"position\":3,\"name\":\"Anatomisk Gjord\"}]},{\"@type\":\"WebSite\",\"@id\":\"https:\\\/\\\/toelthester.dk\\\/#website\",\"url\":\"https:\\\/\\\/toelthester.dk\\\/\",\"name\":\"Toelthester\",\"description\":\"\",\"potentialAction\":[{\"@type\":\"SearchAction\",\"target\":{\"@type\":\"EntryPoint\",\"urlTemplate\":\"https:\\\/\\\/toelthester.dk\\\/?s={search_term_string}\"},\"query-input\":{\"@type\":\"PropertyValueSpecification\",\"valueRequired\":true,\"valueName\":\"search_term_string\"}}],\"inLanguage\":\"de\"}]}<\/script>\n<!-- \/ Yoast SEO plugin. -->","yoast_head_json":{"title":"Anatomischer Gurt in den Gr\u00f6\u00dfen 45-50 und 55 cm aus hochwertigem Leder","description":"Anatomischer Gurt, bei dem wir uns viele Gedanken gemacht haben, um den optimalen Gurt zu erhalten. Wir haben unter anderem: erh\u00f6htes Leder am Mittelteil f\u00fcr optimale Traktion.","robots":{"index":"index","follow":"follow","max-snippet":"max-snippet:-1","max-image-preview":"max-image-preview:large","max-video-preview":"max-video-preview:-1"},"canonical":"https:\/\/toelthester.dk\/de\/speichern\/anatomisch\/","og_locale":"de_DE","og_type":"article","og_title":"Anatomisk gjord i st\u00f8rrelsen 45-50 og 55cm i kvalitetsl\u00e6der","og_description":"Anatomisk gjord hvor vi har gjordt mange tanker for at f\u00e5 den optimale gjord, vi har bla. h\u00e6vet l\u00e6der p\u00e5 midterstykket, s\u00e5 der kommer det optimalt tr\u00e6k.","og_url":"https:\/\/toelthester.dk\/de\/speichern\/anatomisch\/","og_site_name":"Toelthester","article_modified_time":"2026-04-13T11:14:01+00:00","og_image":[{"width":1334,"height":889,"url":"https:\/\/toelthester.dk\/wp-content\/uploads\/2018\/07\/T\u00f8lthester-328-72-dpi.jpg","type":"image\/jpeg"}],"twitter_card":"summary_large_image","twitter_misc":{"Gesch\u00e4tzte Lesezeit":"1\u00a0Minute"},"schema":{"@context":"https:\/\/schema.org","@graph":[{"@type":"WebPage","@id":"https:\/\/toelthester.dk\/butik\/anatomisk\/","url":"https:\/\/toelthester.dk\/butik\/anatomisk\/","name":"Anatomischer Gurt in den Gr\u00f6\u00dfen 45-50 und 55 cm aus hochwertigem Leder","isPartOf":{"@id":"https:\/\/toelthester.dk\/#website"},"primaryImageOfPage":{"@id":"https:\/\/toelthester.dk\/butik\/anatomisk\/#primaryimage"},"image":{"@id":"https:\/\/toelthester.dk\/butik\/anatomisk\/#primaryimage"},"thumbnailUrl":"https:\/\/toelthester.dk\/wp-content\/uploads\/2018\/07\/T\u00f8lthester-328-72-dpi.jpg","datePublished":"2018-07-21T11:33:13+00:00","dateModified":"2026-04-13T11:14:01+00:00","description":"Anatomischer Gurt, bei dem wir uns viele Gedanken gemacht haben, um den optimalen Gurt zu erhalten. Wir haben unter anderem: erh\u00f6htes Leder am Mittelteil f\u00fcr optimale Traktion.","breadcrumb":{"@id":"https:\/\/toelthester.dk\/butik\/anatomisk\/#breadcrumb"},"inLanguage":"de","potentialAction":[{"@type":"ReadAction","target":["https:\/\/toelthester.dk\/butik\/anatomisk\/"]}]},{"@type":"ImageObject","inLanguage":"de","@id":"https:\/\/toelthester.dk\/butik\/anatomisk\/#primaryimage","url":"https:\/\/toelthester.dk\/wp-content\/uploads\/2018\/07\/T\u00f8lthester-328-72-dpi.jpg","contentUrl":"https:\/\/toelthester.dk\/wp-content\/uploads\/2018\/07\/T\u00f8lthester-328-72-dpi.jpg","width":1334,"height":889},{"@type":"BreadcrumbList","@id":"https:\/\/toelthester.dk\/butik\/anatomisk\/#breadcrumb","itemListElement":[{"@type":"ListItem","position":1,"name":"Hjem","item":"https:\/\/toelthester.dk\/"},{"@type":"ListItem","position":2,"name":"Shop","item":"https:\/\/toelthester.dk\/shop\/"},{"@type":"ListItem","position":3,"name":"Anatomisk Gjord"}]},{"@type":"WebSite","@id":"https:\/\/toelthester.dk\/#website","url":"https:\/\/toelthester.dk\/","name":"Toilettenpferde","description":"","potentialAction":[{"@type":"SearchAction","target":{"@type":"EntryPoint","urlTemplate":"https:\/\/toelthester.dk\/?s={search_term_string}"},"query-input":{"@type":"PropertyValueSpecification","valueRequired":true,"valueName":"search_term_string"}}],"inLanguage":"de"}]}},"_links":{"self":[{"href":"https:\/\/toelthester.dk\/de\/wp-json\/wp\/v2\/product\/6739","targetHints":{"allow":["GET"]}}],"collection":[{"href":"https:\/\/toelthester.dk\/de\/wp-json\/wp\/v2\/product"}],"about":[{"href":"https:\/\/toelthester.dk\/de\/wp-json\/wp\/v2\/types\/product"}],"wp:featuredmedia":[{"embeddable":true,"href":"https:\/\/toelthester.dk\/de\/wp-json\/wp\/v2\/media\/8230"}],"wp:attachment":[{"href":"https:\/\/toelthester.dk\/de\/wp-json\/wp\/v2\/media?parent=6739"}],"wp:term":[{"taxonomy":"product_brand","embeddable":true,"href":"https:\/\/toelthester.dk\/de\/wp-json\/wp\/v2\/product_brand?post=6739"},{"taxonomy":"product_cat","embeddable":true,"href":"https:\/\/toelthester.dk\/de\/wp-json\/wp\/v2\/product_cat?post=6739"},{"taxonomy":"product_tag","embeddable":true,"href":"https:\/\/toelthester.dk\/de\/wp-json\/wp\/v2\/product_tag?post=6739"}],"curies":[{"name":"wp","href":"https:\/\/api.w.org\/{rel}","templated":true}]}}