{"id":10229,"date":"2026-04-08T11:44:48","date_gmt":"2026-04-08T09:44:48","guid":{"rendered":"https:\/\/toelthester.dk\/?post_type=product&#038;p=10229"},"modified":"2026-04-08T11:44:48","modified_gmt":"2026-04-08T09:44:48","slug":"doppelausfallschritt","status":"publish","type":"product","link":"https:\/\/toelthester.dk\/de\/butik\/dobbelt-longeline\/","title":{"rendered":"Doppelausfallschritt"},"content":{"rendered":"<p data-start=\"58\" data-end=\"87\"><strong data-start=\"58\" data-end=\"87\">Pr\u00e4zises Training vom Boden aus<br \/>\n<\/strong>Doppellonge ist ein effektives Trainingsmittel f\u00fcr alle, die gezielter vom Boden aus mit ihrem Pferd arbeiten m\u00f6chten. Mit zwei Leinen ergeben sich deutlich mehr M\u00f6glichkeiten als bei der traditionellen Longenarbeit, und man kann Balance, Tragf\u00e4higkeit und Beweglichkeit pr\u00e4ziser trainieren \u2013 ganz ohne das Gewicht des Reiters.<\/p>\n<p data-start=\"377\" data-end=\"462\">Es eignet sich ideal sowohl f\u00fcr das t\u00e4gliche Training als auch f\u00fcr die Rehabilitation und die Feinabstimmung der Arbeit des Pferdes.<\/p>\n<p data-start=\"464\" data-end=\"496\"><strong data-start=\"464\" data-end=\"496\">Flexible und vielseitige Schulung<br \/>\n<\/strong>Mit der Doppellonge kann man das Pferd von beiden Seiten beeinflussen und direkter mit Richtung, Anlehnung und Versammlung arbeiten. Dies erm\u00f6glicht ein abwechslungsreicheres und effektiveres Training, sowohl f\u00fcr Reit- als auch f\u00fcr Fahrpferde.<\/p>\n<p data-start=\"693\" data-end=\"805\">Die Methode eignet sich besonders gut zum Muskelaufbau, zur Verbesserung des Gleichgewichts und zur Korrektur des Bewegungsmusters des Pferdes.<\/p>\n<p data-start=\"1116\" data-end=\"1142\"><strong data-start=\"1116\" data-end=\"1142\">F\u00fcr den erfahrenen Benutzer<br \/>\n<\/strong>Der Doppelausfallschritt erfordert mehr Technik und Erfahrung als der normale Ausfallschritt. Um ihn korrekt und optimal auszuf\u00fchren, empfiehlt es sich, Kurse zu besuchen oder Fachliteratur zu konsultieren.<\/p>","protected":false},"excerpt":{"rendered":"<p data-start=\"0\" data-end=\"28\"><strong data-start=\"0\" data-end=\"28\">T\u00f8lthester Doppelausfallschritt<\/strong><\/p>\n<p data-start=\"30\" data-end=\"174\">Effektives Trainingsger\u00e4t f\u00fcr pr\u00e4zises Arbeiten vom Boden aus. Mit zwei Leinen k\u00f6nnen Sie Balance, Tragf\u00e4higkeit und Beweglichkeit des Pferdes ohne das Gewicht des Reiters verbessern.<\/p>\n<p data-start=\"176\" data-end=\"281\">Bietet vielseitiges Training mit besserer Kontrolle \u00fcber Richtung und Kontakt \u2013 ideal f\u00fcr Training und Rehabilitation.<\/p>\n<p data-start=\"450\" data-end=\"482\" data-is-last-node=\"\" data-is-only-node=\"\">Geeignet f\u00fcr erfahrene Anwender.<\/p>","protected":false},"featured_media":10231,"template":"","meta":{"inline_featured_image":false},"product_brand":[],"product_cat":[13,30],"product_tag":[],"class_list":{"0":"post-10229","1":"product","2":"type-product","3":"status-publish","4":"has-post-thumbnail","6":"product_cat-tilbehoer-sadler","7":"product_cat-toejler","9":"first","10":"instock","11":"taxable","12":"shipping-taxable","13":"purchasable","14":"product-type-simple"},"yoast_head":"<!-- This site is optimized with the Yoast SEO plugin v27.4 - https:\/\/yoast.com\/product\/yoast-seo-wordpress\/ -->\n<title>Dobbelt longeline - Toelthester<\/title>\n<meta name=\"description\" content=\"Dobbelt longe line. Med to liner kan du forbedre hestens balance, b\u00e6ring og smidighed uden rytterens v\u00e6gt.\" \/>\n<meta name=\"robots\" content=\"index, follow, max-snippet:-1, max-image-preview:large, max-video-preview:-1\" \/>\n<link rel=\"canonical\" href=\"https:\/\/toelthester.dk\/de\/speichern\/doppelausfallschritt\/\" \/>\n<meta property=\"og:locale\" content=\"de_DE\" \/>\n<meta property=\"og:type\" content=\"article\" \/>\n<meta property=\"og:title\" content=\"Dobbelt longeline - Toelthester\" \/>\n<meta property=\"og:description\" content=\"Dobbelt longe line. Med to liner kan du forbedre hestens balance, b\u00e6ring og smidighed uden rytterens v\u00e6gt.\" \/>\n<meta property=\"og:url\" content=\"https:\/\/toelthester.dk\/de\/speichern\/doppelausfallschritt\/\" \/>\n<meta property=\"og:site_name\" content=\"Toelthester\" \/>\n<meta property=\"og:image\" content=\"https:\/\/toelthester.dk\/wp-content\/uploads\/2026\/04\/Toelthester-marts-2024-72-dpi-97.jpg\" \/>\n\t<meta property=\"og:image:width\" content=\"1556\" \/>\n\t<meta property=\"og:image:height\" content=\"1037\" \/>\n\t<meta property=\"og:image:type\" content=\"image\/jpeg\" \/>\n<meta name=\"twitter:card\" content=\"summary_large_image\" \/>\n<meta name=\"twitter:label1\" content=\"Gesch\u00e4tzte Lesezeit\" \/>\n\t<meta name=\"twitter:data1\" content=\"1\u00a0Minute\" \/>\n<script type=\"application\/ld+json\" class=\"yoast-schema-graph\">{\"@context\":\"https:\\\/\\\/schema.org\",\"@graph\":[{\"@type\":\"WebPage\",\"@id\":\"https:\\\/\\\/toelthester.dk\\\/butik\\\/dobbelt-longeline\\\/\",\"url\":\"https:\\\/\\\/toelthester.dk\\\/butik\\\/dobbelt-longeline\\\/\",\"name\":\"Dobbelt longeline - Toelthester\",\"isPartOf\":{\"@id\":\"https:\\\/\\\/toelthester.dk\\\/#website\"},\"primaryImageOfPage\":{\"@id\":\"https:\\\/\\\/toelthester.dk\\\/butik\\\/dobbelt-longeline\\\/#primaryimage\"},\"image\":{\"@id\":\"https:\\\/\\\/toelthester.dk\\\/butik\\\/dobbelt-longeline\\\/#primaryimage\"},\"thumbnailUrl\":\"https:\\\/\\\/toelthester.dk\\\/wp-content\\\/uploads\\\/2026\\\/04\\\/Toelthester-marts-2024-72-dpi-97.jpg\",\"datePublished\":\"2026-04-08T09:44:48+00:00\",\"description\":\"Dobbelt longe line. Med to liner kan du forbedre hestens balance, b\u00e6ring og smidighed uden rytterens v\u00e6gt.\",\"breadcrumb\":{\"@id\":\"https:\\\/\\\/toelthester.dk\\\/butik\\\/dobbelt-longeline\\\/#breadcrumb\"},\"inLanguage\":\"de\",\"potentialAction\":[{\"@type\":\"ReadAction\",\"target\":[\"https:\\\/\\\/toelthester.dk\\\/butik\\\/dobbelt-longeline\\\/\"]}]},{\"@type\":\"ImageObject\",\"inLanguage\":\"de\",\"@id\":\"https:\\\/\\\/toelthester.dk\\\/butik\\\/dobbelt-longeline\\\/#primaryimage\",\"url\":\"https:\\\/\\\/toelthester.dk\\\/wp-content\\\/uploads\\\/2026\\\/04\\\/Toelthester-marts-2024-72-dpi-97.jpg\",\"contentUrl\":\"https:\\\/\\\/toelthester.dk\\\/wp-content\\\/uploads\\\/2026\\\/04\\\/Toelthester-marts-2024-72-dpi-97.jpg\",\"width\":1556,\"height\":1037},{\"@type\":\"BreadcrumbList\",\"@id\":\"https:\\\/\\\/toelthester.dk\\\/butik\\\/dobbelt-longeline\\\/#breadcrumb\",\"itemListElement\":[{\"@type\":\"ListItem\",\"position\":1,\"name\":\"Hjem\",\"item\":\"https:\\\/\\\/toelthester.dk\\\/\"},{\"@type\":\"ListItem\",\"position\":2,\"name\":\"Shop\",\"item\":\"https:\\\/\\\/toelthester.dk\\\/shop\\\/\"},{\"@type\":\"ListItem\",\"position\":3,\"name\":\"Dobbelt longeline\"}]},{\"@type\":\"WebSite\",\"@id\":\"https:\\\/\\\/toelthester.dk\\\/#website\",\"url\":\"https:\\\/\\\/toelthester.dk\\\/\",\"name\":\"Toelthester\",\"description\":\"\",\"potentialAction\":[{\"@type\":\"SearchAction\",\"target\":{\"@type\":\"EntryPoint\",\"urlTemplate\":\"https:\\\/\\\/toelthester.dk\\\/?s={search_term_string}\"},\"query-input\":{\"@type\":\"PropertyValueSpecification\",\"valueRequired\":true,\"valueName\":\"search_term_string\"}}],\"inLanguage\":\"de\"}]}<\/script>\n<!-- \/ Yoast SEO plugin. -->","yoast_head_json":{"title":"Doppelte Langleine - Toelthester","description":"Doppellonge. Mit zwei Leinen k\u00f6nnen Sie die Balance, den Tragekomfort und die Beweglichkeit des Pferdes ohne das Gewicht des Reiters verbessern.","robots":{"index":"index","follow":"follow","max-snippet":"max-snippet:-1","max-image-preview":"max-image-preview:large","max-video-preview":"max-video-preview:-1"},"canonical":"https:\/\/toelthester.dk\/de\/speichern\/doppelausfallschritt\/","og_locale":"de_DE","og_type":"article","og_title":"Dobbelt longeline - Toelthester","og_description":"Dobbelt longe line. Med to liner kan du forbedre hestens balance, b\u00e6ring og smidighed uden rytterens v\u00e6gt.","og_url":"https:\/\/toelthester.dk\/de\/speichern\/doppelausfallschritt\/","og_site_name":"Toelthester","og_image":[{"width":1556,"height":1037,"url":"https:\/\/toelthester.dk\/wp-content\/uploads\/2026\/04\/Toelthester-marts-2024-72-dpi-97.jpg","type":"image\/jpeg"}],"twitter_card":"summary_large_image","twitter_misc":{"Gesch\u00e4tzte Lesezeit":"1\u00a0Minute"},"schema":{"@context":"https:\/\/schema.org","@graph":[{"@type":"WebPage","@id":"https:\/\/toelthester.dk\/butik\/dobbelt-longeline\/","url":"https:\/\/toelthester.dk\/butik\/dobbelt-longeline\/","name":"Doppelte Langleine - Toelthester","isPartOf":{"@id":"https:\/\/toelthester.dk\/#website"},"primaryImageOfPage":{"@id":"https:\/\/toelthester.dk\/butik\/dobbelt-longeline\/#primaryimage"},"image":{"@id":"https:\/\/toelthester.dk\/butik\/dobbelt-longeline\/#primaryimage"},"thumbnailUrl":"https:\/\/toelthester.dk\/wp-content\/uploads\/2026\/04\/Toelthester-marts-2024-72-dpi-97.jpg","datePublished":"2026-04-08T09:44:48+00:00","description":"Doppellonge. Mit zwei Leinen k\u00f6nnen Sie die Balance, den Tragekomfort und die Beweglichkeit des Pferdes ohne das Gewicht des Reiters verbessern.","breadcrumb":{"@id":"https:\/\/toelthester.dk\/butik\/dobbelt-longeline\/#breadcrumb"},"inLanguage":"de","potentialAction":[{"@type":"ReadAction","target":["https:\/\/toelthester.dk\/butik\/dobbelt-longeline\/"]}]},{"@type":"ImageObject","inLanguage":"de","@id":"https:\/\/toelthester.dk\/butik\/dobbelt-longeline\/#primaryimage","url":"https:\/\/toelthester.dk\/wp-content\/uploads\/2026\/04\/Toelthester-marts-2024-72-dpi-97.jpg","contentUrl":"https:\/\/toelthester.dk\/wp-content\/uploads\/2026\/04\/Toelthester-marts-2024-72-dpi-97.jpg","width":1556,"height":1037},{"@type":"BreadcrumbList","@id":"https:\/\/toelthester.dk\/butik\/dobbelt-longeline\/#breadcrumb","itemListElement":[{"@type":"ListItem","position":1,"name":"Hjem","item":"https:\/\/toelthester.dk\/"},{"@type":"ListItem","position":2,"name":"Shop","item":"https:\/\/toelthester.dk\/shop\/"},{"@type":"ListItem","position":3,"name":"Dobbelt longeline"}]},{"@type":"WebSite","@id":"https:\/\/toelthester.dk\/#website","url":"https:\/\/toelthester.dk\/","name":"Toilettenpferde","description":"","potentialAction":[{"@type":"SearchAction","target":{"@type":"EntryPoint","urlTemplate":"https:\/\/toelthester.dk\/?s={search_term_string}"},"query-input":{"@type":"PropertyValueSpecification","valueRequired":true,"valueName":"search_term_string"}}],"inLanguage":"de"}]}},"_links":{"self":[{"href":"https:\/\/toelthester.dk\/de\/wp-json\/wp\/v2\/product\/10229","targetHints":{"allow":["GET"]}}],"collection":[{"href":"https:\/\/toelthester.dk\/de\/wp-json\/wp\/v2\/product"}],"about":[{"href":"https:\/\/toelthester.dk\/de\/wp-json\/wp\/v2\/types\/product"}],"wp:featuredmedia":[{"embeddable":true,"href":"https:\/\/toelthester.dk\/de\/wp-json\/wp\/v2\/media\/10231"}],"wp:attachment":[{"href":"https:\/\/toelthester.dk\/de\/wp-json\/wp\/v2\/media?parent=10229"}],"wp:term":[{"taxonomy":"product_brand","embeddable":true,"href":"https:\/\/toelthester.dk\/de\/wp-json\/wp\/v2\/product_brand?post=10229"},{"taxonomy":"product_cat","embeddable":true,"href":"https:\/\/toelthester.dk\/de\/wp-json\/wp\/v2\/product_cat?post=10229"},{"taxonomy":"product_tag","embeddable":true,"href":"https:\/\/toelthester.dk\/de\/wp-json\/wp\/v2\/product_tag?post=10229"}],"curies":[{"name":"wp","href":"https:\/\/api.w.org\/{rel}","templated":true}]}}